{"id":10581,"date":"2019-12-19T14:56:13","date_gmt":"2019-12-19T13:56:13","guid":{"rendered":"http:\/\/serveiseducatius.xtec.cat\/baixcamp\/?page_id=10581"},"modified":"2021-12-15T14:21:08","modified_gmt":"2021-12-15T13:21:08","slug":"tenim-la-paraula","status":"publish","type":"page","link":"https:\/\/serveiseducatius.xtec.cat\/baixcamp\/projectes\/tenim-la-paraula\/","title":{"rendered":"Tenim la paraula"},"content":{"rendered":"<p><a href=\"https:\/\/serveiseducatius.xtec.cat\/baixcamp\/categoria\/elic\/tenimlaparaula\/\"><img loading=\"lazy\" decoding=\"async\" class=\"alignright\" src=\"https:\/\/serveiseducatius.xtec.cat\/baixcamp\/wp-content\/uploads\/usu950\/2020\/10\/logo-TenimlaParaula-300x300.png\" alt=\"\" width=\"200\" height=\"200\" \/><\/a><\/p>\n<h4 class=\"entry-title\">Programa de Comunicaci\u00f3 Oral<\/h4>\n<p>El\u00a0Programa de Comunicaci\u00f3 Oral\u00a0<a href=\"http:\/\/xtec.gencat.cat\/ca\/projectes\/llengua-oral\/tenim-la-paraula\/\"><strong>Tenim la paraula<\/strong><\/a>, que el Departament d\u2019Educaci\u00f3 impulsa des del curs 2019-2020, es proposa millorar les habilitats comunicatives de l\u2019alumnat en l\u2019\u00e0mbit de l\u2019expressi\u00f3 oral.\u00a0S\u2019articula al voltant dels eixos seg\u00fcents:<\/p>\n<ul>\n<li style=\"list-style-type: none;\">\n<ul>\n<li style=\"list-style-type: none;\">\n<ul>\n<li>parlar i escoltar per conviure: emocions i actituds<\/li>\n<li>parlar per comunicar-se (el llenguatge conversacional)<\/li>\n<li>parlar per desenvolupar les habilitats ling\u00fc\u00edstiques<\/li>\n<li>parlar i escoltar per aprendre \u00e0rees i mat\u00e8ries (el llenguatge acad\u00e8mic)<\/li>\n<li>parlar per desenvolupar la metacognici\u00f3<\/li>\n<li>parlar per expressar-nos millor i crear bellesa<\/li>\n<li>parlar i escoltar, objecte de coneixement<\/li>\n<li>parlar una llengua que s\u2019est\u00e0 aprenent<\/li>\n<li>millorar la compet\u00e8ncia oral professional<\/li>\n<li>garantir la coher\u00e8ncia dels usos ling\u00fc\u00edstics<\/li>\n<li>avaluar la llengua oral<\/li>\n<li>i facilitar recursos i aplicacions per treballar la llengua oral<\/li>\n<\/ul>\n<\/li>\n<\/ul>\n<\/li>\n<\/ul>\n<p>En el context del programa Tenim la paraula s\u2019han previst un seguit d\u2019actuacions que interpel\u00b7lin directament l\u2019alumnat de secund\u00e0ria i batxillerat en l\u2019\u00fas i la millora de la comunicaci\u00f3 oral tant a l\u2019aula com en altres contextos d\u2019interacci\u00f3.\u00a0Una d\u2019aquestes actuacions \u00e9s el <a href=\"http:\/\/xtec.gencat.cat\/ca\/projectes\/llengua-oral\/tenim-la-paraula\/concurs-jo-tinc-la-paraula\/\"><strong>Concurs Jo tinc la paraula<\/strong><\/a>, que t\u00e9 com a objectiu provocar la reflexi\u00f3 per part de l\u2019alumnat de secund\u00e0ria i batxillerat sobre els components que fan que la comunicaci\u00f3 oral sigui efica\u00e7.<\/p>\n<p>[+] Informaci\u00f3:<\/p>\n<p>\ud83d\udcf0 <strong><a href=\"http:\/\/xtec.gencat.cat\/web\/.content\/projectes\/llengua-oral\/tenim-la-paraula\/documents\/Document-1.-Triptic-Tenim-la-paraula.pdf\">Tr\u00edptic informatiu<\/a><\/strong> sobre el programa<\/p>\n<p>\ud83d\udcf9 <strong><a href=\"https:\/\/www.youtube.com\/channel\/UCi54GZKZn3evP4dHenUgakQ\/featured\">Canal de Youtube<\/a><\/strong> del Tenim la Paraula<\/p>\n<p>\ud83d\udce2 Consulta <a href=\"https:\/\/serveiseducatius.xtec.cat\/baixcamp\/categoria\/elic\/tenimlaparaula\/\"><strong>aqu\u00ed les darreres novetats<\/strong><\/a> sobre el programa<\/p>\n","protected":false},"excerpt":{"rendered":"<p>Programa de Comunicaci\u00f3 Oral El\u00a0Programa de Comunicaci\u00f3 Oral\u00a0Tenim la paraula, que el Departament d\u2019Educaci\u00f3 impulsa des del curs 2019-2020, es proposa millorar les habilitats comunicatives de l\u2019alumnat en l\u2019\u00e0mbit de l\u2019expressi\u00f3 oral.\u00a0S\u2019articula al voltant dels eixos seg\u00fcents: parlar i escoltar per conviure: emocions i actituds parlar per comunicar-se (el llenguatge conversacional) parlar per desenvolupar les [&hellip;]<\/p>\n","protected":false},"author":1,"featured_media":0,"parent":13463,"menu_order":0,"comment_status":"closed","ping_status":"closed","template":"page-templates\/side-menu.php","meta":{"_bbp_topic_count":0,"_bbp_reply_count":0,"_bbp_total_topic_count":0,"_bbp_total_reply_count":0,"_bbp_voice_count":0,"_bbp_anonymous_reply_count":0,"_bbp_topic_count_hidden":0,"_bbp_reply_count_hidden":0,"_bbp_forum_subforum_count":0,"site-sidebar-layout":"default","site-content-layout":"","ast-site-content-layout":"","site-content-style":"default","site-sidebar-style":"default","ast-global-header-display":"","ast-banner-title-visibility":"","ast-main-header-display":"","ast-hfb-above-header-display":"","ast-hfb-below-header-display":"","ast-hfb-mobile-header-display":"","site-post-title":"","ast-breadcrumbs-content":"","ast-featured-img":"","footer-sml-layout":"","theme-transparent-header-meta":"","adv-header-id-meta":"","stick-header-meta":"","header-above-stick-meta":"","header-main-stick-meta":"","header-below-stick-meta":"","astra-migrate-meta-layouts":"default","ast-page-background-enabled":"default","ast-page-background-meta":{"desktop":{"background-color":"var(--ast-global-color-4)","background-image":"","background-repeat":"repeat","background-position":"center center","background-size":"auto","background-attachment":"scroll","background-type":"","background-media":"","overlay-type":"","overlay-color":"","overlay-opacity":"","overlay-gradient":""},"tablet":{"background-color":"","background-image":"","background-repeat":"repeat","background-position":"center center","background-size":"auto","background-attachment":"scroll","background-type":"","background-media":"","overlay-type":"","overlay-color":"","overlay-opacity":"","overlay-gradient":""},"mobile":{"background-color":"","background-image":"","background-repeat":"repeat","background-position":"center center","background-size":"auto","background-attachment":"scroll","background-type":"","background-media":"","overlay-type":"","overlay-color":"","overlay-opacity":"","overlay-gradient":""}},"ast-content-background-meta":{"desktop":{"background-color":"var(--ast-global-color-5)","background-image":"","background-repeat":"repeat","background-position":"center center","background-size":"auto","background-attachment":"scroll","background-type":"","background-media":"","overlay-type":"","overlay-color":"","overlay-opacity":"","overlay-gradient":""},"tablet":{"background-color":"var(--ast-global-color-5)","background-image":"","background-repeat":"repeat","background-position":"center center","background-size":"auto","background-attachment":"scroll","background-type":"","background-media":"","overlay-type":"","overlay-color":"","overlay-opacity":"","overlay-gradient":""},"mobile":{"background-color":"var(--ast-global-color-5)","background-image":"","background-repeat":"repeat","background-position":"center center","background-size":"auto","background-attachment":"scroll","background-type":"","background-media":"","overlay-type":"","overlay-color":"","overlay-opacity":"","overlay-gradient":""}},"footnotes":""},"class_list":["post-10581","page","type-page","status-publish","hentry"],"post_mailing_queue_ids":[],"_links":{"self":[{"href":"https:\/\/serveiseducatius.xtec.cat\/baixcamp\/wp-json\/wp\/v2\/pages\/10581","targetHints":{"allow":["GET"]}}],"collection":[{"href":"https:\/\/serveiseducatius.xtec.cat\/baixcamp\/wp-json\/wp\/v2\/pages"}],"about":[{"href":"https:\/\/serveiseducatius.xtec.cat\/baixcamp\/wp-json\/wp\/v2\/types\/page"}],"author":[{"embeddable":true,"href":"https:\/\/serveiseducatius.xtec.cat\/baixcamp\/wp-json\/wp\/v2\/users\/1"}],"replies":[{"embeddable":true,"href":"https:\/\/serveiseducatius.xtec.cat\/baixcamp\/wp-json\/wp\/v2\/comments?post=10581"}],"version-history":[{"count":5,"href":"https:\/\/serveiseducatius.xtec.cat\/baixcamp\/wp-json\/wp\/v2\/pages\/10581\/revisions"}],"predecessor-version":[{"id":12885,"href":"https:\/\/serveiseducatius.xtec.cat\/baixcamp\/wp-json\/wp\/v2\/pages\/10581\/revisions\/12885"}],"up":[{"embeddable":true,"href":"https:\/\/serveiseducatius.xtec.cat\/baixcamp\/wp-json\/wp\/v2\/pages\/13463"}],"wp:attachment":[{"href":"https:\/\/serveiseducatius.xtec.cat\/baixcamp\/wp-json\/wp\/v2\/media?parent=10581"}],"curies":[{"name":"wp","href":"https:\/\/api.w.org\/{rel}","templated":true}]}}