{"id":416,"date":"2015-11-25T15:58:53","date_gmt":"2015-11-25T14:58:53","guid":{"rendered":"http:\/\/serveiseducatius.xtec.cat\/se-bages\/?page_id=416"},"modified":"2025-12-11T10:45:53","modified_gmt":"2025-12-11T09:45:53","slug":"formacio","status":"publish","type":"page","link":"https:\/\/serveiseducatius.xtec.cat\/bages\/formacio\/","title":{"rendered":"Formaci\u00f3"},"content":{"rendered":"<figure class=\"wp-block-post-featured-image\"><img loading=\"lazy\" decoding=\"async\" width=\"1200\" height=\"600\" src=\"https:\/\/serveiseducatius.xtec.cat\/bages\/wp-content\/uploads\/usu776\/2025\/12\/24.png\" class=\"attachment-post-thumbnail size-post-thumbnail wp-post-image\" alt=\"\" style=\"object-fit:cover;\" srcset=\"https:\/\/serveiseducatius.xtec.cat\/bages\/wp-content\/uploads\/usu776\/2025\/12\/24.png 1200w, https:\/\/serveiseducatius.xtec.cat\/bages\/wp-content\/uploads\/usu776\/2025\/12\/24-300x150.png 300w, https:\/\/serveiseducatius.xtec.cat\/bages\/wp-content\/uploads\/usu776\/2025\/12\/24-1024x512.png 1024w, https:\/\/serveiseducatius.xtec.cat\/bages\/wp-content\/uploads\/usu776\/2025\/12\/24-768x384.png 768w\" sizes=\"auto, (max-width: 1200px) 100vw, 1200px\" \/><\/figure>\n\n\n<p style=\"padding-top:var(--wp--preset--spacing--20);padding-right:0;padding-bottom:var(--wp--preset--spacing--20);padding-left:0\">El Departament d\u2019Educaci\u00f3 i Formaci\u00f3 permanent presenta la seva oferta formativa a la <a href=\"http:\/\/xtec.gencat.cat\/ca\/formacio\/\">secci\u00f3 de formaci\u00f3 de la XTEC<\/a>.&nbsp; Paral\u00b7lelament, els centres de recursos organitzem formacions per a centres i formacions obertes dins del marc del Pla de formaci\u00f3 de Zona del CRP del Bages.<\/p>\n\n\n\n<div class=\"wp-block-columns is-layout-flex wp-container-core-columns-is-layout-1 wp-block-columns-is-layout-flex\">\n<div class=\"wp-block-column is-layout-flow wp-block-column-is-layout-flow\" style=\"flex-basis:33.33%\">\n<figure class=\"wp-block-image size-full is-resized\"><img loading=\"lazy\" decoding=\"async\" width=\"800\" height=\"800\" src=\"https:\/\/serveiseducatius.xtec.cat\/bages\/wp-content\/uploads\/usu776\/2025\/09\/LOGOTIP-RODOtargeta-4.png\" alt=\"\" class=\"wp-image-30209\" style=\"width:216px;height:auto\" srcset=\"https:\/\/serveiseducatius.xtec.cat\/bages\/wp-content\/uploads\/usu776\/2025\/09\/LOGOTIP-RODOtargeta-4.png 800w, https:\/\/serveiseducatius.xtec.cat\/bages\/wp-content\/uploads\/usu776\/2025\/09\/LOGOTIP-RODOtargeta-4-300x300.png 300w, https:\/\/serveiseducatius.xtec.cat\/bages\/wp-content\/uploads\/usu776\/2025\/09\/LOGOTIP-RODOtargeta-4-150x150.png 150w, https:\/\/serveiseducatius.xtec.cat\/bages\/wp-content\/uploads\/usu776\/2025\/09\/LOGOTIP-RODOtargeta-4-768x768.png 768w\" sizes=\"auto, (max-width: 800px) 100vw, 800px\" \/><\/figure>\n<\/div>\n\n\n\n<div class=\"wp-block-column is-layout-flow wp-block-column-is-layout-flow\" style=\"flex-basis:66.66%\">\n<h2 class=\"wp-block-heading\" style=\"font-size:25px\">Pla de formaci\u00f3 de zona CRP del Bages <\/h2>\n\n\n\n<h2 class=\"wp-block-heading has-text-align-center has-text-color has-link-color wp-elements-5786c688fd477617a7fe2c8845365fda\" style=\"color:#ec994a\">curs 25-26<\/h2>\n<\/div>\n<\/div>\n\n\n\n<div class=\"wp-block-columns is-layout-flex wp-container-core-columns-is-layout-2 wp-block-columns-is-layout-flex\">\n<div class=\"wp-block-column is-layout-flow wp-block-column-is-layout-flow\" style=\"flex-basis:33.33%\">\n<h2 class=\"wp-block-heading has-text-align-center has-ast-global-color-2-color has-text-color has-link-color has-small-font-size wp-elements-39c64fb686c205177e02325645071fa0\">Oferta d&#8217;activitats formatives del<\/h2>\n\n\n\n<p class=\"has-text-align-center has-ast-global-color-1-color has-text-color has-link-color has-medium-font-size wp-elements-3ffa93379c09fa2fd3af8262e61e7fe1\"><strong>CRP DEL BAGES<\/strong><\/p>\n<\/div>\n\n\n\n<div class=\"wp-block-column is-layout-flow wp-block-column-is-layout-flow\" style=\"flex-basis:66.66%\">\n<p>En el seg\u00fcent enlla\u00e7 podeu consultar les formacions obertes per al curs 2025-2026 que ofereix el crp del Bages, tant les formacions en centre com les formacions obertes.<\/p>\n\n\n\n<div style=\"max-width: 960px; margin: 0 auto;\">\n  <div style=\"position: relative; width: 100%; aspect-ratio: 16\/9;\">\n    <iframe\n      src=\"https:\/\/aplicacions.gestioeducativa.gencat.cat\/ords\/pls\/soloas\/pk_for_mod_ins.p_for_cons_activitats?p_header=&#038;p_crp=B02&#038;p_any=2025-2026&#038;p_totes=N&#038;p_totes=N&#038;p_excloure_crp_rec=T&#038;p_inici=1\"\n      title=\"Contingut incrustat\"\n      loading=\"lazy\"\n      style=\"position:absolute; inset:0; width:100%; height:100%; border:0;\"\n      referrerpolicy=\"no-referrer-when-downgrade\"\n      sandbox=\"allow-scripts allow-same-origin allow-forms allow-popups allow-popups-to-escape-sandbox\"\n      allowfullscreen\n    ><\/iframe>\n  <\/div>\n<\/div>\n<\/div>\n<\/div>\n\n\n\n<div class=\"wp-block-columns is-layout-flex wp-container-core-columns-is-layout-3 wp-block-columns-is-layout-flex\">\n<div class=\"wp-block-column is-layout-flow wp-block-column-is-layout-flow\" style=\"flex-basis:33.33%\">\n<figure class=\"wp-block-image size-full is-resized\"><img loading=\"lazy\" decoding=\"async\" width=\"800\" height=\"800\" src=\"https:\/\/serveiseducatius.xtec.cat\/bages\/wp-content\/uploads\/usu776\/2025\/09\/LOGOTIP-RODOtargeta.png\" alt=\"\" class=\"wp-image-30233\" style=\"width:192px;height:auto\" srcset=\"https:\/\/serveiseducatius.xtec.cat\/bages\/wp-content\/uploads\/usu776\/2025\/09\/LOGOTIP-RODOtargeta.png 800w, https:\/\/serveiseducatius.xtec.cat\/bages\/wp-content\/uploads\/usu776\/2025\/09\/LOGOTIP-RODOtargeta-300x300.png 300w, https:\/\/serveiseducatius.xtec.cat\/bages\/wp-content\/uploads\/usu776\/2025\/09\/LOGOTIP-RODOtargeta-150x150.png 150w, https:\/\/serveiseducatius.xtec.cat\/bages\/wp-content\/uploads\/usu776\/2025\/09\/LOGOTIP-RODOtargeta-768x768.png 768w\" sizes=\"auto, (max-width: 800px) 100vw, 800px\" \/><\/figure>\n<\/div>\n\n\n\n<div class=\"wp-block-column is-layout-flow wp-block-column-is-layout-flow\" style=\"flex-basis:66.66%\">\n<p>En aquest enlla\u00e7 podeu entrar al vostre espai de formaci\u00f3 de l&#8217;usuari XTEC, on podreu veure les formacions sol\u00b7licitades, les assignacions, els certificats i els formularis de valoraci\u00f3 de cada activitat que heu realitzat.<\/p>\n\n\n\n<div class=\"wp-block-buttons is-layout-flex wp-block-buttons-is-layout-flex\">\n<div class=\"wp-block-button\"><a class=\"wp-block-button__link wp-element-button\">espai la meva formaci\u00f3<\/a><\/div>\n<\/div>\n<\/div>\n<\/div>\n\n\n\n<hr class=\"wp-block-separator has-text-color has-ast-global-color-1-color has-alpha-channel-opacity has-ast-global-color-1-background-color has-background is-style-wide\" style=\"margin-top:var(--wp--preset--spacing--30);margin-bottom:var(--wp--preset--spacing--30)\"\/>\n\n\n\n<p><strong>LA FORMACI\u00d3 EN CENTRE<\/strong><br><strong>1. Assessorament<\/strong><br>Modalitat formativa amb intervenci\u00f3 d&#8217;un <strong>professional extern <\/strong>que s&#8217;adre\u00e7a a la majoria del claustre o a un col\u00b7lectiu del centre. \u00c9s liderat per l&#8217;equip directiu.<br>Requereix el comprom\u00eds del centre de fer un treball intern sobre la transfer\u00e8ncia a l&#8217;aula del contingut de la formaci\u00f3 i la seva contribuci\u00f3 a la millora dels resultats. Estableix uns objectius de la formaci\u00f3 amb els seus <strong>criteris i indicadors<\/strong> atenent el seu projecte educatiu.<br>T\u00e9 una durada m\u00ednima de 20h i amb dues terceres parts amb la persona formadora.<br><strong>2. Taller a centre<\/strong><br>Modalitat formativa de car\u00e0cter concret i pr\u00e0ctic orientat a la millora d&#8217;alguna compet\u00e8ncia professional del professorat. S&#8217;adre\u00e7a a la majoria del claustre o d&#8217;un col\u00b7lectiu del centre.<br>Requereix el comprom\u00eds del centre de fer un treball intern sobre la transfer\u00e8ncia a l&#8217;aula del contingut de la formaci\u00f3 i la seva contribuci\u00f3 a la millora dels resultats. Estableix uns objectius de la formaci\u00f3 amb els seus <strong>criteris i indicadors<\/strong> atenent el seu projecte educatiu.<br>\u00c9s recomanable una durada entre 15 i 30 h i amb dues terceres parts amb la persona formadora.<br><strong>3. Formaci\u00f3 Interna de Centre (FIC)<\/strong>.<br>T\u00e9 per objectiu la millora de la pr\u00e0ctica docent a partir de la <strong>reflexi\u00f3<\/strong>, el <strong>debat <\/strong>i l&#8217;<strong>experimentaci\u00f3 <\/strong>en el si del centre educatiu. Per tant, no es fonamenta ni en la transmissi\u00f3 de coneixements ni en l&#8217;adquisici\u00f3 de t\u00e8cniques i, per contra, implica el comprom\u00eds dels participants a incorporar canvis metodol\u00f2gics.<br>Modalitat formativa que t\u00e9 lloc dins de cada centre educatiu, que s\u2019adre\u00e7a a la majoria del claustre o a un col\u00b7lectiu d\u2019un centre.&nbsp;\u00c9s liderat i dinamitzat per un <strong>equip de coordinaci\u00f3 del centre<\/strong> i com a m\u00ednim una d\u2019elles ha de ser de l\u2019equip directiu. <strong>No \u00e9s impartida per cap formador\/a extern\/a al centre<\/strong>. Es pot valorar la possibilitat d&#8217;incloure un professional extern per a una o dues sessions.<br>Requereix el comprom\u00eds del centre de transferir a l&#8217;aula el resultat de la formaci\u00f3 i de recollir en la documentaci\u00f3 del centre els acords presos. Tot el proc\u00e9s formatiu es recull en la <strong>carpeta de formaci\u00f3.<\/strong><br>Ofereix diferents itineraris formatius: <strong>itineraris guiats<\/strong> o b\u00e9 <strong>itineraris propis <\/strong>(d&#8217;elaboraci\u00f3 del propi centre).<br><strong>Els itineraris guiats <\/strong>tenen una durada <strong>de 45 hores, <\/strong>de les quals 30 hores han de ser de treball conjunt i 15 s&#8217;han de dedicar a treball individual o en grups redu\u00efts. I <strong>els itineraris propis<\/strong> tenen una durada de <strong>30 hores<\/strong>, de les quals 20-25 han de ser de treball conjunt i 10-5 s\u2019han de dedicar a treball individual o en grups redu\u00efts.<br>Podreu trobar&nbsp;els <a href=\"http:\/\/ateneu.xtec.cat\/wikiform\/wikiexport\/fic\/dir\/index\" target=\"_blank\" rel=\"noreferrer noopener\">materials<\/a> dels diferents itineraris guiats que ofereix el Departament a trav\u00e9s de l&#8217;Ateneu.<br><strong>4.- Visita formativa a centre<\/strong><br>Modalitat formativa orientada a promoure un proc\u00e9s de reflexi\u00f3 sobre la pr\u00f2pia pr\u00e0ctica a partir de con\u00e8ixer i compartir experi\u00e8ncies d&#8217;\u00e8xit o de bones pr\u00e0ctiques consolidades d&#8217;altres centres. Els centres en formaci\u00f3 poden proposar el centre formador, i aquest planifica l&#8217;activitat formativa. T\u00e9 una durada entre 15 i 27 hores. <\/p>\n\n\n\n<p><strong>LA FORMACI\u00d3 ADRE\u00c7ADA AL PROFESSORAT DE DIVERSOS CENTRES (FORMACI\u00d3 INDIVIDUAL)<br><\/strong>Agrupa les activitats obertes adre\u00e7ades al professorat de diversos centres i la participaci\u00f3 \u00e9s individual.<br>La majoria d&#8217;aquestes activitats, com <strong>grups de treball<\/strong> que s&#8217;oferien aquest curs es continuaran oferint el curs vinent, com s\u00f3n els grups de treball de l&#8217;\u00e0rea de filosofia, de l&#8217;\u00e0rea d&#8217;economia, d&#8217;educaci\u00f3 f\u00edsica, de l&#8217;\u00e0rea de m\u00fasica, la coordinaci\u00f3 de mestres d&#8217;educaci\u00f3 especial, &#8230;. per\u00f2, se&#8217;n poden proposar de nous.<\/p>\n\n\n\n<p><strong>5.- Torns de formaci\u00f3<\/strong><br>Primer torn<br>INSCRIPCIONS: del 5 al 21 de setembre<br>CONSULTA ASSIGNACIONS: 7 d\u2019octubre<br>INICI: a partir del 13 d&#8217;octubre&nbsp;<\/p>\n\n\n\n<p>Segon torn<br>INSCRIPCIONS: del 7 al 15 de gener<br>CONSULTA ASSIGNACIONS: 30 de gener<br>INICI: a partir del 5 de febrer<\/p>\n\n\n\n<p>Torn d&#8217;estiu&nbsp;<br>del 14 al 28 de maig<br>16 de juny<br>a partir de l&#8217;1 de juliol<\/p>\n\n\n\n<div class=\"wp-block-media-text is-stacked-on-mobile\" style=\"grid-template-columns:25% auto\"><figure class=\"wp-block-media-text__media\"><img loading=\"lazy\" decoding=\"async\" width=\"800\" height=\"800\" src=\"https:\/\/serveiseducatius.xtec.cat\/bages\/wp-content\/uploads\/usu776\/2025\/09\/LOGOTIP-RODOtargeta-3.png\" alt=\"\" class=\"wp-image-30201 size-full\" srcset=\"https:\/\/serveiseducatius.xtec.cat\/bages\/wp-content\/uploads\/usu776\/2025\/09\/LOGOTIP-RODOtargeta-3.png 800w, https:\/\/serveiseducatius.xtec.cat\/bages\/wp-content\/uploads\/usu776\/2025\/09\/LOGOTIP-RODOtargeta-3-300x300.png 300w, https:\/\/serveiseducatius.xtec.cat\/bages\/wp-content\/uploads\/usu776\/2025\/09\/LOGOTIP-RODOtargeta-3-150x150.png 150w, https:\/\/serveiseducatius.xtec.cat\/bages\/wp-content\/uploads\/usu776\/2025\/09\/LOGOTIP-RODOtargeta-3-768x768.png 768w\" sizes=\"auto, (max-width: 800px) 100vw, 800px\" \/><\/figure><div class=\"wp-block-media-text__content\">\n<p>Aplicatiu GTAF per gesti\u00f3 de formacions<\/p>\n\n\n\n<div class=\"wp-block-buttons is-layout-flex wp-block-buttons-is-layout-flex\">\n<div class=\"wp-block-button\"><a class=\"wp-block-button__link wp-element-button\" href=\"https:\/\/aplicacions.gestioeducativa.gencat.cat\/ords\/pls\/gtaf\/inici\" target=\"_blank\" rel=\"noreferrer noopener\">acc\u00e9s per formadors<\/a><\/div>\n<\/div>\n<\/div><\/div>\n","protected":false},"excerpt":{"rendered":"<p>El Departament d\u2019Educaci\u00f3 i Formaci\u00f3 permanent presenta la seva oferta formativa a la secci\u00f3 de formaci\u00f3 de la XTEC.&nbsp; Paral\u00b7lelament, els centres de recursos organitzem formacions per a centres i formacions obertes dins del marc del Pla de formaci\u00f3 de Zona del CRP del Bages. Pla de formaci\u00f3 de zona CRP del Bages curs 25-26 [&hellip;]<\/p>\n","protected":false},"author":1,"featured_media":31703,"parent":0,"menu_order":2,"comment_status":"closed","ping_status":"closed","template":"","meta":{"_bbp_topic_count":0,"_bbp_reply_count":0,"_bbp_total_topic_count":0,"_bbp_total_reply_count":0,"_bbp_voice_count":0,"_bbp_anonymous_reply_count":0,"_bbp_topic_count_hidden":0,"_bbp_reply_count_hidden":0,"_bbp_forum_subforum_count":0,"site-sidebar-layout":"no-sidebar","site-content-layout":"","ast-site-content-layout":"normal-width-container","site-content-style":"default","site-sidebar-style":"default","ast-global-header-display":"","ast-banner-title-visibility":"","ast-main-header-display":"","ast-hfb-above-header-display":"","ast-hfb-below-header-display":"","ast-hfb-mobile-header-display":"","site-post-title":"disabled","ast-breadcrumbs-content":"","ast-featured-img":"","footer-sml-layout":"","theme-transparent-header-meta":"default","adv-header-id-meta":"","stick-header-meta":"","header-above-stick-meta":"","header-main-stick-meta":"","header-below-stick-meta":"","astra-migrate-meta-layouts":"set","ast-page-background-enabled":"default","ast-page-background-meta":{"desktop":{"background-color":"var(--ast-global-color-4)","background-image":"","background-repeat":"repeat","background-position":"center center","background-size":"auto","background-attachment":"scroll","background-type":"","background-media":"","overlay-type":"","overlay-color":"","overlay-opacity":"","overlay-gradient":""},"tablet":{"background-color":"","background-image":"","background-repeat":"repeat","background-position":"center center","background-size":"auto","background-attachment":"scroll","background-type":"","background-media":"","overlay-type":"","overlay-color":"","overlay-opacity":"","overlay-gradient":""},"mobile":{"background-color":"","background-image":"","background-repeat":"repeat","background-position":"center center","background-size":"auto","background-attachment":"scroll","background-type":"","background-media":"","overlay-type":"","overlay-color":"","overlay-opacity":"","overlay-gradient":""}},"ast-content-background-meta":{"desktop":{"background-color":"var(--ast-global-color-5)","background-image":"","background-repeat":"repeat","background-position":"center center","background-size":"auto","background-attachment":"scroll","background-type":"","background-media":"","overlay-type":"","overlay-color":"","overlay-opacity":"","overlay-gradient":""},"tablet":{"background-color":"var(--ast-global-color-5)","background-image":"","background-repeat":"repeat","background-position":"center center","background-size":"auto","background-attachment":"scroll","background-type":"","background-media":"","overlay-type":"","overlay-color":"","overlay-opacity":"","overlay-gradient":""},"mobile":{"background-color":"var(--ast-global-color-5)","background-image":"","background-repeat":"repeat","background-position":"center center","background-size":"auto","background-attachment":"scroll","background-type":"","background-media":"","overlay-type":"","overlay-color":"","overlay-opacity":"","overlay-gradient":""}},"footnotes":""},"class_list":["post-416","page","type-page","status-publish","has-post-thumbnail","hentry"],"post_mailing_queue_ids":[],"_links":{"self":[{"href":"https:\/\/serveiseducatius.xtec.cat\/bages\/wp-json\/wp\/v2\/pages\/416","targetHints":{"allow":["GET"]}}],"collection":[{"href":"https:\/\/serveiseducatius.xtec.cat\/bages\/wp-json\/wp\/v2\/pages"}],"about":[{"href":"https:\/\/serveiseducatius.xtec.cat\/bages\/wp-json\/wp\/v2\/types\/page"}],"author":[{"embeddable":true,"href":"https:\/\/serveiseducatius.xtec.cat\/bages\/wp-json\/wp\/v2\/users\/1"}],"replies":[{"embeddable":true,"href":"https:\/\/serveiseducatius.xtec.cat\/bages\/wp-json\/wp\/v2\/comments?post=416"}],"version-history":[{"count":6,"href":"https:\/\/serveiseducatius.xtec.cat\/bages\/wp-json\/wp\/v2\/pages\/416\/revisions"}],"predecessor-version":[{"id":31714,"href":"https:\/\/serveiseducatius.xtec.cat\/bages\/wp-json\/wp\/v2\/pages\/416\/revisions\/31714"}],"wp:featuredmedia":[{"embeddable":true,"href":"https:\/\/serveiseducatius.xtec.cat\/bages\/wp-json\/wp\/v2\/media\/31703"}],"wp:attachment":[{"href":"https:\/\/serveiseducatius.xtec.cat\/bages\/wp-json\/wp\/v2\/media?parent=416"}],"curies":[{"name":"wp","href":"https:\/\/api.w.org\/{rel}","templated":true}]}}