{"id":4143,"date":"2016-11-29T12:16:39","date_gmt":"2016-11-29T11:16:39","guid":{"rendered":"http:\/\/serveiseducatius.xtec.cat\/bages\/?page_id=4143"},"modified":"2026-01-27T13:35:16","modified_gmt":"2026-01-27T12:35:16","slug":"gimcana-matematica","status":"publish","type":"page","link":"https:\/\/serveiseducatius.xtec.cat\/bages\/gimcana-matematica\/","title":{"rendered":"Gimcana Matem\u00e0tica"},"content":{"rendered":"\n\n\n<h2 class=\"wp-block-heading\">Qu\u00e8 \u00e9s?<\/h2>\n\n\n\n<p>La Gimcana Matem\u00e0tica \u00e9s un projecte col\u00b7laboratiu adre\u00e7at a l\u2019alumnat de <strong>1r d\u2019ESO <\/strong>que es desenvolupa a trav\u00e9s d\u2019un Grup de Treball integrat per especialistes de matem\u00e0tiques dels centres educatius implicats. L\u2019activitat se celebra a Manresa amb la participaci\u00f3 de centres del Bages i el Moian\u00e8s.<\/p>\n\n\n\n<p>L\u2019objectiu principal \u00e9s fomentar el gust per les matem\u00e0tiques a trav\u00e9s d\u2019una experi\u00e8ncia l\u00fadica i vivencial, tot posant en pr\u00e0ctica els coneixements matem\u00e0tics en contextos reals. A m\u00e9s, l&#8217;activitat apropa l\u2019alumnat a la ciutat de Manresa, tot descobrint el seu patrimoni d&#8217;una manera original i educativa.<\/p>\n\n\n\n<div class=\"wp-block-media-text alignfull is-vertically-aligned-center is-image-fill-element is-style-default\" style=\"grid-template-columns:44% auto\"><figure class=\"wp-block-media-text__media\"><img loading=\"lazy\" decoding=\"async\" width=\"1024\" height=\"512\" src=\"https:\/\/serveiseducatius.xtec.cat\/bages\/wp-content\/uploads\/usu776\/2026\/01\/IMATGE-DESTACADA-ARTICLES-4-1024x512.png\" alt=\"\" class=\"wp-image-31943 size-full\" style=\"object-position:50% 50%\" srcset=\"https:\/\/serveiseducatius.xtec.cat\/bages\/wp-content\/uploads\/usu776\/2026\/01\/IMATGE-DESTACADA-ARTICLES-4-1024x512.png 1024w, https:\/\/serveiseducatius.xtec.cat\/bages\/wp-content\/uploads\/usu776\/2026\/01\/IMATGE-DESTACADA-ARTICLES-4-300x150.png 300w, https:\/\/serveiseducatius.xtec.cat\/bages\/wp-content\/uploads\/usu776\/2026\/01\/IMATGE-DESTACADA-ARTICLES-4-768x384.png 768w, https:\/\/serveiseducatius.xtec.cat\/bages\/wp-content\/uploads\/usu776\/2026\/01\/IMATGE-DESTACADA-ARTICLES-4.png 1200w\" sizes=\"auto, (max-width: 1024px) 100vw, 1024px\" \/><\/figure><div class=\"wp-block-media-text__content\">\n<h2 class=\"wp-block-heading has-text-align-left has-text-color\" style=\"color:#000000\"><strong><strong>Edici\u00f3 2025-2026<\/strong><\/strong><\/h2>\n\n\n\n<p class=\"has-text-align-left has-text-color\" style=\"color:#636363;font-size:17px;line-height:1.1\">Preparats per a la pr\u00f2xima edici\u00f3 de la XIX Gimcana Matem\u00e0tica! <\/p>\n\n\n\n<p class=\"has-text-align-left has-text-color\" style=\"color:#636363;font-size:17px;line-height:1.1\">Aquest curs es celebrar\u00e0 el 24 d&#8217;abril del 2026<\/p>\n\n\n\n<div class=\"wp-block-buttons is-layout-flex wp-block-buttons-is-layout-flex\">\n<div class=\"wp-block-button\"><a class=\"wp-block-button__link has-text-align-center wp-element-button\" href=\"https:\/\/serveiseducatius.xtec.cat\/bages\/gimcana-matematica\/xix-gimcana-matematica\/\" target=\"_blank\" rel=\"noreferrer noopener\">+ informaci\u00f3<\/a><\/div>\n<\/div>\n<\/div><\/div>\n\n\n\n<div class=\"wp-block-media-text alignfull has-media-on-the-right is-vertically-aligned-center is-image-fill-element is-style-default\" style=\"grid-template-columns:auto 56%\"><div class=\"wp-block-media-text__content\">\n<h2 class=\"wp-block-heading has-text-align-center has-text-color\" style=\"color:#000000\"><strong><strong>Edici\u00f3 2024-2025<\/strong><\/strong><\/h2>\n<\/div><figure class=\"wp-block-media-text__media\"><img loading=\"lazy\" decoding=\"async\" width=\"1024\" height=\"512\" src=\"https:\/\/serveiseducatius.xtec.cat\/bages\/wp-content\/uploads\/usu776\/2025\/10\/IMATGE-DESTACADA-ARTICLES-3-1-1024x512.png\" alt=\"\" class=\"wp-image-30692 size-full\" style=\"object-position:50% 50%\" srcset=\"https:\/\/serveiseducatius.xtec.cat\/bages\/wp-content\/uploads\/usu776\/2025\/10\/IMATGE-DESTACADA-ARTICLES-3-1-1024x512.png 1024w, https:\/\/serveiseducatius.xtec.cat\/bages\/wp-content\/uploads\/usu776\/2025\/10\/IMATGE-DESTACADA-ARTICLES-3-1-300x150.png 300w, https:\/\/serveiseducatius.xtec.cat\/bages\/wp-content\/uploads\/usu776\/2025\/10\/IMATGE-DESTACADA-ARTICLES-3-1-768x384.png 768w, https:\/\/serveiseducatius.xtec.cat\/bages\/wp-content\/uploads\/usu776\/2025\/10\/IMATGE-DESTACADA-ARTICLES-3-1.png 1200w\" sizes=\"auto, (max-width: 1024px) 100vw, 1024px\" \/><\/figure><\/div>\n\n\n\n<p><\/p>\n","protected":false},"excerpt":{"rendered":"<p>Qu\u00e8 \u00e9s? La Gimcana Matem\u00e0tica \u00e9s un projecte col\u00b7laboratiu adre\u00e7at a l\u2019alumnat de 1r d\u2019ESO que es desenvolupa a trav\u00e9s d\u2019un Grup de Treball integrat per especialistes de matem\u00e0tiques dels centres educatius implicats. L\u2019activitat se celebra a Manresa amb la participaci\u00f3 de centres del Bages i el Moian\u00e8s. L\u2019objectiu principal \u00e9s fomentar el gust per [&hellip;]<\/p>\n","protected":false},"author":1,"featured_media":0,"parent":0,"menu_order":0,"comment_status":"closed","ping_status":"closed","template":"","meta":{"_bbp_topic_count":0,"_bbp_reply_count":0,"_bbp_total_topic_count":0,"_bbp_total_reply_count":0,"_bbp_voice_count":0,"_bbp_anonymous_reply_count":0,"_bbp_topic_count_hidden":0,"_bbp_reply_count_hidden":0,"_bbp_forum_subforum_count":0,"site-sidebar-layout":"no-sidebar","site-content-layout":"","ast-site-content-layout":"normal-width-container","site-content-style":"default","site-sidebar-style":"default","ast-global-header-display":"","ast-banner-title-visibility":"","ast-main-header-display":"","ast-hfb-above-header-display":"","ast-hfb-below-header-display":"","ast-hfb-mobile-header-display":"","site-post-title":"disabled","ast-breadcrumbs-content":"","ast-featured-img":"","footer-sml-layout":"","theme-transparent-header-meta":"default","adv-header-id-meta":"","stick-header-meta":"","header-above-stick-meta":"","header-main-stick-meta":"","header-below-stick-meta":"","astra-migrate-meta-layouts":"set","ast-page-background-enabled":"default","ast-page-background-meta":{"desktop":{"background-color":"var(--ast-global-color-4)","background-image":"","background-repeat":"repeat","background-position":"center center","background-size":"auto","background-attachment":"scroll","background-type":"","background-media":"","overlay-type":"","overlay-color":"","overlay-opacity":"","overlay-gradient":""},"tablet":{"background-color":"","background-image":"","background-repeat":"repeat","background-position":"center center","background-size":"auto","background-attachment":"scroll","background-type":"","background-media":"","overlay-type":"","overlay-color":"","overlay-opacity":"","overlay-gradient":""},"mobile":{"background-color":"","background-image":"","background-repeat":"repeat","background-position":"center center","background-size":"auto","background-attachment":"scroll","background-type":"","background-media":"","overlay-type":"","overlay-color":"","overlay-opacity":"","overlay-gradient":""}},"ast-content-background-meta":{"desktop":{"background-color":"var(--ast-global-color-5)","background-image":"","background-repeat":"repeat","background-position":"center center","background-size":"auto","background-attachment":"scroll","background-type":"","background-media":"","overlay-type":"","overlay-color":"","overlay-opacity":"","overlay-gradient":""},"tablet":{"background-color":"var(--ast-global-color-5)","background-image":"","background-repeat":"repeat","background-position":"center center","background-size":"auto","background-attachment":"scroll","background-type":"","background-media":"","overlay-type":"","overlay-color":"","overlay-opacity":"","overlay-gradient":""},"mobile":{"background-color":"var(--ast-global-color-5)","background-image":"","background-repeat":"repeat","background-position":"center center","background-size":"auto","background-attachment":"scroll","background-type":"","background-media":"","overlay-type":"","overlay-color":"","overlay-opacity":"","overlay-gradient":""}},"footnotes":""},"class_list":["post-4143","page","type-page","status-publish","hentry"],"post_mailing_queue_ids":[],"_links":{"self":[{"href":"https:\/\/serveiseducatius.xtec.cat\/bages\/wp-json\/wp\/v2\/pages\/4143","targetHints":{"allow":["GET"]}}],"collection":[{"href":"https:\/\/serveiseducatius.xtec.cat\/bages\/wp-json\/wp\/v2\/pages"}],"about":[{"href":"https:\/\/serveiseducatius.xtec.cat\/bages\/wp-json\/wp\/v2\/types\/page"}],"author":[{"embeddable":true,"href":"https:\/\/serveiseducatius.xtec.cat\/bages\/wp-json\/wp\/v2\/users\/1"}],"replies":[{"embeddable":true,"href":"https:\/\/serveiseducatius.xtec.cat\/bages\/wp-json\/wp\/v2\/comments?post=4143"}],"version-history":[{"count":6,"href":"https:\/\/serveiseducatius.xtec.cat\/bages\/wp-json\/wp\/v2\/pages\/4143\/revisions"}],"predecessor-version":[{"id":31944,"href":"https:\/\/serveiseducatius.xtec.cat\/bages\/wp-json\/wp\/v2\/pages\/4143\/revisions\/31944"}],"wp:attachment":[{"href":"https:\/\/serveiseducatius.xtec.cat\/bages\/wp-json\/wp\/v2\/media?parent=4143"}],"curies":[{"name":"wp","href":"https:\/\/api.w.org\/{rel}","templated":true}]}}