{"id":379,"date":"2015-11-25T14:19:13","date_gmt":"2015-11-25T13:19:13","guid":{"rendered":"http:\/\/serveiseducatius.xtec.cat\/se-bages\/?page_id=379"},"modified":"2025-12-17T10:00:22","modified_gmt":"2025-12-17T09:00:22","slug":"escoles","status":"publish","type":"page","link":"https:\/\/serveiseducatius.xtec.cat\/bages\/comunitat\/centres-educatius\/escoles\/","title":{"rendered":"Escoles (ESC)"},"content":{"rendered":"<p><!--- <a href=\"http:\/\/serveiseducatius.xtec.cat\/se-bages\/wp-content\/uploads\/usu776\/2015\/11\/mapa.png\"><span data-mce-type=\"bookmark\" style=\"display: inline-block; width: 0px; overflow: hidden; line-height: 0;\" class=\"mce_SELRES_start\"><\/span><img loading=\"lazy\" decoding=\"async\" class=\"alignnone wp-image-1257\" src=\"http:\/\/serveiseducatius.xtec.cat\/se-bages\/wp-content\/uploads\/usu776\/2015\/11\/mapa.png\" alt=\"mapa\" width=\"580\" height=\"364\" srcset=\"https:\/\/serveiseducatius.xtec.cat\/bages\/wp-content\/uploads\/usu776\/2015\/11\/mapa.png 760w, https:\/\/serveiseducatius.xtec.cat\/bages\/wp-content\/uploads\/usu776\/2015\/11\/mapa-300x188.png 300w\" sizes=\"auto, (max-width: 580px) 100vw, 580px\" \/><\/a> ---><\/p>\n<p><a href=\"https:\/\/agora.xtec.cat\/escfonollosa\/\" target=\"_blank\" rel=\"noopener noreferrer\"><strong>Escola Agrupaci\u00f3 Sant Jordi<\/strong><\/a><br \/>Ctra. de Manresa a Calaf, s\/n<br \/>08259\u00a0Fonollosa<br \/>Tel. 93 836 60 79<br \/>Correu electr\u00f2nic: <a href=\"mailto:a8017232@xtec.cat\">a8017232@xtec.cat<\/a><\/p>\n<p><a href=\"https:\/\/agora.xtec.cat\/esc-altasegarra-calaf\/\" target=\"_blank\" rel=\"noopener noreferrer\"><strong>Escola Alta Segarra\u00a0<\/strong><\/a><br \/>C. Pius Forn, 11<br \/>08280 Calaf<br \/>Tel. 93 869 82 96<br \/>Correu electr\u00f2nic: <a href=\"a8014929@xtec.cat\" target=\"_blank\" rel=\"noopener\">a8014929<span class=\"\">@xtec.cat<\/span><\/a><\/p>\n<p><a href=\"http:\/\/agora.xtec.cat\/escolametllers\/\" target=\"_blank\" rel=\"noopener noreferrer\"><strong>Escola Ametllers<\/strong><\/a><br \/>C. de Frederica Montseny, s\/n<br \/>08250\u00a0Sant Joan de Vilatorrada<br \/>Tel. 93 876 51 67<br \/>Correu electr\u00f2nic: <a href=\"mailto:a8062778@xtec.cat\">a8062778@xtec.cat<\/a><\/p>\n<p><a href=\"https:\/\/agora.xtec.cat\/ceip-bages\/\" target=\"_blank\" rel=\"noopener noreferrer\"><strong>Escola Bages<\/strong><\/a><br \/>C. La S\u00e8quia, 55<br \/>08240 Manresa<br \/>Tel. 93 874 81 88<br \/>Correu electr\u00f2nic: <a href=\"mailto:a8020127@xtec.cat\">a8020127@xtec.cat<\/a><\/p>\n<p><a href=\"http:\/\/agora.xtec.cat\/ceip-catalunya-navarcles\/\" target=\"_blank\" rel=\"noopener noreferrer\"><strong>Escola Catalunya<\/strong><\/a><br \/>Av. Piscines i Esports, 30<br \/>08270\u00a0Navarcles<br \/>Tel. 93 831 02 77<br \/>Correu electr\u00f2nic: <a href=\"mailto:a8022197@xtec.cat\">a8022197@xtec.cat<\/a><\/p>\n<p><a href=\"https:\/\/agora.xtec.cat\/ceipcollbaix\/\" target=\"_blank\" rel=\"noopener noreferrer\"><strong>Escola Collbaix<\/strong><\/a><br \/>C. Salvador Espriu, 22<br \/>08250\u00a0Sant Joan de Vilatorrada<br \/>Tel. 93 872 86 15<br \/>Correu electr\u00f2nic: <a href=\"mailto:a8044545@xtec.cat\">a8044545@xtec.cat<\/a><\/p>\n<p><a href=\"https:\/\/agora.xtec.cat\/ceipdoctorferrer\/\" target=\"_blank\" rel=\"noopener noreferrer\"><strong>Escola Doctor Ferrer<\/strong><\/a><br \/>C. Barcelona, 23<br \/>08271 Art\u00e9s<br \/>Tel. 93 830 53 77<br \/>Correu electr\u00f2nic: <a href=\"mailto:a8000244@xtec.cat\">a8000244@xtec.cat<\/a><\/p>\n<p><a href=\"http:\/\/agora.xtec.cat\/ceipflama\/\" target=\"_blank\" rel=\"noopener noreferrer\"><strong>Escola Flama<\/strong><\/a><br \/>C. Comtes de Barcelona, s\/n<br \/>08272\u00a0Sant Fruit\u00f3s de Bages<br \/>Tel. 93 878 40 20<br \/>Correu electr\u00f2nic: <a href=\"mailto:a8044016@xtec.cat\">a8044016@xtec.cat<\/a><\/p>\n<p><a href=\"http:\/\/agora.xtec.cat\/escolafmacia-suria\/\" target=\"_blank\" rel=\"noopener noreferrer\"><strong>Escola Francesc Maci\u00e0<\/strong><\/a><br \/>Ctra. de la Mina, s\/n<br \/>08260 S\u00faria<br \/>Tel. 93 869 66 36<br \/>Correu electr\u00f2nic: <a href=\"mailto:a8029222@xtec.cat\">a8029222@xtec.cat<\/a><\/p>\n<p><a href=\"https:\/\/www.escolaitaca.cat\/\" target=\"_blank\" rel=\"noopener noreferrer\"><strong>Escola \u00cdtaca<\/strong><\/a><br \/>Ctra. del Pont de Vilomara, 131-141<br \/>08242 Manresa<br \/>Tel. 93 874 85 49<br \/>Correu electr\u00f2nic: <a href=\"mailto:a8064741@xtec.cat\">a8064741@xtec.cat<\/a><\/p>\n<p><a href=\"http:\/\/agora.xtec.cat\/ceipbalmes\/\" target=\"_blank\" rel=\"noopener noreferrer\"><strong>Escola Jaume Balmes<\/strong><\/a><br \/>Av. Pare Claret, 18<br \/>08296\u00a0Castellbell i el Vilar (El Borr\u00e0s)<br \/>Tel. 93 834 02 35<br \/>Correu electr\u00f2nic: <a href=\"mailto:a8015806@xtec.cat\">a8015806@xtec.cat<\/a><\/p>\n<p><a href=\"http:\/\/agora.xtec.cat\/ceipjoncadella\/\" target=\"_blank\" rel=\"noopener noreferrer\"><strong>Escola Joncadella<\/strong><\/a><br \/>C. Escoles, s\/n<br \/>08250\u00a0Sant Joan de Vilatorrada<br \/>Tel. 93 872 77 07<br \/>Correu electr\u00f2nic: <a href=\"mailto:a8026725@xtec.cat\">a8026725@xtec.cat<\/a><\/p>\n<p><a href=\"https:\/\/agora.xtec.cat\/ceip-jorriols-moia\/\" target=\"_blank\" rel=\"noopener\"><strong>Escola Josep Orriols i Roca<\/strong><\/a><br \/>C. Miquel Vilarr\u00fabia, 12<br \/>08180 Moi\u00e0<br \/>Tel.\u00a093 830 05 19<br \/>Correu electr\u00f2nic:\u00a0<a href=\"mailto:a8022094@xtec.cat\">a8022094@xtec.cat<\/a><\/p>\n<p><a href=\"https:\/\/agora.xtec.cat\/ceipjoventutcallus\/\" target=\"_blank\" rel=\"noopener\"><strong>Escola Joventut<\/strong><\/a><br \/>C. Anselm Clav\u00e9, s\/n<br \/>08262 Call\u00fas<br \/>Tel. 93 836 01 68<br \/>Correu electr\u00f2nic: <a href=\"mailto:a8015247@xtec.cat\">a8015247@xtec.cat<\/a><\/p>\n<p><a href=\"https:\/\/agora.xtec.cat\/escolalafont\/\" target=\"_blank\" rel=\"noopener noreferrer\"><strong>Escola La Font<\/strong><\/a><br \/>C. Sant Crist\u00f2fol, 43-45<br \/>08240 Manresa<br \/>Tel. 93 874 44 66<br \/>Correu electr\u00f2nic: <a href=\"mailto:a8059755@xtec.cat\">a8059755@xtec.cat<\/a><\/p>\n<p><a href=\"https:\/\/agora.xtec.cat\/escolalapopa\/\" target=\"_blank\" rel=\"noopener noreferrer\"><strong>Escola La Popa<\/strong><\/a><br \/>C. Major, 20<br \/>08183 Castellcir<br \/>Tel. 93 866 61 31<br \/>Correu electr\u00f2nic: <a href=\"mailto:a8015831@xtec.cat\">a8015831@xtec.cat<\/a><\/p>\n<p><a href=\"http:\/\/agora.xtec.cat\/ceip-rnx-manresa\/\" target=\"_blank\" rel=\"noopener noreferrer\"><strong>Escola La Renaixen\u00e7a<\/strong><\/a><br \/>Pl. de la Independ\u00e8ncia, 1<br \/>08240 Manresa<br \/>Tel. 93 875 21 15<br \/>Correu electr\u00f2nic: <a href=\"mailto:a8020061@xtec.cat\">a8020061@xtec.cat<\/a><\/p>\n<p><a href=\"http:\/\/agora.xtec.cat\/escolalasequia\/\" target=\"_blank\" rel=\"noopener noreferrer\"><strong>Escola La S\u00e8quia<\/strong><\/a><br \/>C. Cam\u00ed Vell de Santpedor, 36-38<br \/>08243 Manresa<br \/>Tel. 93 873 02 99<br \/>Correu electr\u00f2nic: <a href=\"mailto:a8063898@xtec.cat\">a8063898@xtec.cat<\/a><\/p>\n<p><a href=\"http:\/\/agora.xtec.cat\/escolalaserreta\/moodle\/\" target=\"_blank\" rel=\"noopener noreferrer\"><strong>Escola La Serreta<\/strong><\/a><br \/>C. Moss\u00e8n Jacint Verdaguer, s\/n<br \/>08251\u00a0Santpedor<br \/>Tel. 93 827 40 61<br \/>Correu electr\u00f2nic: <a href=\"mailto:a8066334@xtec.cat\">a8066334@xtec.cat<\/a><\/p>\n<p><a href=\"http:\/\/agora.xtec.cat\/escolalesbases\/\" target=\"_blank\" rel=\"noopener noreferrer\"><strong>Escola Les Bases<\/strong><\/a><br \/>Puigmal,16<br \/>08242 Manresa<br \/>Tel. 93 624 66 49<br \/>Correu electr\u00f2nic: <a href=\"mailto:a8075244@xtec.cat\">a8075244<span class=\"atwho-query\">@xtec.cat<\/span><\/a><\/p>\n<p><a href=\"http:\/\/agora.xtec.cat\/escolaolivar\/\" target=\"_blank\" rel=\"noopener noreferrer\"><strong>Escola L&#8217;Olivar<\/strong><\/a><br \/>C. Onze de Setembre, s\/n \u00a0El Serrat<br \/>08251\u00a0Castellnou de Bages<br \/>Tel. 93 827 25 65<br \/>Correu electr\u00f2nic: <a href=\"mailto:a8063862@xtec.cat\">a8063862@xtec.cat<\/a><\/p>\n<p><a href=\"https:\/\/agora.xtec.cat\/ceip-montserrat-suria\/\" target=\"_blank\" rel=\"noopener noreferrer\"><strong>Escola Salipota<\/strong><\/a><br \/>C. Font del Ferro, 1<br \/>08260 S\u00faria<br \/>Tel. 93 868 22 16<br \/>Correu electr\u00f2nic: <a href=\"mailto:a8029209@xtec.cat\">a8029209@xtec.cat<\/a><\/p>\n<p><a href=\"http:\/\/agora.xtec.cat\/ceip-mdpatrocini-cardona\/\" target=\"_blank\" rel=\"noopener noreferrer\"><strong>Escola Patrocini<\/strong><\/a><br \/>Pl. de Joan Maragall, 3<br \/>08261 Cardona<br \/>Tel. 93 869 18 29<br \/>Correu electr\u00f2nic: <a href=\"mailto:a8015582@xtec.cat\">a8015582@xtec.ca<\/a><\/p>\n<p><a href=\"http:\/\/escolamonsenyorgibert.cat\/\" target=\"_blank\" rel=\"noopener noreferrer\"><strong>Escola Monsenyor Gibert<\/strong><\/a><br \/>Pl. Pau Casals, 1<br \/>08272\u00a0Sant Fruit\u00f3s de Bages<br \/>Tel. 93 876 02 97<br \/>Correu electr\u00f2nic: <a href=\"mailto:a8026464@xtec.cat\">a8026464@xtec.cat<\/a><\/p>\n<p><a href=\"http:\/\/agora.xtec.cat\/ceipmontserrat-ssg\/\" target=\"_blank\" rel=\"noopener noreferrer\"><strong>Escola Montserrat<\/strong><\/a><br \/>C. Marganell, s\/n<br \/>08253\u00a0Sant Salvador de Guardiola<br \/>Tel. 93 835 40 40<br \/>Correu electr\u00f2nic: <a href=\"mailto:a8029209@xtec.cat\">a8017992@xtec.cat<\/a><\/p>\n<p><a href=\"https:\/\/agora.xtec.cat\/esc-muntanyadeldrac\/\" target=\"_blank\" rel=\"noopener noreferrer\"><strong>Escola Muntanya del Drac<\/strong><\/a><br \/>Vivendes Pare Ignasi Puig, s\/n<br \/>08240 Manresa<br \/>Tel. 93 875 21 16<br \/>Correu electr\u00f2nic: <a href=\"mailto:a8020012@xtec.cat\">a8020012@xtec.cat<\/a><\/p>\n<p><a href=\"https:\/\/agora.xtec.cat\/ceipparealgue\/\" target=\"_blank\" rel=\"noopener noreferrer\"><strong>Escola Pare Algu\u00e9<\/strong><\/a><br \/>C. Jacint Verdaguer, 16-22<br \/>08240 Manresa<br \/>Tel. 93 877 16 89<br \/>Correu electr\u00f2nic: <a href=\"mailto:a8020097@xtec.cat\">a8020097@xtec.cat<\/a><\/p>\n<p><a href=\"http:\/\/agora.xtec.cat\/escolapladelpuig\/\" target=\"_blank\" rel=\"noopener noreferrer\"><strong>Escola Pla del Puig<\/strong><\/a><br \/>Av. de Sant Joan, s\/n<br \/>08272\u00a0Sant Fruit\u00f3s de Bages<br \/>Tel. 93 876 19 74<br \/>Correu electr\u00f2nic: <a href=\"mailto:a8065251@xtec.cat\">a8065251@xtec.cat<\/a><\/p>\n<p><a href=\"http:\/\/agora.xtec.cat\/ceip-puigberenguer\/\" target=\"_blank\" rel=\"noopener noreferrer\"><strong>Escola Puigberenguer<\/strong><\/a><br \/>C. N\u00faria, s\/n<br \/>08240 Manresa<br \/>Tel. 93 878 71 25<br \/>Correu electr\u00f2nic: <a href=\"mailto:a8039318@xtec.cat\">a8039318@xtec.cat<\/a><\/p>\n<p><a href=\"https:\/\/agora.xtec.cat\/ceip-calsoler\/\" target=\"_blank\" rel=\"noopener noreferrer\"><strong>Escola Puigsoler<\/strong><\/a><br \/>C. del Poeta Maragall, s\/n<br \/>08295\u00a0Sant Vicen\u00e7 de Castellet<br \/>Tel. 93 833 22 44<br \/>Correu electr\u00f2nic: <a href=\"mailto:a8065263@xtec.cat\">a8065263@xtec.cat<\/a><\/p>\n<p><a href=\"http:\/\/agora.xtec.cat\/escolariudor\/\" target=\"_blank\" rel=\"noopener noreferrer\"><strong>Escola Riu d&#8217;Or<\/strong><\/a><br \/>C. les Verges, 15<br \/>08251\u00a0Santpedor<br \/>Tel. 93 832 17 63<br \/>Correu electr\u00f2nic: <a href=\"mailto:a8025058@xtec.cat\">a8025058@xtec.cat<\/a><\/p>\n<p><a href=\"https:\/\/www.escolasantignasi.cat\/\" target=\"_blank\" rel=\"noopener noreferrer\"><strong>Escola Sant Ignasi<\/strong><\/a><br \/>C. Mestre Albages, 1-3<br \/>08240 Manresa<br \/>Tel. 93 878 71 28<br \/>Correu electr\u00f2nic: <a href=\"mailto:a8020073@xtec.cat\">a8020073@xtec.cat<\/a><\/p>\n<p><a href=\"https:\/\/agora.xtec.cat\/iesantjordi\/\" target=\"_blank\" rel=\"noopener noreferrer\"><strong>Escola Sant Jordi<\/strong><\/a><br \/>C\/ Puig-reig, s\/n<br \/><span class=\"postal-code\">08670<\/span>\u00a0<span class=\"locality\">Nav\u00e0s<\/span><br \/>Tel. <em>en proc\u00e9s de canvi<\/em><br \/>Correu electr\u00f2nic: <a href=\"mailto:a8079331@xtec.cat\">a8079331@xtec.cat<\/a><\/p>\n<p><a href=\"http:\/\/agora.xtec.cat\/esc-santmiquel-castellgali\/\" target=\"_blank\" rel=\"noopener noreferrer\"><strong>Escola Sant Miquel<\/strong><\/a><br \/>C. Renaixen\u00e7a, s\/n<br \/>08297\u00a0Castellgal\u00ed<br \/>Tel. 93 833 05 00<br \/>Correu electr\u00f2nic: <a href=\"mailto:a8016094@xtec.cat\">a8016094@xtec.cat<\/a><\/p>\n<p><a href=\"http:\/\/agora.xtec.cat\/ceipsantpere\/\" target=\"_blank\" rel=\"noopener noreferrer\"><strong>Escola Sant Pere<\/strong><\/a><br \/>C. Escoles, 23<br \/>08691\u00a0Monistrol de Montserrat<br \/>Tel. 93 835 04 05<br \/>Correu electr\u00f2nic: <a href=\"mailto:a8021892@xtec.cat\">a8021892@xtec.cat<\/a><\/p>\n<p><a href=\"https:\/\/agora.xtec.cat\/escolasantvicenc\/\" target=\"_blank\" rel=\"noopener noreferrer\"><strong>Escola Sant Vicen\u00e7<\/strong><\/a><br \/>Pl. Onze de setembre, s\/n<br \/>08295\u00a0Sant Vicen\u00e7 de Castellet<br \/>Tel. 93 833 05 65<br \/>Correu electr\u00f2nic: <a href=\"mailto:a8028576@xtec.cat\">a8028576@xtec.cat<\/a><\/p>\n<p><a href=\"http:\/\/agora.xtec.cat\/ceipserraihunter\/\" target=\"_blank\" rel=\"noopener noreferrer\"><strong>Escola Serra i H\u00fanter<\/strong><\/a><br \/>Poligon La Balconada<br \/>08240 Manresa<br \/>Tel. 93 878 71 29<br \/>Correu electr\u00f2nic: <a href=\"mailto:a8038181@xtec.cat\">a8038181@xtec.cat<\/a><\/p>\n<p><a href=\"http:\/\/agora.xtec.cat\/ceipsesmondolo\/\" target=\"_blank\" rel=\"noopener noreferrer\"><strong>Escola Sesmon d&#8217;Ol\u00f3<\/strong><\/a><br \/>C. Maurici Camprub\u00ed Fornells, s\/n<br \/>08273\u00a0Santa Maria d&#8217;Ol\u00f3<br \/>Tel. 93 838 50 60<br \/>Correu electr\u00f2nic: <a href=\"mailto:a8028382@xtec.cat\">a8028382@xtec.cat<\/a><\/p>\n<p><a href=\"https:\/\/agora.xtec.cat\/esctorresamat\/\" target=\"_blank\" rel=\"noopener noreferrer\"><strong>Escola Torres Amat<\/strong><\/a><br \/>Pg. de la Biblioteca, 3<br \/>08650\u00a0Sallent<br \/>Tel. 93 837 05 44<br \/>Correu electr\u00f2nic: <a href=\"mailto:a8024972@xtec.cat\">a8024972@xtec.cat<\/a><\/p>\n<p><a href=\"https:\/\/agora.xtec.cat\/escolavalldaura\/\" target=\"_blank\" rel=\"noopener noreferrer\"><strong>Escola Valldaura<\/strong><\/a><br \/>C. Ausi\u00e0s March, 16<br \/>08242 Manresa<br \/>Tel. 93 872 63 87<br \/>Correu electr\u00f2nic: <a href=\"mailto:a8067600@xtec.cat\">a8067600<span class=\"\">@xtec.cat<\/span><\/a><\/p>\n<p><a href=\"http:\/\/agora.xtec.cat\/zermoianes\/escola-alfa\/\" target=\"_blank\" rel=\"noopener noreferrer\"><strong>Escola Els Pins &#8211; ZER Moian\u00e8s Ponent<\/strong><\/a><br \/>C. de Montserrat, s\/n<br \/>08650\u00a0Sallent (Cabrianes)<br \/>Tel. 93 837 15 53<br \/>Correu electr\u00f2nic: <a href=\"mailto:a8039306@xtec.cat\">a8039306<span class=\"\">@xtec.cat<\/span><\/a><\/p>\n<p><a href=\"http:\/\/escolalesqueix.blogspot.com.es\/\" target=\"_blank\" rel=\"noopener noreferrer\"><strong>Escola L&#8217;Esqueix &#8211; ZER El Moian\u00e8s Ponent<\/strong><\/a><br \/>C. Camp de Futbol, s\/n<br \/>08275\u00a0Monistrol de Calders<br \/>Tel. 93 839 92 27<br \/>Correu electr\u00f2nic: <a href=\"mailto:a8021934@xtec.cat\">a8021934@xtec.cat<\/a><\/p>\n<p><a href=\"http:\/\/agora.xtec.cat\/zermoianes\/escola-beta\/\" target=\"_blank\" rel=\"noopener noreferrer\"><strong>Escola Anton Busquets i Punset &#8211; ZER El Moian\u00e8s Ponent<\/strong><\/a><br \/>Pl. de l&#8217;Era \u00a0de Cal Feliu, s\/n<br \/>08275\u00a0Calders<br \/>Tel. 93 830 92 76<br \/>Correu electr\u00f2nic: <a href=\"mailto:a8015107@xtec.cat\">a8015107@xtec.cat<\/a><\/p>\n<p><a href=\"http:\/\/escolademura.blogspot.com\/\" target=\"_blank\" rel=\"noopener noreferrer\"><strong>Escola Vall de N\u00e9spola &#8211; ZER El Moian\u00e8s Ponent<\/strong><\/a><br \/>C. de les Escoles, s\/n<br \/>08279 Mura<br \/>Tel. 93 831 69 08<br \/>Correu electr\u00f2nic: <a href=\"mailto:a8061521@xtec.cat\">a8061521<span class=\"\"><span class=\"\">@<\/span>xtec.cat<\/span><\/a><\/p>\n<p><a href=\"https:\/\/agora.xtec.cat\/zerventdavall\/escola-gamma\/\" target=\"_blank\" rel=\"noopener noreferrer\"><strong>Escola Font de l&#8217;Anoia &#8211; ZER Vent d&#8217;Avall\u00a0<\/strong><\/a><br \/>C. Ciutadella, 42<br \/>08282 Sant Mart\u00ed Sesgueioles<br \/>Tel. 93 869 92 21<br \/>Correu electr\u00f2nic: <a href=\"a8027021@xtec.cat\" target=\"_blank\" rel=\"noopener\">a8027021<span class=\"\">@xtec.cat<\/span><\/a><\/p>\n<p><a href=\"https:\/\/agora.xtec.cat\/ceipcastellfollit\/\" target=\"_blank\" rel=\"noopener noreferrer\"><strong>Escola Sant Roc &#8211; ZER Vent d&#8217;Avall\u00a0<\/strong><\/a><br \/>C. Major, 10<br \/>08283 Castellfollit de Riubreg\u00f3s<br \/>Tel. 93 869 30 11<br \/>Correu electr\u00f2nic: <a href=\"a8016082@xtec.cat\" target=\"_blank\" rel=\"noopener\">a8016082<span class=\"\">@xtec.cat<\/span><\/a><\/p>\n<p><a href=\"https:\/\/agora.xtec.cat\/zerventdavall\/escola-alfa\/\" target=\"_blank\" rel=\"noopener noreferrer\"><strong>Escola Mare de D\u00e9u del Portal &#8211; ZER Vent d&#8217;Avall\u00a0<\/strong><\/a><br \/>C. Del Mur S\/N<br \/>08281 Prats de Rei<br \/>Tel. 93 869 89 01<br \/>Correu electr\u00f2nic: <a href=\"a8023141@xtec.cat\" target=\"_blank\" rel=\"noopener\">a8023141<span class=\"\">@xtec.cat<\/span><\/a><\/p>\n<p><a href=\"https:\/\/agora.xtec.cat\/ceipsantesteve-vallstorroella\/\" target=\"_blank\" rel=\"noopener noreferrer\"><strong>Escola Sant Esteve &#8211; ZER El Cardener<\/strong><\/a><br \/>C. Esgl\u00e9sia, s\/n<br \/>08269 Sant Mateu de Bages\u00a0(Valls de Torroella)<br \/>Tel. 93 869 69 65<br \/>Correu electr\u00f2nic: a8038089@xtec.cat<\/p>\n<p><a href=\"https:\/\/agora.xtec.cat\/zerelcardener\/\" target=\"_blank\" rel=\"noopener noreferrer\"><strong>Escola Joan de Pal\u00e0 &#8211; ZER El Cardener<\/strong><\/a><br \/>C. Bisbe Guix, s\/n<br \/>08261\u00a0Cardona (La Coromina)<br \/>Tel. 93 869 21 85<br \/>Correu electr\u00f2nic: <a href=\"mailto:a8015612@xtec.cat\">a8015612@xtec.cat<\/a><\/p>\n<p><a href=\"https:\/\/agora.xtec.cat\/escoladecollsuspina\/\" target=\"_blank\" rel=\"noopener noreferrer\"><strong>Escola Els Ventets &#8211; ZER El Moian\u00e8s Llevant<\/strong><\/a><br \/>C. de la Verge de Montserrat, 3-5<br \/>08178 Collsuspina<br \/>Tel. 93 830 20 35<br \/>Correu electr\u00f2nic: <a href=\"mailto:a8065482@xtec.cat\">a8065482@xtec.ca<\/a><\/p>\n<p><a href=\"http:\/\/agora.xtec.cat\/escolasqs\/\" target=\"_blank\" rel=\"noopener noreferrer\"><strong>Escola de Sant Quirze Safaja &#8211; ZER El Moian\u00e8s Llevant<\/strong><\/a><br \/>Ctra. de Barcelona, 2<br \/>08189\u00a0Sant Quirze Safaja<br \/>Tel. 93 102 40 13<br \/>Correu electr\u00f2nic: <a href=\"mailto:a8064982@xtec.cat\">a8064982@xtec.cat<\/a><\/p>\n<p><a href=\"https:\/\/agora.xtec.cat\/escolalestany\/\" target=\"_blank\" rel=\"noopener noreferrer\"><strong>Escola de L&#8217;Estany &#8211; ZER El Moian\u00e8s Llevant<\/strong><\/a><br \/>C. de les Escoles, s\/n<br \/>08148\u00a0L&#8217;Estany<br \/>Tel. 93 830 30 66<br \/>Correu electr\u00f2nic: <a href=\"mailto:a8037981@xtec.cat\">a8037981<span class=\"\">@xtec.cat<\/span><\/a><\/p>\n<p><a href=\"https:\/\/agora.xtec.cat\/zergavarresa\/escola-els-roures\/\" target=\"_blank\" rel=\"noopener noreferrer\"><strong>Escola Els Roures &#8211; ZER Gavarresa<\/strong><\/a><br \/>C. Sant Roc, s\/n<br \/>08279\u00a0<br \/>Tel.\u00a0<br \/>Correu electr\u00f2nic:\u00a0<\/p>\n\n\n<div class=\"wp-block-columns has-border-color has-vivid-red-border-color is-layout-flex wp-container-core-columns-is-layout-2 wp-block-columns-is-layout-flex\" style=\"border-width:5px\">\n<div class=\"wp-block-column is-layout-flow wp-block-column-is-layout-flow\">\n<div class=\"wp-block-media-text\" style=\"grid-template-columns:28% auto\"><figure class=\"wp-block-media-text__media\"><a href=\"https:\/\/agora.xtec.cat\/escoladecastellfollitdelboix\/\" target=\"_blank\" rel=\" noreferrer noopener\"><img loading=\"lazy\" decoding=\"async\" width=\"1024\" height=\"672\" src=\"https:\/\/serveiseducatius.xtec.cat\/bages\/wp-content\/uploads\/usu776\/2025\/12\/logo2023-1024x672.png\" alt=\"\" class=\"wp-image-31769 size-full\" srcset=\"https:\/\/serveiseducatius.xtec.cat\/bages\/wp-content\/uploads\/usu776\/2025\/12\/logo2023-1024x672.png 1024w, https:\/\/serveiseducatius.xtec.cat\/bages\/wp-content\/uploads\/usu776\/2025\/12\/logo2023-300x197.png 300w, https:\/\/serveiseducatius.xtec.cat\/bages\/wp-content\/uploads\/usu776\/2025\/12\/logo2023-768x504.png 768w, https:\/\/serveiseducatius.xtec.cat\/bages\/wp-content\/uploads\/usu776\/2025\/12\/logo2023.png 1170w\" sizes=\"auto, (max-width: 1024px) 100vw, 1024px\" \/><\/a><\/figure><div class=\"wp-block-media-text__content\">\n<h3 class=\"wp-block-heading has-text-align-center\" style=\"border-style:none;border-width:0px\">Escola el Boix<\/h3>\n\n\n\n<p class=\"has-text-align-center has-small-font-size\" style=\"border-style:none;border-width:0px;padding-top:0;padding-right:0;padding-bottom:0;padding-left:0\">Maians \/ Castellfollit del Boix<\/p>\n\n\n\n<div class=\"wp-block-columns is-layout-flex wp-container-core-columns-is-layout-1 wp-block-columns-is-layout-flex\">\n<div class=\"wp-block-column is-layout-flow wp-block-column-is-layout-flow\">\n<p class=\"has-text-align-center has-small-font-size\">a8077988@xtec.cat<\/p>\n<\/div>\n\n\n\n<div class=\"wp-block-column is-layout-flow wp-block-column-is-layout-flow\">\n<p class=\"has-text-align-center\">93 835 60 38<\/p>\n<\/div>\n<\/div>\n<\/div><\/div>\n<\/div>\n\n\n\n<div class=\"wp-block-column is-layout-flow wp-block-column-is-layout-flow\">\n<p>L\u2019Escola El Boix \u00e9s un centre de nova creaci\u00f3 (curs 2022-2023), resultat de la fusi\u00f3 de l\u2019Escola Coll de Gossem i l\u2019Escola de Maians. Tot i ser un \u00fanic centre, mant\u00e9 dos edificis: a Castellfollit del Boix (Infantil i Cicle Inicial) i a Maians (Cicle Mitj\u00e0 i Superior). Des del curs 2024-2025 incorpora l\u2019Espai Llar per a infants d\u20191 i 2 anys. Forma part de la ZER Tres Branques, amb l\u2019escola Les Passeres de Castellol\u00ed.<\/p>\n<\/div>\n<\/div>\n","protected":false},"excerpt":{"rendered":"<p>Escola Agrupaci\u00f3 Sant JordiCtra. de Manresa a Calaf, s\/n08259\u00a0FonollosaTel. 93 836 60 79Correu electr\u00f2nic: a8017232@xtec.cat Escola Alta Segarra\u00a0C. Pius Forn, 1108280 CalafTel. 93 869 82 96Correu electr\u00f2nic: a8014929@xtec.cat Escola AmetllersC. de Frederica Montseny, s\/n08250\u00a0Sant Joan de VilatorradaTel. 93 876 51 67Correu electr\u00f2nic: a8062778@xtec.cat Escola BagesC. La S\u00e8quia, 5508240 ManresaTel. 93 874 81 88Correu electr\u00f2nic: a8020127@xtec.cat [&hellip;]<\/p>\n","protected":false},"author":1,"featured_media":0,"parent":26849,"menu_order":10,"comment_status":"closed","ping_status":"closed","template":"","meta":{"_bbp_topic_count":0,"_bbp_reply_count":0,"_bbp_total_topic_count":0,"_bbp_total_reply_count":0,"_bbp_voice_count":0,"_bbp_anonymous_reply_count":0,"_bbp_topic_count_hidden":0,"_bbp_reply_count_hidden":0,"_bbp_forum_subforum_count":0,"site-sidebar-layout":"no-sidebar","site-content-layout":"","ast-site-content-layout":"default","site-content-style":"default","site-sidebar-style":"default","ast-global-header-display":"","ast-banner-title-visibility":"","ast-main-header-display":"","ast-hfb-above-header-display":"","ast-hfb-below-header-display":"","ast-hfb-mobile-header-display":"","site-post-title":"","ast-breadcrumbs-content":"","ast-featured-img":"","footer-sml-layout":"","theme-transparent-header-meta":"default","adv-header-id-meta":"","stick-header-meta":"","header-above-stick-meta":"","header-main-stick-meta":"","header-below-stick-meta":"","astra-migrate-meta-layouts":"set","ast-page-background-enabled":"default","ast-page-background-meta":{"desktop":{"background-color":"var(--ast-global-color-4)","background-image":"","background-repeat":"repeat","background-position":"center center","background-size":"auto","background-attachment":"scroll","background-type":"","background-media":"","overlay-type":"","overlay-color":"","overlay-opacity":"","overlay-gradient":""},"tablet":{"background-color":"","background-image":"","background-repeat":"repeat","background-position":"center center","background-size":"auto","background-attachment":"scroll","background-type":"","background-media":"","overlay-type":"","overlay-color":"","overlay-opacity":"","overlay-gradient":""},"mobile":{"background-color":"","background-image":"","background-repeat":"repeat","background-position":"center center","background-size":"auto","background-attachment":"scroll","background-type":"","background-media":"","overlay-type":"","overlay-color":"","overlay-opacity":"","overlay-gradient":""}},"ast-content-background-meta":{"desktop":{"background-color":"var(--ast-global-color-5)","background-image":"","background-repeat":"repeat","background-position":"center center","background-size":"auto","background-attachment":"scroll","background-type":"","background-media":"","overlay-type":"","overlay-color":"","overlay-opacity":"","overlay-gradient":""},"tablet":{"background-color":"var(--ast-global-color-5)","background-image":"","background-repeat":"repeat","background-position":"center center","background-size":"auto","background-attachment":"scroll","background-type":"","background-media":"","overlay-type":"","overlay-color":"","overlay-opacity":"","overlay-gradient":""},"mobile":{"background-color":"var(--ast-global-color-5)","background-image":"","background-repeat":"repeat","background-position":"center center","background-size":"auto","background-attachment":"scroll","background-type":"","background-media":"","overlay-type":"","overlay-color":"","overlay-opacity":"","overlay-gradient":""}},"footnotes":""},"class_list":["post-379","page","type-page","status-publish","hentry"],"post_mailing_queue_ids":[],"_links":{"self":[{"href":"https:\/\/serveiseducatius.xtec.cat\/bages\/wp-json\/wp\/v2\/pages\/379","targetHints":{"allow":["GET"]}}],"collection":[{"href":"https:\/\/serveiseducatius.xtec.cat\/bages\/wp-json\/wp\/v2\/pages"}],"about":[{"href":"https:\/\/serveiseducatius.xtec.cat\/bages\/wp-json\/wp\/v2\/types\/page"}],"author":[{"embeddable":true,"href":"https:\/\/serveiseducatius.xtec.cat\/bages\/wp-json\/wp\/v2\/users\/1"}],"replies":[{"embeddable":true,"href":"https:\/\/serveiseducatius.xtec.cat\/bages\/wp-json\/wp\/v2\/comments?post=379"}],"version-history":[{"count":6,"href":"https:\/\/serveiseducatius.xtec.cat\/bages\/wp-json\/wp\/v2\/pages\/379\/revisions"}],"predecessor-version":[{"id":31863,"href":"https:\/\/serveiseducatius.xtec.cat\/bages\/wp-json\/wp\/v2\/pages\/379\/revisions\/31863"}],"up":[{"embeddable":true,"href":"https:\/\/serveiseducatius.xtec.cat\/bages\/wp-json\/wp\/v2\/pages\/26849"}],"wp:attachment":[{"href":"https:\/\/serveiseducatius.xtec.cat\/bages\/wp-json\/wp\/v2\/media?parent=379"}],"curies":[{"name":"wp","href":"https:\/\/api.w.org\/{rel}","templated":true}]}}