{"id":32832,"date":"2026-04-21T12:46:21","date_gmt":"2026-04-21T10:46:21","guid":{"rendered":"https:\/\/serveiseducatius.xtec.cat\/bages\/?page_id=32832"},"modified":"2026-04-21T12:46:21","modified_gmt":"2026-04-21T10:46:21","slug":"memoria-cat","status":"publish","type":"page","link":"https:\/\/serveiseducatius.xtec.cat\/bages\/recursos-experiencies-i-bones-practiques\/memoria-cat\/","title":{"rendered":"Memoria.cat"},"content":{"rendered":"<figure class=\"wp-block-post-featured-image\"><img decoding=\"async\" src=\"https:\/\/serveiseducatius.xtec.cat\/bages\/wp-content\/uploads\/usu776\/2026\/04\/logo-memoria-cat.svg\" class=\"attachment-post-thumbnail size-post-thumbnail wp-post-image\" alt=\"\" style=\"object-fit:cover;\" \/><\/figure>\n\n\n<p><strong>Memoria.cat<\/strong>\u00a0\u00e9s el portal de webs de l\u2019Associaci\u00f3 Mem\u00f2ria i Hist\u00f2ria de Manresa, una entitat que vol contribuir a recuperar la mem\u00f2ria hist\u00f2rica i lluitar contra l\u2019oblit.\u00a0\u00a0<a href=\"https:\/\/www.memoria.cat\/qui-som\/\">+Info<\/a><\/p>\n\n\n\n<p>En el seu espai educatiu fan difusi\u00f3 d&#8217;activitats did\u00e0ctiques, documents, experi\u00e8ncies, treballs de recerca, personatge del mes i tot tipus de material que pot utilitzar-se a l&#8217;aula per aprofundir en la mem\u00f2ria hist\u00f2rica de la Catalunya Central, i especialment Manresa.<\/p>\n\n\n\n<h2 class=\"wp-block-heading has-white-color has-ast-global-color-0-background-color has-text-color has-background has-link-color wp-elements-c711d75a01628cdcff90e1439bcd083d\"><a href=\"https:\/\/www.memoria.cat\/edu\/\">Espai educatiu del portal memoria.cat<\/a><\/h2>\n","protected":false},"excerpt":{"rendered":"<p>Memoria.cat\u00a0\u00e9s el portal de webs de l\u2019Associaci\u00f3 Mem\u00f2ria i Hist\u00f2ria de Manresa, una entitat que vol contribuir a recuperar la mem\u00f2ria hist\u00f2rica i lluitar contra l\u2019oblit.\u00a0\u00a0+Info En el seu espai educatiu fan difusi\u00f3 d&#8217;activitats did\u00e0ctiques, documents, experi\u00e8ncies, treballs de recerca, personatge del mes i tot tipus de material que pot utilitzar-se a l&#8217;aula per aprofundir [&hellip;]<\/p>\n","protected":false},"author":1,"featured_media":32834,"parent":32836,"menu_order":0,"comment_status":"closed","ping_status":"close","template":"","meta":{"_bbp_topic_count":0,"_bbp_reply_count":0,"_bbp_total_topic_count":0,"_bbp_total_reply_count":0,"_bbp_voice_count":0,"_bbp_anonymous_reply_count":0,"_bbp_topic_count_hidden":0,"_bbp_reply_count_hidden":0,"_bbp_forum_subforum_count":0,"site-sidebar-layout":"default","site-content-layout":"","ast-site-content-layout":"default","site-content-style":"default","site-sidebar-style":"default","ast-global-header-display":"","ast-banner-title-visibility":"","ast-main-header-display":"","ast-hfb-above-header-display":"","ast-hfb-below-header-display":"","ast-hfb-mobile-header-display":"","site-post-title":"disabled","ast-breadcrumbs-content":"","ast-featured-img":"","footer-sml-layout":"","theme-transparent-header-meta":"","adv-header-id-meta":"","stick-header-meta":"","header-above-stick-meta":"","header-main-stick-meta":"","header-below-stick-meta":"","astra-migrate-meta-layouts":"set","ast-page-background-enabled":"default","ast-page-background-meta":{"desktop":{"background-color":"var(--ast-global-color-4)","background-image":"","background-repeat":"repeat","background-position":"center center","background-size":"auto","background-attachment":"scroll","background-type":"","background-media":"","overlay-type":"","overlay-color":"","overlay-opacity":"","overlay-gradient":""},"tablet":{"background-color":"","background-image":"","background-repeat":"repeat","background-position":"center center","background-size":"auto","background-attachment":"scroll","background-type":"","background-media":"","overlay-type":"","overlay-color":"","overlay-opacity":"","overlay-gradient":""},"mobile":{"background-color":"","background-image":"","background-repeat":"repeat","background-position":"center center","background-size":"auto","background-attachment":"scroll","background-type":"","background-media":"","overlay-type":"","overlay-color":"","overlay-opacity":"","overlay-gradient":""}},"ast-content-background-meta":{"desktop":{"background-color":"var(--ast-global-color-5)","background-image":"","background-repeat":"repeat","background-position":"center center","background-size":"auto","background-attachment":"scroll","background-type":"","background-media":"","overlay-type":"","overlay-color":"","overlay-opacity":"","overlay-gradient":""},"tablet":{"background-color":"var(--ast-global-color-5)","background-image":"","background-repeat":"repeat","background-position":"center center","background-size":"auto","background-attachment":"scroll","background-type":"","background-media":"","overlay-type":"","overlay-color":"","overlay-opacity":"","overlay-gradient":""},"mobile":{"background-color":"var(--ast-global-color-5)","background-image":"","background-repeat":"repeat","background-position":"center center","background-size":"auto","background-attachment":"scroll","background-type":"","background-media":"","overlay-type":"","overlay-color":"","overlay-opacity":"","overlay-gradient":""}},"footnotes":""},"class_list":["post-32832","page","type-page","status-publish","has-post-thumbnail","hentry"],"post_mailing_queue_ids":[],"_links":{"self":[{"href":"https:\/\/serveiseducatius.xtec.cat\/bages\/wp-json\/wp\/v2\/pages\/32832","targetHints":{"allow":["GET"]}}],"collection":[{"href":"https:\/\/serveiseducatius.xtec.cat\/bages\/wp-json\/wp\/v2\/pages"}],"about":[{"href":"https:\/\/serveiseducatius.xtec.cat\/bages\/wp-json\/wp\/v2\/types\/page"}],"author":[{"embeddable":true,"href":"https:\/\/serveiseducatius.xtec.cat\/bages\/wp-json\/wp\/v2\/users\/1"}],"replies":[{"embeddable":true,"href":"https:\/\/serveiseducatius.xtec.cat\/bages\/wp-json\/wp\/v2\/comments?post=32832"}],"version-history":[{"count":2,"href":"https:\/\/serveiseducatius.xtec.cat\/bages\/wp-json\/wp\/v2\/pages\/32832\/revisions"}],"predecessor-version":[{"id":32835,"href":"https:\/\/serveiseducatius.xtec.cat\/bages\/wp-json\/wp\/v2\/pages\/32832\/revisions\/32835"}],"up":[{"embeddable":true,"href":"https:\/\/serveiseducatius.xtec.cat\/bages\/wp-json\/wp\/v2\/pages\/32836"}],"wp:featuredmedia":[{"embeddable":true,"href":"https:\/\/serveiseducatius.xtec.cat\/bages\/wp-json\/wp\/v2\/media\/32834"}],"wp:attachment":[{"href":"https:\/\/serveiseducatius.xtec.cat\/bages\/wp-json\/wp\/v2\/media?parent=32832"}],"curies":[{"name":"wp","href":"https:\/\/api.w.org\/{rel}","templated":true}]}}