{"id":32787,"date":"2026-04-08T15:53:01","date_gmt":"2026-04-08T13:53:01","guid":{"rendered":"https:\/\/serveiseducatius.xtec.cat\/bages\/?page_id=32787"},"modified":"2026-04-08T16:11:32","modified_gmt":"2026-04-08T14:11:32","slug":"proves-de-lavaluacio-de-diagnostic-4t-pri-2-eso","status":"publish","type":"page","link":"https:\/\/serveiseducatius.xtec.cat\/bages\/proves-de-lavaluacio-de-diagnostic-4t-pri-2-eso\/","title":{"rendered":"Proves de l&#8217;avaluaci\u00f3 de DIAGN\u00d2STIC (4t PRI, 2 ESO)"},"content":{"rendered":"<figure style=\"aspect-ratio:auto;width:800px;height:400px;\" class=\"aligncenter wp-block-post-featured-image\"><img loading=\"lazy\" decoding=\"async\" width=\"1200\" height=\"600\" src=\"https:\/\/serveiseducatius.xtec.cat\/bages\/wp-content\/uploads\/usu776\/2026\/04\/IMATGE-DESTACADA-ARTICLES.png\" class=\"attachment-post-thumbnail size-post-thumbnail wp-post-image\" alt=\"\" style=\"width:100%;height:100%;object-fit:cover;\" srcset=\"https:\/\/serveiseducatius.xtec.cat\/bages\/wp-content\/uploads\/usu776\/2026\/04\/IMATGE-DESTACADA-ARTICLES.png 1200w, https:\/\/serveiseducatius.xtec.cat\/bages\/wp-content\/uploads\/usu776\/2026\/04\/IMATGE-DESTACADA-ARTICLES-300x150.png 300w, https:\/\/serveiseducatius.xtec.cat\/bages\/wp-content\/uploads\/usu776\/2026\/04\/IMATGE-DESTACADA-ARTICLES-1024x512.png 1024w, https:\/\/serveiseducatius.xtec.cat\/bages\/wp-content\/uploads\/usu776\/2026\/04\/IMATGE-DESTACADA-ARTICLES-768x384.png 768w\" sizes=\"auto, (max-width: 1200px) 100vw, 1200px\" \/><\/figure>\n\n\n<div class=\"wp-block-columns is-layout-flex wp-container-core-columns-is-layout-1 wp-block-columns-is-layout-flex\">\n<div class=\"wp-block-column is-layout-flow wp-block-column-is-layout-flow\">\n<h2 class=\"wp-block-heading has-text-align-left\">4t d&#8217;educaci\u00f3 prim\u00e0ria<\/h2>\n\n\n\n<p>Aquesta prova avalua les compet\u00e8ncies i els coneixements de l&#8217;alumnat al quart curs de l&#8217;educaci\u00f3 prim\u00e0ria.<\/p>\n\n\n\n<p>Es tracta d&#8217;una avaluaci\u00f3 externa, amb una finalitat formativa i orientadora per als centres i per al conjunt de la comunitat educativa.<\/p>\n\n\n\n<p>\u00c9s una activitat educativa i, com a tal, t\u00e9 car\u00e0cter obligatori.<\/p>\n\n\n\n<div class=\"wp-block-buttons is-layout-flex wp-block-buttons-is-layout-flex\">\n<div class=\"wp-block-button\"><a class=\"wp-block-button__link wp-element-button\" href=\"https:\/\/avaluacioeducativa.gencat.cat\/ca\/avaluacions\/diagnostic\/quart-primaria\/\" target=\"_blank\" rel=\"noreferrer noopener\">+info<\/a><\/div>\n<\/div>\n<\/div>\n\n\n\n<div class=\"wp-block-column is-layout-flow wp-block-column-is-layout-flow\">\n<h2 class=\"wp-block-heading has-text-align-left\">2n d&#8217;ESO<\/h2>\n\n\n\n<p>Aquesta prova avalua les compet\u00e8ncies i els coneixements de l&#8217;alumnat al segon curs de l&#8217;educaci\u00f3 secund\u00e0ria obligat\u00f2ria.<\/p>\n\n\n\n<p>Es tracta d&#8217;una avaluaci\u00f3 externa, amb una finalitat formativa i orientadora per als centres i per al conjunt de la comunitat educativa.<\/p>\n\n\n\n<p>\u00c9s una activitat educativa i, com a tal, t\u00e9 car\u00e0cter obligatori.<\/p>\n\n\n\n<div class=\"wp-block-buttons is-layout-flex wp-block-buttons-is-layout-flex\">\n<div class=\"wp-block-button\"><a class=\"wp-block-button__link wp-element-button\" href=\"https:\/\/avaluacioeducativa.gencat.cat\/ca\/avaluacions\/diagnostic\/segon-eso\/\" target=\"_blank\" rel=\"noreferrer noopener\">+info<\/a><\/div>\n<\/div>\n<\/div>\n<\/div>\n\n\n\n<iframe loading=\"lazy\" src=\"https:\/\/drive.google.com\/file\/d\/11FOr-Zm3U6aPGQGWWw24XHR1vlDeNxZU\/preview\" width=\"100%\" height=\"600\" allow=\"autoplay\"><\/iframe>\n\n\n\n<h2 class=\"wp-block-heading has-white-color has-text-color has-background has-link-color has-large-font-size wp-elements-ebf2ccbbced1e814ad2243efaced1670\" style=\"border-style:none;border-width:0px;border-radius:100px;background-color:#ca6853;padding-top:var(--wp--preset--spacing--40);padding-right:var(--wp--preset--spacing--60);padding-bottom:var(--wp--preset--spacing--40);padding-left:var(--wp--preset--spacing--60)\">Normativa<\/h2>\n\n\n\n<p><a class=\"\" target=\"_blank\" href=\"https:\/\/dogc.gencat.cat\/ca\/document-del-dogc\/?documentId=1029508\" rel=\"noreferrer noopener\">Resoluci\u00f3 EDF\/4157\/2025, de 10 de novembre,&nbsp;(Obre en una nova finestra)<\/a><\/p>\n\n\n\n<p>per la qual s&#8217;aproven les directrius per a la realitzaci\u00f3 de la prova d&#8217;avaluaci\u00f3 de diagn\u00f2stic de quart curs de l&#8217;educaci\u00f3 prim\u00e0ria i es convoca la prova per al curs 2025-2026<\/p>\n","protected":false},"excerpt":{"rendered":"<p>4t d&#8217;educaci\u00f3 prim\u00e0ria Aquesta prova avalua les compet\u00e8ncies i els coneixements de l&#8217;alumnat al quart curs de l&#8217;educaci\u00f3 prim\u00e0ria. Es tracta d&#8217;una avaluaci\u00f3 externa, amb una finalitat formativa i orientadora per als centres i per al conjunt de la comunitat educativa. \u00c9s una activitat educativa i, com a tal, t\u00e9 car\u00e0cter obligatori. 2n d&#8217;ESO Aquesta [&hellip;]<\/p>\n","protected":false},"author":1,"featured_media":32790,"parent":0,"menu_order":0,"comment_status":"closed","ping_status":"close","template":"","meta":{"_bbp_topic_count":0,"_bbp_reply_count":0,"_bbp_total_topic_count":0,"_bbp_total_reply_count":0,"_bbp_voice_count":0,"_bbp_anonymous_reply_count":0,"_bbp_topic_count_hidden":0,"_bbp_reply_count_hidden":0,"_bbp_forum_subforum_count":0,"site-sidebar-layout":"default","site-content-layout":"","ast-site-content-layout":"default","site-content-style":"default","site-sidebar-style":"default","ast-global-header-display":"","ast-banner-title-visibility":"","ast-main-header-display":"","ast-hfb-above-header-display":"","ast-hfb-below-header-display":"","ast-hfb-mobile-header-display":"","site-post-title":"","ast-breadcrumbs-content":"","ast-featured-img":"","footer-sml-layout":"","theme-transparent-header-meta":"","adv-header-id-meta":"","stick-header-meta":"","header-above-stick-meta":"","header-main-stick-meta":"","header-below-stick-meta":"","astra-migrate-meta-layouts":"set","ast-page-background-enabled":"default","ast-page-background-meta":{"desktop":{"background-color":"var(--ast-global-color-4)","background-image":"","background-repeat":"repeat","background-position":"center center","background-size":"auto","background-attachment":"scroll","background-type":"","background-media":"","overlay-type":"","overlay-color":"","overlay-opacity":"","overlay-gradient":""},"tablet":{"background-color":"","background-image":"","background-repeat":"repeat","background-position":"center center","background-size":"auto","background-attachment":"scroll","background-type":"","background-media":"","overlay-type":"","overlay-color":"","overlay-opacity":"","overlay-gradient":""},"mobile":{"background-color":"","background-image":"","background-repeat":"repeat","background-position":"center center","background-size":"auto","background-attachment":"scroll","background-type":"","background-media":"","overlay-type":"","overlay-color":"","overlay-opacity":"","overlay-gradient":""}},"ast-content-background-meta":{"desktop":{"background-color":"var(--ast-global-color-5)","background-image":"","background-repeat":"repeat","background-position":"center center","background-size":"auto","background-attachment":"scroll","background-type":"","background-media":"","overlay-type":"","overlay-color":"","overlay-opacity":"","overlay-gradient":""},"tablet":{"background-color":"var(--ast-global-color-5)","background-image":"","background-repeat":"repeat","background-position":"center center","background-size":"auto","background-attachment":"scroll","background-type":"","background-media":"","overlay-type":"","overlay-color":"","overlay-opacity":"","overlay-gradient":""},"mobile":{"background-color":"var(--ast-global-color-5)","background-image":"","background-repeat":"repeat","background-position":"center center","background-size":"auto","background-attachment":"scroll","background-type":"","background-media":"","overlay-type":"","overlay-color":"","overlay-opacity":"","overlay-gradient":""}},"footnotes":""},"class_list":["post-32787","page","type-page","status-publish","has-post-thumbnail","hentry"],"post_mailing_queue_ids":[],"_links":{"self":[{"href":"https:\/\/serveiseducatius.xtec.cat\/bages\/wp-json\/wp\/v2\/pages\/32787","targetHints":{"allow":["GET"]}}],"collection":[{"href":"https:\/\/serveiseducatius.xtec.cat\/bages\/wp-json\/wp\/v2\/pages"}],"about":[{"href":"https:\/\/serveiseducatius.xtec.cat\/bages\/wp-json\/wp\/v2\/types\/page"}],"author":[{"embeddable":true,"href":"https:\/\/serveiseducatius.xtec.cat\/bages\/wp-json\/wp\/v2\/users\/1"}],"replies":[{"embeddable":true,"href":"https:\/\/serveiseducatius.xtec.cat\/bages\/wp-json\/wp\/v2\/comments?post=32787"}],"version-history":[{"count":5,"href":"https:\/\/serveiseducatius.xtec.cat\/bages\/wp-json\/wp\/v2\/pages\/32787\/revisions"}],"predecessor-version":[{"id":32803,"href":"https:\/\/serveiseducatius.xtec.cat\/bages\/wp-json\/wp\/v2\/pages\/32787\/revisions\/32803"}],"wp:featuredmedia":[{"embeddable":true,"href":"https:\/\/serveiseducatius.xtec.cat\/bages\/wp-json\/wp\/v2\/media\/32790"}],"wp:attachment":[{"href":"https:\/\/serveiseducatius.xtec.cat\/bages\/wp-json\/wp\/v2\/media?parent=32787"}],"curies":[{"name":"wp","href":"https:\/\/api.w.org\/{rel}","templated":true}]}}