{"id":31864,"date":"2025-12-17T11:55:43","date_gmt":"2025-12-17T10:55:43","guid":{"rendered":"https:\/\/serveiseducatius.xtec.cat\/bages\/?page_id=31864"},"modified":"2025-12-17T11:55:43","modified_gmt":"2025-12-17T10:55:43","slug":"llar-dinfants-municipals-i-privades","status":"publish","type":"page","link":"https:\/\/serveiseducatius.xtec.cat\/bages\/comunitat\/centres-educatius\/llar-dinfants-municipals-i-privades\/","title":{"rendered":"Llar d&#8217;infants municipals i privades"},"content":{"rendered":"\n<p><strong>MUNICIPALS<\/strong><\/p>\n\n\n\n<p><strong><a href=\"https:\/\/www.cavallcartro.cat\/escoles\/llim-castellnins\/\" target=\"_blank\" rel=\"noreferrer noopener\">Escola Bressol Castellnins<\/a><\/strong><\/p>\n\n\n\n<p>Av. Catalunya, 171 Castellgal\u00ed<br>Tel. 93 833&nbsp; 15 67<\/p>\n\n\n\n<p><a href=\"http:\/\/aliretcardona.blogspot.com.es\/\" target=\"_blank\" rel=\"noreferrer noopener\"><strong>Llar d&#8217;infants Aliret<\/strong><\/a><br>C. de Ramon Folch II, 3 Cardona<br>Tel. 93 869 13 50<br>Correu electr\u00f2nic: <a href=\"mailto:a8063321@xtec.cat\">a8063321@xtec.cat<\/a><\/p>\n\n\n\n<p><a href=\"http:\/\/www.bufalvent.org\/escolabressolvent\/\" target=\"_blank\" rel=\"noreferrer noopener\"><strong>Llar d&#8217;infants Bressolvent<\/strong><\/a><br>C. Edison, 8 B (Pol. ind. Bufalvent)&nbsp;Manresa<br>Tel. 93 877 10 37<br>Correu electr\u00f2nic: <a href=\"mailto:a8073703@xtec.cat\">a8073703@xtec.cat<\/a><\/p>\n\n\n\n<p><a href=\"https:\/\/www.castellbellielvilar.cat\/el-municipi\/guia-del-municipi\/equipaments\/escola-bressol-municipal-colors.html\" target=\"_blank\" rel=\"noreferrer noopener\"><strong>Llar d&#8217;infants Colors<\/strong><\/a><br>Av. Catalunya, 171&nbsp;Castellbell i el Vilar<br>Tel. 93 834 02 62<br>Correu electr\u00f2nic: <a href=\"mailto:a8060794@xtec.cat\">a8060794@xtec.cat<\/a><\/p>\n\n\n\n<p><strong>Llar d&#8217;infants d&#8217;Els Prats de Rei<\/strong><br>carrer Pedrafita s\/n Els Prats de Rei<br>Tel.&nbsp;93 868 08 39<\/p>\n\n\n\n<p><strong>Llar d&#8217;infants de Calaf<\/strong><br>carrer de Francesc Casajoana \/ Doctor Llorens<br>Tel. 93 869 80 15<\/p>\n\n\n\n<p><a href=\"https:\/\/www.castellcir.cat\/el-municipi\/guia-del-municipi\/equipaments\/llar-dinfants-el-petit-camacurt.html\" target=\"_blank\" rel=\"noreferrer noopener\"><strong>Llar d&#8217;infants de Castellcir<\/strong><\/a><br>Pl. del Casal, s\/n Castellcir<br>Tel. 93 866 65 67<br>Correu electr\u00f2nic: <a href=\"mailto:a8061713@xtec.cat\">a8061713@xtec.cat<\/a><\/p>\n\n\n\n<p><a href=\"https:\/\/www.castellfollitdelboix.cat\/el-municipi\/guia-del-municipi\/equipaments\/llar-dinfants-de-castellfollit-del-boix.html\" target=\"_blank\" rel=\"noreferrer noopener\"><strong>Llar d&#8217;infants de Castellfollit del Boix<\/strong><\/a><br>C. de les escoles, s\/n &nbsp;(Pla de S. Maria) Castellfollit del Boix<br>Tel.&nbsp;93 835 60 48<br>Correu electr\u00f2nic: <a href=\"mailto:a8062274@xtec.cat\">a8062274@xtec.cat<\/a><\/p>\n\n\n\n<p><strong>Llar d&#8217;infants de Santa Maria d&#8217;Ol\u00f3<\/strong><br>Pla\u00e7a de L&#8217;Ajuntament s\/n Santa Maria d&#8217;Ol\u00f3<br>Tel. 93 838 50 28<\/p>\n\n\n\n<p><a href=\"https:\/\/www.santmateudebages.cat\/el-municipi\/guia-del-municipi\/equipaments\/llar-dinfants-de-valls-de-torroella.html\" target=\"_blank\" rel=\"noreferrer noopener\"><strong>Llar d&#8217;infants de Valls de Torruella<\/strong><\/a><br>C. Galeries, 2&nbsp;Sant Mateu de Bages<br>Tel. 93 868 22 44<br>Correu electr\u00f2nic: <a href=\"mailto:a8063291@xtec.cat\">a8063291@xtec.cat<\/a><\/p>\n\n\n\n<p><a href=\"https:\/\/www.santsalvadordeguardiola.cat\/el-municipi\/guia-del-municipi\/equipaments\/escola-bressol-dentetes.html\" target=\"_blank\" rel=\"noreferrer noopener\"><strong>Llar d&#8217;infants Dentetes<\/strong><\/a><br>C. Marganell \/ Moreneta Sant Salvador de Guardiola<br>Tel. 93 835 30 97<br>Correu electr\u00f2nic: <a href=\"mailto:a8063242@xtec.cat\">a8063242@xtec.cat<\/a><\/p>\n\n\n\n<p><a href=\"https:\/\/www.monistroldemontserrat.cat\/municipi\/guia-del-municipi\/equipaments\/el-cuc-verd-escola-bressol-municipal.html\" target=\"_blank\" rel=\"noreferrer noopener\"><strong>Llar d&#8217;infants El Cuc Verd<\/strong><\/a><br>C. Escoles, 27 Monistrol de Montserrat<br>Tel. 93 835 04 05<br>Correu electr\u00f2nic: <a href=\"mailto:a8047251@xtec.cat\">a8047251@xtec.cat<\/a><\/p>\n\n\n\n<p><a href=\"https:\/\/www.svc.cat\/serveis\/ensenyament\/escola-bressol-el-niu\/\" target=\"_blank\" rel=\"noreferrer noopener\"><strong>Llar d&#8217;infants El Niu<\/strong><\/a><br>C. Gran, 104 Sant Vicen\u00e7 de Castellet<br>Tel. 93 833 04 62<br>Correu electr\u00f2nic: <a href=\"mailto:a8047303@xtec.cat\">a8047303@xtec.cat<\/a><\/p>\n\n\n\n<p><a href=\"http:\/\/petitestelsuria.blogspot.com.es\/\" target=\"_blank\" rel=\"noreferrer noopener\"><strong>Llar d&#8217;infants El Petit Estel<\/strong><\/a><br>C. d&#8217;Ernest Solvay, 15 S\u00faria<br>Tel. 93 869 51 01<br>Correu electr\u00f2nic: <a href=\"mailto:a8060575@xtec.cat\">a8060575@xtec.cat<\/a><\/p>\n\n\n\n<p><a href=\"http:\/\/llardinfantseltrenblau.blogspot.com.es\/\" target=\"_blank\" rel=\"noreferrer noopener\"><strong>Llar d&#8217;infants El Tren Blau<\/strong><\/a><br>Pl. Major, s\/n Calders<br>Tel. 93 830 93 12<br>Correu electr\u00f2nic: <a href=\"mailto:a8047194@xtec.cat\">a8047194@xtec.cat<\/a><\/p>\n\n\n\n<p><a href=\"https:\/\/www.santjoanvilatorrada.cat\/ca\/ajuntament\/webs-municipals\/escola-bressol-municipal-el-xiulet\" target=\"_blank\" rel=\"noreferrer noopener\"><strong>Llar d&#8217;infants El Xiulet<\/strong><\/a><br>Ptge. Mas Sant Joan, 7 Sant Joan de Vilatorrada<br>Tel. 93 876 71 00<br>Correu electr\u00f2nic:&nbsp;<a href=\"mailto:a8063953@xtec.cat\">a8063953@xtec.cat<\/a><\/p>\n\n\n\n<p><a href=\"https:\/\/elsgallarets.com\/\" target=\"_blank\" rel=\"noreferrer noopener\"><strong>Llar d&#8217;infants Els Gallarets<\/strong><\/a><br>Rda.. de Sant Pere, 248 Santpedor<br>Tel. 93 827 34 23<br>Correu electr\u00f2nic:<a href=\"mailto:a8065858@xtec.cat\"> a8065858@xtec.cat<\/a><\/p>\n\n\n\n<p><a href=\"https:\/\/www.santfeliusasserra.cat\/el-municipi\/guia-del-municipi\/equipaments\/llar-dinfants-els-petits-roures.html\" target=\"_blank\" rel=\"noreferrer noopener\"><strong>Llar d&#8217;infants Els Petits Roures<\/strong><\/a><br>Pl. Major, 1 Sant Feliu Sasserra<br>Tel. 93 881 90 11<br>Correu electr\u00f2nic:&nbsp;<a href=\"mailto:a8059743@xtec.cat\">a8059743@xtec.cat<\/a><\/p>\n\n\n\n<p><a href=\"https:\/\/www.ajsantquirze.cat\/el-municipi\/guia-del-municipi\/equipaments\/llar-dinfants-els-quirzets.html\" target=\"_blank\" rel=\"noreferrer noopener\"><strong>Llar d&#8217;infants Els Quirzets<\/strong><\/a><br>Ctra. de Barcelona, 2 Sant Quirze Safaja<br>Tel. 93 866 03 68<br>Correu electr\u00f2nic: <a href=\"mailto:a8065044@xtec.cat\">a8065044@xtec.cat<\/a><\/p>\n\n\n\n<p><a href=\"http:\/\/garrofins.blogspot.com.es\/\" target=\"_blank\" rel=\"noreferrer noopener\"><strong>Llar d&#8217;infants Garrofins<\/strong><\/a><br>Av. de la Pau, s\/n Moi\u00e0<br>Tel. 93 830 02 86<br>Correu electr\u00f2nic: <a href=\"mailto:a8065494@xtec.cat\">a8065494@xtec.cat<\/a><\/p>\n\n\n\n<p><a href=\"https:\/\/www.castelltersol.cat\/viure-a-castelltercol\/serveis-i-equipaments\/escola-bressol-lespurna.html\" target=\"_blank\" rel=\"noreferrer noopener\"><strong>Llar d&#8217;infants L&#8217;Espurna<\/strong><\/a><br>Pg. de la Riba, 2&nbsp;Castellter\u00e7ol<br>Tel. 93 866 60 59<br>Correu electr\u00f2nic: <a href=\"mailto:a8045410@xtec.cat\">a8045410@xtec.cat<\/a><\/p>\n\n\n\n<p><a href=\"https:\/\/www.manresa.cat\/web\/menu\/10407-llar-d-infants-municipal-l-estel\" target=\"_blank\" rel=\"noreferrer noopener\"><strong>Llar d&#8217;infants L&#8217;Estel<\/strong><\/a><br>C\/ Bruc, 112-114 Manresa<br>Tel. 93&nbsp;872 20 56<br>Correu electr\u00f2nic: <a href=\"mailto:a8061749@xtec.cat\">a8061749@xtec.cat<\/a><\/p>\n\n\n\n<p><a href=\"https:\/\/lallummanresa.wordpress.com\/\" target=\"_blank\" rel=\"noreferrer noopener\"><strong>Llar d&#8217;infants La Llum<\/strong><\/a><br>C. de Sant Antoni Abad, s\/n Manresa<br>Tel. 93 877 67 52<br>Correu electr\u00f2nic:&nbsp;<a href=\"mailto:a8071081@xtec.cat\">a8071081@xtec.cat<\/a><\/p>\n\n\n\n<p><a href=\"https:\/\/www.manresa.cat\/web\/menu\/10408-llar-d-infants-municipal-la-lluna\" target=\"_blank\" rel=\"noreferrer noopener\"><strong>Llar d&#8217;infants La Lluna<\/strong><\/a><br>Pg. Sant Jordi s\/n (La Balconada) Manresa<br>Tel. 93 877 18 97<br>Correu electr\u00f2nic: <a href=\"mailto:a8061750@xtec.cat\">a8061750@xtec.cat<\/a><\/p>\n\n\n\n<p><a href=\"https:\/\/www.elpont.cat\/el-municipi\/guia-del-municipi\/equipaments\/3036-llar-dinfants-municipal-la-pau.html\" target=\"_blank\" rel=\"noreferrer noopener\"><strong>Llar d&#8217;infants La Pau<\/strong><\/a><br>C. de la Pau, s\/n El Pont de Vilomara i Rocafort<br>Tel. 93 831 76 81<br>Correu electr\u00f2nic: <a href=\"mailto:a8063591@xtec.cat\">a8063591@xtec.cat<\/a><\/p>\n\n\n\n<p><a href=\"http:\/\/llardinfantslesoliveres.blogspot.com.es\/\" target=\"_blank\" rel=\"noreferrer noopener\"><strong>Llar d&#8217;infants Les Oliveres<\/strong><\/a><br>Cam\u00ed de les Oliveres, s\/n Sant Fruit\u00f3s de Bages<br>Tel. 93 878 89 51<br>Correu electr\u00f2nic: <a href=\"mailto:a8062602@xtec.cat\">a8062602@xtec.cat<\/a><\/p>\n\n\n\n<p><a href=\"https:\/\/www.callus.cat\/el-municipi\/guia-del-municipi\/equipaments\/escola-bressol-mainada.html\" target=\"_blank\" rel=\"noreferrer noopener\"><strong>Llar d&#8217;infants Mainada<\/strong><\/a><br>Pl. Anselm Clav\u00e9, s\/n Call\u00fas<br>Tel. 93 836 04 50<br>Correu electr\u00f2nic: <a href=\"mailto:a8046463@xtec.cat\">a8046463@xtec.cat<\/a><\/p>\n\n\n\n<p><a href=\"https:\/\/sites.google.com\/a\/xtec.cat\/moixaines\/\" target=\"_blank\" rel=\"noreferrer noopener\"><strong>Llar d&#8217;infants Moixaines<\/strong><\/a><br>Ronda del Torrent, s\/n Art\u00e9s<br>Tel. 93 830 57 57<br>Correu electr\u00f2nic: <a href=\"mailto:a8061130@xtec.cat\">a8061130@xtec.cat<\/a><\/p>\n\n\n\n<p><a href=\"https:\/\/www.avinyo.cat\/el-municipi\/equipaments\/llar-dinfants-lestel.html\" target=\"_blank\" rel=\"noreferrer noopener\"><strong>Llar d&#8217;infants Nou Estel<\/strong><\/a><br>C. Ind\u00fastria s\/n Aviny\u00f3<br>Tel. 93 838 71 76<br>Correu electr\u00f2nic: <a href=\"mailto:a8072887@xtec.cat\">a8072887@xtec.cat<\/a><\/p>\n\n\n\n<p><a href=\"https:\/\/www.manresa.cat\/web\/menu\/10409-llar-d-infants-municipal-petit-princep\" target=\"_blank\" rel=\"noreferrer noopener\"><strong>Llar d&#8217;infants Petit Pr\u00edncep<\/strong><\/a><br>Av. dels Dolors, 33 Manresa<br>Tel. 93 874 90 69<br>Correu electr\u00f2nic:&nbsp;<a href=\"mailto:a8067961@xtec.cat\">a8067961@xtec.cat<\/a><\/p>\n\n\n\n<p><a href=\"https:\/\/www.navas.cat\/directori\/escola-bressol-quitxalla\/\" target=\"_blank\" rel=\"noreferrer noopener\"><strong>Llar d&#8217;infants Quitxalla<\/strong><\/a><br>Pl. de l&#8217;estaci\u00f3, 2 Nav\u00e0s<br>Tel. 93 820 43 75<br>Correu electr\u00f2nic: <a href=\"mailto:a8045240@xtec.cat\">a8045240@xtec.cat<\/a><\/p>\n\n\n\n<p><a href=\"https:\/\/www.fonollosa.cat\/serveis-i-tramits\/serveis\/770-llar-dinfants-municipal-rexics.html\" target=\"_blank\" rel=\"noreferrer noopener\"><strong>Llar d&#8217;infants Rexics<\/strong><\/a><br>C. Pla de la Vila, s\/n, Canet de Fals Fonollosa (Canet de Fals)<br>Tel. 93 836 97 27 &#8211; 661 514 581<br>Correu electr\u00f2nic: <a href=\"mailto:a8046499@xtec.cat\">a8046499@xtec.cat<\/a><\/p>\n\n\n\n<p><a href=\"https:\/\/www.balsareny.cat\/escoles-i-biblioteca\/llar-dinfants-municipal-sant-marc\/\" target=\"_blank\" rel=\"noreferrer noopener\"><strong>Llar d&#8217;infants Sant Marc<\/strong><\/a><br>Ctra. de Moi\u00e0, 4 Balsareny<br>Tel. 93 820 03 60<br>Correu electr\u00f2nic: <a href=\"mailto:a8072681@xtec.cat\">a8072681@xtec.cat<\/a><\/p>\n\n\n\n<p><a href=\"https:\/\/www.navarcles.cat\/el-municipi\/guia-del-municipi\/equipaments\/escola-bressol-tinet.html\" target=\"_blank\" rel=\"noreferrer noopener\"><strong>Llar d&#8217;infants Tinet<\/strong><\/a><br>Av. Llu\u00eds Companys, s\/n Navarcles<br>Tel. 93 831 06 15<br>Correu electr\u00f2nic: <a href=\"mailto:a8067375@xtec.cat\">a8067375@xtec.cat<\/a><\/p>\n\n\n\n<h4 class=\"wp-block-heading\"><strong>PRIVADES<\/strong><\/h4>\n\n\n\n<p><a href=\"https:\/\/cabrianes.org\/escola-bressol-les-baldufes\" target=\"_blank\" rel=\"noreferrer noopener\"><strong>LLI privada Ant\u00f2nia Soler<\/strong><\/a><br>C. Jacint Verdaguer, 1<br>08650 Sallent (Cabrianes)<br>Tel. 93 837 07 20<br>Correu electr\u00f2nic: <a href=\"mailto:a8055701@xtec.cat\">a8055701@xtec.cat<\/a><\/p>\n\n\n\n<p><a href=\"https:\/\/www.pamipipasantpedor.cat\/\" target=\"_blank\" rel=\"noreferrer noopener\"><strong>LLI privada Pam i Pipa<\/strong><\/a><br>Ctra. Call\u00fas, 3 baixos dreta<br>08251&nbsp;Santpedor<br>Tel. 93 832 03 19<br>Correu electr\u00f2nic:&nbsp;<a href=\"mailto:a8063552@xtec.cat\">a8063552@xtec.cat<\/a><\/p>\n\n\n\n<p><a href=\"https:\/\/www.pamipipasantpedor.cat\/\" target=\"_blank\" rel=\"noreferrer noopener\"><strong>LLI privada Upetita<\/strong><\/a><br>Av. Universit\u00e0ria, 10<br>08243 Manresa<br>Tel. 93 832 03 19<br>Correu electr\u00f2nic:&nbsp;<a href=\"mailto:a8078026@xtec.cat\">a8078026@xtec.cat<\/a><\/p>\n","protected":false},"excerpt":{"rendered":"<p>MUNICIPALS Escola Bressol Castellnins Av. Catalunya, 171 Castellgal\u00edTel. 93 833&nbsp; 15 67 Llar d&#8217;infants AliretC. de Ramon Folch II, 3 CardonaTel. 93 869 13 50Correu electr\u00f2nic: a8063321@xtec.cat Llar d&#8217;infants BressolventC. Edison, 8 B (Pol. ind. Bufalvent)&nbsp;ManresaTel. 93 877 10 37Correu electr\u00f2nic: a8073703@xtec.cat Llar d&#8217;infants ColorsAv. Catalunya, 171&nbsp;Castellbell i el VilarTel. 93 834 02 62Correu electr\u00f2nic: [&hellip;]<\/p>\n","protected":false},"author":1,"featured_media":0,"parent":26849,"menu_order":0,"comment_status":"closed","ping_status":"close","template":"","meta":{"_bbp_topic_count":0,"_bbp_reply_count":0,"_bbp_total_topic_count":0,"_bbp_total_reply_count":0,"_bbp_voice_count":0,"_bbp_anonymous_reply_count":0,"_bbp_topic_count_hidden":0,"_bbp_reply_count_hidden":0,"_bbp_forum_subforum_count":0,"site-sidebar-layout":"no-sidebar","site-content-layout":"","ast-site-content-layout":"normal-width-container","site-content-style":"default","site-sidebar-style":"default","ast-global-header-display":"","ast-banner-title-visibility":"","ast-main-header-display":"","ast-hfb-above-header-display":"","ast-hfb-below-header-display":"","ast-hfb-mobile-header-display":"","site-post-title":"","ast-breadcrumbs-content":"","ast-featured-img":"","footer-sml-layout":"","theme-transparent-header-meta":"","adv-header-id-meta":"","stick-header-meta":"","header-above-stick-meta":"","header-main-stick-meta":"","header-below-stick-meta":"","astra-migrate-meta-layouts":"set","ast-page-background-enabled":"default","ast-page-background-meta":{"desktop":{"background-color":"var(--ast-global-color-4)","background-image":"","background-repeat":"repeat","background-position":"center center","background-size":"auto","background-attachment":"scroll","background-type":"","background-media":"","overlay-type":"","overlay-color":"","overlay-opacity":"","overlay-gradient":""},"tablet":{"background-color":"","background-image":"","background-repeat":"repeat","background-position":"center center","background-size":"auto","background-attachment":"scroll","background-type":"","background-media":"","overlay-type":"","overlay-color":"","overlay-opacity":"","overlay-gradient":""},"mobile":{"background-color":"","background-image":"","background-repeat":"repeat","background-position":"center center","background-size":"auto","background-attachment":"scroll","background-type":"","background-media":"","overlay-type":"","overlay-color":"","overlay-opacity":"","overlay-gradient":""}},"ast-content-background-meta":{"desktop":{"background-color":"var(--ast-global-color-5)","background-image":"","background-repeat":"repeat","background-position":"center center","background-size":"auto","background-attachment":"scroll","background-type":"","background-media":"","overlay-type":"","overlay-color":"","overlay-opacity":"","overlay-gradient":""},"tablet":{"background-color":"var(--ast-global-color-5)","background-image":"","background-repeat":"repeat","background-position":"center center","background-size":"auto","background-attachment":"scroll","background-type":"","background-media":"","overlay-type":"","overlay-color":"","overlay-opacity":"","overlay-gradient":""},"mobile":{"background-color":"var(--ast-global-color-5)","background-image":"","background-repeat":"repeat","background-position":"center center","background-size":"auto","background-attachment":"scroll","background-type":"","background-media":"","overlay-type":"","overlay-color":"","overlay-opacity":"","overlay-gradient":""}},"footnotes":""},"class_list":["post-31864","page","type-page","status-publish","hentry"],"post_mailing_queue_ids":[],"_links":{"self":[{"href":"https:\/\/serveiseducatius.xtec.cat\/bages\/wp-json\/wp\/v2\/pages\/31864","targetHints":{"allow":["GET"]}}],"collection":[{"href":"https:\/\/serveiseducatius.xtec.cat\/bages\/wp-json\/wp\/v2\/pages"}],"about":[{"href":"https:\/\/serveiseducatius.xtec.cat\/bages\/wp-json\/wp\/v2\/types\/page"}],"author":[{"embeddable":true,"href":"https:\/\/serveiseducatius.xtec.cat\/bages\/wp-json\/wp\/v2\/users\/1"}],"replies":[{"embeddable":true,"href":"https:\/\/serveiseducatius.xtec.cat\/bages\/wp-json\/wp\/v2\/comments?post=31864"}],"version-history":[{"count":2,"href":"https:\/\/serveiseducatius.xtec.cat\/bages\/wp-json\/wp\/v2\/pages\/31864\/revisions"}],"predecessor-version":[{"id":31866,"href":"https:\/\/serveiseducatius.xtec.cat\/bages\/wp-json\/wp\/v2\/pages\/31864\/revisions\/31866"}],"up":[{"embeddable":true,"href":"https:\/\/serveiseducatius.xtec.cat\/bages\/wp-json\/wp\/v2\/pages\/26849"}],"wp:attachment":[{"href":"https:\/\/serveiseducatius.xtec.cat\/bages\/wp-json\/wp\/v2\/media?parent=31864"}],"curies":[{"name":"wp","href":"https:\/\/api.w.org\/{rel}","templated":true}]}}