{"id":31820,"date":"2025-12-16T11:42:45","date_gmt":"2025-12-16T10:42:45","guid":{"rendered":"https:\/\/serveiseducatius.xtec.cat\/bages\/?page_id=31820"},"modified":"2025-12-16T11:50:52","modified_gmt":"2025-12-16T10:50:52","slug":"altres-cfa-ee-aula-hospitalaria","status":"publish","type":"page","link":"https:\/\/serveiseducatius.xtec.cat\/bages\/comunitat\/centres-educatius\/altres-cfa-ee-aula-hospitalaria\/","title":{"rendered":"Altres (CFA, EE, Aula hospital\u00e0ria)"},"content":{"rendered":"\n<h2 class=\"wp-block-heading\">3 Centres de formaci\u00f3 d&#8217;adults (CFA): 2 p\u00fablics i 1 municipal<\/h2>\n\n\n\n<p><a href=\"https:\/\/agora.xtec.cat\/cfa-carmekarr\/\" target=\"_blank\" rel=\"noreferrer noopener\"><strong>CFA Carme Karr<\/strong><\/a><br>Ctra. de Manresa a solsona, Km 37<br>08250 Sant Joan de Vilatorrada<br>Tel. 93 693 07 30<br>Correu electr\u00f2nic: <a href=\"mailto:a8069581@xtec.cat\">a8069581@xtec.cat<\/a><\/p>\n\n\n\n<p><a href=\"https:\/\/agora.xtec.cat\/cfajacintcarrio\/\" target=\"_blank\" rel=\"noreferrer noopener\"><strong>CFA Jacint Carri\u00f3 i Vilaseca<\/strong><\/a><br>Pla\u00e7a Cots, 5-7<br>08240 Manresa<br>Tel. 93 874 11 36<br>Correu electr\u00f2nic: <a href=\"mailto:a8060113@xtec.cat\">a8060113@xtec.cat<\/a><\/p>\n\n\n\n<p><a href=\"https:\/\/agora.xtec.cat\/cmfpasantjoandevilatorrada\/\" target=\"_blank\" rel=\"noreferrer noopener\"><strong>CFA municipal de formaci\u00f3 de persones adultes<\/strong><\/a><br>Pg. Gallifa, 1, 2a (C. C\u00edvic Cal Gallifa)<br>08250 Sant Joan de Vilatorrada<br>Tel. 93 875 05 25<br>Correu electr\u00f2nic: <a href=\"mailto:a8055464@xtec.cat\">a8055464@xtec.cat<\/a><\/p>\n\n\n\n<h2 class=\"wp-block-heading\">1 centre d&#8217;educaci\u00f3 especial (concertat)<\/h2>\n\n\n\n<p><strong><a href=\"https:\/\/www.ampans.cat\/\" target=\"_blank\" rel=\"noreferrer noopener\">Escola Jeroni de Moragas (EE)<\/a><br><\/strong>Ctra. de Manresa a Santpedor, km 4,400<br>08251\u00a0Santpedor<br>Tel. 93 827 23 00<br>Correu electr\u00f2nic: <a href=\"mailto:a8036305@xtec.cat\">a8036305@xtec.cat<\/a><\/p>\n\n\n\n<h2 class=\"wp-block-heading\">1 Aula hospital\u00e0ria<\/h2>\n\n\n\n<p><strong><a href=\"https:\/\/www.althaia.cat\/althaia\/ca\/usuaris\/unitat-atencio-ciutadania\/atencio-educativa\/aula-hospitalaria\" target=\"_blank\" rel=\"noreferrer noopener\">Aula Hospital\u00e0ria (Fundaci\u00f3 Althaia)<\/a><\/strong><\/p>\n\n\n\n<p>Hospital de Sant Joan de D\u00e9u<br>Planta 2 &#8211;&nbsp;Unitat 6<\/p>\n\n\n\n<p>T. 93 875 93 00 \u00a0ext. 3475<\/p>\n\n\n\n<p>Correu electr\u00f2nic: <a href=\"mailto:a8036305@xtec.cat\">a8020280@xtec.cat<\/a><\/p>\n","protected":false},"excerpt":{"rendered":"<p>3 Centres de formaci\u00f3 d&#8217;adults (CFA): 2 p\u00fablics i 1 municipal CFA Carme KarrCtra. de Manresa a solsona, Km 3708250 Sant Joan de VilatorradaTel. 93 693 07 30Correu electr\u00f2nic: a8069581@xtec.cat CFA Jacint Carri\u00f3 i VilasecaPla\u00e7a Cots, 5-708240 ManresaTel. 93 874 11 36Correu electr\u00f2nic: a8060113@xtec.cat CFA municipal de formaci\u00f3 de persones adultesPg. Gallifa, 1, 2a (C. [&hellip;]<\/p>\n","protected":false},"author":1,"featured_media":0,"parent":26849,"menu_order":0,"comment_status":"closed","ping_status":"close","template":"","meta":{"_bbp_topic_count":0,"_bbp_reply_count":0,"_bbp_total_topic_count":0,"_bbp_total_reply_count":0,"_bbp_voice_count":0,"_bbp_anonymous_reply_count":0,"_bbp_topic_count_hidden":0,"_bbp_reply_count_hidden":0,"_bbp_forum_subforum_count":0,"site-sidebar-layout":"no-sidebar","site-content-layout":"","ast-site-content-layout":"normal-width-container","site-content-style":"default","site-sidebar-style":"default","ast-global-header-display":"","ast-banner-title-visibility":"","ast-main-header-display":"","ast-hfb-above-header-display":"","ast-hfb-below-header-display":"","ast-hfb-mobile-header-display":"","site-post-title":"","ast-breadcrumbs-content":"","ast-featured-img":"","footer-sml-layout":"","theme-transparent-header-meta":"","adv-header-id-meta":"","stick-header-meta":"","header-above-stick-meta":"","header-main-stick-meta":"","header-below-stick-meta":"","astra-migrate-meta-layouts":"set","ast-page-background-enabled":"default","ast-page-background-meta":{"desktop":{"background-color":"var(--ast-global-color-4)","background-image":"","background-repeat":"repeat","background-position":"center center","background-size":"auto","background-attachment":"scroll","background-type":"","background-media":"","overlay-type":"","overlay-color":"","overlay-opacity":"","overlay-gradient":""},"tablet":{"background-color":"","background-image":"","background-repeat":"repeat","background-position":"center center","background-size":"auto","background-attachment":"scroll","background-type":"","background-media":"","overlay-type":"","overlay-color":"","overlay-opacity":"","overlay-gradient":""},"mobile":{"background-color":"","background-image":"","background-repeat":"repeat","background-position":"center center","background-size":"auto","background-attachment":"scroll","background-type":"","background-media":"","overlay-type":"","overlay-color":"","overlay-opacity":"","overlay-gradient":""}},"ast-content-background-meta":{"desktop":{"background-color":"var(--ast-global-color-5)","background-image":"","background-repeat":"repeat","background-position":"center center","background-size":"auto","background-attachment":"scroll","background-type":"","background-media":"","overlay-type":"","overlay-color":"","overlay-opacity":"","overlay-gradient":""},"tablet":{"background-color":"var(--ast-global-color-5)","background-image":"","background-repeat":"repeat","background-position":"center center","background-size":"auto","background-attachment":"scroll","background-type":"","background-media":"","overlay-type":"","overlay-color":"","overlay-opacity":"","overlay-gradient":""},"mobile":{"background-color":"var(--ast-global-color-5)","background-image":"","background-repeat":"repeat","background-position":"center center","background-size":"auto","background-attachment":"scroll","background-type":"","background-media":"","overlay-type":"","overlay-color":"","overlay-opacity":"","overlay-gradient":""}},"footnotes":""},"class_list":["post-31820","page","type-page","status-publish","hentry"],"post_mailing_queue_ids":[],"_links":{"self":[{"href":"https:\/\/serveiseducatius.xtec.cat\/bages\/wp-json\/wp\/v2\/pages\/31820","targetHints":{"allow":["GET"]}}],"collection":[{"href":"https:\/\/serveiseducatius.xtec.cat\/bages\/wp-json\/wp\/v2\/pages"}],"about":[{"href":"https:\/\/serveiseducatius.xtec.cat\/bages\/wp-json\/wp\/v2\/types\/page"}],"author":[{"embeddable":true,"href":"https:\/\/serveiseducatius.xtec.cat\/bages\/wp-json\/wp\/v2\/users\/1"}],"replies":[{"embeddable":true,"href":"https:\/\/serveiseducatius.xtec.cat\/bages\/wp-json\/wp\/v2\/comments?post=31820"}],"version-history":[{"count":6,"href":"https:\/\/serveiseducatius.xtec.cat\/bages\/wp-json\/wp\/v2\/pages\/31820\/revisions"}],"predecessor-version":[{"id":31827,"href":"https:\/\/serveiseducatius.xtec.cat\/bages\/wp-json\/wp\/v2\/pages\/31820\/revisions\/31827"}],"up":[{"embeddable":true,"href":"https:\/\/serveiseducatius.xtec.cat\/bages\/wp-json\/wp\/v2\/pages\/26849"}],"wp:attachment":[{"href":"https:\/\/serveiseducatius.xtec.cat\/bages\/wp-json\/wp\/v2\/media?parent=31820"}],"curies":[{"name":"wp","href":"https:\/\/api.w.org\/{rel}","templated":true}]}}