{"id":31290,"date":"2025-11-11T13:42:09","date_gmt":"2025-11-11T12:42:09","guid":{"rendered":"https:\/\/serveiseducatius.xtec.cat\/bages\/?page_id=31290"},"modified":"2025-11-11T13:50:21","modified_gmt":"2025-11-11T12:50:21","slug":"tallers-amic-2019-2020","status":"publish","type":"page","link":"https:\/\/serveiseducatius.xtec.cat\/bages\/dinamitzacio\/treballem-lart-amic\/amic-2019-2020\/tallers-amic-2019-2020\/","title":{"rendered":"Tallers AMiC 2019-2020"},"content":{"rendered":"<figure class=\"wp-block-post-featured-image\"><img loading=\"lazy\" decoding=\"async\" width=\"1200\" height=\"600\" src=\"https:\/\/serveiseducatius.xtec.cat\/bages\/wp-content\/uploads\/usu776\/2025\/11\/IMATGE-DESTACADA-ARTICLES-5.png\" class=\"attachment-post-thumbnail size-post-thumbnail wp-post-image\" alt=\"\" style=\"object-fit:cover;\" srcset=\"https:\/\/serveiseducatius.xtec.cat\/bages\/wp-content\/uploads\/usu776\/2025\/11\/IMATGE-DESTACADA-ARTICLES-5.png 1200w, https:\/\/serveiseducatius.xtec.cat\/bages\/wp-content\/uploads\/usu776\/2025\/11\/IMATGE-DESTACADA-ARTICLES-5-300x150.png 300w, https:\/\/serveiseducatius.xtec.cat\/bages\/wp-content\/uploads\/usu776\/2025\/11\/IMATGE-DESTACADA-ARTICLES-5-1024x512.png 1024w, https:\/\/serveiseducatius.xtec.cat\/bages\/wp-content\/uploads\/usu776\/2025\/11\/IMATGE-DESTACADA-ARTICLES-5-768x384.png 768w\" sizes=\"auto, (max-width: 1200px) 100vw, 1200px\" \/><\/figure>\n\n\n<h2 class=\"wp-block-heading\">Tallers<\/h2>\n\n\n\n<div class=\"wp-block-columns is-layout-flex wp-container-core-columns-is-layout-1 wp-block-columns-is-layout-flex\">\n<div class=\"wp-block-column is-layout-flow wp-block-column-is-layout-flow\">\n<h2 class=\"wp-block-heading\">Sessi\u00f3 1<\/h2>\n\n\n\n<p>En la visita a l\u2019exposici\u00f3 <em>Mares adolescents: Embar\u00e0s preco\u00e7, ab\u00fas i desestructuraci\u00f3 familiar a Hondures<\/em>, l\u2019artista Oriol Segon ens va convidar a mirar des del silenci.<br>Cada fotografia \u00e9s una hist\u00f2ria que no busca compassi\u00f3, sin\u00f3 comprensi\u00f3: una porta oberta a realitats invisibles que ens interpel\u00b7len com a persones i com a educadors.<\/p>\n\n\n\n<p>L\u2019art contemporani es converteix aqu\u00ed en comprom\u00eds: una mirada que sacseja, que q\u00fcestiona, que humanitza.<\/p>\n\n\n\n<div class=\"wp-block-buttons is-layout-flex wp-block-buttons-is-layout-flex\">\n<div class=\"wp-block-button\"><a class=\"wp-block-button__link wp-element-button\" href=\"https:\/\/drive.google.com\/file\/d\/1lBARJTzJ5QI023LnMRDl6iauEAmW1mQz\/view?usp=sharing\" target=\"_blank\" rel=\"noreferrer noopener\">M\u00e9s informaci\u00f3<\/a><\/div>\n<\/div>\n<\/div>\n\n\n\n<div class=\"wp-block-column is-layout-flow wp-block-column-is-layout-flow\">\n<div class=\"wp-block-cover is-light\" style=\"min-height:472px;aspect-ratio:unset;\"><span aria-hidden=\"true\" class=\"wp-block-cover__background has-background-dim\" style=\"background-color:#b9b8b4\"><\/span><img loading=\"lazy\" decoding=\"async\" width=\"339\" height=\"480\" class=\"wp-block-cover__image-background wp-image-31296\" alt=\"\" src=\"https:\/\/serveiseducatius.xtec.cat\/bages\/wp-content\/uploads\/usu776\/2025\/11\/72728577_2366212850257479_1144399443383025664_n.jpg\" data-object-fit=\"cover\" srcset=\"https:\/\/serveiseducatius.xtec.cat\/bages\/wp-content\/uploads\/usu776\/2025\/11\/72728577_2366212850257479_1144399443383025664_n.jpg 339w, https:\/\/serveiseducatius.xtec.cat\/bages\/wp-content\/uploads\/usu776\/2025\/11\/72728577_2366212850257479_1144399443383025664_n-212x300.jpg 212w\" sizes=\"auto, (max-width: 339px) 100vw, 339px\" \/><div class=\"wp-block-cover__inner-container is-layout-constrained wp-block-cover-is-layout-constrained\">\n<p class=\"has-text-align-center has-white-color has-text-color has-link-color has-large-font-size wp-elements-7903f7ae230f95d2c4da476add5b8634\">Mirar m\u00e9s enll\u00e0 de la imatge<\/p>\n<\/div><\/div>\n<\/div>\n<\/div>\n\n\n\n<div class=\"wp-block-columns is-layout-flex wp-container-core-columns-is-layout-2 wp-block-columns-is-layout-flex\">\n<div class=\"wp-block-column is-layout-flow wp-block-column-is-layout-flow\">\n<h2 class=\"wp-block-heading\">Sessi\u00f3 2<\/h2>\n\n\n\n<p>En aquest taller, el Gabriel Lemkow ens va conduir a explorar la petjada m\u00e9s enll\u00e0 del tra\u00e7: la petjada com a record, com a signe i com a pres\u00e8ncia.<br>Cada marca , una taca, un buit, un gest, es converteix en llenguatge.<br>Descobrim que crear \u00e9s deixar rastre: en el paper, en el temps, en els altres.<\/p>\n\n\n\n<div class=\"wp-block-buttons is-layout-flex wp-block-buttons-is-layout-flex\">\n<div class=\"wp-block-button\"><a class=\"wp-block-button__link wp-element-button\" href=\"https:\/\/drive.google.com\/file\/d\/1Ny_NhsQllbAftmaCrX_hGNpNA9Q5czw2\/view?usp=sharing\" target=\"_blank\" rel=\"noreferrer noopener\">M\u00e9s informaci\u00f3<\/a><\/div>\n<\/div>\n<\/div>\n\n\n\n<div class=\"wp-block-column is-layout-flow wp-block-column-is-layout-flow\">\n<div class=\"wp-block-cover is-light\"><span aria-hidden=\"true\" class=\"wp-block-cover__background has-background-dim\" style=\"background-color:#958371\"><\/span><img loading=\"lazy\" decoding=\"async\" width=\"615\" height=\"460\" class=\"wp-block-cover__image-background wp-image-31297\" alt=\"\" src=\"https:\/\/serveiseducatius.xtec.cat\/bages\/wp-content\/uploads\/usu776\/2025\/11\/73472680_10157459829274597_8504340386326511616_o.jpg\" data-object-fit=\"cover\" srcset=\"https:\/\/serveiseducatius.xtec.cat\/bages\/wp-content\/uploads\/usu776\/2025\/11\/73472680_10157459829274597_8504340386326511616_o.jpg 615w, https:\/\/serveiseducatius.xtec.cat\/bages\/wp-content\/uploads\/usu776\/2025\/11\/73472680_10157459829274597_8504340386326511616_o-300x224.jpg 300w\" sizes=\"auto, (max-width: 615px) 100vw, 615px\" \/><div class=\"wp-block-cover__inner-container is-layout-constrained wp-block-cover-is-layout-constrained\">\n<p class=\"has-text-align-center has-large-font-size\">Rastres, taques, rostres i buits<\/p>\n<\/div><\/div>\n<\/div>\n<\/div>\n\n\n\n<div class=\"wp-block-columns is-layout-flex wp-container-core-columns-is-layout-3 wp-block-columns-is-layout-flex\">\n<div class=\"wp-block-column is-layout-flow wp-block-column-is-layout-flow\">\n<h2 class=\"wp-block-heading\">Sessi\u00f3 3<\/h2>\n\n\n\n<p>En aquest taller organitzat pel Joan Ca\u00f1ellas i la Rose Oduber, vam convertir el centre hist\u00f2ric de Manresa en un museu a cel obert.<br>Les portes \u2014velles, descuidades, silencioses\u2014 esdevenen peces d\u2019art. No fotografiem, no dibuixem, no intervenim: nom\u00e9s mirem.<\/p>\n\n\n\n<p>\u00c9s un exercici de contemplaci\u00f3 i de pausa.<br>Aturar-nos all\u00e0 on mai ens aturar\u00edem.<br>Descobrir bellesa en all\u00f2 que sovint passa desapercebut.<\/p>\n\n\n\n<div class=\"wp-block-buttons is-layout-flex wp-block-buttons-is-layout-flex\">\n<div class=\"wp-block-button\"><a class=\"wp-block-button__link wp-element-button\" href=\"https:\/\/drive.google.com\/file\/d\/1jBiW5T4SABp159CMvE7Tz3vTiTaTV1Tc\/view?usp=sharing\" target=\"_blank\" rel=\"noreferrer noopener\">M\u00e9s informaci\u00f3<\/a><\/div>\n<\/div>\n<\/div>\n\n\n\n<div class=\"wp-block-column is-layout-flow wp-block-column-is-layout-flow\">\n<div class=\"wp-block-cover is-light\"><span aria-hidden=\"true\" class=\"wp-block-cover__background has-background-dim\" style=\"background-color:#9c9a99\"><\/span><img loading=\"lazy\" decoding=\"async\" width=\"380\" height=\"508\" class=\"wp-block-cover__image-background wp-image-31303\" alt=\"\" src=\"https:\/\/serveiseducatius.xtec.cat\/bages\/wp-content\/uploads\/usu776\/2025\/11\/IMG_20191123_113829.jpg\" data-object-fit=\"cover\" srcset=\"https:\/\/serveiseducatius.xtec.cat\/bages\/wp-content\/uploads\/usu776\/2025\/11\/IMG_20191123_113829.jpg 380w, https:\/\/serveiseducatius.xtec.cat\/bages\/wp-content\/uploads\/usu776\/2025\/11\/IMG_20191123_113829-224x300.jpg 224w\" sizes=\"auto, (max-width: 380px) 100vw, 380px\" \/><div class=\"wp-block-cover__inner-container is-layout-constrained wp-block-cover-is-layout-constrained\">\n<p class=\"has-text-align-center has-large-font-size\">Via ianua* Minorisa<\/p>\n<\/div><\/div>\n<\/div>\n<\/div>\n","protected":false},"excerpt":{"rendered":"<p>Tallers Sessi\u00f3 1 En la visita a l\u2019exposici\u00f3 Mares adolescents: Embar\u00e0s preco\u00e7, ab\u00fas i desestructuraci\u00f3 familiar a Hondures, l\u2019artista Oriol Segon ens va convidar a mirar des del silenci.Cada fotografia \u00e9s una hist\u00f2ria que no busca compassi\u00f3, sin\u00f3 comprensi\u00f3: una porta oberta a realitats invisibles que ens interpel\u00b7len com a persones i com a educadors. [&hellip;]<\/p>\n","protected":false},"author":1,"featured_media":31298,"parent":11787,"menu_order":0,"comment_status":"closed","ping_status":"close","template":"","meta":{"_bbp_topic_count":0,"_bbp_reply_count":0,"_bbp_total_topic_count":0,"_bbp_total_reply_count":0,"_bbp_voice_count":0,"_bbp_anonymous_reply_count":0,"_bbp_topic_count_hidden":0,"_bbp_reply_count_hidden":0,"_bbp_forum_subforum_count":0,"site-sidebar-layout":"default","site-content-layout":"","ast-site-content-layout":"default","site-content-style":"default","site-sidebar-style":"default","ast-global-header-display":"","ast-banner-title-visibility":"","ast-main-header-display":"","ast-hfb-above-header-display":"","ast-hfb-below-header-display":"","ast-hfb-mobile-header-display":"","site-post-title":"","ast-breadcrumbs-content":"","ast-featured-img":"","footer-sml-layout":"","theme-transparent-header-meta":"","adv-header-id-meta":"","stick-header-meta":"","header-above-stick-meta":"","header-main-stick-meta":"","header-below-stick-meta":"","astra-migrate-meta-layouts":"set","ast-page-background-enabled":"default","ast-page-background-meta":{"desktop":{"background-color":"var(--ast-global-color-4)","background-image":"","background-repeat":"repeat","background-position":"center center","background-size":"auto","background-attachment":"scroll","background-type":"","background-media":"","overlay-type":"","overlay-color":"","overlay-opacity":"","overlay-gradient":""},"tablet":{"background-color":"","background-image":"","background-repeat":"repeat","background-position":"center center","background-size":"auto","background-attachment":"scroll","background-type":"","background-media":"","overlay-type":"","overlay-color":"","overlay-opacity":"","overlay-gradient":""},"mobile":{"background-color":"","background-image":"","background-repeat":"repeat","background-position":"center center","background-size":"auto","background-attachment":"scroll","background-type":"","background-media":"","overlay-type":"","overlay-color":"","overlay-opacity":"","overlay-gradient":""}},"ast-content-background-meta":{"desktop":{"background-color":"var(--ast-global-color-5)","background-image":"","background-repeat":"repeat","background-position":"center center","background-size":"auto","background-attachment":"scroll","background-type":"","background-media":"","overlay-type":"","overlay-color":"","overlay-opacity":"","overlay-gradient":""},"tablet":{"background-color":"var(--ast-global-color-5)","background-image":"","background-repeat":"repeat","background-position":"center center","background-size":"auto","background-attachment":"scroll","background-type":"","background-media":"","overlay-type":"","overlay-color":"","overlay-opacity":"","overlay-gradient":""},"mobile":{"background-color":"var(--ast-global-color-5)","background-image":"","background-repeat":"repeat","background-position":"center center","background-size":"auto","background-attachment":"scroll","background-type":"","background-media":"","overlay-type":"","overlay-color":"","overlay-opacity":"","overlay-gradient":""}},"footnotes":""},"class_list":["post-31290","page","type-page","status-publish","has-post-thumbnail","hentry"],"post_mailing_queue_ids":[],"_links":{"self":[{"href":"https:\/\/serveiseducatius.xtec.cat\/bages\/wp-json\/wp\/v2\/pages\/31290","targetHints":{"allow":["GET"]}}],"collection":[{"href":"https:\/\/serveiseducatius.xtec.cat\/bages\/wp-json\/wp\/v2\/pages"}],"about":[{"href":"https:\/\/serveiseducatius.xtec.cat\/bages\/wp-json\/wp\/v2\/types\/page"}],"author":[{"embeddable":true,"href":"https:\/\/serveiseducatius.xtec.cat\/bages\/wp-json\/wp\/v2\/users\/1"}],"replies":[{"embeddable":true,"href":"https:\/\/serveiseducatius.xtec.cat\/bages\/wp-json\/wp\/v2\/comments?post=31290"}],"version-history":[{"count":7,"href":"https:\/\/serveiseducatius.xtec.cat\/bages\/wp-json\/wp\/v2\/pages\/31290\/revisions"}],"predecessor-version":[{"id":31309,"href":"https:\/\/serveiseducatius.xtec.cat\/bages\/wp-json\/wp\/v2\/pages\/31290\/revisions\/31309"}],"up":[{"embeddable":true,"href":"https:\/\/serveiseducatius.xtec.cat\/bages\/wp-json\/wp\/v2\/pages\/11787"}],"wp:featuredmedia":[{"embeddable":true,"href":"https:\/\/serveiseducatius.xtec.cat\/bages\/wp-json\/wp\/v2\/media\/31298"}],"wp:attachment":[{"href":"https:\/\/serveiseducatius.xtec.cat\/bages\/wp-json\/wp\/v2\/media?parent=31290"}],"curies":[{"name":"wp","href":"https:\/\/api.w.org\/{rel}","templated":true}]}}