{"id":31224,"date":"2025-11-07T10:19:22","date_gmt":"2025-11-07T09:19:22","guid":{"rendered":"https:\/\/serveiseducatius.xtec.cat\/bages\/?page_id=31224"},"modified":"2026-02-03T15:54:04","modified_gmt":"2026-02-03T14:54:04","slug":"game-over","status":"publish","type":"page","link":"https:\/\/serveiseducatius.xtec.cat\/bages\/dinamitzacio\/game-over\/","title":{"rendered":"Game over"},"content":{"rendered":"<figure class=\"wp-block-post-featured-image\"><img loading=\"lazy\" decoding=\"async\" width=\"1200\" height=\"600\" src=\"https:\/\/serveiseducatius.xtec.cat\/bages\/wp-content\/uploads\/usu776\/2025\/11\/IMATGE-DESTACADA-ARTICLES-1-1.png\" class=\"attachment-post-thumbnail size-post-thumbnail wp-post-image\" alt=\"\" style=\"object-fit:cover;\" srcset=\"https:\/\/serveiseducatius.xtec.cat\/bages\/wp-content\/uploads\/usu776\/2025\/11\/IMATGE-DESTACADA-ARTICLES-1-1.png 1200w, https:\/\/serveiseducatius.xtec.cat\/bages\/wp-content\/uploads\/usu776\/2025\/11\/IMATGE-DESTACADA-ARTICLES-1-1-300x150.png 300w, https:\/\/serveiseducatius.xtec.cat\/bages\/wp-content\/uploads\/usu776\/2025\/11\/IMATGE-DESTACADA-ARTICLES-1-1-1024x512.png 1024w, https:\/\/serveiseducatius.xtec.cat\/bages\/wp-content\/uploads\/usu776\/2025\/11\/IMATGE-DESTACADA-ARTICLES-1-1-768x384.png 768w\" sizes=\"auto, (max-width: 1200px) 100vw, 1200px\" \/><\/figure>\n\n\n<h2 class=\"wp-block-heading\">Game Over<\/h2>\n\n\n\n<div class=\"wp-block-columns is-layout-flex wp-container-core-columns-is-layout-1 wp-block-columns-is-layout-flex\">\n<div class=\"wp-block-column is-layout-flow wp-block-column-is-layout-flow\" style=\"flex-basis:33.33%\">\n<h2 class=\"wp-block-heading\">Qu\u00e8 \u00e9s?<\/h2>\n<\/div>\n\n\n\n<div class=\"wp-block-column is-layout-flow wp-block-column-is-layout-flow\" style=\"flex-basis:66.66%\">\n<p><strong>GAME OVER<\/strong> \u00e9s un programa de prevenci\u00f3 d\u2019accidents de tr\u00e0nsit adre\u00e7at a joves que vol sensibilitzar-los perqu\u00e8 adoptin conductes responsables. Promou la prud\u00e8ncia i l\u2019\u00fas de mesures de seguretat tant a l\u2019hora de conduir com en activitats esportives o de lleure amb risc.<\/p>\n\n\n\n<p><a href=\"https:\/\/www.guttmann.com\/ca\/programes-de-prevencio-daccidents-game-over\" target=\"_blank\" rel=\"noreferrer noopener\">L&#8217;institut Guttman <\/a>ofereix la possibilitat de fer una xerrada al centre amb els alumnes d&#8217;ESO, a c\u00e0rrec d&#8217;un monitor\/a que ha patit les conseq\u00fc\u00e8ncies de tenir un accident de tr\u00e0nsit.<\/p>\n<\/div>\n<\/div>\n\n\n\n<div class=\"wp-block-columns is-layout-flex wp-container-core-columns-is-layout-2 wp-block-columns-is-layout-flex\">\n<div class=\"wp-block-column is-layout-flow wp-block-column-is-layout-flow\" style=\"flex-basis:33.33%\">\n<h2 class=\"wp-block-heading\">Objectius<\/h2>\n<\/div>\n\n\n\n<div class=\"wp-block-column is-layout-flow wp-block-column-is-layout-flow\" style=\"flex-basis:66.66%\">\n<ul class=\"wp-block-list\">\n<li><strong>Sensibilitzar i canviar actituds<\/strong>: fomentar la responsabilitat, l\u2019empatia i la prud\u00e8ncia a la via p\u00fablica i en activitats de lleure.<\/li>\n\n\n\n<li><strong>Con\u00e8ixer riscos i mesures de seguretat<\/strong>: alcohol i drogues, velocitat, distraccions (m\u00f2bil), \u00fas del <strong>cintur\u00f3, casc i elements reflectants<\/strong>.<\/li>\n\n\n\n<li><strong>Promoure h\u00e0bits i compromisos segurs<\/strong>: impulsar decisions informades i accions concretes al centre per construir <strong>cultura vi\u00e0ria responsable<\/strong>.<\/li>\n<\/ul>\n<\/div>\n<\/div>\n\n\n\n<div class=\"wp-block-buttons is-content-justification-center is-layout-flex wp-container-core-buttons-is-layout-1 wp-block-buttons-is-layout-flex\">\n<div class=\"wp-block-button\"><a class=\"wp-block-button__link wp-element-button\" href=\"https:\/\/www.guttmann.com\/ca\/programes-de-prevencio-daccidents-game-over\" target=\"_blank\" rel=\"noreferrer noopener\">INSCRIPCIONS<\/a><\/div>\n<\/div>\n\n\n\n<div class=\"wp-block-columns is-layout-flex wp-container-core-columns-is-layout-3 wp-block-columns-is-layout-flex\">\n<div class=\"wp-block-column is-layout-flow wp-block-column-is-layout-flow\" style=\"flex-basis:33.33%\">\n<h2 class=\"wp-block-heading\">Centres participants<\/h2>\n<\/div>\n\n\n\n<div class=\"wp-block-column is-layout-flow wp-block-column-is-layout-flow\" style=\"flex-basis:66.66%\">\n<ul class=\"wp-block-list\">\n<li>Institut Gerbert d&#8217;Aurillac<\/li>\n\n\n\n<li>Institut Mig-M\u00f3n<\/li>\n\n\n\n<li>Institut Escola Sant Jordi<\/li>\n\n\n\n<li>Institut d&#8217;Auro<\/li>\n\n\n\n<li>Institut Castellet<\/li>\n\n\n\n<li>Institut Quercus<\/li>\n\n\n\n<li>Vedruna EDN Nav\u00e0s<\/li>\n\n\n\n<li>La Salle Manresa<\/li>\n\n\n\n<li>Institut Llu\u00eds de Peguera<\/li>\n\n\n\n<li>Institut Llobregat<\/li>\n\n\n\n<li>Institut de Navarcles<\/li>\n<\/ul>\n<\/div>\n<\/div>\n\n\n\n<h2 class=\"wp-block-heading\">materials<\/h2>\n\n\n\n<div class=\"wp-block-columns is-layout-flex wp-container-core-columns-is-layout-4 wp-block-columns-is-layout-flex\">\n<div class=\"wp-block-column is-layout-flow wp-block-column-is-layout-flow\">\n<p class=\"has-ast-global-color-0-color has-text-color has-link-color wp-elements-a23790867bb149c5a64d950e4ed17892\"><strong><a href=\"https:\/\/drive.google.com\/file\/d\/1cZuKOSN_-5t2ovsjc54FgosYllsjr4Kb\/view?usp=sharing\" target=\"_blank\" rel=\"noreferrer noopener\">La vida \u00e9s un teatre<\/a><\/strong><\/p>\n\n\n\n<p>Propostes did\u00e0ctiques per fer abans de la xerrada al centre<\/p>\n<\/div>\n\n\n\n<div class=\"wp-block-column is-layout-flow wp-block-column-is-layout-flow\">\n<p><strong><a href=\"https:\/\/drive.google.com\/file\/d\/1Il4Gke1m49MEO0ETxKStJICZN39jz27y\/view?usp=drive_link\" data-type=\"link\" data-id=\"https:\/\/drive.google.com\/file\/d\/1Il4Gke1m49MEO0ETxKStJICZN39jz27y\/view?usp=drive_link\">Pots tenir un accident de tr\u00e0nsit?<\/a><\/strong><\/p>\n\n\n\n<p>Propostes did\u00e0ctiques per fer despr\u00e9s de la xerrada al centre.<\/p>\n<\/div>\n<\/div>\n\n\n\n<h2 class=\"wp-block-heading\">Col\u00b7laboren<\/h2>\n\n\n\n<p><a href=\"https:\/\/www.guttmann.com\/ca\/programes-de-prevencio-daccidents-game-over\" target=\"_blank\" rel=\"noreferrer noopener\">Institut Guttmann<\/a><\/p>\n\n\n\n<p><a href=\"https:\/\/transit.gencat.cat\/ca\/formacio_i_educacio\/educacio-per-a-la-mobilitat-segura-edums\/inici\/index.html?page917bf1fe-7de4-11f0-8b30-005056ba51b2=2&amp;googleoff=1\" data-type=\"link\" data-id=\"https:\/\/transit.gencat.cat\/ca\/formacio_i_educacio\/educacio-per-a-la-mobilitat-segura-edums\/inici\/index.html?page917bf1fe-7de4-11f0-8b30-005056ba51b2=2&amp;googleoff=1\">Servei Catal\u00e0 de Tr\u00e0nsit &#8211; Educaci\u00f3 per a la mobilitat segura<\/a><\/p>\n\n\n\n<p><\/p>\n","protected":false},"excerpt":{"rendered":"<p>Game Over Qu\u00e8 \u00e9s? GAME OVER \u00e9s un programa de prevenci\u00f3 d\u2019accidents de tr\u00e0nsit adre\u00e7at a joves que vol sensibilitzar-los perqu\u00e8 adoptin conductes responsables. Promou la prud\u00e8ncia i l\u2019\u00fas de mesures de seguretat tant a l\u2019hora de conduir com en activitats esportives o de lleure amb risc. L&#8217;institut Guttman ofereix la possibilitat de fer una [&hellip;]<\/p>\n","protected":false},"author":1,"featured_media":31227,"parent":27869,"menu_order":0,"comment_status":"closed","ping_status":"close","template":"","meta":{"_bbp_topic_count":0,"_bbp_reply_count":0,"_bbp_total_topic_count":0,"_bbp_total_reply_count":0,"_bbp_voice_count":0,"_bbp_anonymous_reply_count":0,"_bbp_topic_count_hidden":0,"_bbp_reply_count_hidden":0,"_bbp_forum_subforum_count":0,"site-sidebar-layout":"no-sidebar","site-content-layout":"","ast-site-content-layout":"normal-width-container","site-content-style":"default","site-sidebar-style":"default","ast-global-header-display":"","ast-banner-title-visibility":"","ast-main-header-display":"","ast-hfb-above-header-display":"","ast-hfb-below-header-display":"","ast-hfb-mobile-header-display":"","site-post-title":"disabled","ast-breadcrumbs-content":"","ast-featured-img":"","footer-sml-layout":"","theme-transparent-header-meta":"","adv-header-id-meta":"","stick-header-meta":"","header-above-stick-meta":"","header-main-stick-meta":"","header-below-stick-meta":"","astra-migrate-meta-layouts":"set","ast-page-background-enabled":"default","ast-page-background-meta":{"desktop":{"background-color":"var(--ast-global-color-4)","background-image":"","background-repeat":"repeat","background-position":"center center","background-size":"auto","background-attachment":"scroll","background-type":"","background-media":"","overlay-type":"","overlay-color":"","overlay-opacity":"","overlay-gradient":""},"tablet":{"background-color":"","background-image":"","background-repeat":"repeat","background-position":"center center","background-size":"auto","background-attachment":"scroll","background-type":"","background-media":"","overlay-type":"","overlay-color":"","overlay-opacity":"","overlay-gradient":""},"mobile":{"background-color":"","background-image":"","background-repeat":"repeat","background-position":"center center","background-size":"auto","background-attachment":"scroll","background-type":"","background-media":"","overlay-type":"","overlay-color":"","overlay-opacity":"","overlay-gradient":""}},"ast-content-background-meta":{"desktop":{"background-color":"var(--ast-global-color-5)","background-image":"","background-repeat":"repeat","background-position":"center center","background-size":"auto","background-attachment":"scroll","background-type":"","background-media":"","overlay-type":"","overlay-color":"","overlay-opacity":"","overlay-gradient":""},"tablet":{"background-color":"var(--ast-global-color-5)","background-image":"","background-repeat":"repeat","background-position":"center center","background-size":"auto","background-attachment":"scroll","background-type":"","background-media":"","overlay-type":"","overlay-color":"","overlay-opacity":"","overlay-gradient":""},"mobile":{"background-color":"var(--ast-global-color-5)","background-image":"","background-repeat":"repeat","background-position":"center center","background-size":"auto","background-attachment":"scroll","background-type":"","background-media":"","overlay-type":"","overlay-color":"","overlay-opacity":"","overlay-gradient":""}},"footnotes":""},"class_list":["post-31224","page","type-page","status-publish","has-post-thumbnail","hentry"],"post_mailing_queue_ids":[],"_links":{"self":[{"href":"https:\/\/serveiseducatius.xtec.cat\/bages\/wp-json\/wp\/v2\/pages\/31224","targetHints":{"allow":["GET"]}}],"collection":[{"href":"https:\/\/serveiseducatius.xtec.cat\/bages\/wp-json\/wp\/v2\/pages"}],"about":[{"href":"https:\/\/serveiseducatius.xtec.cat\/bages\/wp-json\/wp\/v2\/types\/page"}],"author":[{"embeddable":true,"href":"https:\/\/serveiseducatius.xtec.cat\/bages\/wp-json\/wp\/v2\/users\/1"}],"replies":[{"embeddable":true,"href":"https:\/\/serveiseducatius.xtec.cat\/bages\/wp-json\/wp\/v2\/comments?post=31224"}],"version-history":[{"count":6,"href":"https:\/\/serveiseducatius.xtec.cat\/bages\/wp-json\/wp\/v2\/pages\/31224\/revisions"}],"predecessor-version":[{"id":32539,"href":"https:\/\/serveiseducatius.xtec.cat\/bages\/wp-json\/wp\/v2\/pages\/31224\/revisions\/32539"}],"up":[{"embeddable":true,"href":"https:\/\/serveiseducatius.xtec.cat\/bages\/wp-json\/wp\/v2\/pages\/27869"}],"wp:featuredmedia":[{"embeddable":true,"href":"https:\/\/serveiseducatius.xtec.cat\/bages\/wp-json\/wp\/v2\/media\/31227"}],"wp:attachment":[{"href":"https:\/\/serveiseducatius.xtec.cat\/bages\/wp-json\/wp\/v2\/media?parent=31224"}],"curies":[{"name":"wp","href":"https:\/\/api.w.org\/{rel}","templated":true}]}}