{"id":31163,"date":"2025-11-05T12:37:15","date_gmt":"2025-11-05T11:37:15","guid":{"rendered":"https:\/\/serveiseducatius.xtec.cat\/bages\/?page_id=31163"},"modified":"2025-11-05T12:39:05","modified_gmt":"2025-11-05T11:39:05","slug":"tallers-art-amic-20-21-connexions","status":"publish","type":"page","link":"https:\/\/serveiseducatius.xtec.cat\/bages\/dinamitzacio\/treballem-lart-amic\/amic-2020-2021\/tallers-art-amic-20-21-connexions\/","title":{"rendered":"Tallers Art AMiC 20-21"},"content":{"rendered":"<figure class=\"wp-block-post-featured-image\"><img loading=\"lazy\" decoding=\"async\" width=\"1200\" height=\"600\" src=\"https:\/\/serveiseducatius.xtec.cat\/bages\/wp-content\/uploads\/usu776\/2025\/11\/IMATGE-DESTACADA-ARTICLES-9.png\" class=\"attachment-post-thumbnail size-post-thumbnail wp-post-image\" alt=\"\" style=\"object-fit:cover;\" srcset=\"https:\/\/serveiseducatius.xtec.cat\/bages\/wp-content\/uploads\/usu776\/2025\/11\/IMATGE-DESTACADA-ARTICLES-9.png 1200w, https:\/\/serveiseducatius.xtec.cat\/bages\/wp-content\/uploads\/usu776\/2025\/11\/IMATGE-DESTACADA-ARTICLES-9-300x150.png 300w, https:\/\/serveiseducatius.xtec.cat\/bages\/wp-content\/uploads\/usu776\/2025\/11\/IMATGE-DESTACADA-ARTICLES-9-1024x512.png 1024w, https:\/\/serveiseducatius.xtec.cat\/bages\/wp-content\/uploads\/usu776\/2025\/11\/IMATGE-DESTACADA-ARTICLES-9-768x384.png 768w\" sizes=\"auto, (max-width: 1200px) 100vw, 1200px\" \/><\/figure>\n\n\n<h2 class=\"wp-block-heading\">Tallers<\/h2>\n\n\n\n<div class=\"wp-block-columns is-layout-flex wp-container-core-columns-is-layout-1 wp-block-columns-is-layout-flex\">\n<div class=\"wp-block-column is-layout-flow wp-block-column-is-layout-flow\">\n<h2 class=\"wp-block-heading\">Sessi\u00f3 1<\/h2>\n\n\n\n<p>En la darrera sessi\u00f3 de coordinaci\u00f3 els centres van compartir tot el proc\u00e9s de desenvolupament dels projectes comen\u00e7ats amb l&#8217;alumnat. La conversa va ser molt enriquidora i les diferents idees, conceptes i punts de partida\u00a0 es van anar connectant entre elles.<\/p>\n\n\n\n<p>La diversitat de propostes i formats en els que estan treballant els diferents grups va resultar una font d&#8217;inspiraci\u00f3 m\u00fatua, el professorat va poder expressar tamb\u00e9 necessitats t\u00e8cniques o neguits tot cercant solucions entre tots.<\/p>\n\n\n\n<p>Com sempre la sessi\u00f3 va acabar amb la proposta, per part de la Roser i el Gabriel, de diferents autors relacionats amb la sessi\u00f3.<\/p>\n\n\n\n<ul class=\"wp-block-list\">\n<li><strong>Rirkit Tiravanija: <\/strong>un artista molt interessant i poc conegut que treballa art relacional.<\/li>\n\n\n\n<li><strong>Ana Mendieta:<\/strong> connexi\u00f3 amb la natura, &#8220;siluetes&#8221;<\/li>\n\n\n\n<li><strong>Nam June Paik:<\/strong> un dels primers artistes digitals i videoartistes<\/li>\n\n\n\n<li><strong>Dawoud Bei: <\/strong>obra fotogr\u00e0fica del barri del Bronx, artista desconegut i mitificat per molts<\/li>\n\n\n\n<li><strong>Krzysztof Wodiczko: <\/strong>\u00a0explora possibilitats de connexi\u00f3 amb gent homeless (sense sostre), gent emigrada invisible per molts, dones que han patit abusos&#8230;\u00a0<\/li>\n\n\n\n<li><strong>Fina Miralles:<\/strong> la seva obra est\u00e0 a al Macba<\/li>\n\n\n\n<li><strong>Willy Dorner <\/strong>&#8220;Bodies in urban space&#8221; connexions cos-espais<\/li>\n\n\n\n<li><strong>J M W Mitchell <\/strong>\u00a0Qu\u00e8 volen les imatges?<\/li>\n\n\n\n<li>Obra de <strong>Rosa Solano<\/strong>, al Espai 7<\/li>\n\n\n\n<li><strong>G\u00e8nere i Territori<\/strong> a CACiS<\/li>\n\n\n\n<li>Obres d&#8217; <strong>Irma Marco<\/strong>!!! \ud83d\ude00<\/li>\n<\/ul>\n<\/div>\n\n\n\n<div class=\"wp-block-column is-layout-flow wp-block-column-is-layout-flow\">\n<div class=\"wp-block-cover is-light\"><span aria-hidden=\"true\" class=\"wp-block-cover__background has-background-dim\" style=\"background-color:#efeabb\"><\/span><img loading=\"lazy\" decoding=\"async\" width=\"415\" height=\"240\" class=\"wp-block-cover__image-background wp-image-15344\" alt=\"\" src=\"https:\/\/serveiseducatius.xtec.cat\/bages\/wp-content\/uploads\/usu776\/2021\/03\/AMIC.png\" data-object-fit=\"cover\" srcset=\"https:\/\/serveiseducatius.xtec.cat\/bages\/wp-content\/uploads\/usu776\/2021\/03\/AMIC.png 415w, https:\/\/serveiseducatius.xtec.cat\/bages\/wp-content\/uploads\/usu776\/2021\/03\/AMIC-300x173.png 300w\" sizes=\"auto, (max-width: 415px) 100vw, 415px\" \/><div class=\"wp-block-cover__inner-container is-layout-constrained wp-block-cover-is-layout-constrained\">\n<p class=\"has-text-align-center has-large-font-size\">Compartint connexions<\/p>\n<\/div><\/div>\n<\/div>\n<\/div>\n","protected":false},"excerpt":{"rendered":"<p>Tallers Sessi\u00f3 1 En la darrera sessi\u00f3 de coordinaci\u00f3 els centres van compartir tot el proc\u00e9s de desenvolupament dels projectes comen\u00e7ats amb l&#8217;alumnat. La conversa va ser molt enriquidora i les diferents idees, conceptes i punts de partida\u00a0 es van anar connectant entre elles. La diversitat de propostes i formats en els que estan treballant [&hellip;]<\/p>\n","protected":false},"author":1,"featured_media":31162,"parent":13811,"menu_order":0,"comment_status":"closed","ping_status":"close","template":"","meta":{"_bbp_topic_count":0,"_bbp_reply_count":0,"_bbp_total_topic_count":0,"_bbp_total_reply_count":0,"_bbp_voice_count":0,"_bbp_anonymous_reply_count":0,"_bbp_topic_count_hidden":0,"_bbp_reply_count_hidden":0,"_bbp_forum_subforum_count":0,"site-sidebar-layout":"no-sidebar","site-content-layout":"","ast-site-content-layout":"normal-width-container","site-content-style":"default","site-sidebar-style":"default","ast-global-header-display":"","ast-banner-title-visibility":"","ast-main-header-display":"","ast-hfb-above-header-display":"","ast-hfb-below-header-display":"","ast-hfb-mobile-header-display":"","site-post-title":"","ast-breadcrumbs-content":"","ast-featured-img":"","footer-sml-layout":"","theme-transparent-header-meta":"","adv-header-id-meta":"","stick-header-meta":"","header-above-stick-meta":"","header-main-stick-meta":"","header-below-stick-meta":"","astra-migrate-meta-layouts":"set","ast-page-background-enabled":"default","ast-page-background-meta":{"desktop":{"background-color":"var(--ast-global-color-4)","background-image":"","background-repeat":"repeat","background-position":"center center","background-size":"auto","background-attachment":"scroll","background-type":"","background-media":"","overlay-type":"","overlay-color":"","overlay-opacity":"","overlay-gradient":""},"tablet":{"background-color":"","background-image":"","background-repeat":"repeat","background-position":"center center","background-size":"auto","background-attachment":"scroll","background-type":"","background-media":"","overlay-type":"","overlay-color":"","overlay-opacity":"","overlay-gradient":""},"mobile":{"background-color":"","background-image":"","background-repeat":"repeat","background-position":"center center","background-size":"auto","background-attachment":"scroll","background-type":"","background-media":"","overlay-type":"","overlay-color":"","overlay-opacity":"","overlay-gradient":""}},"ast-content-background-meta":{"desktop":{"background-color":"var(--ast-global-color-5)","background-image":"","background-repeat":"repeat","background-position":"center center","background-size":"auto","background-attachment":"scroll","background-type":"","background-media":"","overlay-type":"","overlay-color":"","overlay-opacity":"","overlay-gradient":""},"tablet":{"background-color":"var(--ast-global-color-5)","background-image":"","background-repeat":"repeat","background-position":"center center","background-size":"auto","background-attachment":"scroll","background-type":"","background-media":"","overlay-type":"","overlay-color":"","overlay-opacity":"","overlay-gradient":""},"mobile":{"background-color":"var(--ast-global-color-5)","background-image":"","background-repeat":"repeat","background-position":"center center","background-size":"auto","background-attachment":"scroll","background-type":"","background-media":"","overlay-type":"","overlay-color":"","overlay-opacity":"","overlay-gradient":""}},"footnotes":""},"class_list":["post-31163","page","type-page","status-publish","has-post-thumbnail","hentry"],"post_mailing_queue_ids":[],"_links":{"self":[{"href":"https:\/\/serveiseducatius.xtec.cat\/bages\/wp-json\/wp\/v2\/pages\/31163","targetHints":{"allow":["GET"]}}],"collection":[{"href":"https:\/\/serveiseducatius.xtec.cat\/bages\/wp-json\/wp\/v2\/pages"}],"about":[{"href":"https:\/\/serveiseducatius.xtec.cat\/bages\/wp-json\/wp\/v2\/types\/page"}],"author":[{"embeddable":true,"href":"https:\/\/serveiseducatius.xtec.cat\/bages\/wp-json\/wp\/v2\/users\/1"}],"replies":[{"embeddable":true,"href":"https:\/\/serveiseducatius.xtec.cat\/bages\/wp-json\/wp\/v2\/comments?post=31163"}],"version-history":[{"count":2,"href":"https:\/\/serveiseducatius.xtec.cat\/bages\/wp-json\/wp\/v2\/pages\/31163\/revisions"}],"predecessor-version":[{"id":31168,"href":"https:\/\/serveiseducatius.xtec.cat\/bages\/wp-json\/wp\/v2\/pages\/31163\/revisions\/31168"}],"up":[{"embeddable":true,"href":"https:\/\/serveiseducatius.xtec.cat\/bages\/wp-json\/wp\/v2\/pages\/13811"}],"wp:featuredmedia":[{"embeddable":true,"href":"https:\/\/serveiseducatius.xtec.cat\/bages\/wp-json\/wp\/v2\/media\/31162"}],"wp:attachment":[{"href":"https:\/\/serveiseducatius.xtec.cat\/bages\/wp-json\/wp\/v2\/media?parent=31163"}],"curies":[{"name":"wp","href":"https:\/\/api.w.org\/{rel}","templated":true}]}}