{"id":31140,"date":"2025-11-05T12:18:47","date_gmt":"2025-11-05T11:18:47","guid":{"rendered":"https:\/\/serveiseducatius.xtec.cat\/bages\/?page_id=31140"},"modified":"2025-11-05T12:30:31","modified_gmt":"2025-11-05T11:30:31","slug":"tallers-art-amic-21-22","status":"publish","type":"page","link":"https:\/\/serveiseducatius.xtec.cat\/bages\/dinamitzacio\/treballem-lart-amic\/amic-2021-2022\/tallers-art-amic-21-22\/","title":{"rendered":"Tallers Art AMiC 21-22"},"content":{"rendered":"<figure class=\"wp-block-post-featured-image\"><img loading=\"lazy\" decoding=\"async\" width=\"1200\" height=\"600\" src=\"https:\/\/serveiseducatius.xtec.cat\/bages\/wp-content\/uploads\/usu776\/2025\/11\/IMATGE-DESTACADA-ARTICLES-8.png\" class=\"attachment-post-thumbnail size-post-thumbnail wp-post-image\" alt=\"\" style=\"object-fit:cover;\" srcset=\"https:\/\/serveiseducatius.xtec.cat\/bages\/wp-content\/uploads\/usu776\/2025\/11\/IMATGE-DESTACADA-ARTICLES-8.png 1200w, https:\/\/serveiseducatius.xtec.cat\/bages\/wp-content\/uploads\/usu776\/2025\/11\/IMATGE-DESTACADA-ARTICLES-8-300x150.png 300w, https:\/\/serveiseducatius.xtec.cat\/bages\/wp-content\/uploads\/usu776\/2025\/11\/IMATGE-DESTACADA-ARTICLES-8-1024x512.png 1024w, https:\/\/serveiseducatius.xtec.cat\/bages\/wp-content\/uploads\/usu776\/2025\/11\/IMATGE-DESTACADA-ARTICLES-8-768x384.png 768w\" sizes=\"auto, (max-width: 1200px) 100vw, 1200px\" \/><\/figure>\n\n\n<h2 class=\"wp-block-heading\">Tallers<\/h2>\n\n\n\n<div class=\"wp-block-columns is-layout-flex wp-container-core-columns-is-layout-1 wp-block-columns-is-layout-flex\">\n<div class=\"wp-block-column is-layout-flow wp-block-column-is-layout-flow\">\n<h2 class=\"wp-block-heading\">Sessi\u00f3 1<\/h2>\n\n\n\n<p>Ja hem fet la primera sessi\u00f3 d&#8217;acompanyament del curs. En aquesta trobada la Roser Oduber (<a href=\"https:\/\/cacis.elforndelacalc.cat\/\" target=\"_blank\" rel=\"noreferrer noopener\">CACIS. El forn de la cal\u00e7)<\/a> va fer una interessant introducci\u00f3 de Beuys , el que significava per a ell l&#8217;art, la seva obra, els materials utilitzats&#8230; Juntament amb el Gabriel van explicar l&#8217;ess\u00e8ncia del moviment Fluxus.<\/p>\n\n\n\n<p>El professorat va poder experimentar amb diferents materials naturals tot emulant les creacions de l&#8217;artista.<\/p>\n\n\n\n<div class=\"wp-block-buttons is-layout-flex wp-block-buttons-is-layout-flex\">\n<div class=\"wp-block-button\"><a class=\"wp-block-button__link wp-element-button\" href=\"https:\/\/drive.google.com\/drive\/folders\/1I-MuANIvjjqBvLp3B4297_RfSburO2e1\">fotografies<\/a><\/div>\n<\/div>\n<\/div>\n\n\n\n<div class=\"wp-block-column is-layout-flow wp-block-column-is-layout-flow\">\n<div class=\"wp-block-cover\"><span aria-hidden=\"true\" class=\"wp-block-cover__background has-background-dim\" style=\"background-color:#827670\"><\/span><img loading=\"lazy\" decoding=\"async\" width=\"512\" height=\"288\" class=\"wp-block-cover__image-background wp-image-17042\" alt=\"\" src=\"https:\/\/serveiseducatius.xtec.cat\/bages\/wp-content\/uploads\/usu776\/2021\/11\/amic-2.jpeg\" data-object-fit=\"cover\" srcset=\"https:\/\/serveiseducatius.xtec.cat\/bages\/wp-content\/uploads\/usu776\/2021\/11\/amic-2.jpeg 512w, https:\/\/serveiseducatius.xtec.cat\/bages\/wp-content\/uploads\/usu776\/2021\/11\/amic-2-300x169.jpeg 300w\" sizes=\"auto, (max-width: 512px) 100vw, 512px\" \/><div class=\"wp-block-cover__inner-container is-layout-constrained wp-block-cover-is-layout-constrained\">\n<p class=\"has-text-align-center has-large-font-size\">Intro<\/p>\n<\/div><\/div>\n<\/div>\n<\/div>\n\n\n\n<div class=\"wp-block-columns is-layout-flex wp-container-core-columns-is-layout-2 wp-block-columns-is-layout-flex\">\n<div class=\"wp-block-column is-layout-flow wp-block-column-is-layout-flow\">\n<h2 class=\"wp-block-heading\">Sessi\u00f3 2<\/h2>\n\n\n\n<p>Per acabar d&#8217;entrar en el m\u00f3n de Joseph Beuys, els artistes Enric Maur\u00ed i Nathalie Rey van dinamitzar un happening al pur estil del Moviment FLUXUS dels anys 60.<\/p>\n\n\n\n<p>El desembre del 1966 Joseph Beuys va portar a terme a D\u00fcsseldorf una performance que portava per t\u00edtol \u00abManresa\u00bb, directament inspirada en l\u2019espiritualitat d\u2019Ignasi de Loiola i que mostrava la forta influ\u00e8ncia del sant en la seva obra. Anys m\u00e9s tard, el 1994, els seus dos col\u00b7laboradors Christiansen i N\u00f6rgaard li van fer un homenatge a la ciutat amb la performance \u00abManresa-Estaci\u00f3 Central\u00bb i la instal\u00b7laci\u00f3 de la Creu de Beuys als peus del Pont Vell de Manresa.<\/p>\n\n\n\n<p>El professorat del projecte AMiC van fer el mateix recorregut que els artistes, tot recordant el concepte d\u2019art total i transformador que porta a Beuys a l&#8217;afirmaci\u00f3 de qu\u00e8 <strong>tothom pot ser artista<\/strong>.<\/p>\n<\/div>\n\n\n\n<div class=\"wp-block-column is-layout-flow wp-block-column-is-layout-flow\">\n<div class=\"wp-block-cover is-light\"><span aria-hidden=\"true\" class=\"wp-block-cover__background has-background-dim\" style=\"background-color:#837f82\"><\/span><img loading=\"lazy\" decoding=\"async\" width=\"875\" height=\"234\" class=\"wp-block-cover__image-background wp-image-18357\" alt=\"\" src=\"https:\/\/serveiseducatius.xtec.cat\/bages\/wp-content\/uploads\/usu776\/2022\/06\/happening.jpg\" data-object-fit=\"cover\" srcset=\"https:\/\/serveiseducatius.xtec.cat\/bages\/wp-content\/uploads\/usu776\/2022\/06\/happening.jpg 875w, https:\/\/serveiseducatius.xtec.cat\/bages\/wp-content\/uploads\/usu776\/2022\/06\/happening-300x80.jpg 300w, https:\/\/serveiseducatius.xtec.cat\/bages\/wp-content\/uploads\/usu776\/2022\/06\/happening-768x205.jpg 768w\" sizes=\"auto, (max-width: 875px) 100vw, 875px\" \/><div class=\"wp-block-cover__inner-container is-layout-constrained wp-block-cover-is-layout-constrained\">\n<p class=\"has-text-align-center has-large-font-size\">Happening<\/p>\n<\/div><\/div>\n<\/div>\n<\/div>\n","protected":false},"excerpt":{"rendered":"<p>Tallers Sessi\u00f3 1 Ja hem fet la primera sessi\u00f3 d&#8217;acompanyament del curs. En aquesta trobada la Roser Oduber (CACIS. El forn de la cal\u00e7) va fer una interessant introducci\u00f3 de Beuys , el que significava per a ell l&#8217;art, la seva obra, els materials utilitzats&#8230; Juntament amb el Gabriel van explicar l&#8217;ess\u00e8ncia del moviment Fluxus. [&hellip;]<\/p>\n","protected":false},"author":1,"featured_media":31139,"parent":16463,"menu_order":0,"comment_status":"closed","ping_status":"close","template":"","meta":{"_bbp_topic_count":0,"_bbp_reply_count":0,"_bbp_total_topic_count":0,"_bbp_total_reply_count":0,"_bbp_voice_count":0,"_bbp_anonymous_reply_count":0,"_bbp_topic_count_hidden":0,"_bbp_reply_count_hidden":0,"_bbp_forum_subforum_count":0,"site-sidebar-layout":"no-sidebar","site-content-layout":"","ast-site-content-layout":"normal-width-container","site-content-style":"default","site-sidebar-style":"default","ast-global-header-display":"","ast-banner-title-visibility":"","ast-main-header-display":"","ast-hfb-above-header-display":"","ast-hfb-below-header-display":"","ast-hfb-mobile-header-display":"","site-post-title":"","ast-breadcrumbs-content":"","ast-featured-img":"","footer-sml-layout":"","theme-transparent-header-meta":"","adv-header-id-meta":"","stick-header-meta":"","header-above-stick-meta":"","header-main-stick-meta":"","header-below-stick-meta":"","astra-migrate-meta-layouts":"set","ast-page-background-enabled":"default","ast-page-background-meta":{"desktop":{"background-color":"var(--ast-global-color-4)","background-image":"","background-repeat":"repeat","background-position":"center center","background-size":"auto","background-attachment":"scroll","background-type":"","background-media":"","overlay-type":"","overlay-color":"","overlay-opacity":"","overlay-gradient":""},"tablet":{"background-color":"","background-image":"","background-repeat":"repeat","background-position":"center center","background-size":"auto","background-attachment":"scroll","background-type":"","background-media":"","overlay-type":"","overlay-color":"","overlay-opacity":"","overlay-gradient":""},"mobile":{"background-color":"","background-image":"","background-repeat":"repeat","background-position":"center center","background-size":"auto","background-attachment":"scroll","background-type":"","background-media":"","overlay-type":"","overlay-color":"","overlay-opacity":"","overlay-gradient":""}},"ast-content-background-meta":{"desktop":{"background-color":"var(--ast-global-color-5)","background-image":"","background-repeat":"repeat","background-position":"center center","background-size":"auto","background-attachment":"scroll","background-type":"","background-media":"","overlay-type":"","overlay-color":"","overlay-opacity":"","overlay-gradient":""},"tablet":{"background-color":"var(--ast-global-color-5)","background-image":"","background-repeat":"repeat","background-position":"center center","background-size":"auto","background-attachment":"scroll","background-type":"","background-media":"","overlay-type":"","overlay-color":"","overlay-opacity":"","overlay-gradient":""},"mobile":{"background-color":"var(--ast-global-color-5)","background-image":"","background-repeat":"repeat","background-position":"center center","background-size":"auto","background-attachment":"scroll","background-type":"","background-media":"","overlay-type":"","overlay-color":"","overlay-opacity":"","overlay-gradient":""}},"footnotes":""},"class_list":["post-31140","page","type-page","status-publish","has-post-thumbnail","hentry"],"post_mailing_queue_ids":[],"_links":{"self":[{"href":"https:\/\/serveiseducatius.xtec.cat\/bages\/wp-json\/wp\/v2\/pages\/31140","targetHints":{"allow":["GET"]}}],"collection":[{"href":"https:\/\/serveiseducatius.xtec.cat\/bages\/wp-json\/wp\/v2\/pages"}],"about":[{"href":"https:\/\/serveiseducatius.xtec.cat\/bages\/wp-json\/wp\/v2\/types\/page"}],"author":[{"embeddable":true,"href":"https:\/\/serveiseducatius.xtec.cat\/bages\/wp-json\/wp\/v2\/users\/1"}],"replies":[{"embeddable":true,"href":"https:\/\/serveiseducatius.xtec.cat\/bages\/wp-json\/wp\/v2\/comments?post=31140"}],"version-history":[{"count":6,"href":"https:\/\/serveiseducatius.xtec.cat\/bages\/wp-json\/wp\/v2\/pages\/31140\/revisions"}],"predecessor-version":[{"id":31159,"href":"https:\/\/serveiseducatius.xtec.cat\/bages\/wp-json\/wp\/v2\/pages\/31140\/revisions\/31159"}],"up":[{"embeddable":true,"href":"https:\/\/serveiseducatius.xtec.cat\/bages\/wp-json\/wp\/v2\/pages\/16463"}],"wp:featuredmedia":[{"embeddable":true,"href":"https:\/\/serveiseducatius.xtec.cat\/bages\/wp-json\/wp\/v2\/media\/31139"}],"wp:attachment":[{"href":"https:\/\/serveiseducatius.xtec.cat\/bages\/wp-json\/wp\/v2\/media?parent=31140"}],"curies":[{"name":"wp","href":"https:\/\/api.w.org\/{rel}","templated":true}]}}