{"id":31118,"date":"2025-11-05T11:32:54","date_gmt":"2025-11-05T10:32:54","guid":{"rendered":"https:\/\/serveiseducatius.xtec.cat\/bages\/?page_id=31118"},"modified":"2025-11-11T12:25:58","modified_gmt":"2025-11-11T11:25:58","slug":"taller-art-amic-22-23","status":"publish","type":"page","link":"https:\/\/serveiseducatius.xtec.cat\/bages\/dinamitzacio\/treballem-lart-amic\/amic-2022-2023\/taller-art-amic-22-23\/","title":{"rendered":"Taller Art Amic 22-23"},"content":{"rendered":"<figure class=\"wp-block-post-featured-image\"><img loading=\"lazy\" decoding=\"async\" width=\"1200\" height=\"600\" src=\"https:\/\/serveiseducatius.xtec.cat\/bages\/wp-content\/uploads\/usu776\/2025\/11\/IMATGE-DESTACADA-ARTICLES-7.png\" class=\"attachment-post-thumbnail size-post-thumbnail wp-post-image\" alt=\"\" style=\"object-fit:cover;\" srcset=\"https:\/\/serveiseducatius.xtec.cat\/bages\/wp-content\/uploads\/usu776\/2025\/11\/IMATGE-DESTACADA-ARTICLES-7.png 1200w, https:\/\/serveiseducatius.xtec.cat\/bages\/wp-content\/uploads\/usu776\/2025\/11\/IMATGE-DESTACADA-ARTICLES-7-300x150.png 300w, https:\/\/serveiseducatius.xtec.cat\/bages\/wp-content\/uploads\/usu776\/2025\/11\/IMATGE-DESTACADA-ARTICLES-7-1024x512.png 1024w, https:\/\/serveiseducatius.xtec.cat\/bages\/wp-content\/uploads\/usu776\/2025\/11\/IMATGE-DESTACADA-ARTICLES-7-768x384.png 768w\" sizes=\"auto, (max-width: 1200px) 100vw, 1200px\" \/><\/figure>\n\n\n<h2 class=\"wp-block-heading\">Tallers<\/h2>\n\n\n\n<div class=\"wp-block-buttons is-layout-flex wp-block-buttons-is-layout-flex\">\n<div class=\"wp-block-button\"><a class=\"wp-block-button__link wp-element-button\" href=\"https:\/\/drive.google.com\/file\/d\/1rmHkBb8ziROERMYUzqkeU3hqGNUzPZVN\/view?usp=sharing\" target=\"_blank\" rel=\"noreferrer noopener\">Recursos<\/a><\/div>\n<\/div>\n\n\n\n<div class=\"wp-block-columns is-layout-flex wp-container-core-columns-is-layout-1 wp-block-columns-is-layout-flex\">\n<div class=\"wp-block-column is-layout-flow wp-block-column-is-layout-flow\">\n<h2 class=\"wp-block-heading\">Sessi\u00f3 1<\/h2>\n\n\n\n<p>Les ficcions que ens limiten i les contraficcions que ens alliberen.<\/p>\n\n\n\n<p>La investigadora art\u00edstica Paula Bruna fusiona ci\u00e8ncia i art i el resultat \u00e9s una obra amb consci\u00e8ncia ecol\u00f2gica que planteja diferents maneres de conviure en el nostre planeta.<\/p>\n\n\n\n<p>Tamb\u00e9 ens convida a reflexionar sobre el llenguatge que fem servir per referir-nos al moment de crisi ecol\u00f2gica i clim\u00e0tica que vivim. Ens deixa algunes frases:<\/p>\n\n\n\n<ul class=\"wp-block-list\">\n<li>En aquesta societat, \u00e9s m\u00e9s f\u00e0cil imaginar la fi del m\u00f3n que la fi del capitalisme Fredric Jameson 2005.<\/li>\n\n\n\n<li>Els desitjos humans il\u00b7limitats xoquen amb un m\u00f3n limitat<\/li>\n\n\n\n<li>Superar el capitalisme imperant, comprendre l&#8217;ecosfera i tendir cap a la coexist\u00e8ncia ecol\u00f2gica requereix un canvi radical en les subjectivitats humanes que impliquen abandonar el nostre protagonisme hegem\u00f2nic i incorporar les realitats subjectives dels no humans. Guattari, Haraway, Morton<\/li>\n<\/ul>\n\n\n\n<div class=\"wp-block-buttons is-layout-flex wp-block-buttons-is-layout-flex\">\n<div class=\"wp-block-button\"><a class=\"wp-block-button__link wp-element-button\" href=\"https:\/\/paulabruna.com\/\" target=\"_blank\" rel=\"noreferrer noopener\">M\u00e9s informaci\u00f3<\/a><\/div>\n<\/div>\n<\/div>\n\n\n\n<div class=\"wp-block-column is-layout-flow wp-block-column-is-layout-flow\">\n<div class=\"wp-block-cover is-light\"><span aria-hidden=\"true\" class=\"wp-block-cover__background has-background-dim\" style=\"background-color:#b3ad99\"><\/span><img loading=\"lazy\" decoding=\"async\" width=\"410\" height=\"223\" class=\"wp-block-cover__image-background wp-image-19788\" alt=\"\" src=\"https:\/\/serveiseducatius.xtec.cat\/bages\/wp-content\/uploads\/usu776\/2022\/11\/8.jpg\" data-object-fit=\"cover\" srcset=\"https:\/\/serveiseducatius.xtec.cat\/bages\/wp-content\/uploads\/usu776\/2022\/11\/8.jpg 410w, https:\/\/serveiseducatius.xtec.cat\/bages\/wp-content\/uploads\/usu776\/2022\/11\/8-300x163.jpg 300w\" sizes=\"auto, (max-width: 410px) 100vw, 410px\" \/><div class=\"wp-block-cover__inner-container is-layout-constrained wp-block-cover-is-layout-constrained\">\n<p class=\"has-text-align-center has-large-font-size\">Ficcions<\/p>\n<\/div><\/div>\n<\/div>\n<\/div>\n\n\n\n<div class=\"wp-block-columns is-layout-flex wp-container-core-columns-is-layout-2 wp-block-columns-is-layout-flex\">\n<div class=\"wp-block-column is-layout-flow wp-block-column-is-layout-flow\">\n<h2 class=\"wp-block-heading\">Sessi\u00f3 2<\/h2>\n\n\n\n<p>El professorat participant a l&#8217;Art AMiC va realitzar ahir la primera sessi\u00f3 d&#8217;acompanyament amb l&#8217;Al\u00e8xia Lleonart al Parc de Sec\u00e0 de Manresa.<\/p>\n\n\n\n<p>La sessi\u00f3 va consistir en un taller de <em>frottage<\/em> sobre pedra seca. Les participants van fregar carb\u00f3 natural a sobre d&#8217;una roba de cot\u00f3 i van poder experimentar a trav\u00e9s del sentit del tacte i de la vista, tot deixant que les pedres del mur parlessin.<\/p>\n\n\n\n<div class=\"wp-block-buttons is-layout-flex wp-block-buttons-is-layout-flex\">\n<div class=\"wp-block-button\"><a class=\"wp-block-button__link wp-element-button\" href=\"https:\/\/drive.google.com\/file\/d\/1BNegwzWsg5oInD5kl8ERxBIaaqKFjmSr\/view?usp=sharing\" target=\"_blank\" rel=\"noreferrer noopener\">M\u00e9s informaci\u00f3<\/a><\/div>\n<\/div>\n<\/div>\n\n\n\n<div class=\"wp-block-column is-layout-flow wp-block-column-is-layout-flow\">\n<div class=\"wp-block-cover is-light\"><span aria-hidden=\"true\" class=\"wp-block-cover__background has-background-dim\" style=\"background-color:#8c8a89\"><\/span><img loading=\"lazy\" decoding=\"async\" width=\"949\" height=\"276\" class=\"wp-block-cover__image-background wp-image-19547\" alt=\"\" src=\"https:\/\/serveiseducatius.xtec.cat\/bages\/wp-content\/uploads\/usu776\/2022\/10\/AMIC-3.png\" data-object-fit=\"cover\" srcset=\"https:\/\/serveiseducatius.xtec.cat\/bages\/wp-content\/uploads\/usu776\/2022\/10\/AMIC-3.png 949w, https:\/\/serveiseducatius.xtec.cat\/bages\/wp-content\/uploads\/usu776\/2022\/10\/AMIC-3-300x87.png 300w, https:\/\/serveiseducatius.xtec.cat\/bages\/wp-content\/uploads\/usu776\/2022\/10\/AMIC-3-768x223.png 768w\" sizes=\"auto, (max-width: 949px) 100vw, 949px\" \/><div class=\"wp-block-cover__inner-container is-layout-constrained wp-block-cover-is-layout-constrained\">\n<p class=\"has-text-align-center has-large-font-size\">A les palpentes<\/p>\n<\/div><\/div>\n<\/div>\n<\/div>\n\n\n\n<div class=\"wp-block-columns is-layout-flex wp-container-core-columns-is-layout-3 wp-block-columns-is-layout-flex\">\n<div class=\"wp-block-column is-layout-flow wp-block-column-is-layout-flow\">\n<h2 class=\"wp-block-heading\">Sessi\u00f3 3<\/h2>\n\n\n\n<p>En la segona sessi\u00f3 d&#8217;acompanyament, els participants del projecte AMiC van visitar el Centre Ocupacional \u201cL&#8217;Art de Viure\u201d, un taller inclusiu d&#8217;art i d&#8217;expressi\u00f3 pl\u00e0stica on treballen un grup d&#8217;artistes diversos.<\/p>\n\n\n\n<p>En Dani, la Montse i el Roger van explicar com han realitzat alguns dels seus treballs, com s&#8217;organitzen i com desenvolupen els diferents projectes art\u00edstics fora de l\u00edmits.<\/p>\n\n\n\n<p>Per acabar, ens van donar alguns consells per desprendre&#8217;ns dels propis l\u00edmits i de pors que sovint ens fan creure que no som capa\u00e7os o que no sabem fer.<\/p>\n<\/div>\n\n\n\n<div class=\"wp-block-column is-layout-flow wp-block-column-is-layout-flow\">\n<div class=\"wp-block-cover\"><span aria-hidden=\"true\" class=\"wp-block-cover__background has-background-dim\" style=\"background-color:#816d6a\"><\/span><img loading=\"lazy\" decoding=\"async\" width=\"926\" height=\"241\" class=\"wp-block-cover__image-background wp-image-19736\" alt=\"\" src=\"https:\/\/serveiseducatius.xtec.cat\/bages\/wp-content\/uploads\/usu776\/2022\/11\/AMPANS-.png\" data-object-fit=\"cover\" srcset=\"https:\/\/serveiseducatius.xtec.cat\/bages\/wp-content\/uploads\/usu776\/2022\/11\/AMPANS-.png 926w, https:\/\/serveiseducatius.xtec.cat\/bages\/wp-content\/uploads\/usu776\/2022\/11\/AMPANS--300x78.png 300w, https:\/\/serveiseducatius.xtec.cat\/bages\/wp-content\/uploads\/usu776\/2022\/11\/AMPANS--768x200.png 768w\" sizes=\"auto, (max-width: 926px) 100vw, 926px\" \/><div class=\"wp-block-cover__inner-container is-layout-constrained wp-block-cover-is-layout-constrained\">\n<p class=\"has-text-align-center has-large-font-size\">&#8220;L&#8217;Art de Viure&#8221;<\/p>\n<\/div><\/div>\n<\/div>\n<\/div>\n\n\n\n<div class=\"wp-block-columns is-layout-flex wp-container-core-columns-is-layout-4 wp-block-columns-is-layout-flex\">\n<div class=\"wp-block-column is-layout-flow wp-block-column-is-layout-flow\">\n<h2 class=\"wp-block-heading\">Sessi\u00f3 4<\/h2>\n\n\n\n<p>El 28 de febrer, els participants al projecte Art AMiC vam visitar l&#8217;escola Puigberenguer de Manresa. Vam aprofitar que ten\u00edem previst fer la sessi\u00f3 de seguiment del treball a l&#8217;aula del projecte d&#8217;enguany,<strong> L\u00edmits<\/strong>, per visitar l&#8217;escola i que dues mestres compromeses amb el mateix ens fessin cinc c\u00e8ntims de tot plegat.<\/p>\n\n\n\n<p>La Montse i l&#8217;Anna ens van explicar com van comen\u00e7ar a preparar el projecte i com, de mica en mica, es va anar implicant tot el professorat fins a emplenar les parets del centre de les obres creades per l&#8217;alumnat.<\/p>\n\n\n\n<p>A la sessi\u00f3 vam poder compartir idees i experi\u00e8ncies sobre un mateix concepte, <strong>L\u00edmits<\/strong>,&nbsp; &nbsp;que ha donat peu a una gran diversitat de treballs pl\u00e0stics a tots els centres participants.<\/p>\n\n\n\n<p>El treball de<strong> L\u00edmits<\/strong> a l&#8217;escola Puigberenguer s&#8217;ha entomat des de l&#8217;enfocament de dotar d\u2019oportunitats i d&#8217;aprenentatges a l&#8217;alumnat. Totes les propostes han estat pensades per aprofitar la transversalitat que ofereix paraula l\u00edmits, implicant-hi les diferents \u00e0rees.&nbsp;<\/p>\n<\/div>\n\n\n\n<div class=\"wp-block-column is-layout-flow wp-block-column-is-layout-flow\">\n<div class=\"wp-block-cover is-light\"><span aria-hidden=\"true\" class=\"wp-block-cover__background has-background-dim\" style=\"background-color:#a28c78\"><\/span><img loading=\"lazy\" decoding=\"async\" width=\"2560\" height=\"1828\" class=\"wp-block-cover__image-background wp-image-20876\" alt=\"\" src=\"https:\/\/serveiseducatius.xtec.cat\/bages\/wp-content\/uploads\/usu776\/2023\/05\/Anna-explicant-scaled.jpg\" data-object-fit=\"cover\" srcset=\"https:\/\/serveiseducatius.xtec.cat\/bages\/wp-content\/uploads\/usu776\/2023\/05\/Anna-explicant-scaled.jpg 2560w, https:\/\/serveiseducatius.xtec.cat\/bages\/wp-content\/uploads\/usu776\/2023\/05\/Anna-explicant-300x214.jpg 300w, https:\/\/serveiseducatius.xtec.cat\/bages\/wp-content\/uploads\/usu776\/2023\/05\/Anna-explicant-1024x731.jpg 1024w, https:\/\/serveiseducatius.xtec.cat\/bages\/wp-content\/uploads\/usu776\/2023\/05\/Anna-explicant-768x548.jpg 768w, https:\/\/serveiseducatius.xtec.cat\/bages\/wp-content\/uploads\/usu776\/2023\/05\/Anna-explicant-1536x1097.jpg 1536w, https:\/\/serveiseducatius.xtec.cat\/bages\/wp-content\/uploads\/usu776\/2023\/05\/Anna-explicant-2048x1462.jpg 2048w\" sizes=\"auto, (max-width: 2560px) 100vw, 2560px\" \/><div class=\"wp-block-cover__inner-container is-layout-constrained wp-block-cover-is-layout-constrained\">\n<p class=\"has-text-align-center has-large-font-size\">Visita Escola Puigberenguer<\/p>\n<\/div><\/div>\n<\/div>\n<\/div>\n","protected":false},"excerpt":{"rendered":"<p>Tallers Sessi\u00f3 1 Les ficcions que ens limiten i les contraficcions que ens alliberen. La investigadora art\u00edstica Paula Bruna fusiona ci\u00e8ncia i art i el resultat \u00e9s una obra amb consci\u00e8ncia ecol\u00f2gica que planteja diferents maneres de conviure en el nostre planeta. Tamb\u00e9 ens convida a reflexionar sobre el llenguatge que fem servir per referir-nos [&hellip;]<\/p>\n","protected":false},"author":1,"featured_media":31119,"parent":18812,"menu_order":0,"comment_status":"closed","ping_status":"close","template":"","meta":{"_bbp_topic_count":0,"_bbp_reply_count":0,"_bbp_total_topic_count":0,"_bbp_total_reply_count":0,"_bbp_voice_count":0,"_bbp_anonymous_reply_count":0,"_bbp_topic_count_hidden":0,"_bbp_reply_count_hidden":0,"_bbp_forum_subforum_count":0,"site-sidebar-layout":"no-sidebar","site-content-layout":"","ast-site-content-layout":"normal-width-container","site-content-style":"default","site-sidebar-style":"default","ast-global-header-display":"","ast-banner-title-visibility":"","ast-main-header-display":"","ast-hfb-above-header-display":"","ast-hfb-below-header-display":"","ast-hfb-mobile-header-display":"","site-post-title":"","ast-breadcrumbs-content":"","ast-featured-img":"","footer-sml-layout":"","theme-transparent-header-meta":"","adv-header-id-meta":"","stick-header-meta":"","header-above-stick-meta":"","header-main-stick-meta":"","header-below-stick-meta":"","astra-migrate-meta-layouts":"set","ast-page-background-enabled":"default","ast-page-background-meta":{"desktop":{"background-color":"var(--ast-global-color-4)","background-image":"","background-repeat":"repeat","background-position":"center center","background-size":"auto","background-attachment":"scroll","background-type":"","background-media":"","overlay-type":"","overlay-color":"","overlay-opacity":"","overlay-gradient":""},"tablet":{"background-color":"","background-image":"","background-repeat":"repeat","background-position":"center center","background-size":"auto","background-attachment":"scroll","background-type":"","background-media":"","overlay-type":"","overlay-color":"","overlay-opacity":"","overlay-gradient":""},"mobile":{"background-color":"","background-image":"","background-repeat":"repeat","background-position":"center center","background-size":"auto","background-attachment":"scroll","background-type":"","background-media":"","overlay-type":"","overlay-color":"","overlay-opacity":"","overlay-gradient":""}},"ast-content-background-meta":{"desktop":{"background-color":"var(--ast-global-color-5)","background-image":"","background-repeat":"repeat","background-position":"center center","background-size":"auto","background-attachment":"scroll","background-type":"","background-media":"","overlay-type":"","overlay-color":"","overlay-opacity":"","overlay-gradient":""},"tablet":{"background-color":"var(--ast-global-color-5)","background-image":"","background-repeat":"repeat","background-position":"center center","background-size":"auto","background-attachment":"scroll","background-type":"","background-media":"","overlay-type":"","overlay-color":"","overlay-opacity":"","overlay-gradient":""},"mobile":{"background-color":"var(--ast-global-color-5)","background-image":"","background-repeat":"repeat","background-position":"center center","background-size":"auto","background-attachment":"scroll","background-type":"","background-media":"","overlay-type":"","overlay-color":"","overlay-opacity":"","overlay-gradient":""}},"footnotes":""},"class_list":["post-31118","page","type-page","status-publish","has-post-thumbnail","hentry"],"post_mailing_queue_ids":[],"_links":{"self":[{"href":"https:\/\/serveiseducatius.xtec.cat\/bages\/wp-json\/wp\/v2\/pages\/31118","targetHints":{"allow":["GET"]}}],"collection":[{"href":"https:\/\/serveiseducatius.xtec.cat\/bages\/wp-json\/wp\/v2\/pages"}],"about":[{"href":"https:\/\/serveiseducatius.xtec.cat\/bages\/wp-json\/wp\/v2\/types\/page"}],"author":[{"embeddable":true,"href":"https:\/\/serveiseducatius.xtec.cat\/bages\/wp-json\/wp\/v2\/users\/1"}],"replies":[{"embeddable":true,"href":"https:\/\/serveiseducatius.xtec.cat\/bages\/wp-json\/wp\/v2\/comments?post=31118"}],"version-history":[{"count":5,"href":"https:\/\/serveiseducatius.xtec.cat\/bages\/wp-json\/wp\/v2\/pages\/31118\/revisions"}],"predecessor-version":[{"id":31283,"href":"https:\/\/serveiseducatius.xtec.cat\/bages\/wp-json\/wp\/v2\/pages\/31118\/revisions\/31283"}],"up":[{"embeddable":true,"href":"https:\/\/serveiseducatius.xtec.cat\/bages\/wp-json\/wp\/v2\/pages\/18812"}],"wp:featuredmedia":[{"embeddable":true,"href":"https:\/\/serveiseducatius.xtec.cat\/bages\/wp-json\/wp\/v2\/media\/31119"}],"wp:attachment":[{"href":"https:\/\/serveiseducatius.xtec.cat\/bages\/wp-json\/wp\/v2\/media?parent=31118"}],"curies":[{"name":"wp","href":"https:\/\/api.w.org\/{rel}","templated":true}]}}