{"id":31107,"date":"2025-11-05T11:12:50","date_gmt":"2025-11-05T10:12:50","guid":{"rendered":"https:\/\/serveiseducatius.xtec.cat\/bages\/?page_id=31107"},"modified":"2025-11-06T15:58:05","modified_gmt":"2025-11-06T14:58:05","slug":"tallers-art-amic-23-24-llum","status":"publish","type":"page","link":"https:\/\/serveiseducatius.xtec.cat\/bages\/dinamitzacio\/treballem-lart-amic\/amic-2023-2024\/tallers-art-amic-23-24-llum\/","title":{"rendered":"Tallers Art Amic 23-24 Llum"},"content":{"rendered":"<figure class=\"wp-block-post-featured-image\"><img loading=\"lazy\" decoding=\"async\" width=\"1200\" height=\"600\" src=\"https:\/\/serveiseducatius.xtec.cat\/bages\/wp-content\/uploads\/usu776\/2025\/11\/IMATGE-DESTACADA-ARTICLES-6.png\" class=\"attachment-post-thumbnail size-post-thumbnail wp-post-image\" alt=\"\" style=\"object-fit:cover;\" srcset=\"https:\/\/serveiseducatius.xtec.cat\/bages\/wp-content\/uploads\/usu776\/2025\/11\/IMATGE-DESTACADA-ARTICLES-6.png 1200w, https:\/\/serveiseducatius.xtec.cat\/bages\/wp-content\/uploads\/usu776\/2025\/11\/IMATGE-DESTACADA-ARTICLES-6-300x150.png 300w, https:\/\/serveiseducatius.xtec.cat\/bages\/wp-content\/uploads\/usu776\/2025\/11\/IMATGE-DESTACADA-ARTICLES-6-1024x512.png 1024w, https:\/\/serveiseducatius.xtec.cat\/bages\/wp-content\/uploads\/usu776\/2025\/11\/IMATGE-DESTACADA-ARTICLES-6-768x384.png 768w\" sizes=\"auto, (max-width: 1200px) 100vw, 1200px\" \/><\/figure>\n\n\n<h2 class=\"wp-block-heading\">Tallers<\/h2>\n\n\n\n<div class=\"wp-block-columns is-layout-flex wp-container-core-columns-is-layout-1 wp-block-columns-is-layout-flex\">\n<div class=\"wp-block-column is-layout-flow wp-block-column-is-layout-flow\">\n<h2 class=\"wp-block-heading\">Sessi\u00f3 1<\/h2>\n\n\n\n<p>On podem trobar llum? On \u00e9s impossible trobar llum?, totes les participants del projecte AMiC d&#8217;enguany han reflexionat al voltant d&#8217;aquestes i d&#8217;altres preguntes relacionades amb la llum. Amb l&#8217;acompanyament del Gabriel Lemkow i els recursos que va aportar, van trobar una estreta relaci\u00f3 entre l&#8217;art i la ci\u00e8ncia. <\/p>\n\n\n\n<div class=\"wp-block-buttons is-layout-flex wp-block-buttons-is-layout-flex\">\n<div class=\"wp-block-button\"><a class=\"wp-block-button__link wp-element-button\" href=\"https:\/\/drive.google.com\/file\/d\/18ZJn5DzXReJBm1-sFakPX-GmLYpmz6vG\/view\" target=\"_blank\" rel=\"noreferrer noopener\">Presentaci\u00f3 de la sessi\u00f3<\/a><\/div>\n<\/div>\n\n\n\n<div class=\"wp-block-buttons is-layout-flex wp-block-buttons-is-layout-flex\">\n<div class=\"wp-block-button\"><a class=\"wp-block-button__link wp-element-button\" href=\"https:\/\/drive.google.com\/file\/d\/1X5gyfky5YxmuLczGGZLj6UGqeLvZjFTJ\/view?usp=sharing\" target=\"_blank\" rel=\"noreferrer noopener\">Dossier <\/a><\/div>\n<\/div>\n<\/div>\n\n\n\n<div class=\"wp-block-column is-layout-flow wp-block-column-is-layout-flow\">\n<div class=\"wp-block-cover\"><span aria-hidden=\"true\" class=\"wp-block-cover__background has-background-dim\" style=\"background-color:#685f57\"><\/span><img loading=\"lazy\" decoding=\"async\" width=\"716\" height=\"260\" class=\"wp-block-cover__image-background wp-image-22230\" alt=\"\" src=\"https:\/\/serveiseducatius.xtec.cat\/bages\/wp-content\/uploads\/usu776\/2023\/10\/Ets-una-iluminada1.jpg\" data-object-fit=\"cover\" srcset=\"https:\/\/serveiseducatius.xtec.cat\/bages\/wp-content\/uploads\/usu776\/2023\/10\/Ets-una-iluminada1.jpg 716w, https:\/\/serveiseducatius.xtec.cat\/bages\/wp-content\/uploads\/usu776\/2023\/10\/Ets-una-iluminada1-300x109.jpg 300w\" sizes=\"auto, (max-width: 716px) 100vw, 716px\" \/><div class=\"wp-block-cover__inner-container is-layout-constrained wp-block-cover-is-layout-constrained\">\n<p class=\"has-text-align-center has-large-font-size\">Per a qu\u00e8 serveix la llum?<\/p>\n<\/div><\/div>\n<\/div>\n<\/div>\n\n\n\n<div class=\"wp-block-columns is-layout-flex wp-container-core-columns-is-layout-2 wp-block-columns-is-layout-flex\">\n<div class=\"wp-block-column is-layout-flow wp-block-column-is-layout-flow\">\n<h2 class=\"wp-block-heading\">Sessi\u00f3 2<\/h2>\n\n\n\n<p>El segon taller va ser tot un repte, un descobrir com la llum pot ser pinzell i alhora paleta. L\u2019Irma Cabot va organitzar un taller al centre d\u2019Art Contemporani i Sostenibilitat&nbsp;<a href=\"https:\/\/cacis.elforndelacalc.cat\/\" target=\"_blank\" rel=\"noreferrer noopener\">CACIS.&nbsp;<\/a>El temps va acompanyar i van poder gaudir d\u2019un bonic entorn natural i d\u2019un sol radiant, imprescindible per fer emergir la creativitat del professorat. Tamb\u00e9 v\u00e0rem aprendre la difer\u00e8ncia entre l\u2019antot\u00edpia i la cianot\u00edpia.<\/p>\n\n\n\n<p><\/p>\n<\/div>\n\n\n\n<div class=\"wp-block-column is-layout-flow wp-block-column-is-layout-flow\">\n<div class=\"wp-block-cover is-light\"><span aria-hidden=\"true\" class=\"wp-block-cover__background has-background-dim\" style=\"background-color:#8d9090\"><\/span><img loading=\"lazy\" decoding=\"async\" width=\"328\" height=\"328\" class=\"wp-block-cover__image-background wp-image-22235\" alt=\"\" src=\"https:\/\/serveiseducatius.xtec.cat\/bages\/wp-content\/uploads\/usu776\/2023\/10\/cianotipia-colage.jpeg\" data-object-fit=\"cover\" srcset=\"https:\/\/serveiseducatius.xtec.cat\/bages\/wp-content\/uploads\/usu776\/2023\/10\/cianotipia-colage.jpeg 328w, https:\/\/serveiseducatius.xtec.cat\/bages\/wp-content\/uploads\/usu776\/2023\/10\/cianotipia-colage-300x300.jpeg 300w, https:\/\/serveiseducatius.xtec.cat\/bages\/wp-content\/uploads\/usu776\/2023\/10\/cianotipia-colage-150x150.jpeg 150w\" sizes=\"auto, (max-width: 328px) 100vw, 328px\" \/><div class=\"wp-block-cover__inner-container is-layout-constrained wp-block-cover-is-layout-constrained\">\n<p class=\"has-text-align-center has-white-color has-text-color has-link-color has-large-font-size wp-elements-940e4833a790f0f7101973ecca85b5e7\">Cianot\u00edpia i antot\u00edpia<\/p>\n<\/div><\/div>\n<\/div>\n<\/div>\n\n\n\n<div class=\"wp-block-columns is-layout-flex wp-container-core-columns-is-layout-3 wp-block-columns-is-layout-flex\">\n<div class=\"wp-block-column is-layout-flow wp-block-column-is-layout-flow\">\n<h2 class=\"wp-block-heading\">Sessi\u00f3 3<\/h2>\n\n\n\n<p>La Carme Miquel ens va transportar a un m\u00f3n m\u00e0gic ple de transpar\u00e8ncies de colors, tot jugant amb la llum. A partir de la combinaci\u00f3 de pl\u00e0stics de colors i llum, el professorat va experimentar amb acetats de diferents colors i vam veure que a partir de materials ben senzills, podem crear obres d\u2019art.<\/p>\n\n\n\n<div class=\"wp-block-buttons is-layout-flex wp-block-buttons-is-layout-flex\">\n<div class=\"wp-block-button\"><a class=\"wp-block-button__link wp-element-button\" href=\"http:\/\/www.carmemiquel.cat\/\" target=\"_blank\" rel=\"noreferrer noopener\">M\u00e9s informaci\u00f3<\/a><\/div>\n<\/div>\n<\/div>\n\n\n\n<div class=\"wp-block-column is-layout-flow wp-block-column-is-layout-flow\">\n<div class=\"wp-block-cover\"><span aria-hidden=\"true\" class=\"wp-block-cover__background has-background-dim\" style=\"background-color:#6b584f\"><\/span><img loading=\"lazy\" decoding=\"async\" width=\"1600\" height=\"1200\" class=\"wp-block-cover__image-background wp-image-31215\" alt=\"\" src=\"https:\/\/serveiseducatius.xtec.cat\/bages\/wp-content\/uploads\/usu776\/2025\/11\/WhatsApp-Image-2023-11-29-at-09.02.05-3.jpeg\" data-object-fit=\"cover\" srcset=\"https:\/\/serveiseducatius.xtec.cat\/bages\/wp-content\/uploads\/usu776\/2025\/11\/WhatsApp-Image-2023-11-29-at-09.02.05-3.jpeg 1600w, https:\/\/serveiseducatius.xtec.cat\/bages\/wp-content\/uploads\/usu776\/2025\/11\/WhatsApp-Image-2023-11-29-at-09.02.05-3-300x225.jpeg 300w, https:\/\/serveiseducatius.xtec.cat\/bages\/wp-content\/uploads\/usu776\/2025\/11\/WhatsApp-Image-2023-11-29-at-09.02.05-3-1024x768.jpeg 1024w, https:\/\/serveiseducatius.xtec.cat\/bages\/wp-content\/uploads\/usu776\/2025\/11\/WhatsApp-Image-2023-11-29-at-09.02.05-3-768x576.jpeg 768w, https:\/\/serveiseducatius.xtec.cat\/bages\/wp-content\/uploads\/usu776\/2025\/11\/WhatsApp-Image-2023-11-29-at-09.02.05-3-1536x1152.jpeg 1536w\" sizes=\"auto, (max-width: 1600px) 100vw, 1600px\" \/><div class=\"wp-block-cover__inner-container is-layout-constrained wp-block-cover-is-layout-constrained\">\n<p class=\"has-text-align-center has-large-font-size\">Transpar\u00e8ncies. Carme Miquel<\/p>\n<\/div><\/div>\n<\/div>\n<\/div>\n\n\n\n<p><\/p>\n","protected":false},"excerpt":{"rendered":"<p>Tallers Sessi\u00f3 1 On podem trobar llum? On \u00e9s impossible trobar llum?, totes les participants del projecte AMiC d&#8217;enguany han reflexionat al voltant d&#8217;aquestes i d&#8217;altres preguntes relacionades amb la llum. Amb l&#8217;acompanyament del Gabriel Lemkow i els recursos que va aportar, van trobar una estreta relaci\u00f3 entre l&#8217;art i la ci\u00e8ncia. Sessi\u00f3 2 El [&hellip;]<\/p>\n","protected":false},"author":1,"featured_media":31111,"parent":21727,"menu_order":0,"comment_status":"closed","ping_status":"close","template":"","meta":{"_bbp_topic_count":0,"_bbp_reply_count":0,"_bbp_total_topic_count":0,"_bbp_total_reply_count":0,"_bbp_voice_count":0,"_bbp_anonymous_reply_count":0,"_bbp_topic_count_hidden":0,"_bbp_reply_count_hidden":0,"_bbp_forum_subforum_count":0,"site-sidebar-layout":"no-sidebar","site-content-layout":"","ast-site-content-layout":"normal-width-container","site-content-style":"default","site-sidebar-style":"default","ast-global-header-display":"","ast-banner-title-visibility":"","ast-main-header-display":"","ast-hfb-above-header-display":"","ast-hfb-below-header-display":"","ast-hfb-mobile-header-display":"","site-post-title":"","ast-breadcrumbs-content":"","ast-featured-img":"","footer-sml-layout":"","theme-transparent-header-meta":"","adv-header-id-meta":"","stick-header-meta":"","header-above-stick-meta":"","header-main-stick-meta":"","header-below-stick-meta":"","astra-migrate-meta-layouts":"set","ast-page-background-enabled":"default","ast-page-background-meta":{"desktop":{"background-color":"var(--ast-global-color-4)","background-image":"","background-repeat":"repeat","background-position":"center center","background-size":"auto","background-attachment":"scroll","background-type":"","background-media":"","overlay-type":"","overlay-color":"","overlay-opacity":"","overlay-gradient":""},"tablet":{"background-color":"","background-image":"","background-repeat":"repeat","background-position":"center center","background-size":"auto","background-attachment":"scroll","background-type":"","background-media":"","overlay-type":"","overlay-color":"","overlay-opacity":"","overlay-gradient":""},"mobile":{"background-color":"","background-image":"","background-repeat":"repeat","background-position":"center center","background-size":"auto","background-attachment":"scroll","background-type":"","background-media":"","overlay-type":"","overlay-color":"","overlay-opacity":"","overlay-gradient":""}},"ast-content-background-meta":{"desktop":{"background-color":"var(--ast-global-color-5)","background-image":"","background-repeat":"repeat","background-position":"center center","background-size":"auto","background-attachment":"scroll","background-type":"","background-media":"","overlay-type":"","overlay-color":"","overlay-opacity":"","overlay-gradient":""},"tablet":{"background-color":"var(--ast-global-color-5)","background-image":"","background-repeat":"repeat","background-position":"center center","background-size":"auto","background-attachment":"scroll","background-type":"","background-media":"","overlay-type":"","overlay-color":"","overlay-opacity":"","overlay-gradient":""},"mobile":{"background-color":"var(--ast-global-color-5)","background-image":"","background-repeat":"repeat","background-position":"center center","background-size":"auto","background-attachment":"scroll","background-type":"","background-media":"","overlay-type":"","overlay-color":"","overlay-opacity":"","overlay-gradient":""}},"footnotes":""},"class_list":["post-31107","page","type-page","status-publish","has-post-thumbnail","hentry"],"post_mailing_queue_ids":[],"_links":{"self":[{"href":"https:\/\/serveiseducatius.xtec.cat\/bages\/wp-json\/wp\/v2\/pages\/31107","targetHints":{"allow":["GET"]}}],"collection":[{"href":"https:\/\/serveiseducatius.xtec.cat\/bages\/wp-json\/wp\/v2\/pages"}],"about":[{"href":"https:\/\/serveiseducatius.xtec.cat\/bages\/wp-json\/wp\/v2\/types\/page"}],"author":[{"embeddable":true,"href":"https:\/\/serveiseducatius.xtec.cat\/bages\/wp-json\/wp\/v2\/users\/1"}],"replies":[{"embeddable":true,"href":"https:\/\/serveiseducatius.xtec.cat\/bages\/wp-json\/wp\/v2\/comments?post=31107"}],"version-history":[{"count":6,"href":"https:\/\/serveiseducatius.xtec.cat\/bages\/wp-json\/wp\/v2\/pages\/31107\/revisions"}],"predecessor-version":[{"id":31217,"href":"https:\/\/serveiseducatius.xtec.cat\/bages\/wp-json\/wp\/v2\/pages\/31107\/revisions\/31217"}],"up":[{"embeddable":true,"href":"https:\/\/serveiseducatius.xtec.cat\/bages\/wp-json\/wp\/v2\/pages\/21727"}],"wp:featuredmedia":[{"embeddable":true,"href":"https:\/\/serveiseducatius.xtec.cat\/bages\/wp-json\/wp\/v2\/media\/31111"}],"wp:attachment":[{"href":"https:\/\/serveiseducatius.xtec.cat\/bages\/wp-json\/wp\/v2\/media?parent=31107"}],"curies":[{"name":"wp","href":"https:\/\/api.w.org\/{rel}","templated":true}]}}