{"id":31093,"date":"2025-11-05T10:57:12","date_gmt":"2025-11-05T09:57:12","guid":{"rendered":"https:\/\/serveiseducatius.xtec.cat\/bages\/?page_id=31093"},"modified":"2025-11-17T11:41:24","modified_gmt":"2025-11-17T10:41:24","slug":"tallers-amic-24-25","status":"publish","type":"page","link":"https:\/\/serveiseducatius.xtec.cat\/bages\/dinamitzacio\/treballem-lart-amic\/amic-2024-2025\/tallers-amic-24-25\/","title":{"rendered":"Tallers Amic 24-25"},"content":{"rendered":"<figure class=\"wp-block-post-featured-image\"><img loading=\"lazy\" decoding=\"async\" width=\"1200\" height=\"600\" src=\"https:\/\/serveiseducatius.xtec.cat\/bages\/wp-content\/uploads\/usu776\/2025\/11\/IMATGE-DESTACADA-ARTICLES-4.png\" class=\"attachment-post-thumbnail size-post-thumbnail wp-post-image\" alt=\"\" style=\"object-fit:cover;\" srcset=\"https:\/\/serveiseducatius.xtec.cat\/bages\/wp-content\/uploads\/usu776\/2025\/11\/IMATGE-DESTACADA-ARTICLES-4.png 1200w, https:\/\/serveiseducatius.xtec.cat\/bages\/wp-content\/uploads\/usu776\/2025\/11\/IMATGE-DESTACADA-ARTICLES-4-300x150.png 300w, https:\/\/serveiseducatius.xtec.cat\/bages\/wp-content\/uploads\/usu776\/2025\/11\/IMATGE-DESTACADA-ARTICLES-4-1024x512.png 1024w, https:\/\/serveiseducatius.xtec.cat\/bages\/wp-content\/uploads\/usu776\/2025\/11\/IMATGE-DESTACADA-ARTICLES-4-768x384.png 768w\" sizes=\"auto, (max-width: 1200px) 100vw, 1200px\" \/><\/figure>\n\n\n<h2 class=\"wp-block-heading\">Tallers<\/h2>\n\n\n\n<div class=\"wp-block-columns is-layout-flex wp-container-core-columns-is-layout-1 wp-block-columns-is-layout-flex\">\n<div class=\"wp-block-column is-layout-flow wp-block-column-is-layout-flow\">\n<h2 class=\"wp-block-heading\">Sessi\u00f3 1<\/h2>\n\n\n\n<p>Gabriel Lemkow fil\u00f2sof i professor del grau d&#8217;educaci\u00f3 Infantil de la FUB va presentar-nos recursos, materials i idees entorn del concepte \u201cMoviment\u201d que \u00e9s l&#8217;eix del projecte d&#8217;enguany. <\/p>\n\n\n\n<p>Vam acabar la sessi\u00f3 practicant amb diferents materials<\/p>\n\n\n\n<div class=\"wp-block-buttons is-layout-flex wp-block-buttons-is-layout-flex\"><\/div>\n<\/div>\n\n\n\n<div class=\"wp-block-column is-layout-flow wp-block-column-is-layout-flow\">\n<div class=\"wp-block-cover is-light\"><span aria-hidden=\"true\" class=\"wp-block-cover__background has-background-dim\" style=\"background-color:#aca090\"><\/span><img loading=\"lazy\" decoding=\"async\" width=\"300\" height=\"103\" class=\"wp-block-cover__image-background wp-image-31101\" alt=\"\" src=\"https:\/\/serveiseducatius.xtec.cat\/bages\/wp-content\/uploads\/usu776\/2025\/11\/1-2-300x103-1.png\" data-object-fit=\"cover\"\/><div class=\"wp-block-cover__inner-container is-layout-constrained wp-block-cover-is-layout-constrained\">\n<p class=\"has-text-align-center has-large-font-size\">Gabriel Lemkow<\/p>\n<\/div><\/div>\n<\/div>\n<\/div>\n\n\n\n<div class=\"wp-block-columns is-layout-flex wp-container-core-columns-is-layout-2 wp-block-columns-is-layout-flex\">\n<div class=\"wp-block-column is-layout-flow wp-block-column-is-layout-flow\">\n<h2 class=\"wp-block-heading\">Sessi\u00f3 2<\/h2>\n\n\n\n<p>El segon taller de la formaci\u00f3 va anar a c\u00e0rrec de l\u2019Oriol Segon que va saber crear espai on recon\u00e8ixer els nostres moviments interns connectant amb una font de creativitat i intel\u00b7lig\u00e8ncia intu\u00eftiva que ja \u00e9s dins nostre.&nbsp;Vam experimentar amb els nostres moviments ocupant l\u2019espai amb diferents velocitats.<\/p>\n\n\n\n<p>Vam fer un treball de cura i confian\u00e7a deixant-nos guiar per la nostra parella, tot gaudint d\u2019una experi\u00e8ncia sensorial d\u2019all\u00f2 m\u00e9s agradable. Tamb\u00e9 vam fer un viatge introspectiu que va culminar amb la creaci\u00f3 d\u2019una m\u00e0scara i els moviments que ens suggeria.<\/p>\n\n\n\n<p><\/p>\n\n\n\n<div class=\"wp-block-buttons is-layout-flex wp-block-buttons-is-layout-flex\">\n<div class=\"wp-block-button\"><a class=\"wp-block-button__link wp-element-button\" href=\"https:\/\/www.goita.art\/\">m\u00e9s informaci\u00f3<\/a><\/div>\n<\/div>\n<\/div>\n\n\n\n<div class=\"wp-block-column is-layout-flow wp-block-column-is-layout-flow\">\n<div class=\"wp-block-cover\"><span aria-hidden=\"true\" class=\"wp-block-cover__background has-background-dim\" style=\"background-color:#312995\"><\/span><img loading=\"lazy\" decoding=\"async\" width=\"1663\" height=\"748\" class=\"wp-block-cover__image-background wp-image-25052\" alt=\"\" src=\"https:\/\/serveiseducatius.xtec.cat\/bages\/wp-content\/uploads\/usu776\/2024\/11\/WhatsApp-Image-2024-10-24-at-09.05.20-4-2.jpeg\" data-object-fit=\"cover\" srcset=\"https:\/\/serveiseducatius.xtec.cat\/bages\/wp-content\/uploads\/usu776\/2024\/11\/WhatsApp-Image-2024-10-24-at-09.05.20-4-2.jpeg 1663w, https:\/\/serveiseducatius.xtec.cat\/bages\/wp-content\/uploads\/usu776\/2024\/11\/WhatsApp-Image-2024-10-24-at-09.05.20-4-2-300x135.jpeg 300w, https:\/\/serveiseducatius.xtec.cat\/bages\/wp-content\/uploads\/usu776\/2024\/11\/WhatsApp-Image-2024-10-24-at-09.05.20-4-2-1024x461.jpeg 1024w, https:\/\/serveiseducatius.xtec.cat\/bages\/wp-content\/uploads\/usu776\/2024\/11\/WhatsApp-Image-2024-10-24-at-09.05.20-4-2-768x345.jpeg 768w, https:\/\/serveiseducatius.xtec.cat\/bages\/wp-content\/uploads\/usu776\/2024\/11\/WhatsApp-Image-2024-10-24-at-09.05.20-4-2-1536x691.jpeg 1536w\" sizes=\"auto, (max-width: 1663px) 100vw, 1663px\" \/><div class=\"wp-block-cover__inner-container is-layout-constrained wp-block-cover-is-layout-constrained\">\n<p class=\"has-text-align-center has-large-font-size\">Foc Creatiu- Flow<\/p>\n<\/div><\/div>\n<\/div>\n<\/div>\n\n\n\n<div class=\"wp-block-columns is-layout-flex wp-container-core-columns-is-layout-3 wp-block-columns-is-layout-flex\">\n<div class=\"wp-block-column is-layout-flow wp-block-column-is-layout-flow\">\n<h2 class=\"wp-block-heading\">Sessi\u00f3 3<\/h2>\n\n\n\n<p><p>Amb la Maria Ribera, vam jugar amb el moviment per comprovar les infinites possibilitats que ofereix el nostre cos. Seguint el ritme de la m\u00fasica ens vam desinhibir i vam crear formes, dibuixos i sanefes en l&#8217;aire. Vam fer una exploraci\u00f3 dels diferents\u00a0 recursos que ofereix el moviment corporal seguint una melodia.<\/p><\/p>\n\n\n\n<p><p>Vam aprendre que hi ha una m\u00fasica determinada que ens permet tota aquesta exploraci\u00f3, un exemple \u00e9s la dels compositors: Ezio Bosso, Ludovico Einaudi, Ren\u00e9 Aubry, Phillip Glass o \u00d3lafur Arnalds.<\/p><\/p>\n<\/div>\n\n\n\n<div class=\"wp-block-column is-layout-flow wp-block-column-is-layout-flow\">\n<div class=\"wp-block-cover is-light\"><span aria-hidden=\"true\" class=\"wp-block-cover__background has-background-dim\" style=\"background-color:#969088\"><\/span><img loading=\"lazy\" decoding=\"async\" width=\"2020\" height=\"512\" class=\"wp-block-cover__image-background wp-image-31099\" alt=\"\" src=\"https:\/\/serveiseducatius.xtec.cat\/bages\/wp-content\/uploads\/usu776\/2025\/11\/Amic-2.png\" data-object-fit=\"cover\" srcset=\"https:\/\/serveiseducatius.xtec.cat\/bages\/wp-content\/uploads\/usu776\/2025\/11\/Amic-2.png 2020w, https:\/\/serveiseducatius.xtec.cat\/bages\/wp-content\/uploads\/usu776\/2025\/11\/Amic-2-300x76.png 300w, https:\/\/serveiseducatius.xtec.cat\/bages\/wp-content\/uploads\/usu776\/2025\/11\/Amic-2-1024x260.png 1024w, https:\/\/serveiseducatius.xtec.cat\/bages\/wp-content\/uploads\/usu776\/2025\/11\/Amic-2-768x195.png 768w, https:\/\/serveiseducatius.xtec.cat\/bages\/wp-content\/uploads\/usu776\/2025\/11\/Amic-2-1536x389.png 1536w\" sizes=\"auto, (max-width: 2020px) 100vw, 2020px\" \/><div class=\"wp-block-cover__inner-container is-layout-constrained wp-block-cover-is-layout-constrained\">\n<p class=\"has-text-align-center has-large-font-size\">Cos i moviment<\/p>\n<\/div><\/div>\n<\/div>\n<\/div>\n","protected":false},"excerpt":{"rendered":"<p>Tallers Sessi\u00f3 1 Gabriel Lemkow fil\u00f2sof i professor del grau d&#8217;educaci\u00f3 Infantil de la FUB va presentar-nos recursos, materials i idees entorn del concepte \u201cMoviment\u201d que \u00e9s l&#8217;eix del projecte d&#8217;enguany. Vam acabar la sessi\u00f3 practicant amb diferents materials Sessi\u00f3 2 El segon taller de la formaci\u00f3 va anar a c\u00e0rrec de l\u2019Oriol Segon que [&hellip;]<\/p>\n","protected":false},"author":1,"featured_media":31066,"parent":23874,"menu_order":0,"comment_status":"closed","ping_status":"close","template":"","meta":{"_bbp_topic_count":0,"_bbp_reply_count":0,"_bbp_total_topic_count":0,"_bbp_total_reply_count":0,"_bbp_voice_count":0,"_bbp_anonymous_reply_count":0,"_bbp_topic_count_hidden":0,"_bbp_reply_count_hidden":0,"_bbp_forum_subforum_count":0,"site-sidebar-layout":"no-sidebar","site-content-layout":"","ast-site-content-layout":"normal-width-container","site-content-style":"default","site-sidebar-style":"default","ast-global-header-display":"","ast-banner-title-visibility":"","ast-main-header-display":"","ast-hfb-above-header-display":"","ast-hfb-below-header-display":"","ast-hfb-mobile-header-display":"","site-post-title":"","ast-breadcrumbs-content":"","ast-featured-img":"","footer-sml-layout":"","theme-transparent-header-meta":"","adv-header-id-meta":"","stick-header-meta":"","header-above-stick-meta":"","header-main-stick-meta":"","header-below-stick-meta":"","astra-migrate-meta-layouts":"set","ast-page-background-enabled":"default","ast-page-background-meta":{"desktop":{"background-color":"var(--ast-global-color-4)","background-image":"","background-repeat":"repeat","background-position":"center center","background-size":"auto","background-attachment":"scroll","background-type":"","background-media":"","overlay-type":"","overlay-color":"","overlay-opacity":"","overlay-gradient":""},"tablet":{"background-color":"","background-image":"","background-repeat":"repeat","background-position":"center center","background-size":"auto","background-attachment":"scroll","background-type":"","background-media":"","overlay-type":"","overlay-color":"","overlay-opacity":"","overlay-gradient":""},"mobile":{"background-color":"","background-image":"","background-repeat":"repeat","background-position":"center center","background-size":"auto","background-attachment":"scroll","background-type":"","background-media":"","overlay-type":"","overlay-color":"","overlay-opacity":"","overlay-gradient":""}},"ast-content-background-meta":{"desktop":{"background-color":"var(--ast-global-color-5)","background-image":"","background-repeat":"repeat","background-position":"center center","background-size":"auto","background-attachment":"scroll","background-type":"","background-media":"","overlay-type":"","overlay-color":"","overlay-opacity":"","overlay-gradient":""},"tablet":{"background-color":"var(--ast-global-color-5)","background-image":"","background-repeat":"repeat","background-position":"center center","background-size":"auto","background-attachment":"scroll","background-type":"","background-media":"","overlay-type":"","overlay-color":"","overlay-opacity":"","overlay-gradient":""},"mobile":{"background-color":"var(--ast-global-color-5)","background-image":"","background-repeat":"repeat","background-position":"center center","background-size":"auto","background-attachment":"scroll","background-type":"","background-media":"","overlay-type":"","overlay-color":"","overlay-opacity":"","overlay-gradient":""}},"footnotes":""},"class_list":["post-31093","page","type-page","status-publish","has-post-thumbnail","hentry"],"post_mailing_queue_ids":[],"_links":{"self":[{"href":"https:\/\/serveiseducatius.xtec.cat\/bages\/wp-json\/wp\/v2\/pages\/31093","targetHints":{"allow":["GET"]}}],"collection":[{"href":"https:\/\/serveiseducatius.xtec.cat\/bages\/wp-json\/wp\/v2\/pages"}],"about":[{"href":"https:\/\/serveiseducatius.xtec.cat\/bages\/wp-json\/wp\/v2\/types\/page"}],"author":[{"embeddable":true,"href":"https:\/\/serveiseducatius.xtec.cat\/bages\/wp-json\/wp\/v2\/users\/1"}],"replies":[{"embeddable":true,"href":"https:\/\/serveiseducatius.xtec.cat\/bages\/wp-json\/wp\/v2\/comments?post=31093"}],"version-history":[{"count":6,"href":"https:\/\/serveiseducatius.xtec.cat\/bages\/wp-json\/wp\/v2\/pages\/31093\/revisions"}],"predecessor-version":[{"id":31313,"href":"https:\/\/serveiseducatius.xtec.cat\/bages\/wp-json\/wp\/v2\/pages\/31093\/revisions\/31313"}],"up":[{"embeddable":true,"href":"https:\/\/serveiseducatius.xtec.cat\/bages\/wp-json\/wp\/v2\/pages\/23874"}],"wp:featuredmedia":[{"embeddable":true,"href":"https:\/\/serveiseducatius.xtec.cat\/bages\/wp-json\/wp\/v2\/media\/31066"}],"wp:attachment":[{"href":"https:\/\/serveiseducatius.xtec.cat\/bages\/wp-json\/wp\/v2\/media?parent=31093"}],"curies":[{"name":"wp","href":"https:\/\/api.w.org\/{rel}","templated":true}]}}