{"id":31081,"date":"2025-11-05T10:42:21","date_gmt":"2025-11-05T09:42:21","guid":{"rendered":"https:\/\/serveiseducatius.xtec.cat\/bages\/?page_id=31081"},"modified":"2025-11-11T11:45:13","modified_gmt":"2025-11-11T10:45:13","slug":"tallers-amic-25-26","status":"publish","type":"page","link":"https:\/\/serveiseducatius.xtec.cat\/bages\/dinamitzacio\/treballem-lart-amic\/amic-2025-2026\/tallers-amic-25-26\/","title":{"rendered":"Tallers Amic 25-26"},"content":{"rendered":"<figure class=\"wp-block-post-featured-image\"><img loading=\"lazy\" decoding=\"async\" width=\"1200\" height=\"600\" src=\"https:\/\/serveiseducatius.xtec.cat\/bages\/wp-content\/uploads\/usu776\/2025\/11\/IMATGE-DESTACADA-ARTICLES-3.png\" class=\"attachment-post-thumbnail size-post-thumbnail wp-post-image\" alt=\"\" style=\"object-fit:cover;\" srcset=\"https:\/\/serveiseducatius.xtec.cat\/bages\/wp-content\/uploads\/usu776\/2025\/11\/IMATGE-DESTACADA-ARTICLES-3.png 1200w, https:\/\/serveiseducatius.xtec.cat\/bages\/wp-content\/uploads\/usu776\/2025\/11\/IMATGE-DESTACADA-ARTICLES-3-300x150.png 300w, https:\/\/serveiseducatius.xtec.cat\/bages\/wp-content\/uploads\/usu776\/2025\/11\/IMATGE-DESTACADA-ARTICLES-3-1024x512.png 1024w, https:\/\/serveiseducatius.xtec.cat\/bages\/wp-content\/uploads\/usu776\/2025\/11\/IMATGE-DESTACADA-ARTICLES-3-768x384.png 768w\" sizes=\"auto, (max-width: 1200px) 100vw, 1200px\" \/><\/figure>\n\n\n<h2 class=\"wp-block-heading\">Tallers<\/h2>\n\n\n\n<div class=\"wp-block-columns is-layout-flex wp-container-core-columns-is-layout-1 wp-block-columns-is-layout-flex\">\n<div class=\"wp-block-column is-layout-flow wp-block-column-is-layout-flow\">\n<h2 class=\"wp-block-heading\">Sessi\u00f3 1<\/h2>\n\n\n\n<p>Taller te\u00f2ric i pr\u00e0ctic amb el Gabriel Lemkow que ens va endinsar en el concepte del refugi. Ens vam adonar de les infinites possibilitats que ens suggereix aquesta paraula. <\/p>\n\n\n\n<p>Pensem que m\u00e9s que mai, amb les realitats tan diverses que ens trobem a les aules, necessitem que l\u2019escola sigui aquest refugi: un espai que ens acull, ens cuida i ens impulsa a somiar m\u00e9s enll\u00e0 de les nostres realitats.<br><\/p>\n\n\n\n<div class=\"wp-block-buttons is-layout-flex wp-block-buttons-is-layout-flex\">\n<div class=\"wp-block-button\"><a class=\"wp-block-button__link wp-element-button\" href=\"https:\/\/drive.google.com\/file\/d\/1FU0ar1QnYuQFoqu0H8HaI09vRjZ_Wk0X\/view?usp=sharing\" target=\"_blank\" rel=\"noreferrer noopener\">Presentaci\u00f3<\/a><\/div>\n<\/div>\n\n\n\n<div class=\"wp-block-buttons is-layout-flex wp-block-buttons-is-layout-flex\">\n<div class=\"wp-block-button\"><a class=\"wp-block-button__link wp-element-button\" href=\"https:\/\/drive.google.com\/file\/d\/146hCxlxzceDy3X9zukrUbZt65Jm5ojFa\/view?usp=sharing\" target=\"_blank\" rel=\"noreferrer noopener\">Recursos<\/a><\/div>\n<\/div>\n<\/div>\n\n\n\n<div class=\"wp-block-column is-layout-flow wp-block-column-is-layout-flow\">\n<div class=\"wp-block-cover is-light\"><span aria-hidden=\"true\" class=\"wp-block-cover__background has-background-dim\" style=\"background-color:#a3a89b\"><\/span><img loading=\"lazy\" decoding=\"async\" width=\"1200\" height=\"1600\" class=\"wp-block-cover__image-background wp-image-31220\" alt=\"\" src=\"https:\/\/serveiseducatius.xtec.cat\/bages\/wp-content\/uploads\/usu776\/2025\/11\/5426aad3-e9c0-4e00-84ed-20416d7384bf.jpg\" data-object-fit=\"cover\" srcset=\"https:\/\/serveiseducatius.xtec.cat\/bages\/wp-content\/uploads\/usu776\/2025\/11\/5426aad3-e9c0-4e00-84ed-20416d7384bf.jpg 1200w, https:\/\/serveiseducatius.xtec.cat\/bages\/wp-content\/uploads\/usu776\/2025\/11\/5426aad3-e9c0-4e00-84ed-20416d7384bf-225x300.jpg 225w, https:\/\/serveiseducatius.xtec.cat\/bages\/wp-content\/uploads\/usu776\/2025\/11\/5426aad3-e9c0-4e00-84ed-20416d7384bf-768x1024.jpg 768w, https:\/\/serveiseducatius.xtec.cat\/bages\/wp-content\/uploads\/usu776\/2025\/11\/5426aad3-e9c0-4e00-84ed-20416d7384bf-1152x1536.jpg 1152w\" sizes=\"auto, (max-width: 1200px) 100vw, 1200px\" \/><div class=\"wp-block-cover__inner-container is-layout-constrained wp-block-cover-is-layout-constrained\">\n<p class=\"has-text-align-center has-white-color has-text-color has-link-color has-large-font-size wp-elements-370a2af6a535e78eab5c398bc3d05ce9\">Sobre refugis&#8230;<\/p>\n<\/div><\/div>\n<\/div>\n<\/div>\n\n\n\n<div class=\"wp-block-columns is-layout-flex wp-container-core-columns-is-layout-2 wp-block-columns-is-layout-flex\">\n<div class=\"wp-block-column is-layout-flow wp-block-column-is-layout-flow\">\n<h2 class=\"wp-block-heading\">Sessi\u00f3 2<\/h2>\n\n\n\n<p>En aquest taller hem apr\u00e8s que un refugi tamb\u00e9 es construeix amb les mans. Guiats per l\u2019artista Joan Vilageliu, hem experimentat amb el v\u00edmet com a material viu: flexible, senzill i proper a la terra. Teixir-lo ens ha convidat a parar, escoltar el ritme de les mans i descobrir que, mentre an\u00e0vem creant formes, tamb\u00e9 est\u00e0vem creant espai: un espai de calma, de conversa i de connexi\u00f3.<\/p>\n\n\n\n<p>Cada branca entrella\u00e7ada era un gest de cura. Un petit refugi.<\/p>\n\n\n\n<div class=\"wp-block-buttons is-layout-flex wp-block-buttons-is-layout-flex\">\n<div class=\"wp-block-button\"><a class=\"wp-block-button__link wp-element-button\" href=\"https:\/\/www.instagram.com\/calcarboner\/\" target=\"_blank\" rel=\"noreferrer noopener\">M\u00e9s informaci\u00f3<\/a><\/div>\n<\/div>\n<\/div>\n\n\n\n<div class=\"wp-block-column is-layout-flow wp-block-column-is-layout-flow\">\n<div class=\"wp-block-cover is-light\"><span aria-hidden=\"true\" class=\"wp-block-cover__background has-background-dim\" style=\"background-color:#908a7f\"><\/span><img loading=\"lazy\" decoding=\"async\" width=\"1200\" height=\"1600\" class=\"wp-block-cover__image-background wp-image-31271\" alt=\"\" src=\"https:\/\/serveiseducatius.xtec.cat\/bages\/wp-content\/uploads\/usu776\/2025\/11\/4f4d9352-b740-46da-86d5-3c09f075cfeb.jpg\" data-object-fit=\"cover\" srcset=\"https:\/\/serveiseducatius.xtec.cat\/bages\/wp-content\/uploads\/usu776\/2025\/11\/4f4d9352-b740-46da-86d5-3c09f075cfeb.jpg 1200w, https:\/\/serveiseducatius.xtec.cat\/bages\/wp-content\/uploads\/usu776\/2025\/11\/4f4d9352-b740-46da-86d5-3c09f075cfeb-225x300.jpg 225w, https:\/\/serveiseducatius.xtec.cat\/bages\/wp-content\/uploads\/usu776\/2025\/11\/4f4d9352-b740-46da-86d5-3c09f075cfeb-768x1024.jpg 768w, https:\/\/serveiseducatius.xtec.cat\/bages\/wp-content\/uploads\/usu776\/2025\/11\/4f4d9352-b740-46da-86d5-3c09f075cfeb-1152x1536.jpg 1152w\" sizes=\"auto, (max-width: 1200px) 100vw, 1200px\" \/><div class=\"wp-block-cover__inner-container is-layout-constrained wp-block-cover-is-layout-constrained\">\n<p class=\"has-text-align-center has-white-color has-text-color has-link-color has-large-font-size wp-elements-c449c36fc9c76768e74dfa44ac6fea3a\">Taller de cistelleria<\/p>\n<\/div><\/div>\n<\/div>\n<\/div>\n\n\n\n<div class=\"wp-block-columns is-layout-flex wp-container-core-columns-is-layout-3 wp-block-columns-is-layout-flex\">\n<div class=\"wp-block-column is-layout-flow wp-block-column-is-layout-flow\">\n<h2 class=\"wp-block-heading\">Sessi\u00f3 3<\/h2>\n\n\n\n<p>Entrar al refugi antiaeri \u00e9s travessar un llindar: del soroll a la quietud, de la superf\u00edcie a l\u2019interior, de la pressa a la mem\u00f2ria. En aquest espai subterrani, constru\u00eft per protegir vides, descobrim la for\u00e7a invisible d\u2019all\u00f2 que no es veu: la por, l\u2019esperan\u00e7a, la resist\u00e8ncia. Escoltem el silenci i aprenem que un refugi no \u00e9s nom\u00e9s un lloc f\u00edsic, sin\u00f3 tamb\u00e9 un espai simb\u00f2lic que acull, sost\u00e9 i dona aire. Sortim del refugi amb els ulls plens d\u2019hist\u00f2ria, i amb la certesa que l\u2019art pot transformar aquesta mem\u00f2ria en mirada cr\u00edtica i en futur compartit.<\/p>\n\n\n\n<div class=\"wp-block-buttons is-layout-flex wp-block-buttons-is-layout-flex\">\n<div class=\"wp-block-button\"><a class=\"wp-block-button__link wp-element-button\" href=\"https:\/\/drive.google.com\/file\/d\/1IcZNG8zIL0c-EhBNmzkcrV_vwm1FpHJg\/view?usp=sharing\" target=\"_blank\" rel=\"noreferrer noopener\">Recursos<\/a><\/div>\n<\/div>\n<\/div>\n\n\n\n<div class=\"wp-block-column is-layout-flow wp-block-column-is-layout-flow\">\n<div class=\"wp-block-cover\"><span aria-hidden=\"true\" class=\"wp-block-cover__background has-background-dim\" style=\"background-color:#8a7b69\"><\/span><img loading=\"lazy\" decoding=\"async\" width=\"1200\" height=\"1600\" class=\"wp-block-cover__image-background wp-image-31276\" alt=\"\" src=\"https:\/\/serveiseducatius.xtec.cat\/bages\/wp-content\/uploads\/usu776\/2025\/11\/Amic.-25-26.jpg\" data-object-fit=\"cover\" srcset=\"https:\/\/serveiseducatius.xtec.cat\/bages\/wp-content\/uploads\/usu776\/2025\/11\/Amic.-25-26.jpg 1200w, https:\/\/serveiseducatius.xtec.cat\/bages\/wp-content\/uploads\/usu776\/2025\/11\/Amic.-25-26-225x300.jpg 225w, https:\/\/serveiseducatius.xtec.cat\/bages\/wp-content\/uploads\/usu776\/2025\/11\/Amic.-25-26-768x1024.jpg 768w, https:\/\/serveiseducatius.xtec.cat\/bages\/wp-content\/uploads\/usu776\/2025\/11\/Amic.-25-26-1152x1536.jpg 1152w\" sizes=\"auto, (max-width: 1200px) 100vw, 1200px\" \/><div class=\"wp-block-cover__inner-container is-layout-constrained wp-block-cover-is-layout-constrained\">\n<p class=\"has-text-align-center has-black-color has-text-color has-link-color has-large-font-size wp-elements-92a625df55f2c49906482dbe65f14207\">Refugi de mem\u00f2ria<\/p>\n\n\n\n<p><\/p>\n<\/div><\/div>\n<\/div>\n<\/div>\n\n\n\n<p><\/p>\n","protected":false},"excerpt":{"rendered":"<p>Tallers Sessi\u00f3 1 Taller te\u00f2ric i pr\u00e0ctic amb el Gabriel Lemkow que ens va endinsar en el concepte del refugi. Ens vam adonar de les infinites possibilitats que ens suggereix aquesta paraula. Pensem que m\u00e9s que mai, amb les realitats tan diverses que ens trobem a les aules, necessitem que l\u2019escola sigui aquest refugi: un [&hellip;]<\/p>\n","protected":false},"author":1,"featured_media":31073,"parent":30710,"menu_order":0,"comment_status":"closed","ping_status":"close","template":"","meta":{"_bbp_topic_count":0,"_bbp_reply_count":0,"_bbp_total_topic_count":0,"_bbp_total_reply_count":0,"_bbp_voice_count":0,"_bbp_anonymous_reply_count":0,"_bbp_topic_count_hidden":0,"_bbp_reply_count_hidden":0,"_bbp_forum_subforum_count":0,"site-sidebar-layout":"no-sidebar","site-content-layout":"","ast-site-content-layout":"normal-width-container","site-content-style":"default","site-sidebar-style":"default","ast-global-header-display":"","ast-banner-title-visibility":"","ast-main-header-display":"","ast-hfb-above-header-display":"","ast-hfb-below-header-display":"","ast-hfb-mobile-header-display":"","site-post-title":"","ast-breadcrumbs-content":"","ast-featured-img":"","footer-sml-layout":"","theme-transparent-header-meta":"","adv-header-id-meta":"","stick-header-meta":"","header-above-stick-meta":"","header-main-stick-meta":"","header-below-stick-meta":"","astra-migrate-meta-layouts":"set","ast-page-background-enabled":"default","ast-page-background-meta":{"desktop":{"background-color":"var(--ast-global-color-4)","background-image":"","background-repeat":"repeat","background-position":"center center","background-size":"auto","background-attachment":"scroll","background-type":"","background-media":"","overlay-type":"","overlay-color":"","overlay-opacity":"","overlay-gradient":""},"tablet":{"background-color":"","background-image":"","background-repeat":"repeat","background-position":"center center","background-size":"auto","background-attachment":"scroll","background-type":"","background-media":"","overlay-type":"","overlay-color":"","overlay-opacity":"","overlay-gradient":""},"mobile":{"background-color":"","background-image":"","background-repeat":"repeat","background-position":"center center","background-size":"auto","background-attachment":"scroll","background-type":"","background-media":"","overlay-type":"","overlay-color":"","overlay-opacity":"","overlay-gradient":""}},"ast-content-background-meta":{"desktop":{"background-color":"var(--ast-global-color-5)","background-image":"","background-repeat":"repeat","background-position":"center center","background-size":"auto","background-attachment":"scroll","background-type":"","background-media":"","overlay-type":"","overlay-color":"","overlay-opacity":"","overlay-gradient":""},"tablet":{"background-color":"var(--ast-global-color-5)","background-image":"","background-repeat":"repeat","background-position":"center center","background-size":"auto","background-attachment":"scroll","background-type":"","background-media":"","overlay-type":"","overlay-color":"","overlay-opacity":"","overlay-gradient":""},"mobile":{"background-color":"var(--ast-global-color-5)","background-image":"","background-repeat":"repeat","background-position":"center center","background-size":"auto","background-attachment":"scroll","background-type":"","background-media":"","overlay-type":"","overlay-color":"","overlay-opacity":"","overlay-gradient":""}},"footnotes":""},"class_list":["post-31081","page","type-page","status-publish","has-post-thumbnail","hentry"],"post_mailing_queue_ids":[],"_links":{"self":[{"href":"https:\/\/serveiseducatius.xtec.cat\/bages\/wp-json\/wp\/v2\/pages\/31081","targetHints":{"allow":["GET"]}}],"collection":[{"href":"https:\/\/serveiseducatius.xtec.cat\/bages\/wp-json\/wp\/v2\/pages"}],"about":[{"href":"https:\/\/serveiseducatius.xtec.cat\/bages\/wp-json\/wp\/v2\/types\/page"}],"author":[{"embeddable":true,"href":"https:\/\/serveiseducatius.xtec.cat\/bages\/wp-json\/wp\/v2\/users\/1"}],"replies":[{"embeddable":true,"href":"https:\/\/serveiseducatius.xtec.cat\/bages\/wp-json\/wp\/v2\/comments?post=31081"}],"version-history":[{"count":6,"href":"https:\/\/serveiseducatius.xtec.cat\/bages\/wp-json\/wp\/v2\/pages\/31081\/revisions"}],"predecessor-version":[{"id":31279,"href":"https:\/\/serveiseducatius.xtec.cat\/bages\/wp-json\/wp\/v2\/pages\/31081\/revisions\/31279"}],"up":[{"embeddable":true,"href":"https:\/\/serveiseducatius.xtec.cat\/bages\/wp-json\/wp\/v2\/pages\/30710"}],"wp:featuredmedia":[{"embeddable":true,"href":"https:\/\/serveiseducatius.xtec.cat\/bages\/wp-json\/wp\/v2\/media\/31073"}],"wp:attachment":[{"href":"https:\/\/serveiseducatius.xtec.cat\/bages\/wp-json\/wp\/v2\/media?parent=31081"}],"curies":[{"name":"wp","href":"https:\/\/api.w.org\/{rel}","templated":true}]}}