{"id":30725,"date":"2025-10-10T12:40:01","date_gmt":"2025-10-10T10:40:01","guid":{"rendered":"https:\/\/serveiseducatius.xtec.cat\/bages\/?page_id=30725"},"modified":"2025-10-16T13:49:10","modified_gmt":"2025-10-16T11:49:10","slug":"subxarxa-de-coordinacio-digital-de-centre","status":"publish","type":"page","link":"https:\/\/serveiseducatius.xtec.cat\/bages\/dinamitzacio\/subxarxa-de-coordinacio-digital-de-centre\/","title":{"rendered":"Subxarxa de coordinaci\u00f3 digital de centre"},"content":{"rendered":"<figure class=\"wp-block-post-featured-image\"><img loading=\"lazy\" decoding=\"async\" width=\"1200\" height=\"600\" src=\"https:\/\/serveiseducatius.xtec.cat\/bages\/wp-content\/uploads\/usu776\/2025\/10\/IMATGE-DESTACADA-ARTICLES-1-3.png\" class=\"attachment-post-thumbnail size-post-thumbnail wp-post-image\" alt=\"\" style=\"object-fit:cover;\" srcset=\"https:\/\/serveiseducatius.xtec.cat\/bages\/wp-content\/uploads\/usu776\/2025\/10\/IMATGE-DESTACADA-ARTICLES-1-3.png 1200w, https:\/\/serveiseducatius.xtec.cat\/bages\/wp-content\/uploads\/usu776\/2025\/10\/IMATGE-DESTACADA-ARTICLES-1-3-300x150.png 300w, https:\/\/serveiseducatius.xtec.cat\/bages\/wp-content\/uploads\/usu776\/2025\/10\/IMATGE-DESTACADA-ARTICLES-1-3-1024x512.png 1024w, https:\/\/serveiseducatius.xtec.cat\/bages\/wp-content\/uploads\/usu776\/2025\/10\/IMATGE-DESTACADA-ARTICLES-1-3-768x384.png 768w\" sizes=\"auto, (max-width: 1200px) 100vw, 1200px\" \/><\/figure>\n\n\n<h2 class=\"wp-block-heading\">Subxarxa de coordinaci\u00f3 digital de centre<\/h2>\n\n\n\n<div class=\"wp-block-columns is-layout-flex wp-container-core-columns-is-layout-1 wp-block-columns-is-layout-flex\">\n<div class=\"wp-block-column is-layout-flow wp-block-column-is-layout-flow\" style=\"flex-basis:33.33%\">\n<h2 class=\"wp-block-heading\">Qu\u00e8 \u00e9s?<\/h2>\n<\/div>\n\n\n\n<div class=\"wp-block-column is-layout-flow wp-block-column-is-layout-flow\" style=\"flex-basis:66.66%\">\n<p>La <strong>Subxarxa de Coordinaci\u00f3 Digital<\/strong> \u00e9s l\u2019espai col\u00b7laboratiu del territori on referents digitals dels centres educatius i l\u2019equip del <strong>CRP del Bages<\/strong> comparteixen criteris, recursos i bones pr\u00e0ctiques per impulsar la compet\u00e8ncia digital, l\u2019\u00fas pedag\u00f2gic de la tecnologia i la gesti\u00f3 d\u2019eines digitals als centres.<\/p>\n<\/div>\n<\/div>\n\n\n\n<div class=\"wp-block-columns is-layout-flex wp-container-core-columns-is-layout-2 wp-block-columns-is-layout-flex\">\n<div class=\"wp-block-column is-layout-flow wp-block-column-is-layout-flow\" style=\"flex-basis:33.33%\">\n<h2 class=\"wp-block-heading\">Calendari<\/h2>\n<\/div>\n\n\n\n<div class=\"wp-block-column is-layout-flow wp-block-column-is-layout-flow\" style=\"flex-basis:66.66%\">\n<ul class=\"wp-block-list\">\n<li>18\/09\/25 webinar presentaci\u00f3<\/li>\n\n\n\n<li>20\/10\/2025 <a href=\"https:\/\/meet.google.com\/pni-istc-hvy\">territorial 1<\/a> <a href=\"https:\/\/docs.google.com\/document\/d\/1GogSyeJYNXgcS6YWP7gpomXSR-_dkzZ1GKZ4euN05sM\/edit?usp=sharing\" target=\"_blank\" rel=\"noreferrer noopener\">Ordre del dia<\/a><\/li>\n\n\n\n<li>13\/11\/25 webinar<\/li>\n\n\n\n<li>01\/12\/2025 <a href=\"https:\/\/meet.google.com\/pni-istc-hvy\">territorial 2<\/a><\/li>\n\n\n\n<li>29\/01\/26 webinar<\/li>\n\n\n\n<li>16\/02\/2026 <a href=\"https:\/\/meet.google.com\/pni-istc-hvy\">territorial 3<\/a><\/li>\n\n\n\n<li>12\/03\/26 webinar<\/li>\n\n\n\n<li>13\/04\/2026 <a href=\"https:\/\/meet.google.com\/pni-istc-hvy\">territorial 4<\/a><\/li>\n\n\n\n<li>14\/05\/26 webinar<\/li>\n\n\n\n<li>a determinar amb els coordinadors Territorial 5<\/li>\n<\/ul>\n<\/div>\n<\/div>\n\n\n\n<div class=\"wp-block-columns is-layout-flex wp-container-core-columns-is-layout-4 wp-block-columns-is-layout-flex\">\n<div class=\"wp-block-column is-layout-flow wp-block-column-is-layout-flow\" style=\"flex-basis:33.33%\">\n<h2 class=\"wp-block-heading\">Centres participants<\/h2>\n<\/div>\n\n\n\n<div class=\"wp-block-column is-layout-flow wp-block-column-is-layout-flow\" style=\"flex-basis:66.66%\">\n<div class=\"wp-block-columns is-layout-flex wp-container-core-columns-is-layout-3 wp-block-columns-is-layout-flex\">\n<div class=\"wp-block-column is-layout-flow wp-block-column-is-layout-flow\">\n<details class=\"wp-block-details is-layout-flow wp-block-details-is-layout-flow\"><summary>61 centres participants<\/summary>\n<p><a href=\"https:\/\/agora.xtec.cat\/escfonollosa\/\">ESC Agrupaci\u00f3 Sant Jordi (Fonollosa)<br><\/a><a href=\"https:\/\/agora.xtec.cat\/esc-altasegarra-calaf\/\">ESC Alta Segarra (Calaf)<\/a><br><a href=\"http:\/\/agora.xtec.cat\/escolametllers\/\">ESC Ametllers (Sant Joan de Vilatorrada)<br><\/a><a href=\"https:\/\/agora.xtec.cat\/ceip-bages\/\">ESC Bages (Manresa)<br><\/a><a href=\"https:\/\/agora.xtec.cat\/ceipcollbaix\/\">ESC Collbaix (Sant Joan de Vilatorrada)<br><\/a><a href=\"https:\/\/agora.xtec.cat\/ceipdoctorferrer\/\">ESC Doctor Ferrer (Art\u00e9s)<\/a><br><a href=\"https:\/\/agora.xtec.cat\/zergavarresa\/categoria\/escola-els-roures\/\">ESC Els Roures &#8211; ZER Gavarresa (Sant Feliu Sasserra)<br><\/a><a href=\"http:\/\/agora.xtec.cat\/ceipflama\/\">ESC Flama (Sant Fruit\u00f3s de Bages)<br><\/a><a href=\"https:\/\/agora.xtec.cat\/escolafontdelanoia\/\">ESC Font de l&#8217;Anoia &#8211; ZER Vent d&#8217;Avall (Sant Mart\u00ed Sesgueioles)<br><\/a><a href=\"http:\/\/agora.xtec.cat\/escolafmacia-suria\/\">ESC Francesc Maci\u00e0 (S\u00faria)<br><\/a><a href=\"https:\/\/www.escolaitaca.cat\/\">ESC \u00cdtaca (Manresa)<br><\/a><a href=\"http:\/\/agora.xtec.cat\/ceipbalmes\/\">ESC Jaume Balmes (Castellbell i el Vilar)<br><\/a><a href=\"http:\/\/agora.xtec.cat\/ceipjoncadella\/\">ESC Joncadella (Sant Joan de Vilatorrada)<br><\/a><a href=\"https:\/\/agora.xtec.cat\/ceip-jorriols-moia\/\">ESC Josep Orriols i Roca (Moi\u00e0)<br><\/a><a href=\"https:\/\/agora.xtec.cat\/ceipjoventutcallus\/\">ESC Joventut (Call\u00fas)<br><\/a><a href=\"http:\/\/agora.xtec.cat\/escolaolivar\/\">ESC L&#8217;Olivar (Castellnou de Bages)<br><\/a><a href=\"https:\/\/agora.xtec.cat\/escolalafont\/\">ESC La Font (Manresa)<br><\/a><a href=\"https:\/\/agora.xtec.cat\/escolalapopa\/\">ESC La Popa (Castellcir)<br><\/a><a href=\"http:\/\/agora.xtec.cat\/escolalasequia\/\">ESC La S\u00e8quia (Manresa)<br><\/a><a href=\"http:\/\/escolamonsenyorgibert.cat\/\">ESC Monsenyor Gibert (Sant Fruit\u00f3s de Bages)<br><\/a><a href=\"http:\/\/agora.xtec.cat\/ceipmontserrat-ssg\/\">ESC Montserrat (Sant Salvador de Guardiola)<br><\/a><a href=\"https:\/\/agora.xtec.cat\/esc-muntanyadeldrac\/\">ESC Muntanya del Drac (Manresa)<br><\/a><a href=\"https:\/\/agora.xtec.cat\/ceipparealgue\/\">ESC Pare Algu\u00e9 (Manresa)<br><\/a><a href=\"http:\/\/agora.xtec.cat\/ceip-mdpatrocini-cardona\/\">ESC Patrocini (Cardona)<br><\/a><a href=\"http:\/\/agora.xtec.cat\/escolapladelpuig\/\">ESC Pla del Puig (Sant Fruit\u00f3s de Bages)<br><\/a><a href=\"http:\/\/agora.xtec.cat\/ceip-puigberenguer\/\">ESC Puigberenguer (Manresa)<br><\/a><a href=\"http:\/\/agora.xtec.cat\/escolariudor\/\">ESC Riu d&#8217;Or (Santpedor)<br><\/a><a href=\"https:\/\/agora.xtec.cat\/ceip-montserrat-suria\/\">ESC Salipota (S\u00faria)<\/a><br><a href=\"https:\/\/www.escolasantignasi.cat\/\">ESC Sant Ignasi (Manresa)<\/a><br><a href=\"http:\/\/agora.xtec.cat\/esc-santmiquel-castellgali\/\">ESC Sant Miquel (Castellgal\u00ed)<\/a><br><a href=\"http:\/\/agora.xtec.cat\/ceipsantpere\/\">ESC Sant Pere (Monistrol de Montserrat)<br><\/a><a href=\"https:\/\/agora.xtec.cat\/escolasantvicenc\/\">ESC Sant Vicen\u00e7 (Sant Vicen\u00e7 de Castellet)<br><\/a><a href=\"http:\/\/agora.xtec.cat\/ceipserraihunter\/\">ESC Serra i H\u00fanter (Manresa)<br><\/a><a href=\"http:\/\/agora.xtec.cat\/insescolaramonacalvet\/\">I-E Castellter\u00e7ol (Castellter\u00e7ol)<br><\/a><a href=\"https:\/\/agora.xtec.cat\/iebalsareny\/\">I-E Guillem de Balsareny (Balsareny)<br><\/a><a href=\"https:\/\/a8078324.wixsite.com\/ie-manresa\">I-E Manresa (Manresa)<br><\/a><a href=\"https:\/\/agora.xtec.cat\/iepompeufabra\/\">I-E Pompeu Fabra (El Pont de Vilomara i Rocafort)<br><\/a><a href=\"https:\/\/agora.xtec.cat\/ies-alexandre-de-riquer\/\">INS Alexandre de Riquer (Calaf)<br><\/a><a href=\"http:\/\/agora.xtec.cat\/sesbagessud\/\">INS Bages Sud (Castellbell i el Vilar)<br><\/a><a href=\"http:\/\/agora.xtec.cat\/iescalgravat\/\">INS Cal Gravat (Manresa)<br><\/a><a href=\"http:\/\/inscastellet.cat\/\">INS Castellet (Sant Vicen\u00e7 de Castellet)<br><\/a><a href=\"http:\/\/dauro.cat\/\">INS d&#8217;Auro (Santpedor)<br><\/a><a href=\"https:\/\/agora.xtec.cat\/iesgerbert\/\">INS Gerbert d&#8217;Aurillac (Sant Fruit\u00f3s de Bages)<br><\/a><a href=\"https:\/\/www.guillemcata.cat\/\">INS Guillem Cat\u00e0 (Manresa)<br><\/a><a href=\"http:\/\/agora.xtec.cat\/insmanresasis\/\">INS Manresa Sis (Manresa)<br><\/a><a href=\"https:\/\/agora.xtec.cat\/iesmigmon\/\">INS Mig-M\u00f3n (S\u00faria)<br><\/a><a href=\"http:\/\/agora.xtec.cat\/iesmoianes\/\">INS Moian\u00e8s (Moi\u00e0)<br><\/a><a href=\"https:\/\/www.iespfq.cat\/portal\/\">INS Pius Font i Quer (Manresa)<br><\/a><a href=\"https:\/\/insquercus.cat\/\">INS Quercus (Sant Joan de Vilatorrada)<br><\/a><a href=\"https:\/\/agora.xtec.cat\/iessantramon\/\">INS Sant Ramon (Cardona)<br><\/a><a href=\"https:\/\/agora.xtec.cat\/iesantjordi\/\">ESC Sant Jordi (Nav\u00e0s)<br><\/a><a href=\"https:\/\/agora.xtec.cat\/zerelcardener\/\">ZER El Cardener (Sant Mateu de Bages)<br><\/a><a href=\"https:\/\/agora.xtec.cat\/zermoianesllevant\/\">ZER El Moian\u00e8s Llevant (Castellcir)<br><\/a><a href=\"https:\/\/agora.xtec.cat\/zermoianes\/\">ZER El Moian\u00e8s Ponent (Calders)<\/a><\/p>\n<\/details>\n<\/div>\n<\/div>\n<\/div>\n<\/div>\n\n\n\n<h2 class=\"wp-block-heading has-text-align-center\">Articles destacats<\/h2>\n\n\n\n        <div class=\"wp-block-getwid-post-slider custom-post-type-post has-arrows-inside has-dots-inside\">\n            <div data-slider-option=\"{&quot;getwid_fade_effect&quot;:&quot;slide&quot;,&quot;getwid_autoplay&quot;:false,&quot;getwid_pause_on_hover&quot;:false,&quot;getwid_autoplay_speed&quot;:6000,&quot;getwid_infinite&quot;:true,&quot;getwid_animation_speed&quot;:800,&quot;getwid_arrows&quot;:&quot;inside&quot;,&quot;getwid_dots&quot;:&quot;inside&quot;}\" class=\"wp-block-getwid-post-slider__content\">\n                \t\t\t\t\t\t\t<div class=\"wp-block-getwid-post-slider__slide\" style=\"\">\n\t\t\t\t\t\t\t\t\n<div class=\"wp-block-getwid-post-slider__post \">\n            <div class=\"wp-block-getwid-post-slider__post-thumbnail\">\n            <img loading=\"lazy\" decoding=\"async\" width=\"1200\" height=\"600\" src=\"https:\/\/serveiseducatius.xtec.cat\/bages\/wp-content\/uploads\/usu776\/2025\/12\/30.png\" class=\"attachment-post-thumbnail size-post-thumbnail wp-post-image\" alt=\"\" srcset=\"https:\/\/serveiseducatius.xtec.cat\/bages\/wp-content\/uploads\/usu776\/2025\/12\/30.png 1200w, https:\/\/serveiseducatius.xtec.cat\/bages\/wp-content\/uploads\/usu776\/2025\/12\/30-300x150.png 300w, https:\/\/serveiseducatius.xtec.cat\/bages\/wp-content\/uploads\/usu776\/2025\/12\/30-1024x512.png 1024w, https:\/\/serveiseducatius.xtec.cat\/bages\/wp-content\/uploads\/usu776\/2025\/12\/30-768x384.png 768w\" sizes=\"auto, (max-width: 1200px) 100vw, 1200px\" \/>        <\/div>\n        <div class=\"wp-block-getwid-post-slider__post-overlay \"><\/div>\n    <div class=\"wp-block-getwid-post-slider__post-content-wrapper\">\n        <h3 class=\"wp-block-getwid-post-slider__post-title\"><a href=\"https:\/\/serveiseducatius.xtec.cat\/bages\/oferta-formativa-curs-25-26\/subxarxa-de-coordinacio-digital-de-centre\/\">Subxarxa de coordinaci\u00f3 digital de centre<\/a><\/h3>        <div class=\"wp-block-getwid-post-slider__post-excerpt\"><p>Subxarxa de coordinaci\u00f3 digital de centre B020290529 en l\u00ednia Dilluns de 9 a 11 h i Dijous de 17:00 a 19:00 h webinar1 Seminari territorial 1 webinar 2 Seminari territorial 2 webinar3 Seminari territorial 3 webinar4 Seminari territorial 4 webinar 5 Seminari territorial 5 18 de setembre de 2025 Dilluns 20 d&#8217;octubre de 2025 13 [&hellip;]<\/p>\n<\/div>\n    <\/div>\n<\/div>\n\t\t\t\t\t\t\t<\/div>\n\t\t\t\t\t\t            <\/div>\n        <\/div>\n        ","protected":false},"excerpt":{"rendered":"<p>Subxarxa de coordinaci\u00f3 digital de centre Qu\u00e8 \u00e9s? La Subxarxa de Coordinaci\u00f3 Digital \u00e9s l\u2019espai col\u00b7laboratiu del territori on referents digitals dels centres educatius i l\u2019equip del CRP del Bages comparteixen criteris, recursos i bones pr\u00e0ctiques per impulsar la compet\u00e8ncia digital, l\u2019\u00fas pedag\u00f2gic de la tecnologia i la gesti\u00f3 d\u2019eines digitals als centres. Calendari Centres [&hellip;]<\/p>\n","protected":false},"author":1,"featured_media":30727,"parent":27869,"menu_order":0,"comment_status":"closed","ping_status":"close","template":"","meta":{"_bbp_topic_count":0,"_bbp_reply_count":0,"_bbp_total_topic_count":0,"_bbp_total_reply_count":0,"_bbp_voice_count":0,"_bbp_anonymous_reply_count":0,"_bbp_topic_count_hidden":0,"_bbp_reply_count_hidden":0,"_bbp_forum_subforum_count":0,"site-sidebar-layout":"no-sidebar","site-content-layout":"","ast-site-content-layout":"normal-width-container","site-content-style":"default","site-sidebar-style":"default","ast-global-header-display":"","ast-banner-title-visibility":"","ast-main-header-display":"","ast-hfb-above-header-display":"","ast-hfb-below-header-display":"","ast-hfb-mobile-header-display":"","site-post-title":"disabled","ast-breadcrumbs-content":"","ast-featured-img":"","footer-sml-layout":"","theme-transparent-header-meta":"","adv-header-id-meta":"","stick-header-meta":"","header-above-stick-meta":"","header-main-stick-meta":"","header-below-stick-meta":"","astra-migrate-meta-layouts":"set","ast-page-background-enabled":"default","ast-page-background-meta":{"desktop":{"background-color":"var(--ast-global-color-4)","background-image":"","background-repeat":"repeat","background-position":"center center","background-size":"auto","background-attachment":"scroll","background-type":"","background-media":"","overlay-type":"","overlay-color":"","overlay-opacity":"","overlay-gradient":""},"tablet":{"background-color":"","background-image":"","background-repeat":"repeat","background-position":"center center","background-size":"auto","background-attachment":"scroll","background-type":"","background-media":"","overlay-type":"","overlay-color":"","overlay-opacity":"","overlay-gradient":""},"mobile":{"background-color":"","background-image":"","background-repeat":"repeat","background-position":"center center","background-size":"auto","background-attachment":"scroll","background-type":"","background-media":"","overlay-type":"","overlay-color":"","overlay-opacity":"","overlay-gradient":""}},"ast-content-background-meta":{"desktop":{"background-color":"var(--ast-global-color-5)","background-image":"","background-repeat":"repeat","background-position":"center center","background-size":"auto","background-attachment":"scroll","background-type":"","background-media":"","overlay-type":"","overlay-color":"","overlay-opacity":"","overlay-gradient":""},"tablet":{"background-color":"var(--ast-global-color-5)","background-image":"","background-repeat":"repeat","background-position":"center center","background-size":"auto","background-attachment":"scroll","background-type":"","background-media":"","overlay-type":"","overlay-color":"","overlay-opacity":"","overlay-gradient":""},"mobile":{"background-color":"var(--ast-global-color-5)","background-image":"","background-repeat":"repeat","background-position":"center center","background-size":"auto","background-attachment":"scroll","background-type":"","background-media":"","overlay-type":"","overlay-color":"","overlay-opacity":"","overlay-gradient":""}},"footnotes":""},"class_list":["post-30725","page","type-page","status-publish","has-post-thumbnail","hentry"],"post_mailing_queue_ids":[],"_links":{"self":[{"href":"https:\/\/serveiseducatius.xtec.cat\/bages\/wp-json\/wp\/v2\/pages\/30725","targetHints":{"allow":["GET"]}}],"collection":[{"href":"https:\/\/serveiseducatius.xtec.cat\/bages\/wp-json\/wp\/v2\/pages"}],"about":[{"href":"https:\/\/serveiseducatius.xtec.cat\/bages\/wp-json\/wp\/v2\/types\/page"}],"author":[{"embeddable":true,"href":"https:\/\/serveiseducatius.xtec.cat\/bages\/wp-json\/wp\/v2\/users\/1"}],"replies":[{"embeddable":true,"href":"https:\/\/serveiseducatius.xtec.cat\/bages\/wp-json\/wp\/v2\/comments?post=30725"}],"version-history":[{"count":6,"href":"https:\/\/serveiseducatius.xtec.cat\/bages\/wp-json\/wp\/v2\/pages\/30725\/revisions"}],"predecessor-version":[{"id":30984,"href":"https:\/\/serveiseducatius.xtec.cat\/bages\/wp-json\/wp\/v2\/pages\/30725\/revisions\/30984"}],"up":[{"embeddable":true,"href":"https:\/\/serveiseducatius.xtec.cat\/bages\/wp-json\/wp\/v2\/pages\/27869"}],"wp:featuredmedia":[{"embeddable":true,"href":"https:\/\/serveiseducatius.xtec.cat\/bages\/wp-json\/wp\/v2\/media\/30727"}],"wp:attachment":[{"href":"https:\/\/serveiseducatius.xtec.cat\/bages\/wp-json\/wp\/v2\/media?parent=30725"}],"curies":[{"name":"wp","href":"https:\/\/api.w.org\/{rel}","templated":true}]}}