{"id":30698,"date":"2025-10-09T17:10:57","date_gmt":"2025-10-09T15:10:57","guid":{"rendered":"https:\/\/serveiseducatius.xtec.cat\/bages\/?page_id=30698"},"modified":"2025-11-18T09:23:03","modified_gmt":"2025-11-18T08:23:03","slug":"xix-gimcana-matematica","status":"publish","type":"page","link":"https:\/\/serveiseducatius.xtec.cat\/bages\/gimcana-matematica\/xix-gimcana-matematica\/","title":{"rendered":"XIX Gimcana matem\u00e0tica"},"content":{"rendered":"\n\n\n<h2 class=\"wp-block-heading has-text-align-center\">XIX Gimcana matem\u00e0tica. Edici\u00f3 2025-2026<\/h2>\n\n\n\n<p class=\"has-text-align-center\">24 d&#8217;abril del 2026<\/p>\n\n\n\n<div class=\"wp-block-columns is-layout-flex wp-container-core-columns-is-layout-1 wp-block-columns-is-layout-flex\">\n<div class=\"wp-block-column is-layout-flow wp-block-column-is-layout-flow\" style=\"flex-basis:33.33%\">\n<h2 class=\"wp-block-heading\">Qu\u00e8 \u00e9s?<\/h2>\n<\/div>\n\n\n\n<div class=\"wp-block-column is-layout-flow wp-block-column-is-layout-flow\" style=\"flex-basis:66.66%\">\n<p>La Gimcana Matem\u00e0tica de Manresa \u00e9s una matinal que t\u00e9 lloc al barri antic de la ciutat i que implica l\u2019alumnat de primer d\u2019ESO en una experi\u00e8ncia vivencial de resoluci\u00f3 de reptes matem\u00e0tics. L\u2019activitat combina espais patrimonials, observaci\u00f3 directa i dinamitzaci\u00f3 l\u00fadica per posar en joc les matem\u00e0tiques en contextos reals i significatius.<\/p>\n\n\n\n<p>La iniciativa \u00e9s organitzada per un grup de treball de docents de secund\u00e0ria, amb la participaci\u00f3 del CRP del Bages. El seu objectiu principal \u00e9s oferir a l\u2019alumnat l\u2019oportunitat de traslladar all\u00f2 que apr\u00e8n a situacions pr\u00e0ctiques que requereixen estimar, mesurar, raonar, identificar patrons o establir connexions.<\/p>\n<\/div>\n<\/div>\n\n\n\n<div class=\"wp-block-columns is-layout-flex wp-container-core-columns-is-layout-2 wp-block-columns-is-layout-flex\">\n<div class=\"wp-block-column is-layout-flow wp-block-column-is-layout-flow\" style=\"flex-basis:33.33%\">\n<h2 class=\"wp-block-heading\">Qu\u00e8 fem?<\/h2>\n<\/div>\n\n\n\n<div class=\"wp-block-column is-layout-flow wp-block-column-is-layout-flow\" style=\"flex-basis:66.66%\">\n<ul class=\"wp-block-list\">\n<li><strong>Sessions de treball docent<\/strong> per dissenyar, revisar i organitzar els reptes que l\u2019alumnat haur\u00e0 de resoldre durant la gimcana.<\/li>\n\n\n\n<li><strong>Creaci\u00f3 de proves contextualitzades<\/strong> al barri antic, que permeten convertir l\u2019entorn en un espai d\u2019aprenentatge matem\u00e0tic.<\/li>\n\n\n\n<li><strong>Promoci\u00f3 d\u2019un aprenentatge aplicat<\/strong>, que ajuda l\u2019alumnat a donar sentit a les matem\u00e0tiques a trav\u00e9s de situacions reals i col\u00b7laboratives.<\/li>\n\n\n\n<li><strong>Viv\u00e8ncia de les matem\u00e0tiques en primera persona<\/strong>, refor\u00e7ant la motivaci\u00f3, el pensament cr\u00edtic i les compet\u00e8ncies pr\u00f2pies de l\u2019\u00e0rea. Sessions de treball per crear i organitzar els reptes que resoldran l&#8217;alumnat.<\/li>\n<\/ul>\n\n\n\n<p>La gimcana representa, en definitiva, una manera d\u2019apropar les matem\u00e0tiques a la vida quotidiana i d\u2019enfortir la mirada competencial des d\u2019una activitat oberta, participativa i amb impacte directe en els centres.<\/p>\n<\/div>\n<\/div>\n\n\n\n<div class=\"wp-block-columns is-layout-flex wp-container-core-columns-is-layout-3 wp-block-columns-is-layout-flex\">\n<div class=\"wp-block-column is-layout-flow wp-block-column-is-layout-flow\" style=\"flex-basis:33.33%\">\n<h2 class=\"wp-block-heading\">Centres participants <\/h2>\n\n\n\n<p>d&#8217;aquesta edici\u00f3 2025-2026<\/p>\n<\/div>\n\n\n\n<div class=\"wp-block-column is-layout-flow wp-block-column-is-layout-flow\" style=\"flex-basis:66.66%\">\n<ul class=\"wp-block-list\">\n<li>Institut Lacet\u00e0nia<\/li>\n\n\n\n<li>Institut Cal Gravat<\/li>\n\n\n\n<li>Institut d&#8217;Auro<\/li>\n\n\n\n<li>Institut Quercus<\/li>\n\n\n\n<li>Institut Guillem Cat\u00e0<\/li>\n\n\n\n<li>Institut Pius Font i Quer<\/li>\n\n\n\n<li>Institut de Navarcles<\/li>\n\n\n\n<li>Institut Castellet<\/li>\n\n\n\n<li>Institut Llu\u00eds Peguera<\/li>\n\n\n\n<li>Institut Moian\u00e8s<\/li>\n\n\n\n<li>Institut Cardener<\/li>\n\n\n\n<li>Fedac- Manresa<\/li>\n\n\n\n<li>Fedac- Sant Vicen\u00e7<\/li>\n<\/ul>\n<\/div>\n<\/div>\n\n\n\n<h2 class=\"wp-block-heading has-text-align-center\">Articles destacats<\/h2>\n\n\n\n        <div class=\"wp-block-getwid-post-slider custom-post-type-post has-arrows-inside has-dots-inside\">\n            <div data-slider-option=\"{&quot;getwid_fade_effect&quot;:&quot;slide&quot;,&quot;getwid_autoplay&quot;:false,&quot;getwid_pause_on_hover&quot;:false,&quot;getwid_autoplay_speed&quot;:6000,&quot;getwid_infinite&quot;:true,&quot;getwid_animation_speed&quot;:800,&quot;getwid_arrows&quot;:&quot;inside&quot;,&quot;getwid_dots&quot;:&quot;inside&quot;}\" class=\"wp-block-getwid-post-slider__content\">\n                \t\t\t\t\t\t\t<div class=\"wp-block-getwid-post-slider__slide\" style=\"\">\n\t\t\t\t\t\t\t\t\n<div class=\"wp-block-getwid-post-slider__post \">\n            <div class=\"wp-block-getwid-post-slider__post-thumbnail\">\n            <img loading=\"lazy\" decoding=\"async\" width=\"1200\" height=\"600\" src=\"https:\/\/serveiseducatius.xtec.cat\/bages\/wp-content\/uploads\/usu776\/2025\/12\/25.png\" class=\"attachment-post-thumbnail size-post-thumbnail wp-post-image\" alt=\"\" srcset=\"https:\/\/serveiseducatius.xtec.cat\/bages\/wp-content\/uploads\/usu776\/2025\/12\/25.png 1200w, https:\/\/serveiseducatius.xtec.cat\/bages\/wp-content\/uploads\/usu776\/2025\/12\/25-300x150.png 300w, https:\/\/serveiseducatius.xtec.cat\/bages\/wp-content\/uploads\/usu776\/2025\/12\/25-1024x512.png 1024w, https:\/\/serveiseducatius.xtec.cat\/bages\/wp-content\/uploads\/usu776\/2025\/12\/25-768x384.png 768w\" sizes=\"auto, (max-width: 1200px) 100vw, 1200px\" \/>        <\/div>\n        <div class=\"wp-block-getwid-post-slider__post-overlay \"><\/div>\n    <div class=\"wp-block-getwid-post-slider__post-content-wrapper\">\n        <h3 class=\"wp-block-getwid-post-slider__post-title\"><a href=\"https:\/\/serveiseducatius.xtec.cat\/bages\/oferta-formativa-curs-25-26\/grup-de-treball-xix-gimcana-matematica\/\">XIX Gimcana matem\u00e0tica<\/a><\/h3>        <div class=\"wp-block-getwid-post-slider__post-excerpt\"><p>XIX Gimcana matem\u00e0tica. Presencial CRP del Bages i Manresa el dia de la gimcana Descripci\u00f3 La Gimcana Matem\u00e0tica \u00e9s una activitat educativa adre\u00e7ada a l\u2019alumnat de 1r d\u2019ESO, que es celebra anualment al nucli antic de Manresa. Organitzada pel Centre de Recursos Pedag\u00f2gics del Bages-Moian\u00e8s, amb la col\u00b7laboraci\u00f3 d\u2019un equip de docents de matem\u00e0tiques de [&hellip;]<\/p>\n<\/div>\n    <\/div>\n<\/div>\n\t\t\t\t\t\t\t<\/div>\n\t\t\t\t\t\t            <\/div>\n        <\/div>\n        ","protected":false},"excerpt":{"rendered":"<p>XIX Gimcana matem\u00e0tica. Edici\u00f3 2025-2026 24 d&#8217;abril del 2026 Qu\u00e8 \u00e9s? La Gimcana Matem\u00e0tica de Manresa \u00e9s una matinal que t\u00e9 lloc al barri antic de la ciutat i que implica l\u2019alumnat de primer d\u2019ESO en una experi\u00e8ncia vivencial de resoluci\u00f3 de reptes matem\u00e0tics. L\u2019activitat combina espais patrimonials, observaci\u00f3 directa i dinamitzaci\u00f3 l\u00fadica per posar [&hellip;]<\/p>\n","protected":false},"author":1,"featured_media":0,"parent":4143,"menu_order":0,"comment_status":"closed","ping_status":"close","template":"","meta":{"_bbp_topic_count":0,"_bbp_reply_count":0,"_bbp_total_topic_count":0,"_bbp_total_reply_count":0,"_bbp_voice_count":0,"_bbp_anonymous_reply_count":0,"_bbp_topic_count_hidden":0,"_bbp_reply_count_hidden":0,"_bbp_forum_subforum_count":0,"site-sidebar-layout":"no-sidebar","site-content-layout":"","ast-site-content-layout":"normal-width-container","site-content-style":"default","site-sidebar-style":"default","ast-global-header-display":"","ast-banner-title-visibility":"","ast-main-header-display":"","ast-hfb-above-header-display":"","ast-hfb-below-header-display":"","ast-hfb-mobile-header-display":"","site-post-title":"disabled","ast-breadcrumbs-content":"","ast-featured-img":"","footer-sml-layout":"","theme-transparent-header-meta":"","adv-header-id-meta":"","stick-header-meta":"","header-above-stick-meta":"","header-main-stick-meta":"","header-below-stick-meta":"","astra-migrate-meta-layouts":"set","ast-page-background-enabled":"default","ast-page-background-meta":{"desktop":{"background-color":"var(--ast-global-color-4)","background-image":"","background-repeat":"repeat","background-position":"center center","background-size":"auto","background-attachment":"scroll","background-type":"","background-media":"","overlay-type":"","overlay-color":"","overlay-opacity":"","overlay-gradient":""},"tablet":{"background-color":"","background-image":"","background-repeat":"repeat","background-position":"center center","background-size":"auto","background-attachment":"scroll","background-type":"","background-media":"","overlay-type":"","overlay-color":"","overlay-opacity":"","overlay-gradient":""},"mobile":{"background-color":"","background-image":"","background-repeat":"repeat","background-position":"center center","background-size":"auto","background-attachment":"scroll","background-type":"","background-media":"","overlay-type":"","overlay-color":"","overlay-opacity":"","overlay-gradient":""}},"ast-content-background-meta":{"desktop":{"background-color":"var(--ast-global-color-5)","background-image":"","background-repeat":"repeat","background-position":"center center","background-size":"auto","background-attachment":"scroll","background-type":"","background-media":"","overlay-type":"","overlay-color":"","overlay-opacity":"","overlay-gradient":""},"tablet":{"background-color":"var(--ast-global-color-5)","background-image":"","background-repeat":"repeat","background-position":"center center","background-size":"auto","background-attachment":"scroll","background-type":"","background-media":"","overlay-type":"","overlay-color":"","overlay-opacity":"","overlay-gradient":""},"mobile":{"background-color":"var(--ast-global-color-5)","background-image":"","background-repeat":"repeat","background-position":"center center","background-size":"auto","background-attachment":"scroll","background-type":"","background-media":"","overlay-type":"","overlay-color":"","overlay-opacity":"","overlay-gradient":""}},"footnotes":""},"class_list":["post-30698","page","type-page","status-publish","hentry"],"post_mailing_queue_ids":[],"_links":{"self":[{"href":"https:\/\/serveiseducatius.xtec.cat\/bages\/wp-json\/wp\/v2\/pages\/30698","targetHints":{"allow":["GET"]}}],"collection":[{"href":"https:\/\/serveiseducatius.xtec.cat\/bages\/wp-json\/wp\/v2\/pages"}],"about":[{"href":"https:\/\/serveiseducatius.xtec.cat\/bages\/wp-json\/wp\/v2\/types\/page"}],"author":[{"embeddable":true,"href":"https:\/\/serveiseducatius.xtec.cat\/bages\/wp-json\/wp\/v2\/users\/1"}],"replies":[{"embeddable":true,"href":"https:\/\/serveiseducatius.xtec.cat\/bages\/wp-json\/wp\/v2\/comments?post=30698"}],"version-history":[{"count":6,"href":"https:\/\/serveiseducatius.xtec.cat\/bages\/wp-json\/wp\/v2\/pages\/30698\/revisions"}],"predecessor-version":[{"id":31604,"href":"https:\/\/serveiseducatius.xtec.cat\/bages\/wp-json\/wp\/v2\/pages\/30698\/revisions\/31604"}],"up":[{"embeddable":true,"href":"https:\/\/serveiseducatius.xtec.cat\/bages\/wp-json\/wp\/v2\/pages\/4143"}],"wp:attachment":[{"href":"https:\/\/serveiseducatius.xtec.cat\/bages\/wp-json\/wp\/v2\/media?parent=30698"}],"curies":[{"name":"wp","href":"https:\/\/api.w.org\/{rel}","templated":true}]}}