{"id":30484,"date":"2025-09-18T10:50:08","date_gmt":"2025-09-18T08:50:08","guid":{"rendered":"https:\/\/serveiseducatius.xtec.cat\/bages\/?page_id=30484"},"modified":"2025-11-27T12:00:15","modified_gmt":"2025-11-27T11:00:15","slug":"maletes-per-batxillerat","status":"publish","type":"page","link":"https:\/\/serveiseducatius.xtec.cat\/bages\/prestec\/maletes-per-batxillerat\/","title":{"rendered":"Maletes per batxillerat"},"content":{"rendered":"\n<div class=\"wp-block-columns is-layout-flex wp-container-core-columns-is-layout-1 wp-block-columns-is-layout-flex\">\n<div class=\"wp-block-column is-layout-flow wp-block-column-is-layout-flow\" style=\"flex-basis:33.33%\">\n<h2 class=\"wp-block-heading has-text-align-center has-white-color has-ast-global-color-1-background-color has-text-color has-background has-link-color has-medium-font-size wp-elements-792bbff99180f83d23fa046b14018a66\" style=\"border-style:none;border-width:0px;border-radius:7px;padding-top:var(--wp--preset--spacing--20);padding-right:var(--wp--preset--spacing--30);padding-bottom:var(--wp--preset--spacing--20);padding-left:var(--wp--preset--spacing--30)\"><em>Men\u00fa per etapes<\/em><\/h2>\n\n\n\n<figure class=\"wp-block-image aligncenter size-large is-resized has-custom-border\" style=\"margin-top:0;margin-right:0;margin-bottom:0;margin-left:0\"><a href=\"https:\/\/serveiseducatius.xtec.cat\/bages\/prestec\/maletes-per-llar-dinfants\/\" target=\"_blank\" rel=\" noreferrer noopener\"><img loading=\"lazy\" decoding=\"async\" width=\"1024\" height=\"512\" src=\"https:\/\/serveiseducatius.xtec.cat\/bages\/wp-content\/uploads\/usu776\/2025\/09\/4-1-1024x512.png\" alt=\"\" class=\"wp-image-30423\" style=\"border-radius:0px;width:140px\" srcset=\"https:\/\/serveiseducatius.xtec.cat\/bages\/wp-content\/uploads\/usu776\/2025\/09\/4-1-1024x512.png 1024w, https:\/\/serveiseducatius.xtec.cat\/bages\/wp-content\/uploads\/usu776\/2025\/09\/4-1-300x150.png 300w, https:\/\/serveiseducatius.xtec.cat\/bages\/wp-content\/uploads\/usu776\/2025\/09\/4-1-768x384.png 768w, https:\/\/serveiseducatius.xtec.cat\/bages\/wp-content\/uploads\/usu776\/2025\/09\/4-1-1536x768.png 1536w, https:\/\/serveiseducatius.xtec.cat\/bages\/wp-content\/uploads\/usu776\/2025\/09\/4-1.png 1600w\" sizes=\"auto, (max-width: 1024px) 100vw, 1024px\" \/><\/a><\/figure>\n\n\n\n<figure class=\"wp-block-image aligncenter size-large is-resized has-custom-border\" style=\"margin-top:0;margin-right:0;margin-bottom:0;margin-left:0\"><a href=\"https:\/\/serveiseducatius.xtec.cat\/bages\/prestec\/maletes-per-infantil\/\" target=\"_blank\" rel=\" noreferrer noopener\"><img loading=\"lazy\" decoding=\"async\" width=\"1024\" height=\"512\" src=\"https:\/\/serveiseducatius.xtec.cat\/bages\/wp-content\/uploads\/usu776\/2025\/09\/5-1-1024x512.png\" alt=\"\" class=\"wp-image-30424\" style=\"border-radius:0px;width:140px\" srcset=\"https:\/\/serveiseducatius.xtec.cat\/bages\/wp-content\/uploads\/usu776\/2025\/09\/5-1-1024x512.png 1024w, https:\/\/serveiseducatius.xtec.cat\/bages\/wp-content\/uploads\/usu776\/2025\/09\/5-1-300x150.png 300w, https:\/\/serveiseducatius.xtec.cat\/bages\/wp-content\/uploads\/usu776\/2025\/09\/5-1-768x384.png 768w, https:\/\/serveiseducatius.xtec.cat\/bages\/wp-content\/uploads\/usu776\/2025\/09\/5-1-1536x768.png 1536w, https:\/\/serveiseducatius.xtec.cat\/bages\/wp-content\/uploads\/usu776\/2025\/09\/5-1.png 1600w\" sizes=\"auto, (max-width: 1024px) 100vw, 1024px\" \/><\/a><\/figure>\n\n\n\n<figure class=\"wp-block-image aligncenter size-large is-resized has-custom-border\" style=\"margin-top:0;margin-right:0;margin-bottom:0;margin-left:0\"><a href=\"https:\/\/serveiseducatius.xtec.cat\/bages\/prestec\/maletes-per-primaria\/\" target=\"_blank\" rel=\" noreferrer noopener\"><img loading=\"lazy\" decoding=\"async\" width=\"1024\" height=\"512\" src=\"https:\/\/serveiseducatius.xtec.cat\/bages\/wp-content\/uploads\/usu776\/2025\/09\/6-1024x512.png\" alt=\"\" class=\"wp-image-30425\" style=\"border-radius:0px;width:140px\" srcset=\"https:\/\/serveiseducatius.xtec.cat\/bages\/wp-content\/uploads\/usu776\/2025\/09\/6-1024x512.png 1024w, https:\/\/serveiseducatius.xtec.cat\/bages\/wp-content\/uploads\/usu776\/2025\/09\/6-300x150.png 300w, https:\/\/serveiseducatius.xtec.cat\/bages\/wp-content\/uploads\/usu776\/2025\/09\/6-768x384.png 768w, https:\/\/serveiseducatius.xtec.cat\/bages\/wp-content\/uploads\/usu776\/2025\/09\/6-1536x768.png 1536w, https:\/\/serveiseducatius.xtec.cat\/bages\/wp-content\/uploads\/usu776\/2025\/09\/6.png 1600w\" sizes=\"auto, (max-width: 1024px) 100vw, 1024px\" \/><\/a><\/figure>\n\n\n\n<figure class=\"wp-block-image aligncenter size-large is-resized has-custom-border\" style=\"margin-top:0;margin-right:0;margin-bottom:0;margin-left:0\"><a href=\"https:\/\/serveiseducatius.xtec.cat\/bages\/prestec\/maletes-per-eso\/\" target=\"_blank\" rel=\" noreferrer noopener\"><img loading=\"lazy\" decoding=\"async\" width=\"1024\" height=\"512\" src=\"https:\/\/serveiseducatius.xtec.cat\/bages\/wp-content\/uploads\/usu776\/2025\/09\/7-1024x512.png\" alt=\"\" class=\"wp-image-30426\" style=\"border-radius:0px;width:140px\" srcset=\"https:\/\/serveiseducatius.xtec.cat\/bages\/wp-content\/uploads\/usu776\/2025\/09\/7-1024x512.png 1024w, https:\/\/serveiseducatius.xtec.cat\/bages\/wp-content\/uploads\/usu776\/2025\/09\/7-300x150.png 300w, https:\/\/serveiseducatius.xtec.cat\/bages\/wp-content\/uploads\/usu776\/2025\/09\/7-768x384.png 768w, https:\/\/serveiseducatius.xtec.cat\/bages\/wp-content\/uploads\/usu776\/2025\/09\/7-1536x768.png 1536w, https:\/\/serveiseducatius.xtec.cat\/bages\/wp-content\/uploads\/usu776\/2025\/09\/7.png 1600w\" sizes=\"auto, (max-width: 1024px) 100vw, 1024px\" \/><\/a><\/figure>\n\n\n\n<figure class=\"wp-block-image aligncenter size-large is-resized has-custom-border\" style=\"margin-top:0;margin-right:0;margin-bottom:0;margin-left:0\"><a href=\"https:\/\/serveiseducatius.xtec.cat\/bages\/prestec\/maletes-per-batxillerat\/\" target=\"_blank\" rel=\" noreferrer noopener\"><img loading=\"lazy\" decoding=\"async\" width=\"1024\" height=\"512\" src=\"https:\/\/serveiseducatius.xtec.cat\/bages\/wp-content\/uploads\/usu776\/2025\/09\/8-1024x512.png\" alt=\"\" class=\"wp-image-30427\" style=\"border-radius:0px;width:140px\" srcset=\"https:\/\/serveiseducatius.xtec.cat\/bages\/wp-content\/uploads\/usu776\/2025\/09\/8-1024x512.png 1024w, https:\/\/serveiseducatius.xtec.cat\/bages\/wp-content\/uploads\/usu776\/2025\/09\/8-300x150.png 300w, https:\/\/serveiseducatius.xtec.cat\/bages\/wp-content\/uploads\/usu776\/2025\/09\/8-768x384.png 768w, https:\/\/serveiseducatius.xtec.cat\/bages\/wp-content\/uploads\/usu776\/2025\/09\/8-1536x768.png 1536w, https:\/\/serveiseducatius.xtec.cat\/bages\/wp-content\/uploads\/usu776\/2025\/09\/8.png 1600w\" sizes=\"auto, (max-width: 1024px) 100vw, 1024px\" \/><\/a><\/figure>\n\n\n\n<figure class=\"wp-block-image aligncenter size-large is-resized has-custom-border\" style=\"margin-top:0;margin-right:0;margin-bottom:0;margin-left:0\"><a href=\"https:\/\/serveiseducatius.xtec.cat\/bages\/prestec\/maletes-per-cicles-formatius\/\" target=\"_blank\" rel=\" noreferrer noopener\"><img loading=\"lazy\" decoding=\"async\" width=\"1024\" height=\"512\" src=\"https:\/\/serveiseducatius.xtec.cat\/bages\/wp-content\/uploads\/usu776\/2025\/09\/9-1024x512.png\" alt=\"\" class=\"wp-image-30428\" style=\"border-radius:0px;width:140px\" srcset=\"https:\/\/serveiseducatius.xtec.cat\/bages\/wp-content\/uploads\/usu776\/2025\/09\/9-1024x512.png 1024w, https:\/\/serveiseducatius.xtec.cat\/bages\/wp-content\/uploads\/usu776\/2025\/09\/9-300x150.png 300w, https:\/\/serveiseducatius.xtec.cat\/bages\/wp-content\/uploads\/usu776\/2025\/09\/9-768x384.png 768w, https:\/\/serveiseducatius.xtec.cat\/bages\/wp-content\/uploads\/usu776\/2025\/09\/9-1536x768.png 1536w, https:\/\/serveiseducatius.xtec.cat\/bages\/wp-content\/uploads\/usu776\/2025\/09\/9.png 1600w\" sizes=\"auto, (max-width: 1024px) 100vw, 1024px\" \/><\/a><\/figure>\n<\/div>\n\n\n\n<div class=\"wp-block-column is-layout-flow wp-block-column-is-layout-flow\" style=\"flex-basis:66.67%\"><figure class=\"wp-block-post-featured-image\"><img loading=\"lazy\" decoding=\"async\" width=\"1200\" height=\"600\" src=\"https:\/\/serveiseducatius.xtec.cat\/bages\/wp-content\/uploads\/usu776\/2025\/09\/6-1.png\" class=\"attachment-post-thumbnail size-post-thumbnail wp-post-image\" alt=\"\" style=\"object-fit:cover;\" srcset=\"https:\/\/serveiseducatius.xtec.cat\/bages\/wp-content\/uploads\/usu776\/2025\/09\/6-1.png 1200w, https:\/\/serveiseducatius.xtec.cat\/bages\/wp-content\/uploads\/usu776\/2025\/09\/6-1-300x150.png 300w, https:\/\/serveiseducatius.xtec.cat\/bages\/wp-content\/uploads\/usu776\/2025\/09\/6-1-1024x512.png 1024w, https:\/\/serveiseducatius.xtec.cat\/bages\/wp-content\/uploads\/usu776\/2025\/09\/6-1-768x384.png 768w\" sizes=\"auto, (max-width: 1200px) 100vw, 1200px\" \/><\/figure>\n\n\n<p><a href=\"https:\/\/serveiseducatius.xtec.cat\/bages\/categoria-maletes\/maletesbatxillerat\/179-motxilla-bioclimatica\/\" data-type=\"post\" data-id=\"933\">179 La motxilla bioclim\u00e0tica<\/a><\/p>\n\n\n\n<p><a href=\"https:\/\/serveiseducatius.xtec.cat\/bages\/categoria-maletes\/maletesbatxillerat\/192-la-mort-i-el-dol\/\" data-type=\"post\" data-id=\"6569\">192 La mort i el dol<\/a><\/p>\n\n\n\n<p><a href=\"https:\/\/serveiseducatius.xtec.cat\/bages\/categoria-maletes\/maletesbatxillerat\/198-cupula-de-leonardo\/\" data-type=\"post\" data-id=\"8491\">198 C\u00fapula de Leonardo<\/a><\/p>\n\n\n\n<p><a href=\"https:\/\/serveiseducatius.xtec.cat\/bages\/categoria-maletes\/maletesbatxillerat\/210-escacs_gegant_de_jardi\/\" data-type=\"post\" data-id=\"29457\">210 Escacs gegant de jard\u00ed<\/a><\/p>\n\n\n\n<p><a href=\"https:\/\/serveiseducatius.xtec.cat\/bages\/categoria-maletes\/maleteseso\/212-paracaigudes\/\" data-type=\"post\" data-id=\"8607\">212 Paracaigudes<\/a><\/p>\n\n\n\n<p><a href=\"https:\/\/serveiseducatius.xtec.cat\/bages\/categoria-maletes\/maletesbatxillerat\/213-tauler-descacs-vertical\/\" data-type=\"post\" data-id=\"29469\">213 Tauler d\u2019escacs vertical<\/a><\/p>\n\n\n\n<p><a href=\"https:\/\/serveiseducatius.xtec.cat\/bages\/categoria-maletes\/maletesbatxillerat\/214-jocs-de-taula-descacs\/\" data-type=\"post\" data-id=\"10627\">214 Jocs de taula d\u2019escacs<\/a><\/p>\n\n\n\n<p><a href=\"https:\/\/serveiseducatius.xtec.cat\/bages\/categoria-maletes\/maletesbatxillerat\/228-jocs-coeducatius-per-la-igualtat-de-genere\/\" data-type=\"post\" data-id=\"14530\">228 Jocs coeducatius per la igualtat de g\u00e8nere<\/a><\/p>\n\n\n\n<p><a href=\"https:\/\/serveiseducatius.xtec.cat\/bages\/categoria-maletes\/maletesbatxillerat\/231-llibres-de-coeducacio-per-a-grans-secundaria\/\" data-type=\"post\" data-id=\"14646\">231 Llibres de coeducaci\u00f3 per a grans (secund\u00e0ria)<\/a><\/p>\n\n\n\n<p><a href=\"https:\/\/serveiseducatius.xtec.cat\/bages\/categoria-maletes\/maletesbatxillerat\/234-cursa-dorientacio\/\" data-type=\"post\" data-id=\"14687\">234 Cursa d\u2019orientaci\u00f3<\/a><\/p>\n\n\n\n<p><a href=\"https:\/\/serveiseducatius.xtec.cat\/bages\/categoria-maletes\/maletesbatxillerat\/235-enginyeria-dastronaus\/\" data-type=\"post\" data-id=\"15160\">235 Enginyeria d\u2019astronaus<\/a><\/p>\n\n\n\n<p><a href=\"https:\/\/serveiseducatius.xtec.cat\/bages\/categoria-maletes\/maletesbatxillerat\/236-equilibri-i-malabars\/\" data-type=\"post\" data-id=\"14520\">236 Equilibri i Malabars<\/a><\/p>\n\n\n\n<p><a href=\"https:\/\/serveiseducatius.xtec.cat\/bages\/categoria-maletes\/maletesbatxillerat\/238-exposicio-canvia-el-conte\/\" data-type=\"post\" data-id=\"15867\">238 Exposici\u00f3: Canvia el conte<\/a><\/p>\n\n\n\n<p><a href=\"https:\/\/serveiseducatius.xtec.cat\/bages\/categoria-maletes\/maletesbatxillerat\/241-microbit\/\" data-type=\"post\" data-id=\"18769\">241 Micro: bit<\/a><\/p>\n\n\n\n<p><a href=\"https:\/\/serveiseducatius.xtec.cat\/bages\/categoria-maletes\/maletesbatxillerat\/243-curling-escolar\/\" data-type=\"post\" data-id=\"14902\">243 C\u00farling escolar<\/a><\/p>\n\n\n\n<p><a href=\"https:\/\/serveiseducatius.xtec.cat\/bages\/categoria-maletes\/maletesbatxillerat\/242-jocs-cooperatius-motrius\/\" data-type=\"post\" data-id=\"29329\">242 Jocs cooperatius motrius<\/a><\/p>\n\n\n\n<p><a href=\"https:\/\/serveiseducatius.xtec.cat\/bages\/categoria-maletes\/maletesbatxillerat\/247-la-mort-digne-i-illustrada\/\" data-type=\"post\" data-id=\"19435\">247 La mort, digna i il\u00b7lustrada<\/a><\/p>\n\n\n\n<p><a href=\"https:\/\/serveiseducatius.xtec.cat\/bages\/categoria-maletes\/maletesbatxillerat\/248-emotions-seguretat-vial-de-les-emocions\/\" data-type=\"post\" data-id=\"19586\">248 EMOTION\u2019S. Seguretat vial de les emocions<\/a><\/p>\n\n\n\n<p><a href=\"https:\/\/serveiseducatius.xtec.cat\/bages\/categoria-maletes\/maletesbatxillerat\/253-les-mini-cupules-de-leonardo\/\" data-type=\"post\" data-id=\"29318\">253 Les Mini C\u00fapules de Leonardo<\/a><\/p>\n\n\n\n<p><a href=\"https:\/\/serveiseducatius.xtec.cat\/bages\/wp-content\/uploads\/usu776\/2023\/11\/imatge-destcada-maletes-6.png\" data-type=\"attachment\" data-id=\"29974\">256 emmirallat<\/a><\/p>\n\n\n\n<p><a href=\"https:\/\/serveiseducatius.xtec.cat\/bages\/portada\/exposicio-prevencio-de-la-violencia-de-genere\/\" data-type=\"post\" data-id=\"14762\">227 Exposici\u00f3: Prevenci\u00f3 de la viol\u00e8ncia de g\u00e8nere.<\/a><\/p>\n\n\n\n<p><a href=\"https:\/\/serveiseducatius.xtec.cat\/bages\/categoria-maletes\/296-la-torre-de-frobel-joc-cooperatiu\/\" data-type=\"post\" data-id=\"31366\">296 La torre de Fr\u00f6bel (joc cooperatiu)<\/a><\/p>\n<\/div>\n<\/div>\n","protected":false},"excerpt":{"rendered":"<p>Men\u00fa per etapes 179 La motxilla bioclim\u00e0tica 192 La mort i el dol 198 C\u00fapula de Leonardo 210 Escacs gegant de jard\u00ed 212 Paracaigudes 213 Tauler d\u2019escacs vertical 214 Jocs de taula d\u2019escacs 228 Jocs coeducatius per la igualtat de g\u00e8nere 231 Llibres de coeducaci\u00f3 per a grans (secund\u00e0ria) 234 Cursa d\u2019orientaci\u00f3 235 Enginyeria d\u2019astronaus [&hellip;]<\/p>\n","protected":false},"author":1,"featured_media":30453,"parent":25082,"menu_order":0,"comment_status":"closed","ping_status":"close","template":"","meta":{"_bbp_topic_count":0,"_bbp_reply_count":0,"_bbp_total_topic_count":0,"_bbp_total_reply_count":0,"_bbp_voice_count":0,"_bbp_anonymous_reply_count":0,"_bbp_topic_count_hidden":0,"_bbp_reply_count_hidden":0,"_bbp_forum_subforum_count":0,"site-sidebar-layout":"no-sidebar","site-content-layout":"","ast-site-content-layout":"normal-width-container","site-content-style":"default","site-sidebar-style":"default","ast-global-header-display":"","ast-banner-title-visibility":"","ast-main-header-display":"","ast-hfb-above-header-display":"","ast-hfb-below-header-display":"","ast-hfb-mobile-header-display":"","site-post-title":"","ast-breadcrumbs-content":"","ast-featured-img":"","footer-sml-layout":"","theme-transparent-header-meta":"","adv-header-id-meta":"","stick-header-meta":"","header-above-stick-meta":"","header-main-stick-meta":"","header-below-stick-meta":"","astra-migrate-meta-layouts":"set","ast-page-background-enabled":"default","ast-page-background-meta":{"desktop":{"background-color":"var(--ast-global-color-4)","background-image":"","background-repeat":"repeat","background-position":"center center","background-size":"auto","background-attachment":"scroll","background-type":"","background-media":"","overlay-type":"","overlay-color":"","overlay-opacity":"","overlay-gradient":""},"tablet":{"background-color":"","background-image":"","background-repeat":"repeat","background-position":"center center","background-size":"auto","background-attachment":"scroll","background-type":"","background-media":"","overlay-type":"","overlay-color":"","overlay-opacity":"","overlay-gradient":""},"mobile":{"background-color":"","background-image":"","background-repeat":"repeat","background-position":"center center","background-size":"auto","background-attachment":"scroll","background-type":"","background-media":"","overlay-type":"","overlay-color":"","overlay-opacity":"","overlay-gradient":""}},"ast-content-background-meta":{"desktop":{"background-color":"var(--ast-global-color-5)","background-image":"","background-repeat":"repeat","background-position":"center center","background-size":"auto","background-attachment":"scroll","background-type":"","background-media":"","overlay-type":"","overlay-color":"","overlay-opacity":"","overlay-gradient":""},"tablet":{"background-color":"var(--ast-global-color-5)","background-image":"","background-repeat":"repeat","background-position":"center center","background-size":"auto","background-attachment":"scroll","background-type":"","background-media":"","overlay-type":"","overlay-color":"","overlay-opacity":"","overlay-gradient":""},"mobile":{"background-color":"var(--ast-global-color-5)","background-image":"","background-repeat":"repeat","background-position":"center center","background-size":"auto","background-attachment":"scroll","background-type":"","background-media":"","overlay-type":"","overlay-color":"","overlay-opacity":"","overlay-gradient":""}},"footnotes":""},"class_list":["post-30484","page","type-page","status-publish","has-post-thumbnail","hentry"],"post_mailing_queue_ids":[],"_links":{"self":[{"href":"https:\/\/serveiseducatius.xtec.cat\/bages\/wp-json\/wp\/v2\/pages\/30484","targetHints":{"allow":["GET"]}}],"collection":[{"href":"https:\/\/serveiseducatius.xtec.cat\/bages\/wp-json\/wp\/v2\/pages"}],"about":[{"href":"https:\/\/serveiseducatius.xtec.cat\/bages\/wp-json\/wp\/v2\/types\/page"}],"author":[{"embeddable":true,"href":"https:\/\/serveiseducatius.xtec.cat\/bages\/wp-json\/wp\/v2\/users\/1"}],"replies":[{"embeddable":true,"href":"https:\/\/serveiseducatius.xtec.cat\/bages\/wp-json\/wp\/v2\/comments?post=30484"}],"version-history":[{"count":3,"href":"https:\/\/serveiseducatius.xtec.cat\/bages\/wp-json\/wp\/v2\/pages\/30484\/revisions"}],"predecessor-version":[{"id":31461,"href":"https:\/\/serveiseducatius.xtec.cat\/bages\/wp-json\/wp\/v2\/pages\/30484\/revisions\/31461"}],"up":[{"embeddable":true,"href":"https:\/\/serveiseducatius.xtec.cat\/bages\/wp-json\/wp\/v2\/pages\/25082"}],"wp:featuredmedia":[{"embeddable":true,"href":"https:\/\/serveiseducatius.xtec.cat\/bages\/wp-json\/wp\/v2\/media\/30453"}],"wp:attachment":[{"href":"https:\/\/serveiseducatius.xtec.cat\/bages\/wp-json\/wp\/v2\/media?parent=30484"}],"curies":[{"name":"wp","href":"https:\/\/api.w.org\/{rel}","templated":true}]}}