{"id":28994,"date":"2025-06-20T12:34:47","date_gmt":"2025-06-20T10:34:47","guid":{"rendered":"https:\/\/serveiseducatius.xtec.cat\/bages\/?page_id=28994"},"modified":"2026-02-27T10:54:49","modified_gmt":"2026-02-27T09:54:49","slug":"english-day","status":"publish","type":"page","link":"https:\/\/serveiseducatius.xtec.cat\/bages\/dinamitzacio\/english-day\/","title":{"rendered":"English day"},"content":{"rendered":"<figure class=\"wp-block-post-featured-image\"><img loading=\"lazy\" decoding=\"async\" width=\"1200\" height=\"600\" src=\"https:\/\/serveiseducatius.xtec.cat\/bages\/wp-content\/uploads\/usu776\/2025\/06\/IMATGE-DESTACADA-ARTICLES-3-1.png\" class=\"attachment-post-thumbnail size-post-thumbnail wp-post-image\" alt=\"\" style=\"object-fit:cover;\" srcset=\"https:\/\/serveiseducatius.xtec.cat\/bages\/wp-content\/uploads\/usu776\/2025\/06\/IMATGE-DESTACADA-ARTICLES-3-1.png 1200w, https:\/\/serveiseducatius.xtec.cat\/bages\/wp-content\/uploads\/usu776\/2025\/06\/IMATGE-DESTACADA-ARTICLES-3-1-300x150.png 300w, https:\/\/serveiseducatius.xtec.cat\/bages\/wp-content\/uploads\/usu776\/2025\/06\/IMATGE-DESTACADA-ARTICLES-3-1-1024x512.png 1024w, https:\/\/serveiseducatius.xtec.cat\/bages\/wp-content\/uploads\/usu776\/2025\/06\/IMATGE-DESTACADA-ARTICLES-3-1-768x384.png 768w\" sizes=\"auto, (max-width: 1200px) 100vw, 1200px\" \/><\/figure>\n\n\n<h2 class=\"wp-block-heading\">Qu\u00e8 \u00e9s?<\/h2>\n\n\n\n<p>L\u2019English Day \u00e9s un&nbsp;<strong>projecte en xarxa<\/strong>&nbsp;en qu\u00e8 diferents centres educatius del Bages i el Moian\u00e8s treballem activitats en angl\u00e8s a partir d\u2019un tema com\u00fa. Est\u00e0 adre\u00e7at a alumnat d\u2019infantil, prim\u00e0ria i secund\u00e0ria. <\/p>\n\n\n\n<p>El professorat participant forma part d\u2019un grup de treball. Es tracta de compartir experi\u00e8ncies, eines, recursos i tot all\u00f2 que ajudi a fer cr\u00e9ixer el projecte.<\/p>\n\n\n\n<div class=\"wp-block-media-text alignfull is-vertically-aligned-center is-image-fill-element is-style-default\" style=\"grid-template-columns:44% auto\"><figure class=\"wp-block-media-text__media\"><img loading=\"lazy\" decoding=\"async\" width=\"1024\" height=\"512\" src=\"https:\/\/serveiseducatius.xtec.cat\/bages\/wp-content\/uploads\/usu776\/2025\/06\/IMATGE-DESTACADA-ARTICLES-5-1-1024x512.png\" alt=\"\" class=\"wp-image-29171 size-full\" style=\"object-position:50% 50%\" srcset=\"https:\/\/serveiseducatius.xtec.cat\/bages\/wp-content\/uploads\/usu776\/2025\/06\/IMATGE-DESTACADA-ARTICLES-5-1-1024x512.png 1024w, https:\/\/serveiseducatius.xtec.cat\/bages\/wp-content\/uploads\/usu776\/2025\/06\/IMATGE-DESTACADA-ARTICLES-5-1-300x150.png 300w, https:\/\/serveiseducatius.xtec.cat\/bages\/wp-content\/uploads\/usu776\/2025\/06\/IMATGE-DESTACADA-ARTICLES-5-1-768x384.png 768w, https:\/\/serveiseducatius.xtec.cat\/bages\/wp-content\/uploads\/usu776\/2025\/06\/IMATGE-DESTACADA-ARTICLES-5-1.png 1200w\" sizes=\"auto, (max-width: 1024px) 100vw, 1024px\" \/><\/figure><div class=\"wp-block-media-text__content\">\n<h2 class=\"wp-block-heading has-text-color\" style=\"color:#000000\"><strong><strong>CURS 25-26<\/strong><\/strong><\/h2>\n\n\n\n<p class=\"has-text-color\" style=\"color:#636363;font-size:17px;line-height:1.1\">El fil conductor \u00e9s la m\u00fasica arreu del m\u00f3n en llengua anglesa. A trav\u00e9s d&#8217;un taller de danses i una sessi\u00f3 d&#8217;storytelling en angl\u00e8s ens endinsarem en el m\u00f3n de la m\u00fasica en angl\u00e8s. 19 de mar\u00e7 de 2026<\/p>\n\n\n\n<div class=\"wp-block-buttons is-layout-flex wp-block-buttons-is-layout-flex\">\n<div class=\"wp-block-button\"><a class=\"wp-block-button__link wp-element-button\" href=\"https:\/\/serveiseducatius.xtec.cat\/bages\/english-day\/english-day-music\/\" target=\"_blank\" rel=\"noreferrer noopener\">+ informaci\u00f3<\/a><\/div>\n<\/div>\n<\/div><\/div>\n\n\n\n<div class=\"wp-block-media-text alignfull has-media-on-the-right is-vertically-aligned-center is-image-fill-element is-style-default\" style=\"grid-template-columns:auto 56%\"><div class=\"wp-block-media-text__content\">\n<h2 class=\"wp-block-heading has-text-color\" style=\"color:#000000\"><strong><strong>CURS 24-25<\/strong><\/strong><\/h2>\n\n\n\n<p class=\"has-text-color\" style=\"color:#636363;font-size:17px;line-height:1.1\">El fil conductor seran les&nbsp;<strong>\u201cFestivities\u201d<\/strong>, que ens portar\u00e0 a con\u00e8ixer diferents festes i celebracions lligades a les tradicions i la cultura de pa\u00efsos de parla anglesa. 25 de mar\u00e7 2025.<\/p>\n\n\n\n<div class=\"wp-block-buttons is-layout-flex wp-block-buttons-is-layout-flex\">\n<div class=\"wp-block-button\"><a class=\"wp-block-button__link wp-element-button\" href=\"https:\/\/crpbagesenglishday.my.canva.site\/\" target=\"_blank\" rel=\"noreferrer noopener\">+ informaci\u00f3<\/a><\/div>\n<\/div>\n<\/div><figure class=\"wp-block-media-text__media\"><img loading=\"lazy\" decoding=\"async\" width=\"1024\" height=\"512\" src=\"https:\/\/serveiseducatius.xtec.cat\/bages\/wp-content\/uploads\/usu776\/2025\/06\/IMATGE-DESTACADA-ARTICLES-1-2-1024x512.png\" alt=\"\" class=\"wp-image-29154 size-full\" style=\"object-position:50% 50%\" srcset=\"https:\/\/serveiseducatius.xtec.cat\/bages\/wp-content\/uploads\/usu776\/2025\/06\/IMATGE-DESTACADA-ARTICLES-1-2-1024x512.png 1024w, https:\/\/serveiseducatius.xtec.cat\/bages\/wp-content\/uploads\/usu776\/2025\/06\/IMATGE-DESTACADA-ARTICLES-1-2-300x150.png 300w, https:\/\/serveiseducatius.xtec.cat\/bages\/wp-content\/uploads\/usu776\/2025\/06\/IMATGE-DESTACADA-ARTICLES-1-2-768x384.png 768w, https:\/\/serveiseducatius.xtec.cat\/bages\/wp-content\/uploads\/usu776\/2025\/06\/IMATGE-DESTACADA-ARTICLES-1-2.png 1200w\" sizes=\"auto, (max-width: 1024px) 100vw, 1024px\" \/><\/figure><\/div>\n\n\n\n<div class=\"wp-block-media-text alignfull is-vertically-aligned-center is-image-fill-element is-style-default\" style=\"grid-template-columns:44% auto\"><figure class=\"wp-block-media-text__media\"><img loading=\"lazy\" decoding=\"async\" width=\"1024\" height=\"512\" src=\"https:\/\/serveiseducatius.xtec.cat\/bages\/wp-content\/uploads\/usu776\/2025\/06\/IMATGE-DESTACADA-ARTICLES-4-3-1024x512.png\" alt=\"\" class=\"wp-image-29162 size-full\" style=\"object-position:50% 50%\" srcset=\"https:\/\/serveiseducatius.xtec.cat\/bages\/wp-content\/uploads\/usu776\/2025\/06\/IMATGE-DESTACADA-ARTICLES-4-3-1024x512.png 1024w, https:\/\/serveiseducatius.xtec.cat\/bages\/wp-content\/uploads\/usu776\/2025\/06\/IMATGE-DESTACADA-ARTICLES-4-3-300x150.png 300w, https:\/\/serveiseducatius.xtec.cat\/bages\/wp-content\/uploads\/usu776\/2025\/06\/IMATGE-DESTACADA-ARTICLES-4-3-768x384.png 768w, https:\/\/serveiseducatius.xtec.cat\/bages\/wp-content\/uploads\/usu776\/2025\/06\/IMATGE-DESTACADA-ARTICLES-4-3.png 1200w\" sizes=\"auto, (max-width: 1024px) 100vw, 1024px\" \/><\/figure><div class=\"wp-block-media-text__content\">\n<h2 class=\"wp-block-heading has-text-color\" style=\"color:#000000\"><strong><strong>CURS 23-24<\/strong><\/strong><\/h2>\n\n\n\n<p class=\"has-text-color\" style=\"color:#636363;font-size:17px;line-height:1.1\">El fil conductor s\u00f3n els pa\u00efsos del m\u00f3n de parla anglesa &#8220;Let&#8217;s travel&#8221;, els alumnes descobreixen costums, tradicions, menjars, m\u00fasica de pa\u00efsos allunyats de la seva realitat a trav\u00e9s de les diferents activitats que es van treballar al llarg de la jornada.  15 de maig.<\/p>\n<\/div><\/div>\n","protected":false},"excerpt":{"rendered":"<p>Qu\u00e8 \u00e9s? L\u2019English Day \u00e9s un&nbsp;projecte en xarxa&nbsp;en qu\u00e8 diferents centres educatius del Bages i el Moian\u00e8s treballem activitats en angl\u00e8s a partir d\u2019un tema com\u00fa. Est\u00e0 adre\u00e7at a alumnat d\u2019infantil, prim\u00e0ria i secund\u00e0ria. El professorat participant forma part d\u2019un grup de treball. Es tracta de compartir experi\u00e8ncies, eines, recursos i tot all\u00f2 que ajudi [&hellip;]<\/p>\n","protected":false},"author":1,"featured_media":29161,"parent":27869,"menu_order":0,"comment_status":"closed","ping_status":"close","template":"","meta":{"_bbp_topic_count":0,"_bbp_reply_count":0,"_bbp_total_topic_count":0,"_bbp_total_reply_count":0,"_bbp_voice_count":0,"_bbp_anonymous_reply_count":0,"_bbp_topic_count_hidden":0,"_bbp_reply_count_hidden":0,"_bbp_forum_subforum_count":0,"site-sidebar-layout":"no-sidebar","site-content-layout":"","ast-site-content-layout":"normal-width-container","site-content-style":"default","site-sidebar-style":"default","ast-global-header-display":"","ast-banner-title-visibility":"","ast-main-header-display":"","ast-hfb-above-header-display":"","ast-hfb-below-header-display":"","ast-hfb-mobile-header-display":"","site-post-title":"disabled","ast-breadcrumbs-content":"","ast-featured-img":"","footer-sml-layout":"","theme-transparent-header-meta":"","adv-header-id-meta":"","stick-header-meta":"","header-above-stick-meta":"","header-main-stick-meta":"","header-below-stick-meta":"","astra-migrate-meta-layouts":"set","ast-page-background-enabled":"default","ast-page-background-meta":{"desktop":{"background-color":"var(--ast-global-color-4)","background-image":"","background-repeat":"repeat","background-position":"center center","background-size":"auto","background-attachment":"scroll","background-type":"","background-media":"","overlay-type":"","overlay-color":"","overlay-opacity":"","overlay-gradient":""},"tablet":{"background-color":"","background-image":"","background-repeat":"repeat","background-position":"center center","background-size":"auto","background-attachment":"scroll","background-type":"","background-media":"","overlay-type":"","overlay-color":"","overlay-opacity":"","overlay-gradient":""},"mobile":{"background-color":"","background-image":"","background-repeat":"repeat","background-position":"center center","background-size":"auto","background-attachment":"scroll","background-type":"","background-media":"","overlay-type":"","overlay-color":"","overlay-opacity":"","overlay-gradient":""}},"ast-content-background-meta":{"desktop":{"background-color":"var(--ast-global-color-5)","background-image":"","background-repeat":"repeat","background-position":"center center","background-size":"auto","background-attachment":"scroll","background-type":"","background-media":"","overlay-type":"","overlay-color":"","overlay-opacity":"","overlay-gradient":""},"tablet":{"background-color":"var(--ast-global-color-5)","background-image":"","background-repeat":"repeat","background-position":"center center","background-size":"auto","background-attachment":"scroll","background-type":"","background-media":"","overlay-type":"","overlay-color":"","overlay-opacity":"","overlay-gradient":""},"mobile":{"background-color":"var(--ast-global-color-5)","background-image":"","background-repeat":"repeat","background-position":"center center","background-size":"auto","background-attachment":"scroll","background-type":"","background-media":"","overlay-type":"","overlay-color":"","overlay-opacity":"","overlay-gradient":""}},"footnotes":""},"class_list":["post-28994","page","type-page","status-publish","has-post-thumbnail","hentry"],"post_mailing_queue_ids":[],"_links":{"self":[{"href":"https:\/\/serveiseducatius.xtec.cat\/bages\/wp-json\/wp\/v2\/pages\/28994","targetHints":{"allow":["GET"]}}],"collection":[{"href":"https:\/\/serveiseducatius.xtec.cat\/bages\/wp-json\/wp\/v2\/pages"}],"about":[{"href":"https:\/\/serveiseducatius.xtec.cat\/bages\/wp-json\/wp\/v2\/types\/page"}],"author":[{"embeddable":true,"href":"https:\/\/serveiseducatius.xtec.cat\/bages\/wp-json\/wp\/v2\/users\/1"}],"replies":[{"embeddable":true,"href":"https:\/\/serveiseducatius.xtec.cat\/bages\/wp-json\/wp\/v2\/comments?post=28994"}],"version-history":[{"count":6,"href":"https:\/\/serveiseducatius.xtec.cat\/bages\/wp-json\/wp\/v2\/pages\/28994\/revisions"}],"predecessor-version":[{"id":30688,"href":"https:\/\/serveiseducatius.xtec.cat\/bages\/wp-json\/wp\/v2\/pages\/28994\/revisions\/30688"}],"up":[{"embeddable":true,"href":"https:\/\/serveiseducatius.xtec.cat\/bages\/wp-json\/wp\/v2\/pages\/27869"}],"wp:featuredmedia":[{"embeddable":true,"href":"https:\/\/serveiseducatius.xtec.cat\/bages\/wp-json\/wp\/v2\/media\/29161"}],"wp:attachment":[{"href":"https:\/\/serveiseducatius.xtec.cat\/bages\/wp-json\/wp\/v2\/media?parent=28994"}],"curies":[{"name":"wp","href":"https:\/\/api.w.org\/{rel}","templated":true}]}}