{"id":27095,"date":"2025-02-04T12:56:04","date_gmt":"2025-02-04T11:56:04","guid":{"rendered":"https:\/\/serveiseducatius.xtec.cat\/bages\/?page_id=27095"},"modified":"2026-03-20T08:25:02","modified_gmt":"2026-03-20T07:25:02","slug":"proves-cb","status":"publish","type":"page","link":"https:\/\/serveiseducatius.xtec.cat\/bages\/proves-cb\/","title":{"rendered":"Proves d&#8217;avaluaci\u00f3 de Compet\u00e8ncies B\u00e0siques"},"content":{"rendered":"\n<div class=\"wp-block-columns is-layout-flex wp-container-core-columns-is-layout-1 wp-block-columns-is-layout-flex\">\n<div class=\"wp-block-column is-layout-flow wp-block-column-is-layout-flow\" style=\"flex-basis:33.33%\"><figure class=\"wp-block-post-featured-image\"><img loading=\"lazy\" decoding=\"async\" width=\"1200\" height=\"600\" src=\"https:\/\/serveiseducatius.xtec.cat\/bages\/wp-content\/uploads\/usu776\/2025\/02\/PROVA-IMATGES-1-1.png\" class=\"attachment-post-thumbnail size-post-thumbnail wp-post-image\" alt=\"\" style=\"object-fit:cover;\" srcset=\"https:\/\/serveiseducatius.xtec.cat\/bages\/wp-content\/uploads\/usu776\/2025\/02\/PROVA-IMATGES-1-1.png 1200w, https:\/\/serveiseducatius.xtec.cat\/bages\/wp-content\/uploads\/usu776\/2025\/02\/PROVA-IMATGES-1-1-300x150.png 300w, https:\/\/serveiseducatius.xtec.cat\/bages\/wp-content\/uploads\/usu776\/2025\/02\/PROVA-IMATGES-1-1-1024x512.png 1024w, https:\/\/serveiseducatius.xtec.cat\/bages\/wp-content\/uploads\/usu776\/2025\/02\/PROVA-IMATGES-1-1-768x384.png 768w\" sizes=\"auto, (max-width: 1200px) 100vw, 1200px\" \/><\/figure><\/div>\n\n\n\n<div class=\"wp-block-column is-layout-flow wp-block-column-is-layout-flow\" style=\"flex-basis:66.66%\">\n<h2 class=\"wp-block-heading\" style=\"font-size:30px\">Avaluaci\u00f3 de compet\u00e8ncies b\u00e0siques<\/h2>\n\n\n\n<p>Aquest lloc recull informaci\u00f3 i documentaci\u00f3 sobre la realitzaci\u00f3 de les proves d&#8217;avaluaci\u00f3 de 4t d&#8217;ESO.<\/p>\n\n\n\n<p>S&#8217;ha elaborat per facilitar les tasques dels diferents agents implicats en l&#8217;aplicaci\u00f3 i correcci\u00f3 de les proves, amb car\u00e0cter orientatiu, ja que la informaci\u00f3 oficial \u00e9s la que es pot consultar al web del <a href=\"http:\/\/csda.gencat.cat\/ca\/arees-actuacio\/avaluacions-consell\/\">Consell Superior d&#8217;Avaluaci\u00f3 del Sistema Educatiu<\/a>.<\/p>\n<\/div>\n<\/div>\n\n\n\n<h2 class=\"wp-block-heading has-white-color has-luminous-vivid-amber-background-color has-text-color has-background has-link-color wp-elements-aaf72d9a61ed5d773124a7fbd7bbe169\" style=\"padding-top:var(--wp--preset--spacing--20);padding-bottom:var(--wp--preset--spacing--20);font-size:30px\">Principals canvis i novetats en l&#8217;edici\u00f3 2026<\/h2>\n\n\n\n<p class=\"has-text-align-left has-black-color has-text-color has-link-color wp-elements-1a828436ea1503e57123fce38414a4b0\">L\u2019avaluaci\u00f3 de final d\u2019etapa de quart d\u2019ESO \u00e9s mostral.<\/p>\n\n\n\n<p>\u00c9s una avaluaci\u00f3 per obtenir informaci\u00f3 de sistema.<\/p>\n\n\n\n<p>Correcci\u00f3 gestionada per l\u2019Ag\u00e8ncia.<\/p>\n\n\n\n<p>Empresa de log\u00edstica recollir\u00e0 directament els fulls de respostes en el centre.<\/p>\n\n\n\n<p>Nom\u00e9s una comissi\u00f3 per a cada Servei Territorial.<\/p>\n\n\n\n<h2 class=\"wp-block-heading has-white-color has-luminous-vivid-amber-background-color has-text-color has-background has-link-color wp-elements-fd34246a751f5d5d363d004ad4fa8877\" style=\"padding-top:var(--wp--preset--spacing--20);padding-bottom:var(--wp--preset--spacing--20);font-size:30px\">Informacions<\/h2>\n\n\n\n<p>Les proves de 4t s\u2019aplicaran els dies 23 i 24 de mar\u00e7 de 2026<\/p>\n\n\n\n<p>En <a href=\"https:\/\/docs.google.com\/document\/d\/1-u-BHvu79HAl_trqJGCT75LuU0LeTO_m-vdUH-RiUvk\/edit?usp=sharing\" data-type=\"link\" data-id=\"https:\/\/docs.google.com\/document\/d\/1-u-BHvu79HAl_trqJGCT75LuU0LeTO_m-vdUH-RiUvk\/edit?usp=sharing\" target=\"_blank\" rel=\"noreferrer noopener\">aquest enlla\u00e7<\/a> us podeu descarregar l\u2019acta d\u2019aplicaci\u00f3 de les proves.<\/p>\n\n\n\n<p>En&nbsp;<a href=\"https:\/\/drive.google.com\/file\/d\/1Jw3IOZV9vMgcCCvYo72AbnrM9XEy-zbv\/view?usp=sharing\" target=\"_blank\" rel=\"noreferrer noopener\">aquest enlla\u00e7<\/a>&nbsp;teniu la presentaci\u00f3 de la reuni\u00f3<\/p>\n\n\n\n<p>En&nbsp;<a href=\"https:\/\/drive.google.com\/file\/d\/17laH-J6sOLRGKU9T75iXZ5EkXy_bJno1\/view?usp=sharing\" target=\"_blank\" rel=\"noreferrer noopener\">aquest enlla\u00e7<\/a>&nbsp;teniu la guia d\u2019aplicaci\u00f3 del curs 2025-26<\/p>\n\n\n\n<h2 class=\"wp-block-heading has-white-color has-luminous-vivid-amber-background-color has-text-color has-background has-link-color wp-elements-93913a641cca4f89c79d6f33f5446f01\" style=\"padding-top:var(--wp--preset--spacing--20);padding-bottom:var(--wp--preset--spacing--20)\">Horari de les proves<\/h2>\n\n\n\n<figure class=\"wp-block-image size-large\"><img loading=\"lazy\" decoding=\"async\" width=\"1024\" height=\"523\" src=\"https:\/\/serveiseducatius.xtec.cat\/bages\/wp-content\/uploads\/usu776\/2026\/01\/image-1024x523.png\" alt=\"\" class=\"wp-image-32249\" srcset=\"https:\/\/serveiseducatius.xtec.cat\/bages\/wp-content\/uploads\/usu776\/2026\/01\/image-1024x523.png 1024w, https:\/\/serveiseducatius.xtec.cat\/bages\/wp-content\/uploads\/usu776\/2026\/01\/image-300x153.png 300w, https:\/\/serveiseducatius.xtec.cat\/bages\/wp-content\/uploads\/usu776\/2026\/01\/image-768x392.png 768w, https:\/\/serveiseducatius.xtec.cat\/bages\/wp-content\/uploads\/usu776\/2026\/01\/image.png 1222w\" sizes=\"auto, (max-width: 1024px) 100vw, 1024px\" \/><\/figure>\n\n\n\n<h2 class=\"wp-block-heading has-white-color has-luminous-vivid-amber-background-color has-text-color has-background has-link-color wp-elements-46490dd707c06c83b1cf92773c6c5bfa\" style=\"padding-top:var(--wp--preset--spacing--20);padding-bottom:var(--wp--preset--spacing--20)\">Resoluci\u00f3<\/h2>\n\n\n\n<p><a href=\"https:\/\/dogc.gencat.cat\/ca\/document-del-dogc\/?documentId=1029557\" target=\"_blank\" rel=\"noreferrer noopener\">Resoluci\u00f3 EDF\/4158\/2025<\/a><\/p>\n\n\n\n<p><\/p>\n","protected":false},"excerpt":{"rendered":"<p>Avaluaci\u00f3 de compet\u00e8ncies b\u00e0siques Aquest lloc recull informaci\u00f3 i documentaci\u00f3 sobre la realitzaci\u00f3 de les proves d&#8217;avaluaci\u00f3 de 4t d&#8217;ESO. S&#8217;ha elaborat per facilitar les tasques dels diferents agents implicats en l&#8217;aplicaci\u00f3 i correcci\u00f3 de les proves, amb car\u00e0cter orientatiu, ja que la informaci\u00f3 oficial \u00e9s la que es pot consultar al web del Consell [&hellip;]<\/p>\n","protected":false},"author":1,"featured_media":27111,"parent":0,"menu_order":0,"comment_status":"closed","ping_status":"closed","template":"","meta":{"_bbp_topic_count":0,"_bbp_reply_count":0,"_bbp_total_topic_count":0,"_bbp_total_reply_count":0,"_bbp_voice_count":0,"_bbp_anonymous_reply_count":0,"_bbp_topic_count_hidden":0,"_bbp_reply_count_hidden":0,"_bbp_forum_subforum_count":0,"site-sidebar-layout":"no-sidebar","site-content-layout":"","ast-site-content-layout":"normal-width-container","site-content-style":"default","site-sidebar-style":"default","ast-global-header-display":"","ast-banner-title-visibility":"","ast-main-header-display":"","ast-hfb-above-header-display":"","ast-hfb-below-header-display":"","ast-hfb-mobile-header-display":"","site-post-title":"","ast-breadcrumbs-content":"","ast-featured-img":"","footer-sml-layout":"","theme-transparent-header-meta":"","adv-header-id-meta":"","stick-header-meta":"","header-above-stick-meta":"","header-main-stick-meta":"","header-below-stick-meta":"","astra-migrate-meta-layouts":"set","ast-page-background-enabled":"default","ast-page-background-meta":{"desktop":{"background-color":"var(--ast-global-color-4)","background-image":"","background-repeat":"repeat","background-position":"center center","background-size":"auto","background-attachment":"scroll","background-type":"","background-media":"","overlay-type":"","overlay-color":"","overlay-opacity":"","overlay-gradient":""},"tablet":{"background-color":"","background-image":"","background-repeat":"repeat","background-position":"center center","background-size":"auto","background-attachment":"scroll","background-type":"","background-media":"","overlay-type":"","overlay-color":"","overlay-opacity":"","overlay-gradient":""},"mobile":{"background-color":"","background-image":"","background-repeat":"repeat","background-position":"center center","background-size":"auto","background-attachment":"scroll","background-type":"","background-media":"","overlay-type":"","overlay-color":"","overlay-opacity":"","overlay-gradient":""}},"ast-content-background-meta":{"desktop":{"background-color":"var(--ast-global-color-5)","background-image":"","background-repeat":"repeat","background-position":"center center","background-size":"auto","background-attachment":"scroll","background-type":"","background-media":"","overlay-type":"","overlay-color":"","overlay-opacity":"","overlay-gradient":""},"tablet":{"background-color":"var(--ast-global-color-5)","background-image":"","background-repeat":"repeat","background-position":"center center","background-size":"auto","background-attachment":"scroll","background-type":"","background-media":"","overlay-type":"","overlay-color":"","overlay-opacity":"","overlay-gradient":""},"mobile":{"background-color":"var(--ast-global-color-5)","background-image":"","background-repeat":"repeat","background-position":"center center","background-size":"auto","background-attachment":"scroll","background-type":"","background-media":"","overlay-type":"","overlay-color":"","overlay-opacity":"","overlay-gradient":""}},"footnotes":""},"class_list":["post-27095","page","type-page","status-publish","has-post-thumbnail","hentry"],"post_mailing_queue_ids":[],"_links":{"self":[{"href":"https:\/\/serveiseducatius.xtec.cat\/bages\/wp-json\/wp\/v2\/pages\/27095","targetHints":{"allow":["GET"]}}],"collection":[{"href":"https:\/\/serveiseducatius.xtec.cat\/bages\/wp-json\/wp\/v2\/pages"}],"about":[{"href":"https:\/\/serveiseducatius.xtec.cat\/bages\/wp-json\/wp\/v2\/types\/page"}],"author":[{"embeddable":true,"href":"https:\/\/serveiseducatius.xtec.cat\/bages\/wp-json\/wp\/v2\/users\/1"}],"replies":[{"embeddable":true,"href":"https:\/\/serveiseducatius.xtec.cat\/bages\/wp-json\/wp\/v2\/comments?post=27095"}],"version-history":[{"count":5,"href":"https:\/\/serveiseducatius.xtec.cat\/bages\/wp-json\/wp\/v2\/pages\/27095\/revisions"}],"predecessor-version":[{"id":32786,"href":"https:\/\/serveiseducatius.xtec.cat\/bages\/wp-json\/wp\/v2\/pages\/27095\/revisions\/32786"}],"wp:featuredmedia":[{"embeddable":true,"href":"https:\/\/serveiseducatius.xtec.cat\/bages\/wp-json\/wp\/v2\/media\/27111"}],"wp:attachment":[{"href":"https:\/\/serveiseducatius.xtec.cat\/bages\/wp-json\/wp\/v2\/media?parent=27095"}],"curies":[{"name":"wp","href":"https:\/\/api.w.org\/{rel}","templated":true}]}}