{"id":26338,"date":"2025-01-15T17:03:24","date_gmt":"2025-01-15T16:03:24","guid":{"rendered":"https:\/\/serveiseducatius.xtec.cat\/bages\/?page_id=26338"},"modified":"2026-01-27T12:59:36","modified_gmt":"2026-01-27T11:59:36","slug":"reconnect-es","status":"publish","type":"page","link":"https:\/\/serveiseducatius.xtec.cat\/bages\/comunitat\/reconnect-es\/","title":{"rendered":"Reconnect-ES"},"content":{"rendered":"<figure class=\"wp-block-post-featured-image\"><img loading=\"lazy\" decoding=\"async\" width=\"1200\" height=\"600\" src=\"https:\/\/serveiseducatius.xtec.cat\/bages\/wp-content\/uploads\/usu776\/2026\/01\/IMATGE-DESTACADA-ARTICLES-2.png\" class=\"attachment-post-thumbnail size-post-thumbnail wp-post-image\" alt=\"\" style=\"object-fit:cover;\" srcset=\"https:\/\/serveiseducatius.xtec.cat\/bages\/wp-content\/uploads\/usu776\/2026\/01\/IMATGE-DESTACADA-ARTICLES-2.png 1200w, https:\/\/serveiseducatius.xtec.cat\/bages\/wp-content\/uploads\/usu776\/2026\/01\/IMATGE-DESTACADA-ARTICLES-2-300x150.png 300w, https:\/\/serveiseducatius.xtec.cat\/bages\/wp-content\/uploads\/usu776\/2026\/01\/IMATGE-DESTACADA-ARTICLES-2-1024x512.png 1024w, https:\/\/serveiseducatius.xtec.cat\/bages\/wp-content\/uploads\/usu776\/2026\/01\/IMATGE-DESTACADA-ARTICLES-2-768x384.png 768w\" sizes=\"auto, (max-width: 1200px) 100vw, 1200px\" \/><\/figure>\n\n\n<h2 class=\"wp-block-heading\">Projecte Reconnect-ES<\/h2>\n\n\n\n<div class=\"wp-block-columns is-layout-flex wp-container-core-columns-is-layout-1 wp-block-columns-is-layout-flex\">\n<div class=\"wp-block-column is-layout-flow wp-block-column-is-layout-flow\" style=\"flex-basis:33.33%\">\n<h2 class=\"wp-block-heading\">Qu\u00e8 \u00e9s?<\/h2>\n<\/div>\n\n\n\n<div class=\"wp-block-column is-layout-flow wp-block-column-is-layout-flow\" style=\"flex-basis:66.66%\">\n<p>El projecte Reconnect-ES \u00e9s una iniciativa del Departament d\u2019Educaci\u00f3 i Formaci\u00f3 Professional de la Generalitat de Catalunya que t\u00e9 com objectiu acompanyar a joves d&#8217;entre 16 i 24 anys<strong> que no han assolit l&#8217;ESO<\/strong> o que tot i haver-la assolit,<strong> no han continuat els seus estudis. <\/strong><\/p>\n\n\n\n<p>Mitjan\u00e7ant una xarxa de professionals \u2014entre els quals destaca la figura d\u2019educadors i educadores socials que estableixen contacte amb aquests joves, identifiquen les seves situacions i faciliten itineraris de reincorporaci\u00f3\u2014 el projecte busca restablir vincles, orientar i acompanyar perqu\u00e8 les traject\u00f2ries formatives puguin reprendre\u2019s. <\/p>\n<\/div>\n<\/div>\n\n\n\n<p>Aquest enfocament es desenvolupa en el marc del <a href=\"https:\/\/educacio.gencat.cat\/web\/.content\/home\/departament\/publicacions\/documents-tecnics\/pla-contra-abandonament-escolar-prematur\/pla-contra-abandonament-escolar-prematur.pdf\" target=\"_blank\" rel=\"noreferrer noopener\">Pla d\u2019acci\u00f3 contra l\u2019abandonament escolar prematur<\/a>, que fixa com a meta reduir la taxa d\u2019abandonament per sota del 9 % l\u2019any 2030.<\/p>\n\n\n\n<div class=\"wp-block-columns is-layout-flex wp-container-core-columns-is-layout-2 wp-block-columns-is-layout-flex\">\n<div class=\"wp-block-column is-layout-flow wp-block-column-is-layout-flow\" style=\"flex-basis:33.33%\">\n<h2 class=\"wp-block-heading\">Objectius<\/h2>\n<\/div>\n\n\n\n<div class=\"wp-block-column is-layout-flow wp-block-column-is-layout-flow\" style=\"flex-basis:66.66%\">\n<ul class=\"wp-block-list\">\n<li>Identificar i contactar joves que han abandonat els estudis per tal d\u2019oferir-los orientaci\u00f3 i suport personalitzat per a la seva reinserci\u00f3 educativa o formativa. <\/li>\n\n\n\n<li>Facilitar la reincorporaci\u00f3 al sistema educatiu o de formaci\u00f3 (per exemple, tornant a l\u2019ESO, accedint a la formaci\u00f3 professional, programes de formaci\u00f3 i inserci\u00f3, certificats de professionalitat, o batxillerat) dels joves que s\u2019han desvinculat.<\/li>\n\n\n\n<li>Contribuir a la reducci\u00f3 de la taxa d\u2019abandonament escolar prematur a Catalunya mitjan\u00e7ant una acci\u00f3 concreta i territorialitzada, en col\u00b7laboraci\u00f3 amb centres educatius, serveis territorials, administracions locals i la comunitat. <\/li>\n\n\n\n<li>Augmentar la flexibilitat dels itineraris formatius i refor\u00e7ar l\u2019orientaci\u00f3 i el suport als joves perqu\u00e8 puguin reprendre i completar la seva traject\u00f2ria educativa, tenint en compte les seves condicions i contextos.<\/li>\n<\/ul>\n<\/div>\n<\/div>\n\n\n\n<figure class=\"wp-block-embed is-type-video is-provider-youtube wp-block-embed-youtube wp-embed-aspect-16-9 wp-has-aspect-ratio\"><div class=\"wp-block-embed__wrapper\">\n<div class=\"ast-oembed-container \" style=\"height: 100%;\"><iframe loading=\"lazy\" title=\"Projecte Reconnect-ES: acompanyar i orientar contra l&#039;abandonament escolar\" width=\"500\" height=\"281\" src=\"https:\/\/www.youtube.com\/embed\/rY8LP6InHcA?feature=oembed\" frameborder=\"0\" allow=\"accelerometer; autoplay; clipboard-write; encrypted-media; gyroscope; picture-in-picture; web-share\" referrerpolicy=\"strict-origin-when-cross-origin\" allowfullscreen><\/iframe><\/div>\n<\/div><\/figure>\n\n\n\n<hr class=\"wp-block-separator has-text-color has-vivid-red-color has-alpha-channel-opacity has-vivid-red-background-color has-background is-style-wide\"\/>\n\n\n\n<h2 class=\"wp-block-heading has-text-align-center\">Articles destacats<\/h2>\n\n\n\n        <div class=\"wp-block-getwid-post-slider custom-post-type-post has-arrows-inside has-dots-inside\">\n            <div data-slider-option=\"{&quot;getwid_fade_effect&quot;:&quot;slide&quot;,&quot;getwid_autoplay&quot;:false,&quot;getwid_pause_on_hover&quot;:false,&quot;getwid_autoplay_speed&quot;:6000,&quot;getwid_infinite&quot;:true,&quot;getwid_animation_speed&quot;:800,&quot;getwid_arrows&quot;:&quot;inside&quot;,&quot;getwid_dots&quot;:&quot;inside&quot;}\" class=\"wp-block-getwid-post-slider__content\">\n                <p>No s&#039;ha trobat res.<\/p>            <\/div>\n        <\/div>\n        \n\n\n<hr class=\"wp-block-separator has-text-color has-vivid-red-color has-alpha-channel-opacity has-vivid-red-background-color has-background is-style-wide\"\/>\n\n\n\n<h2 class=\"wp-block-heading has-text-align-center\">Espai de la nostra educadora Social<\/h2>\n\n\n\n<div class=\"wp-block-columns is-layout-flex wp-container-core-columns-is-layout-3 wp-block-columns-is-layout-flex\">\n<div class=\"wp-block-column is-layout-flow wp-block-column-is-layout-flow\" style=\"flex-basis:33.33%\">\n<p>Mariona Ribera<\/p>\n\n\n\n<p>mriber17@xtec.cat<\/p>\n\n\n\n<p>600 00 61 28<\/p>\n<\/div>\n\n\n\n<div class=\"wp-block-column is-layout-flow wp-block-column-is-layout-flow\" style=\"flex-basis:66.66%\">\n<figure class=\"wp-block-image size-full\"><img loading=\"lazy\" decoding=\"async\" width=\"1024\" height=\"768\" src=\"https:\/\/serveiseducatius.xtec.cat\/bages\/wp-content\/uploads\/usu776\/2025\/01\/Presentacio-Reconnect-ES.png\" alt=\"\" class=\"wp-image-26699\" srcset=\"https:\/\/serveiseducatius.xtec.cat\/bages\/wp-content\/uploads\/usu776\/2025\/01\/Presentacio-Reconnect-ES.png 1024w, https:\/\/serveiseducatius.xtec.cat\/bages\/wp-content\/uploads\/usu776\/2025\/01\/Presentacio-Reconnect-ES-300x225.png 300w, https:\/\/serveiseducatius.xtec.cat\/bages\/wp-content\/uploads\/usu776\/2025\/01\/Presentacio-Reconnect-ES-768x576.png 768w\" sizes=\"auto, (max-width: 1024px) 100vw, 1024px\" \/><\/figure>\n<\/div>\n<\/div>\n\n\n\n<div data-wp-interactive=\"core\/file\" class=\"wp-block-file\"><object data-wp-bind--hidden=\"!state.hasPdfPreview\" hidden class=\"wp-block-file__embed\" data=\"https:\/\/serveiseducatius.xtec.cat\/bages\/wp-content\/uploads\/usu776\/2025\/01\/Infografia-1.pdf\" type=\"application\/pdf\" style=\"width:100%;height:600px\" aria-label=\"Incrustaci\u00f3 del fitxer Infografia-1.\"><\/object><a id=\"wp-block-file--media-ddf7f2ed-ef61-4107-851d-418b076738d9\" href=\"https:\/\/serveiseducatius.xtec.cat\/bages\/wp-content\/uploads\/usu776\/2025\/01\/Infografia-1.pdf\">Infografia-1<\/a><a href=\"https:\/\/serveiseducatius.xtec.cat\/bages\/wp-content\/uploads\/usu776\/2025\/01\/Infografia-1.pdf\" class=\"wp-block-file__button wp-element-button\" download aria-describedby=\"wp-block-file--media-ddf7f2ed-ef61-4107-851d-418b076738d9\">Baixa<\/a><\/div>\n","protected":false},"excerpt":{"rendered":"<p>Projecte Reconnect-ES Qu\u00e8 \u00e9s? El projecte Reconnect-ES \u00e9s una iniciativa del Departament d\u2019Educaci\u00f3 i Formaci\u00f3 Professional de la Generalitat de Catalunya que t\u00e9 com objectiu acompanyar a joves d&#8217;entre 16 i 24 anys que no han assolit l&#8217;ESO o que tot i haver-la assolit, no han continuat els seus estudis. Mitjan\u00e7ant una xarxa de professionals [&hellip;]<\/p>\n","protected":false},"author":1,"featured_media":31933,"parent":25726,"menu_order":25,"comment_status":"closed","ping_status":"closed","template":"","meta":{"_bbp_topic_count":0,"_bbp_reply_count":0,"_bbp_total_topic_count":0,"_bbp_total_reply_count":0,"_bbp_voice_count":0,"_bbp_anonymous_reply_count":0,"_bbp_topic_count_hidden":0,"_bbp_reply_count_hidden":0,"_bbp_forum_subforum_count":0,"site-sidebar-layout":"no-sidebar","site-content-layout":"","ast-site-content-layout":"normal-width-container","site-content-style":"default","site-sidebar-style":"default","ast-global-header-display":"","ast-banner-title-visibility":"","ast-main-header-display":"","ast-hfb-above-header-display":"","ast-hfb-below-header-display":"","ast-hfb-mobile-header-display":"","site-post-title":"disabled","ast-breadcrumbs-content":"","ast-featured-img":"","footer-sml-layout":"","theme-transparent-header-meta":"","adv-header-id-meta":"","stick-header-meta":"","header-above-stick-meta":"","header-main-stick-meta":"","header-below-stick-meta":"","astra-migrate-meta-layouts":"set","ast-page-background-enabled":"default","ast-page-background-meta":{"desktop":{"background-color":"var(--ast-global-color-4)","background-image":"","background-repeat":"repeat","background-position":"center center","background-size":"auto","background-attachment":"scroll","background-type":"","background-media":"","overlay-type":"","overlay-color":"","overlay-opacity":"","overlay-gradient":""},"tablet":{"background-color":"","background-image":"","background-repeat":"repeat","background-position":"center center","background-size":"auto","background-attachment":"scroll","background-type":"","background-media":"","overlay-type":"","overlay-color":"","overlay-opacity":"","overlay-gradient":""},"mobile":{"background-color":"","background-image":"","background-repeat":"repeat","background-position":"center center","background-size":"auto","background-attachment":"scroll","background-type":"","background-media":"","overlay-type":"","overlay-color":"","overlay-opacity":"","overlay-gradient":""}},"ast-content-background-meta":{"desktop":{"background-color":"var(--ast-global-color-5)","background-image":"","background-repeat":"repeat","background-position":"center center","background-size":"auto","background-attachment":"scroll","background-type":"","background-media":"","overlay-type":"","overlay-color":"","overlay-opacity":"","overlay-gradient":""},"tablet":{"background-color":"var(--ast-global-color-5)","background-image":"","background-repeat":"repeat","background-position":"center center","background-size":"auto","background-attachment":"scroll","background-type":"","background-media":"","overlay-type":"","overlay-color":"","overlay-opacity":"","overlay-gradient":""},"mobile":{"background-color":"var(--ast-global-color-5)","background-image":"","background-repeat":"repeat","background-position":"center center","background-size":"auto","background-attachment":"scroll","background-type":"","background-media":"","overlay-type":"","overlay-color":"","overlay-opacity":"","overlay-gradient":""}},"footnotes":""},"class_list":["post-26338","page","type-page","status-publish","has-post-thumbnail","hentry"],"post_mailing_queue_ids":[],"_links":{"self":[{"href":"https:\/\/serveiseducatius.xtec.cat\/bages\/wp-json\/wp\/v2\/pages\/26338","targetHints":{"allow":["GET"]}}],"collection":[{"href":"https:\/\/serveiseducatius.xtec.cat\/bages\/wp-json\/wp\/v2\/pages"}],"about":[{"href":"https:\/\/serveiseducatius.xtec.cat\/bages\/wp-json\/wp\/v2\/types\/page"}],"author":[{"embeddable":true,"href":"https:\/\/serveiseducatius.xtec.cat\/bages\/wp-json\/wp\/v2\/users\/1"}],"replies":[{"embeddable":true,"href":"https:\/\/serveiseducatius.xtec.cat\/bages\/wp-json\/wp\/v2\/comments?post=26338"}],"version-history":[{"count":5,"href":"https:\/\/serveiseducatius.xtec.cat\/bages\/wp-json\/wp\/v2\/pages\/26338\/revisions"}],"predecessor-version":[{"id":31270,"href":"https:\/\/serveiseducatius.xtec.cat\/bages\/wp-json\/wp\/v2\/pages\/26338\/revisions\/31270"}],"up":[{"embeddable":true,"href":"https:\/\/serveiseducatius.xtec.cat\/bages\/wp-json\/wp\/v2\/pages\/25726"}],"wp:featuredmedia":[{"embeddable":true,"href":"https:\/\/serveiseducatius.xtec.cat\/bages\/wp-json\/wp\/v2\/media\/31933"}],"wp:attachment":[{"href":"https:\/\/serveiseducatius.xtec.cat\/bages\/wp-json\/wp\/v2\/media?parent=26338"}],"curies":[{"name":"wp","href":"https:\/\/api.w.org\/{rel}","templated":true}]}}