{"id":26131,"date":"2025-01-14T08:51:58","date_gmt":"2025-01-14T07:51:58","guid":{"rendered":"https:\/\/serveiseducatius.xtec.cat\/bages\/?page_id=26131"},"modified":"2025-01-14T09:13:44","modified_gmt":"2025-01-14T08:13:44","slug":"programa-faig","status":"publish","type":"page","link":"https:\/\/serveiseducatius.xtec.cat\/bages\/programa-faig\/","title":{"rendered":"Programa FAIG"},"content":{"rendered":"\n<hr class=\"wp-block-separator has-alpha-channel-opacity\"\/>\n\n\n\n<div class=\"wp-block-media-text is-stacked-on-mobile is-vertically-aligned-center\" style=\"grid-template-columns:25% auto\"><figure class=\"wp-block-media-text__media\"><img decoding=\"async\" src=\"https:\/\/serveiseducatius.xtec.cat\/bages\/wp-content\/uploads\/usu776\/2023\/10\/FAIG_logo-blanc.png\" alt=\"\" class=\"wp-image-22306 size-full\"\/><\/figure><div class=\"wp-block-media-text__content\">\n<p><strong>FAIG<\/strong> \u00e9s un programa experimental de suport a la innovaci\u00f3 del Departament d\u2019Educaci\u00f3 de Catalunya promogut per la Direcci\u00f3 General d\u2019Innovaci\u00f3, Digitalitzaci\u00f3 i Curr\u00edculum. Dona suport a la<strong> innovaci\u00f3 educativa en centres<\/strong> que desenvolupen <strong>metodologies actives d\u2019aprenentatge<\/strong>, a trav\u00e9s de les quals infants i joves esdevenen agents clau per reimaginar el m\u00f3n envers la just\u00edcia global.<\/p>\n<\/div><\/div>\n\n\n\n<p>Al CRP del Bages coordinem, assessorem i acompanyem en el seu itinerari als seg\u00fcents centres:<\/p>\n\n\n\n<div class=\"wp-block-columns are-vertically-aligned-center is-layout-flex wp-container-core-columns-is-layout-1 wp-block-columns-is-layout-flex\">\n<div class=\"wp-block-column is-vertically-aligned-center is-layout-flow wp-block-column-is-layout-flow\">\n<details class=\"wp-block-details is-layout-flow wp-block-details-is-layout-flow\"><summary>ITINERARI <\/summary>\n<p><a href=\"https:\/\/agora.xtec.cat\/insmanresasis\/general\/faig\/\" data-type=\"link\" data-id=\"https:\/\/agora.xtec.cat\/insmanresasis\/general\/faig\/\" target=\"_blank\" rel=\"noreferrer noopener\">Institut Manresa Sis (Manresa)<\/a><\/p>\n\n\n\n<p><a href=\"https:\/\/agora.xtec.cat\/sinscardener\/faig\/\" data-type=\"link\" data-id=\"https:\/\/agora.xtec.cat\/sinscardener\/faig\/\" target=\"_blank\" rel=\"noreferrer noopener\">Institut Cardener (Sant Joan de Vilatorrada)<\/a><\/p>\n\n\n\n<p><a href=\"https:\/\/agora.xtec.cat\/ceip-puigberenguer\/\" data-type=\"link\" data-id=\"https:\/\/agora.xtec.cat\/ceip-puigberenguer\/\" target=\"_blank\" rel=\"noreferrer noopener\">Escola Puigberenguer (Manresa)<\/a><\/p>\n<\/details>\n<\/div>\n\n\n\n<div class=\"wp-block-column is-vertically-aligned-center is-layout-flow wp-block-column-is-layout-flow\">\n<details class=\"wp-block-details is-layout-flow wp-block-details-is-layout-flow\"><summary>ITINERARI 2<\/summary>\n<p><a href=\"https:\/\/agora.xtec.cat\/escolasalipota\/\" target=\"_blank\" rel=\"noreferrer noopener\">Escola Salipota (S\u00faria)<\/a><\/p>\n\n\n\n<p>(referent Fina P\u00e9rez &#8211; CRP Bages)<\/p>\n<\/details>\n<\/div>\n<\/div>\n\n\n\n<div class=\"wp-block-media-text is-stacked-on-mobile\" style=\"grid-template-columns:26% auto\"><figure class=\"wp-block-media-text__media\"><img loading=\"lazy\" decoding=\"async\" width=\"1024\" height=\"557\" src=\"https:\/\/serveiseducatius.xtec.cat\/bages\/wp-content\/uploads\/usu776\/2025\/01\/Captura-de-pantalla-2025-01-14-090944-1024x557.png\" alt=\"\" class=\"wp-image-26142 size-full\" srcset=\"https:\/\/serveiseducatius.xtec.cat\/bages\/wp-content\/uploads\/usu776\/2025\/01\/Captura-de-pantalla-2025-01-14-090944-1024x557.png 1024w, https:\/\/serveiseducatius.xtec.cat\/bages\/wp-content\/uploads\/usu776\/2025\/01\/Captura-de-pantalla-2025-01-14-090944-300x163.png 300w, https:\/\/serveiseducatius.xtec.cat\/bages\/wp-content\/uploads\/usu776\/2025\/01\/Captura-de-pantalla-2025-01-14-090944-768x418.png 768w, https:\/\/serveiseducatius.xtec.cat\/bages\/wp-content\/uploads\/usu776\/2025\/01\/Captura-de-pantalla-2025-01-14-090944.png 1324w\" sizes=\"auto, (max-width: 1024px) 100vw, 1024px\" \/><\/figure><div class=\"wp-block-media-text__content\">\n<p><a href=\"https:\/\/serveiseducatius.xtec.cat\/cesire\/faig-fent-per-aprendre-imaginant-globalment\/\" data-type=\"link\" data-id=\"https:\/\/serveiseducatius.xtec.cat\/cesire\/faig-fent-per-aprendre-imaginant-globalment\/\" target=\"_blank\" rel=\"noreferrer noopener\">Web del Programa FAIG<\/a><\/p>\n<\/div><\/div>\n","protected":false},"excerpt":{"rendered":"<p>FAIG \u00e9s un programa experimental de suport a la innovaci\u00f3 del Departament d\u2019Educaci\u00f3 de Catalunya promogut per la Direcci\u00f3 General d\u2019Innovaci\u00f3, Digitalitzaci\u00f3 i Curr\u00edculum. Dona suport a la innovaci\u00f3 educativa en centres que desenvolupen metodologies actives d\u2019aprenentatge, a trav\u00e9s de les quals infants i joves esdevenen agents clau per reimaginar el m\u00f3n envers la just\u00edcia [&hellip;]<\/p>\n","protected":false},"author":1,"featured_media":0,"parent":0,"menu_order":0,"comment_status":"closed","ping_status":"close","template":"","meta":{"_bbp_topic_count":0,"_bbp_reply_count":0,"_bbp_total_topic_count":0,"_bbp_total_reply_count":0,"_bbp_voice_count":0,"_bbp_anonymous_reply_count":0,"_bbp_topic_count_hidden":0,"_bbp_reply_count_hidden":0,"_bbp_forum_subforum_count":0,"site-sidebar-layout":"left-sidebar","site-content-layout":"","ast-site-content-layout":"default","site-content-style":"default","site-sidebar-style":"default","ast-global-header-display":"","ast-banner-title-visibility":"","ast-main-header-display":"","ast-hfb-above-header-display":"","ast-hfb-below-header-display":"","ast-hfb-mobile-header-display":"","site-post-title":"","ast-breadcrumbs-content":"","ast-featured-img":"","footer-sml-layout":"","theme-transparent-header-meta":"","adv-header-id-meta":"","stick-header-meta":"","header-above-stick-meta":"","header-main-stick-meta":"","header-below-stick-meta":"","astra-migrate-meta-layouts":"set","ast-page-background-enabled":"default","ast-page-background-meta":{"desktop":{"background-color":"var(--ast-global-color-4)","background-image":"","background-repeat":"repeat","background-position":"center center","background-size":"auto","background-attachment":"scroll","background-type":"","background-media":"","overlay-type":"","overlay-color":"","overlay-opacity":"","overlay-gradient":""},"tablet":{"background-color":"","background-image":"","background-repeat":"repeat","background-position":"center center","background-size":"auto","background-attachment":"scroll","background-type":"","background-media":"","overlay-type":"","overlay-color":"","overlay-opacity":"","overlay-gradient":""},"mobile":{"background-color":"","background-image":"","background-repeat":"repeat","background-position":"center center","background-size":"auto","background-attachment":"scroll","background-type":"","background-media":"","overlay-type":"","overlay-color":"","overlay-opacity":"","overlay-gradient":""}},"ast-content-background-meta":{"desktop":{"background-color":"var(--ast-global-color-5)","background-image":"","background-repeat":"repeat","background-position":"center center","background-size":"auto","background-attachment":"scroll","background-type":"","background-media":"","overlay-type":"","overlay-color":"","overlay-opacity":"","overlay-gradient":""},"tablet":{"background-color":"var(--ast-global-color-5)","background-image":"","background-repeat":"repeat","background-position":"center center","background-size":"auto","background-attachment":"scroll","background-type":"","background-media":"","overlay-type":"","overlay-color":"","overlay-opacity":"","overlay-gradient":""},"mobile":{"background-color":"var(--ast-global-color-5)","background-image":"","background-repeat":"repeat","background-position":"center center","background-size":"auto","background-attachment":"scroll","background-type":"","background-media":"","overlay-type":"","overlay-color":"","overlay-opacity":"","overlay-gradient":""}},"footnotes":""},"class_list":["post-26131","page","type-page","status-publish","hentry"],"post_mailing_queue_ids":[],"_links":{"self":[{"href":"https:\/\/serveiseducatius.xtec.cat\/bages\/wp-json\/wp\/v2\/pages\/26131","targetHints":{"allow":["GET"]}}],"collection":[{"href":"https:\/\/serveiseducatius.xtec.cat\/bages\/wp-json\/wp\/v2\/pages"}],"about":[{"href":"https:\/\/serveiseducatius.xtec.cat\/bages\/wp-json\/wp\/v2\/types\/page"}],"author":[{"embeddable":true,"href":"https:\/\/serveiseducatius.xtec.cat\/bages\/wp-json\/wp\/v2\/users\/1"}],"replies":[{"embeddable":true,"href":"https:\/\/serveiseducatius.xtec.cat\/bages\/wp-json\/wp\/v2\/comments?post=26131"}],"version-history":[{"count":6,"href":"https:\/\/serveiseducatius.xtec.cat\/bages\/wp-json\/wp\/v2\/pages\/26131\/revisions"}],"predecessor-version":[{"id":26148,"href":"https:\/\/serveiseducatius.xtec.cat\/bages\/wp-json\/wp\/v2\/pages\/26131\/revisions\/26148"}],"wp:attachment":[{"href":"https:\/\/serveiseducatius.xtec.cat\/bages\/wp-json\/wp\/v2\/media?parent=26131"}],"curies":[{"name":"wp","href":"https:\/\/api.w.org\/{rel}","templated":true}]}}