{"id":24762,"date":"2024-10-29T12:58:30","date_gmt":"2024-10-29T11:58:30","guid":{"rendered":"https:\/\/serveiseducatius.xtec.cat\/bages\/?page_id=24762"},"modified":"2025-09-17T14:08:35","modified_gmt":"2025-09-17T12:08:35","slug":"centres-concertats","status":"publish","type":"page","link":"https:\/\/serveiseducatius.xtec.cat\/bages\/comunitat\/centres-educatius\/centres-concertats\/","title":{"rendered":"Centres Concertats (CC)"},"content":{"rendered":"<p><a href=\"https:\/\/manresa.fedac.cat\/\" target=\"_blank\" rel=\"noopener\"><strong>FEDAC-Manresa<\/strong><\/a><br \/>\nC. Nou de Valldaura, 19-21<br \/>\n08241 Manresa<br \/>\nTel. 93 872 84 00<br \/>\nCorreu electr\u00f2nic: fedac.manresa@fedac.cat<\/p>\n<p><a href=\"https:\/\/manresa.lasalle.cat\/\" target=\"_blank\" rel=\"noopener\"><strong>La Salle Manresa<\/strong><\/a><br \/>\nC. de la Pau,\u00a0 109-111<br \/>\n08243 Manresa<br \/>\nTel. 93 887 03 51<br \/>\nCorreu electr\u00f2nic: manresa@manresa.lasalle.cat<\/p>\n<p><a href=\"https:\/\/vedrunaartes.cat\/\" target=\"_blank\" rel=\"noopener\"><strong>Vedruna Art\u00e9s<\/strong><\/a><br \/>\nC. Carfme, 16<br \/>\n08271 Art\u00e9s<br \/>\nTel. 93 830 52 12<br \/>\nCorreu electr\u00f2nic: a8000220@xtec.cat<\/p>\n<p><a href=\"https:\/\/monistrol.fedac.cat\/\" target=\"_blank\" rel=\"noopener\"><strong>FEDAC-Monistrol<\/strong><\/a><br \/>\nC. Germans de la Salle s\/n<br \/>\n08691 Monistrol de Montserrat<br \/>\nTel. 93 835 01 81<br \/>\nCorreu electr\u00f2nic: fedac.monistrol@fedac.cat<\/p>\n<p><a href=\"https:\/\/vedrunanavas.cat\/\" target=\"_blank\" rel=\"noopener\"><strong>VEDRUNA Sant Josep Nav\u00e0s (INF PRI)<\/strong><\/a><br \/>\nCtra. de Viver, 20<br \/>\n08670 Nav\u00e0s<br \/>\nTel. 93 8390747<br \/>\nCorreu electr\u00f2nic: escola@vedrunanavas.cat<\/p>\n<p><a href=\"https:\/\/vedrunanavas.cat\/\" target=\"_blank\" rel=\"noopener\"><strong>Vedruna EDN Nav\u00e0s Diocesana (ESO)<\/strong><\/a><br \/>\nC. Vicen\u00e7 Vidal Casacuberta, 2<br \/>\n08670 Nav\u00e0s<br \/>\nTel. 93 839 01 00<br \/>\nCorreu electr\u00f2nic: escola@vedrunanavas.cat<\/p>\n<p><a href=\"https:\/\/www.avemariamanresa.cat\/\" target=\"_blank\" rel=\"noopener\"><strong>Col\u00b7legi L&#8217;Ave Maria<\/strong><\/a><br \/>\nC. Major, 58-60<br \/>\n08242 Manresa<br \/>\nTel. 93 874 21 61<br \/>\nCorreu electr\u00f2nic: a8020267@xtec.cat<\/p>\n<p><a style=\"font-size: revert; background-color: var(--ast-global-color-5); font-weight: inherit;\" href=\"https:\/\/santvicenc.fedac.cat\/\" target=\"_blank\" rel=\"noopener\"><strong>FEDAC-Sant Vicen\u00e7<\/strong><\/a><\/p>\n<p>C. Doctor Trias, 76<br \/>\n08295 Sant Vicen\u00e7 de Castellet<br \/>\nTel. 93 833 03 05<br \/>\nCorreu electr\u00f2nic: fedac.santvicenc@fedac.cat<\/p>\n<p><a href=\"https:\/\/suria.fedac.cat\/\" target=\"_blank\" rel=\"noopener\"><strong>FEDAC-S\u00faria<\/strong><\/a><br \/>\nCtra. Balsareny, 10-12<br \/>\n08260 S\u00faria<br \/>\nTel. 93 869 41 73<br \/>\nCorreu electr\u00f2nic: fedac.suria@fedac.cat<\/p>\n<p><a href=\"https:\/\/g.co\/kgs\/BxZRmy7\" target=\"_blank\" rel=\"noopener\"><strong>Mare de D\u00e9u del Pilar<\/strong><\/a><br \/>\nC. de Sant Joan, 62-64<br \/>\n08240 Manresa<br \/>\nTel. 93 873 04 04<br \/>\nCorreu electr\u00f2nic: a8020309@xtec.cat<\/p>\n<p><a href=\"https:\/\/escolapaidos.com\/\" target=\"_blank\" rel=\"noopener\"><strong>Paidos<\/strong><\/a><br \/>\nAvinguda Girona, 41-73<br \/>\n08272 Sant Fruit\u00f3s de Bages<br \/>\nTel. 93 876 02 71<br \/>\nCorreu electr\u00f2nic:\u00a0<a href=\"https:\/\/serveiseducatius.xtec.cat\/bages\/comunitat\/centres-educatius\/instituts\/a8043395@xtec.cat\">paidos@escolapaidos.cat<\/a><\/p>\n<p><a href=\"https:\/\/vedrunamanresa.com\/\" target=\"_blank\" rel=\"noopener\"><strong>Vedruna Manresa<\/strong><\/a><br \/>\nC. Santa Joaquima, 2-4<br \/>\n08243 Manresa<br \/>\nTel. 93 873 99 47<br \/>\nCorreu electr\u00f2nic: vedrunamanresa@vedruna.cat<\/p>\n<p><a href=\"http:\/\/Pia de Moi\u00e0\" target=\"_blank\" rel=\"noopener\"><strong>Pia de Moi\u00e0<\/strong><\/a><br \/>\nAvinguda de l&#8217;escola Pia<br \/>\n08180 Moi\u00e0<br \/>\nTel. 93 830 03 48<br \/>\nCorreu electr\u00f2nic:\u00a0<a href=\"https:\/\/serveiseducatius.xtec.cat\/bages\/comunitat\/centres-educatius\/instituts\/a8043395@xtec.cat\">moia@escolapia.cat<\/a><\/p>\n<p><a href=\"https:\/\/moia.escolapia.cat\/\" target=\"_blank\" rel=\"noopener\"><strong>L&#8217;Espill<\/strong><\/a><br \/>\nC. Sant Joan, 51-59<br \/>\n08243 Manresa<br \/>\nTel. 93 877 31 19<br \/>\nCorreu electr\u00f2nic:\u00a0<a href=\"https:\/\/serveiseducatius.xtec.cat\/bages\/comunitat\/centres-educatius\/instituts\/a8043395@xtec.cat\">escola-espill@xtec.cat<\/a><\/p>\n<p><a href=\"https:\/\/escolallissach.cat\/\" target=\"_blank\" rel=\"noopener\"><strong>Llissach<\/strong><\/a><br \/>\nC. la Fira, 26<br \/>\n08251 Santpedor<br \/>\nTel. 93 832 01 57<br \/>\nCorreu electr\u00f2nic:\u00a0<a href=\"https:\/\/serveiseducatius.xtec.cat\/bages\/comunitat\/centres-educatius\/instituts\/a8043395@xtec.cat\">escolallissach@escolallissach.cat<\/a><\/p>\n<p><a href=\"https:\/\/omsideprat.cat\/\" target=\"_blank\" rel=\"noopener\"><strong>Oms i de Prat<\/strong><\/a><br \/>\nC. d&#8217;Oms i de Prat, 2<br \/>\n08241 Manresa<br \/>\nTel. 93 873 11 00<br \/>\nCorreu electr\u00f2nic:\u00a0<a href=\"https:\/\/serveiseducatius.xtec.cat\/bages\/comunitat\/centres-educatius\/instituts\/a8043395@xtec.cat\">omsideprat@omsideprat.cat<\/a><\/p>\n<p><a href=\"https:\/\/vedrunacardona.org\/\" target=\"_blank\" rel=\"noopener\"><strong>Vedruna Cardona<\/strong><\/a><br \/>\nC. Mare de D\u00e9u del Carme, 1<br \/>\n08261 Cardona<br \/>\nTel. 93 869 28 76<br \/>\nCorreu electr\u00f2nic:\u00a0<a href=\"https:\/\/serveiseducatius.xtec.cat\/bages\/comunitat\/centres-educatius\/instituts\/a8043395@xtec.cat\">vedrunacardona@vedruna.cat<\/a><\/p>\n<p><a href=\"https:\/\/vedrunasallent.cat\/\" target=\"_blank\" rel=\"noopener\"><strong>Vedruna Sallent<\/strong><\/a><br \/>\nC. Joaquima de Vedruna, 2<br \/>\n08650 Sallent<br \/>\nTel. 93 837 05 20<br \/>\nCorreu electr\u00f2nic:\u00a0<a href=\"https:\/\/serveiseducatius.xtec.cat\/bages\/comunitat\/centres-educatius\/instituts\/a8043395@xtec.cat\">vedrunasallent@vedruna.cat<\/a><\/p>\n<p><a href=\"https:\/\/www.joviat.com\/\" target=\"_blank\" rel=\"noopener\"><strong>Joviat<\/strong><\/a><br \/>\nC. Folch i Torres, 5-13<br \/>\n08241 Manresa<br \/>\nTel. 93 872 69 88<br \/>\nCorreu electr\u00f2nic:\u00a0<a href=\"https:\/\/serveiseducatius.xtec.cat\/bages\/comunitat\/centres-educatius\/instituts\/a8043395@xtec.cat\">secretaria@joviat.cat<\/a><\/p>\n<p><a href=\"https:\/\/www.montserratfp.cat\/\" target=\"_blank\" rel=\"noopener\"><strong>Montserrat<\/strong><\/a><br \/>\nC. Enginyer Llans\u00f3, 24<br \/>\n08295 Sant Vicen\u00e7 de Castellet<br \/>\nTel. 93 833 12 59<br \/>\nCorreu electr\u00f2nic:\u00a0<a href=\"https:\/\/serveiseducatius.xtec.cat\/bages\/comunitat\/centres-educatius\/instituts\/a8043395@xtec.cat\">colmontserrat@xtec.cat<\/a><\/p>\n<h3><strong>PRIVAT<\/strong><\/h3>\n<p><a href=\"https:\/\/www.escolania.cat\/\" target=\"_blank\" rel=\"noopener\"><strong>Escolania de Montserrat (Monestir)<\/strong><\/a><br \/>\nPasseig de l&#8217;Escolania s\/n<br \/>\n08199 Montserrat<br \/>\nTel. 93 877 77 67<br \/>\nCorreu electr\u00f2nic:\u00a0<a href=\"https:\/\/serveiseducatius.xtec.cat\/bages\/comunitat\/centres-educatius\/instituts\/a8043395@xtec.cat\">escolania@escolania.cat<\/a><\/p>\n","protected":false},"excerpt":{"rendered":"<p>FEDAC-Manresa C. Nou de Valldaura, 19-21 08241 Manresa Tel. 93 872 84 00 Correu electr\u00f2nic: fedac.manresa@fedac.cat La Salle Manresa C. de la Pau,\u00a0 109-111 08243 Manresa Tel. 93 887 03 51 Correu electr\u00f2nic: manresa@manresa.lasalle.cat Vedruna Art\u00e9s C. Carfme, 16 08271 Art\u00e9s Tel. 93 830 52 12 Correu electr\u00f2nic: a8000220@xtec.cat FEDAC-Monistrol C. Germans de la Salle [&hellip;]<\/p>\n","protected":false},"author":1,"featured_media":0,"parent":26849,"menu_order":35,"comment_status":"closed","ping_status":"closed","template":"","meta":{"_bbp_topic_count":0,"_bbp_reply_count":0,"_bbp_total_topic_count":0,"_bbp_total_reply_count":0,"_bbp_voice_count":0,"_bbp_anonymous_reply_count":0,"_bbp_topic_count_hidden":0,"_bbp_reply_count_hidden":0,"_bbp_forum_subforum_count":0,"site-sidebar-layout":"no-sidebar","site-content-layout":"","ast-site-content-layout":"default","site-content-style":"default","site-sidebar-style":"default","ast-global-header-display":"","ast-banner-title-visibility":"","ast-main-header-display":"","ast-hfb-above-header-display":"","ast-hfb-below-header-display":"","ast-hfb-mobile-header-display":"","site-post-title":"","ast-breadcrumbs-content":"","ast-featured-img":"","footer-sml-layout":"","theme-transparent-header-meta":"","adv-header-id-meta":"","stick-header-meta":"","header-above-stick-meta":"","header-main-stick-meta":"","header-below-stick-meta":"","astra-migrate-meta-layouts":"set","ast-page-background-enabled":"default","ast-page-background-meta":{"desktop":{"background-color":"var(--ast-global-color-4)","background-image":"","background-repeat":"repeat","background-position":"center center","background-size":"auto","background-attachment":"scroll","background-type":"","background-media":"","overlay-type":"","overlay-color":"","overlay-opacity":"","overlay-gradient":""},"tablet":{"background-color":"","background-image":"","background-repeat":"repeat","background-position":"center center","background-size":"auto","background-attachment":"scroll","background-type":"","background-media":"","overlay-type":"","overlay-color":"","overlay-opacity":"","overlay-gradient":""},"mobile":{"background-color":"","background-image":"","background-repeat":"repeat","background-position":"center center","background-size":"auto","background-attachment":"scroll","background-type":"","background-media":"","overlay-type":"","overlay-color":"","overlay-opacity":"","overlay-gradient":""}},"ast-content-background-meta":{"desktop":{"background-color":"var(--ast-global-color-5)","background-image":"","background-repeat":"repeat","background-position":"center center","background-size":"auto","background-attachment":"scroll","background-type":"","background-media":"","overlay-type":"","overlay-color":"","overlay-opacity":"","overlay-gradient":""},"tablet":{"background-color":"var(--ast-global-color-5)","background-image":"","background-repeat":"repeat","background-position":"center center","background-size":"auto","background-attachment":"scroll","background-type":"","background-media":"","overlay-type":"","overlay-color":"","overlay-opacity":"","overlay-gradient":""},"mobile":{"background-color":"var(--ast-global-color-5)","background-image":"","background-repeat":"repeat","background-position":"center center","background-size":"auto","background-attachment":"scroll","background-type":"","background-media":"","overlay-type":"","overlay-color":"","overlay-opacity":"","overlay-gradient":""}},"footnotes":""},"class_list":["post-24762","page","type-page","status-publish","hentry"],"post_mailing_queue_ids":[],"_links":{"self":[{"href":"https:\/\/serveiseducatius.xtec.cat\/bages\/wp-json\/wp\/v2\/pages\/24762","targetHints":{"allow":["GET"]}}],"collection":[{"href":"https:\/\/serveiseducatius.xtec.cat\/bages\/wp-json\/wp\/v2\/pages"}],"about":[{"href":"https:\/\/serveiseducatius.xtec.cat\/bages\/wp-json\/wp\/v2\/types\/page"}],"author":[{"embeddable":true,"href":"https:\/\/serveiseducatius.xtec.cat\/bages\/wp-json\/wp\/v2\/users\/1"}],"replies":[{"embeddable":true,"href":"https:\/\/serveiseducatius.xtec.cat\/bages\/wp-json\/wp\/v2\/comments?post=24762"}],"version-history":[{"count":6,"href":"https:\/\/serveiseducatius.xtec.cat\/bages\/wp-json\/wp\/v2\/pages\/24762\/revisions"}],"predecessor-version":[{"id":30409,"href":"https:\/\/serveiseducatius.xtec.cat\/bages\/wp-json\/wp\/v2\/pages\/24762\/revisions\/30409"}],"up":[{"embeddable":true,"href":"https:\/\/serveiseducatius.xtec.cat\/bages\/wp-json\/wp\/v2\/pages\/26849"}],"wp:attachment":[{"href":"https:\/\/serveiseducatius.xtec.cat\/bages\/wp-json\/wp\/v2\/media?parent=24762"}],"curies":[{"name":"wp","href":"https:\/\/api.w.org\/{rel}","templated":true}]}}