{"id":11910,"date":"2019-10-02T09:21:35","date_gmt":"2019-10-02T07:21:35","guid":{"rendered":"http:\/\/serveiseducatius.xtec.cat\/bages\/?page_id=11910"},"modified":"2025-09-17T13:31:19","modified_gmt":"2025-09-17T11:31:19","slug":"institut-escola","status":"publish","type":"page","link":"https:\/\/serveiseducatius.xtec.cat\/bages\/comunitat\/centres-educatius\/institut-escola\/","title":{"rendered":"Institut Escola (IE)"},"content":{"rendered":"<p><a href=\"https:\/\/agora.xtec.cat\/iebarnola\/\" target=\"_blank\" rel=\"noopener noreferrer\"><strong>Institut Escola Barnola<\/strong><\/a><br \/>\nC. Ind\u00fastria, 6<br \/>\n08279 Aviny\u00f3<br \/>\nTel. 93 838 72 79<br \/>\nCorreu electr\u00f2nic: <a href=\"mailto:a8076613@xtec.cat\" target=\"_blank\" rel=\"noopener noreferrer\">a8076613@xtec.cat<\/a><\/p>\n<p><a href=\"http:\/\/agora.xtec.cat\/insescolaramonacalvet\/\" target=\"_blank\" rel=\"noopener noreferrer\"><strong>Institut Escola Castellter\u00e7ol<\/strong><\/a><br \/>\nC. de Rocacorba, 23-29<br \/>\n08183\u00a0Castellter\u00e7ol<br \/>\nTel. 93 866 80 40<br \/>\nCorreu electr\u00f2nic: <a href=\"mailto:a8071214@xtec.cat\">a8071214@xtec.cat<\/a><\/p>\n<p><a href=\"https:\/\/agora.xtec.cat\/iebalsareny\/\" target=\"_blank\" rel=\"noopener noreferrer\"><strong>Institut Escola Guillem de Balsareny<\/strong><\/a><br \/>\nC. Carrilet, 8<br \/>\n08660\u00a0Balsareny<br \/>\nTel. 93 839 61 88<br \/>\nCorreu electr\u00f2nic: <a href=\"mailto:a8077401@xtec.cat\">a8077401@xtec.cat<\/a><\/p>\n<p><a href=\"https:\/\/agora.xtec.cat\/iepompeufabra\/\" target=\"_blank\" rel=\"noopener noreferrer\"><strong>Institut Escola Pompeu Fabra<\/strong><\/a><br \/>\nC. Jes\u00fas, 95-115<br \/>\n08254 El Pont de Vilomara i Rocafort<br \/>\nTel. 93 831 76 00<br \/>\nCorreu electr\u00f2nic: <a href=\"mailto:a8076492@xtec.cat\" target=\"_blank\" rel=\"noopener noreferrer\">a8076492@xtec.cat<\/a><\/p>\n<p><a href=\"https:\/\/a8078324.wixsite.com\/ie-manresa\" target=\"_blank\" rel=\"noopener\"><strong>Institut Escola Manresa<\/strong><\/a><br \/>\nC. Muralla de Sant Francesc, 39<br \/>\n08241 Manresa<br \/>\nTel. 93 875 41 78<br \/>\nCorreu electr\u00f2nic: <a href=\"mailto:a8020036@xtec.cat\" target=\"_blank\" rel=\"noopener\">a8078324@xtec.cat<\/a><\/p>\n","protected":false},"excerpt":{"rendered":"<p>Institut Escola Barnola C. Ind\u00fastria, 6 08279 Aviny\u00f3 Tel. 93 838 72 79 Correu electr\u00f2nic: a8076613@xtec.cat Institut Escola Castellter\u00e7ol C. de Rocacorba, 23-29 08183\u00a0Castellter\u00e7ol Tel. 93 866 80 40 Correu electr\u00f2nic: a8071214@xtec.cat Institut Escola Guillem de Balsareny C. Carrilet, 8 08660\u00a0Balsareny Tel. 93 839 61 88 Correu electr\u00f2nic: a8077401@xtec.cat Institut Escola Pompeu Fabra C. Jes\u00fas, [&hellip;]<\/p>\n","protected":false},"author":1,"featured_media":0,"parent":26849,"menu_order":15,"comment_status":"closed","ping_status":"closed","template":"","meta":{"_bbp_topic_count":0,"_bbp_reply_count":0,"_bbp_total_topic_count":0,"_bbp_total_reply_count":0,"_bbp_voice_count":0,"_bbp_anonymous_reply_count":0,"_bbp_topic_count_hidden":0,"_bbp_reply_count_hidden":0,"_bbp_forum_subforum_count":0,"site-sidebar-layout":"no-sidebar","site-content-layout":"","ast-site-content-layout":"default","site-content-style":"default","site-sidebar-style":"default","ast-global-header-display":"","ast-banner-title-visibility":"","ast-main-header-display":"","ast-hfb-above-header-display":"","ast-hfb-below-header-display":"","ast-hfb-mobile-header-display":"","site-post-title":"","ast-breadcrumbs-content":"","ast-featured-img":"","footer-sml-layout":"","theme-transparent-header-meta":"","adv-header-id-meta":"","stick-header-meta":"","header-above-stick-meta":"","header-main-stick-meta":"","header-below-stick-meta":"","astra-migrate-meta-layouts":"set","ast-page-background-enabled":"default","ast-page-background-meta":{"desktop":{"background-color":"var(--ast-global-color-4)","background-image":"","background-repeat":"repeat","background-position":"center center","background-size":"auto","background-attachment":"scroll","background-type":"","background-media":"","overlay-type":"","overlay-color":"","overlay-opacity":"","overlay-gradient":""},"tablet":{"background-color":"","background-image":"","background-repeat":"repeat","background-position":"center center","background-size":"auto","background-attachment":"scroll","background-type":"","background-media":"","overlay-type":"","overlay-color":"","overlay-opacity":"","overlay-gradient":""},"mobile":{"background-color":"","background-image":"","background-repeat":"repeat","background-position":"center center","background-size":"auto","background-attachment":"scroll","background-type":"","background-media":"","overlay-type":"","overlay-color":"","overlay-opacity":"","overlay-gradient":""}},"ast-content-background-meta":{"desktop":{"background-color":"var(--ast-global-color-5)","background-image":"","background-repeat":"repeat","background-position":"center center","background-size":"auto","background-attachment":"scroll","background-type":"","background-media":"","overlay-type":"","overlay-color":"","overlay-opacity":"","overlay-gradient":""},"tablet":{"background-color":"var(--ast-global-color-5)","background-image":"","background-repeat":"repeat","background-position":"center center","background-size":"auto","background-attachment":"scroll","background-type":"","background-media":"","overlay-type":"","overlay-color":"","overlay-opacity":"","overlay-gradient":""},"mobile":{"background-color":"var(--ast-global-color-5)","background-image":"","background-repeat":"repeat","background-position":"center center","background-size":"auto","background-attachment":"scroll","background-type":"","background-media":"","overlay-type":"","overlay-color":"","overlay-opacity":"","overlay-gradient":""}},"footnotes":""},"class_list":["post-11910","page","type-page","status-publish","hentry"],"post_mailing_queue_ids":[],"_links":{"self":[{"href":"https:\/\/serveiseducatius.xtec.cat\/bages\/wp-json\/wp\/v2\/pages\/11910","targetHints":{"allow":["GET"]}}],"collection":[{"href":"https:\/\/serveiseducatius.xtec.cat\/bages\/wp-json\/wp\/v2\/pages"}],"about":[{"href":"https:\/\/serveiseducatius.xtec.cat\/bages\/wp-json\/wp\/v2\/types\/page"}],"author":[{"embeddable":true,"href":"https:\/\/serveiseducatius.xtec.cat\/bages\/wp-json\/wp\/v2\/users\/1"}],"replies":[{"embeddable":true,"href":"https:\/\/serveiseducatius.xtec.cat\/bages\/wp-json\/wp\/v2\/comments?post=11910"}],"version-history":[{"count":6,"href":"https:\/\/serveiseducatius.xtec.cat\/bages\/wp-json\/wp\/v2\/pages\/11910\/revisions"}],"predecessor-version":[{"id":30391,"href":"https:\/\/serveiseducatius.xtec.cat\/bages\/wp-json\/wp\/v2\/pages\/11910\/revisions\/30391"}],"up":[{"embeddable":true,"href":"https:\/\/serveiseducatius.xtec.cat\/bages\/wp-json\/wp\/v2\/pages\/26849"}],"wp:attachment":[{"href":"https:\/\/serveiseducatius.xtec.cat\/bages\/wp-json\/wp\/v2\/media?parent=11910"}],"curies":[{"name":"wp","href":"https:\/\/api.w.org\/{rel}","templated":true}]}}