{"id":11870,"date":"2019-09-26T13:52:29","date_gmt":"2019-09-26T11:52:29","guid":{"rendered":"http:\/\/serveiseducatius.xtec.cat\/bages\/?page_id=11870"},"modified":"2026-02-25T08:52:25","modified_gmt":"2026-02-25T07:52:25","slug":"serveicomunitari","status":"publish","type":"page","link":"https:\/\/serveiseducatius.xtec.cat\/bages\/comunitat\/serveicomunitari\/","title":{"rendered":"Servei Comunitari"},"content":{"rendered":"<figure class=\"wp-block-post-featured-image\"><img loading=\"lazy\" decoding=\"async\" width=\"1200\" height=\"600\" src=\"https:\/\/serveiseducatius.xtec.cat\/bages\/wp-content\/uploads\/usu776\/2026\/01\/39.png\" class=\"attachment-post-thumbnail size-post-thumbnail wp-post-image\" alt=\"\" style=\"object-fit:cover;\" srcset=\"https:\/\/serveiseducatius.xtec.cat\/bages\/wp-content\/uploads\/usu776\/2026\/01\/39.png 1200w, https:\/\/serveiseducatius.xtec.cat\/bages\/wp-content\/uploads\/usu776\/2026\/01\/39-300x150.png 300w, https:\/\/serveiseducatius.xtec.cat\/bages\/wp-content\/uploads\/usu776\/2026\/01\/39-1024x512.png 1024w, https:\/\/serveiseducatius.xtec.cat\/bages\/wp-content\/uploads\/usu776\/2026\/01\/39-768x384.png 768w\" sizes=\"auto, (max-width: 1200px) 100vw, 1200px\" \/><\/figure>\n\n\n<div class=\"wp-block-columns is-layout-flex wp-container-core-columns-is-layout-1 wp-block-columns-is-layout-flex\">\n<div class=\"wp-block-column is-layout-flow wp-block-column-is-layout-flow\" style=\"flex-basis:33.33%\">\n<h2 class=\"wp-block-heading\">Qu\u00e8 \u00e9s?<\/h2>\n<\/div>\n\n\n\n<div class=\"wp-block-column is-layout-flow wp-block-column-is-layout-flow\" style=\"flex-basis:66.66%\">\n<p>El Servei Comunitari \u00e9s una acci\u00f3 educativa per desenvolupar la compet\u00e8ncia social i ciutadana i t\u00e9 com a finalitat, garantir que els estudiants, al llarg de la seva traject\u00f2ria escolar, experimentin i protagonitzin accions de comprom\u00eds c\u00edvic, aprenguin en l&#8217;exercici actiu de la ciutadania, i posin en joc els seus coneixements i capacitats al servei de la comunitat.<\/p>\n<\/div>\n<\/div>\n\n\n\n<div class=\"wp-block-columns is-layout-flex wp-container-core-columns-is-layout-2 wp-block-columns-is-layout-flex\">\n<div class=\"wp-block-column is-layout-flow wp-block-column-is-layout-flow\" style=\"flex-basis:33.33%\">\n<figure class=\"wp-block-image\"><a href=\"http:\/\/www.aprenentatgeservei.cat\/index.php\" target=\"_blank\" rel=\"noreferrer noopener\"><img decoding=\"async\" src=\"https:\/\/serveiseducatius.xtec.cat\/tarragones\/wp-content\/uploads\/usu549\/2019\/02\/aps.jpg\" alt=\"\" class=\"wp-image-11418\"\/><\/a><\/figure>\n<\/div>\n\n\n\n<div class=\"wp-block-column is-layout-flow wp-block-column-is-layout-flow\" style=\"flex-basis:66.66%\">\n<p>Els destinataris s\u00f3n els alumnes de 3r i 4t d&#8217;ESO dels centres p\u00fablics i concertats de Catalunya.<\/p>\n\n\n\n<p><strong>L\u2019Aprenentatge Servei<\/strong>&nbsp;\u00e9s la&nbsp;<strong>metodologia<\/strong>&nbsp;m\u00e9s adient per desenvolupar el Servei comunitari. L\u2019Aprenentatge Servei \u00e9s una proposta educativa que combina processos d\u2019aprenentatge i de servei a la comunitat en un sol projecte. Permet a l\u2019alumnat analitzar l\u2019entorn, elaborar propostes de millora i desenvolupar-les des de la pr\u00e0ctica, la implicaci\u00f3 i el comprom\u00eds.<\/p>\n<\/div>\n<\/div>\n\n\n\n<div class=\"wp-block-columns is-layout-flex wp-container-core-columns-is-layout-3 wp-block-columns-is-layout-flex\">\n<div class=\"wp-block-column is-layout-flow wp-block-column-is-layout-flow\" style=\"flex-basis:33.33%\">\n<h2 class=\"wp-block-heading\">Objectius<\/h2>\n<\/div>\n\n\n\n<div class=\"wp-block-column is-layout-flow wp-block-column-is-layout-flow\" style=\"flex-basis:66.66%\">\n<ul class=\"wp-block-list\">\n<li>Desenvolupar la compet\u00e8ncia social i ciutadana, afavorint una actitud cr\u00edtica i compromesa davant la societat, per tal d\u2019esdevenir membres actius en una societat catalana democr\u00e0tica i participativa.<\/li>\n\n\n\n<li>Desenvolupar habilitats relacionades amb el disseny i realitzaci\u00f3 de projectes i amb el treball d\u2019equip.<\/li>\n\n\n\n<li>Donar a con\u00e8ixer a l\u2019alumnat i les seves fam\u00edlies la xarxa associativa i les entitats de l\u2019entorn, per tal de promoure la participaci\u00f3 dels joves.<\/li>\n\n\n\n<li>Promoure el treball en xarxa entre els diferents agents educatius de l\u2019entorn.<\/li>\n\n\n\n<li>Donar una resposta educativa a les necessitats emergents de l\u2019entorn escolar.<\/li>\n\n\n\n<li>Augmentar la participaci\u00f3 en el teixit associatiu i les entitats de caire social per fomentar el comprom\u00eds amb la construcci\u00f3 d\u2019una societat m\u00e9s justa, cohesionada i arrelada al territori.<\/li>\n<\/ul>\n<\/div>\n<\/div>\n\n\n\n<div class=\"wp-block-columns is-layout-flex wp-container-core-columns-is-layout-4 wp-block-columns-is-layout-flex\">\n<div class=\"wp-block-column is-layout-flow wp-block-column-is-layout-flow\" style=\"flex-basis:33.33%\">\n<h2 class=\"wp-block-heading\">Funcions dels centres<\/h2>\n<\/div>\n\n\n\n<div class=\"wp-block-column is-layout-flow wp-block-column-is-layout-flow\" style=\"flex-basis:66.66%\">\n<ul class=\"wp-block-list\">\n<li>Vincular el Servei Comunitari al projecte educatiu del centre i al curr\u00edculum<\/li>\n\n\n\n<li>Vincular el Servei Comunitari a les necessitats de l&#8217;entorn<\/li>\n\n\n\n<li>Incloure el projecte a la programaci\u00f3 anual de centre, avaluat pel consell escolar i aprovat pel director o directora<\/li>\n\n\n\n<li>Fer la planificaci\u00f3 pedag\u00f2gica i curricular del projecte: activitats d&#8217;aprenentatge, activitats de servei i criteris d&#8217;avaluaci\u00f3<\/li>\n\n\n\n<li>Concretar aspectes funcionals:\n<ul class=\"wp-block-list\">\n<li>Autoritzaci\u00f3 de les fam\u00edlies<\/li>\n\n\n\n<li>Elaboraci\u00f3 d&#8217;un document de comprom\u00eds amb les entitats<\/li>\n<\/ul>\n<\/li>\n\n\n\n<li>Planificar el reconeixement del projecte: actes institucionals, lliurement de diplomes, etc.<\/li>\n<\/ul>\n<\/div>\n<\/div>\n\n\n\n<div class=\"wp-block-columns is-layout-flex wp-container-core-columns-is-layout-5 wp-block-columns-is-layout-flex\">\n<div class=\"wp-block-column is-layout-flow wp-block-column-is-layout-flow\" style=\"flex-basis:33.33%\">\n<h2 class=\"wp-block-heading\">\u00c0mbits<\/h2>\n<\/div>\n\n\n\n<div class=\"wp-block-column is-layout-flow wp-block-column-is-layout-flow\" style=\"flex-basis:66.66%\">\n<ul class=\"wp-block-list\">\n<li><strong>\u00c0mbits<\/strong> per desenvolupar projectes de servei comunitari:<\/li>\n\n\n\n<li>Acompanyament i suport a l\u2019escolaritzaci\u00f3<\/li>\n\n\n\n<li>Suport a necessitats b\u00e0siques<\/li>\n\n\n\n<li>Intercanvi generacional<\/li>\n\n\n\n<li>Medi ambient<\/li>\n\n\n\n<li>Participaci\u00f3 ciutadana<\/li>\n\n\n\n<li>Patrimoni cultural<\/li>\n\n\n\n<li>Projectes de solidaritat i cooperaci\u00f3<\/li>\n\n\n\n<li>Preservaci\u00f3 i manteniment del medi urb\u00e0<\/li>\n\n\n\n<li>Lleure<\/li>\n<\/ul>\n<\/div>\n<\/div>\n\n\n\n<figure class=\"wp-block-image aligncenter\"><img decoding=\"async\" src=\"https:\/\/serveiseducatius.xtec.cat\/tarragones\/wp-content\/uploads\/usu549\/2019\/01\/servei-comunitari.jpg\" alt=\"\"\/><\/figure>\n\n\n\n<div class=\"wp-block-columns is-layout-flex wp-container-core-columns-is-layout-6 wp-block-columns-is-layout-flex\">\n<div class=\"wp-block-column is-layout-flow wp-block-column-is-layout-flow\" style=\"flex-basis:66.66%\">\n<p>TRAMITACI\u00d3 DE CONVENIS<\/p>\n\n\n\n<p>D&#8217;acord amb la <a href=\"https:\/\/portaldogc.gencat.cat\/utilsEADOP\/PDF\/8147\/1796782.pdf\" target=\"_blank\" rel=\"noreferrer noopener\">Resoluci\u00f3 EDU\/1189\/2020, de 28 de maig, d&#8217;avocaci\u00f3 i delegaci\u00f3 de compet\u00e8ncies de la persona titular del Departament d&#8217;Educaci\u00f3<\/a>, els directors dels centres signaran els convenis de Servei comunitari d&#8217;\u00e0mbit local.<\/p>\n\n\n\n<p>El director general d&#8217;Atenci\u00f3 a la Fam\u00edlia i Comunitat Educativa signar\u00e0 els convenis amb entitats d&#8217;\u00e0mbit territorial de tot Catalunya.<\/p>\n\n\n\n<p>Al <a href=\"https:\/\/espai.educacio.gencat.cat\/Alumnes\/Curriculum\/eso\/Servei-comunitari\/Pagines\/default.aspx\" data-type=\"link\" data-id=\"https:\/\/espai.educacio.gencat.cat\/Alumnes\/Curriculum\/eso\/Servei-comunitari\/Pagines\/default.aspx\">portal de centres<\/a> trobareu el model de conveni i les indicacions per gestionar-lo.<\/p>\n\n\n\n<p><a href=\"https:\/\/serveiseducatius.xtec.cat\/bages\/wp-content\/uploads\/usu776\/2019\/09\/DOCUMENT-MARC-SERVEI-COMUNITARI_octubre_2015-1.pdf\" target=\"_blank\" rel=\"noreferrer noopener\">DOCUMENT MARC<\/a><\/p>\n<\/div>\n<\/div>\n\n\n\n<p><\/p>\n","protected":false},"excerpt":{"rendered":"<p>Qu\u00e8 \u00e9s? El Servei Comunitari \u00e9s una acci\u00f3 educativa per desenvolupar la compet\u00e8ncia social i ciutadana i t\u00e9 com a finalitat, garantir que els estudiants, al llarg de la seva traject\u00f2ria escolar, experimentin i protagonitzin accions de comprom\u00eds c\u00edvic, aprenguin en l&#8217;exercici actiu de la ciutadania, i posin en joc els seus coneixements i capacitats [&hellip;]<\/p>\n","protected":false},"author":1,"featured_media":31930,"parent":25726,"menu_order":15,"comment_status":"closed","ping_status":"closed","template":"","meta":{"_bbp_topic_count":0,"_bbp_reply_count":0,"_bbp_total_topic_count":0,"_bbp_total_reply_count":0,"_bbp_voice_count":0,"_bbp_anonymous_reply_count":0,"_bbp_topic_count_hidden":0,"_bbp_reply_count_hidden":0,"_bbp_forum_subforum_count":0,"site-sidebar-layout":"no-sidebar","site-content-layout":"","ast-site-content-layout":"normal-width-container","site-content-style":"default","site-sidebar-style":"default","ast-global-header-display":"","ast-banner-title-visibility":"","ast-main-header-display":"","ast-hfb-above-header-display":"","ast-hfb-below-header-display":"","ast-hfb-mobile-header-display":"","site-post-title":"disabled","ast-breadcrumbs-content":"","ast-featured-img":"","footer-sml-layout":"","theme-transparent-header-meta":"","adv-header-id-meta":"","stick-header-meta":"","header-above-stick-meta":"","header-main-stick-meta":"","header-below-stick-meta":"","astra-migrate-meta-layouts":"set","ast-page-background-enabled":"default","ast-page-background-meta":{"desktop":{"background-color":"var(--ast-global-color-4)","background-image":"","background-repeat":"repeat","background-position":"center center","background-size":"auto","background-attachment":"scroll","background-type":"","background-media":"","overlay-type":"","overlay-color":"","overlay-opacity":"","overlay-gradient":""},"tablet":{"background-color":"","background-image":"","background-repeat":"repeat","background-position":"center center","background-size":"auto","background-attachment":"scroll","background-type":"","background-media":"","overlay-type":"","overlay-color":"","overlay-opacity":"","overlay-gradient":""},"mobile":{"background-color":"","background-image":"","background-repeat":"repeat","background-position":"center center","background-size":"auto","background-attachment":"scroll","background-type":"","background-media":"","overlay-type":"","overlay-color":"","overlay-opacity":"","overlay-gradient":""}},"ast-content-background-meta":{"desktop":{"background-color":"var(--ast-global-color-5)","background-image":"","background-repeat":"repeat","background-position":"center center","background-size":"auto","background-attachment":"scroll","background-type":"","background-media":"","overlay-type":"","overlay-color":"","overlay-opacity":"","overlay-gradient":""},"tablet":{"background-color":"var(--ast-global-color-5)","background-image":"","background-repeat":"repeat","background-position":"center center","background-size":"auto","background-attachment":"scroll","background-type":"","background-media":"","overlay-type":"","overlay-color":"","overlay-opacity":"","overlay-gradient":""},"mobile":{"background-color":"var(--ast-global-color-5)","background-image":"","background-repeat":"repeat","background-position":"center center","background-size":"auto","background-attachment":"scroll","background-type":"","background-media":"","overlay-type":"","overlay-color":"","overlay-opacity":"","overlay-gradient":""}},"footnotes":""},"class_list":["post-11870","page","type-page","status-publish","has-post-thumbnail","hentry"],"post_mailing_queue_ids":[],"_links":{"self":[{"href":"https:\/\/serveiseducatius.xtec.cat\/bages\/wp-json\/wp\/v2\/pages\/11870","targetHints":{"allow":["GET"]}}],"collection":[{"href":"https:\/\/serveiseducatius.xtec.cat\/bages\/wp-json\/wp\/v2\/pages"}],"about":[{"href":"https:\/\/serveiseducatius.xtec.cat\/bages\/wp-json\/wp\/v2\/types\/page"}],"author":[{"embeddable":true,"href":"https:\/\/serveiseducatius.xtec.cat\/bages\/wp-json\/wp\/v2\/users\/1"}],"replies":[{"embeddable":true,"href":"https:\/\/serveiseducatius.xtec.cat\/bages\/wp-json\/wp\/v2\/comments?post=11870"}],"version-history":[{"count":6,"href":"https:\/\/serveiseducatius.xtec.cat\/bages\/wp-json\/wp\/v2\/pages\/11870\/revisions"}],"predecessor-version":[{"id":32722,"href":"https:\/\/serveiseducatius.xtec.cat\/bages\/wp-json\/wp\/v2\/pages\/11870\/revisions\/32722"}],"up":[{"embeddable":true,"href":"https:\/\/serveiseducatius.xtec.cat\/bages\/wp-json\/wp\/v2\/pages\/25726"}],"wp:featuredmedia":[{"embeddable":true,"href":"https:\/\/serveiseducatius.xtec.cat\/bages\/wp-json\/wp\/v2\/media\/31930"}],"wp:attachment":[{"href":"https:\/\/serveiseducatius.xtec.cat\/bages\/wp-json\/wp\/v2\/media?parent=11870"}],"curies":[{"name":"wp","href":"https:\/\/api.w.org\/{rel}","templated":true}]}}