{"id":7269,"date":"2017-04-28T13:10:53","date_gmt":"2017-04-28T11:10:53","guid":{"rendered":"http:\/\/serveiseducatius.xtec.cat\/badalona\/?page_id=7269"},"modified":"2022-02-11T11:06:32","modified_gmt":"2022-02-11T10:06:32","slug":"scratchjr-el-germa-petit-dscratch","status":"publish","type":"page","link":"https:\/\/serveiseducatius.xtec.cat\/badalona\/recursos\/robotica-educativa\/scratchjr-el-germa-petit-dscratch\/","title":{"rendered":"ScratchJr, el germ\u00e0 petit d&#8217;Scratch!"},"content":{"rendered":"<table style=\"width: 100%;\" border=\"0\">\n<tbody>\n<tr>\n<td style=\"background-color: #e17100; text-align: left; vertical-align: top; width: 30.4651%;\"><span style=\"font-size: 14px;\"><a name=\"scratch\"><\/a><span style=\"font-size: 20px;\"><strong><span style=\"font-family: verdana,geneva,sans-serif;\">ScratchJr<\/span><\/strong><\/span><\/span><\/td>\n<td style=\"background-color: #e17100; text-align: left; vertical-align: top; width: 68.8531%;\"><strong><span style=\"font-family: verdana,geneva,sans-serif;\"><span style=\"font-size: 14px;\">Prop\u00f2sit: <\/span><\/span><\/strong><span style=\"font-family: verdana,geneva,sans-serif;\"><span style=\"font-size: 14px;\">Iniciar els m\u00e9s petits en el m\u00f3n de la programaci\u00f3<\/span><\/span><\/td>\n<\/tr>\n<tr>\n<td style=\"text-align: left; vertical-align: top; width: 30.4651%;\"><img loading=\"lazy\" decoding=\"async\" class=\"alignnone  wp-image-17643\" src=\"https:\/\/serveiseducatius.xtec.cat\/badalona\/wp-content\/uploads\/usu1088\/2022\/02\/ScratchJr__logo.png\" alt=\"\" width=\"341\" height=\"241\" srcset=\"https:\/\/serveiseducatius.xtec.cat\/badalona\/wp-content\/uploads\/usu1088\/2022\/02\/ScratchJr__logo.png 474w, https:\/\/serveiseducatius.xtec.cat\/badalona\/wp-content\/uploads\/usu1088\/2022\/02\/ScratchJr__logo-300x212.png 300w\" sizes=\"auto, (max-width: 341px) 100vw, 341px\" \/><\/td>\n<td style=\"text-align: left; vertical-align: top; width: 68.8531%;\">\n<ul>\n<li><span style=\"font-size: 14px; font-family: verdana, geneva, sans-serif;\">Per a nens i nenes de 5\u00a0a 7 anys<\/span><\/li>\n<li><span style=\"font-family: verdana, geneva, sans-serif;\">App per a tauleta multiplataforma: <a href=\"https:\/\/itunes.apple.com\/us\/app\/scratchjr\/id895485086?mt=8\" target=\"_blank\" rel=\"noopener\">iOS<\/a>, <a href=\"https:\/\/play.google.com\/store\/apps\/details?id=org.scratchjr.android&amp;hl=ca\" target=\"_blank\" rel=\"noopener\">Android<\/a>, <a href=\"https:\/\/chrome.google.com\/webstore\/detail\/scratchjr\/oipimoeophamdcmjcfameoojlbhbgjda\" target=\"_blank\" rel=\"noopener\">Chrome Web Store<\/a><\/span><\/li>\n<li><span style=\"font-size: 14px; font-family: verdana, geneva, sans-serif;\"><span style=\"font-size: 14px;\">Permet aprendre a programar hist\u00f2ries interactives, animacions i petits jocs<\/span><\/span><\/li>\n<li><span style=\"font-size: 14px; font-family: verdana, geneva, sans-serif;\">Ajuda a pensar de forma creativa i sistem\u00e0tica<\/span><\/li>\n<li><span style=\"font-family: verdana, geneva, sans-serif;\"><span style=\"font-family: verdana, geneva, sans-serif;\">Proporciona habilitats STEAM<\/span><\/span><\/li>\n<\/ul>\n<ul>\n<li><span style=\"font-size: 14px;\"><span style=\"font-family: verdana,geneva,sans-serif;\"><a href=\"http:\/\/diarieducacio.cat\/programadors-des-de-la-infancia-mes-tendra\/\" target=\"_blank\" rel=\"noopener\">Programadors des de la inf\u00e0ncia m\u00e9s tendra\u00a0<\/a>\u00a0<\/span><\/span>\u00a0<span style=\"font-size: 12px;\"><span style=\"font-family: tahoma,geneva,sans-serif;\">(El diari de l&#8217;Educaci\u00f3 11\/05\/2015)<\/span><\/span><\/li>\n<li><span style=\"font-family: verdana, geneva, sans-serif;\"><a href=\"http:\/\/news.mit.edu\/2014\/scratchjr-coding-kindergarten\" target=\"_blank\" rel=\"noopener\">ScratchJr: coding for kindergarten<\/a> <span style=\"font-size: 8pt;\">(MIT Media Lab\u00a030\/07\/2014)<\/span><\/span><\/li>\n<li><span style=\"font-family: tahoma,geneva,sans-serif;\"><span style=\"font-size: 14px;\"><a href=\"http:\/\/eduteka.icesi.edu.co\/pdfdir\/RESNICK_kindergarten-learning-approach.pdf\" target=\"_blank\" rel=\"noopener\">Todo lo que realmente necesito saber (acerca del pensamiento creativo) lo aprend\u00ed (estudiando c\u00f3mo aprenden los ni\u00f1os) en el Kindergarten<\/a> <span style=\"font-size: 8pt; font-family: verdana, geneva, sans-serif;\">(Mitchel Resnick, 01\/09\/2014)<\/span><\/span><\/span><\/li>\n<\/ul>\n<\/td>\n<\/tr>\n<tr>\n<td style=\"background-color: #e17100; text-align: left; vertical-align: top; width: 30.4651%;\"><strong><span style=\"font-family: verdana,geneva,sans-serif;\"><span style=\"font-size: 14px;\">Guies d&#8217;usuari i tutorials:<\/span><\/span><\/strong><\/td>\n<td style=\"background-color: #e17100; text-align: left; vertical-align: top; width: 68.8531%;\"><strong><span style=\"font-family: verdana,geneva,sans-serif;\"><span style=\"font-size: 14px;\">Recursos diversos:<\/span><\/span><\/strong><\/td>\n<\/tr>\n<tr>\n<td style=\"text-align: left; vertical-align: top; width: 30.4651%;\">\n<ul>\n<li><a href=\"https:\/\/projectes.xtec.cat\/programacioirobotica\/scratch-jr\/\" target=\"_blank\" rel=\"noopener\"><span style=\"font-family: verdana, geneva, sans-serif;\">ScratchJr a projectes.xtec.cat<\/span><\/a><\/li>\n<li><span style=\"font-family: verdana, geneva, sans-serif;\"><a href=\"http:\/\/serveiseducatius.xtec.cat\/badalona\/docs\/?bp-attachment=guia_interface_scratchjr.pdf\" target=\"_blank\" rel=\"noopener\">Guia ScratchJr<\/a><\/span><\/li>\n<li><span style=\"font-family: verdana, geneva, sans-serif;\"><a href=\"http:\/\/eduteka.icesi.edu.co\/articulos\/scratchjr-guia-referencia\" target=\"_blank\" rel=\"noopener\">Guia de ref\u00e8ncia ScratchJr a Eduteka<\/a><\/span><\/li>\n<li><span style=\"font-family: verdana, geneva, sans-serif;\"><a href=\"http:\/\/serveiseducatius.xtec.cat\/badalona\/docs\/?bp-attachment=Guia-para-elaborar-un-proyecto-ScratchJr-con-ni%C3%B1os.pdf\" target=\"_blank\" rel=\"noopener\">Gu\u00eda para elaborar un proyecto de ScratchJr con ni\u00f1os<\/a><\/span><\/li>\n<\/ul>\n<\/td>\n<td style=\"text-align: left; vertical-align: top; width: 68.8531%;\">\n<ul>\n<li><span style=\"font-size: 14px;\"><span style=\"font-family: verdana,geneva,sans-serif;\"><a href=\"https:\/\/www.scratchjr.org\/\" target=\"_blank\" rel=\"noopener\">Web oficial d&#8217;ScratchJr<\/a><\/span><\/span><\/li>\n<li><span style=\"font-family: verdana, geneva, sans-serif;\"><a href=\"http:\/\/www.disanedu.com\/index.php\/descargar-docs\/send\/3-asi-de-facil\/109-asi-de-facil-ver-scratch-junior-en-nuestro-ordenador\" target=\"_blank\" rel=\"noopener\">Ver Scratch Junior en nuestro ordenador<\/a><\/span><\/li>\n<li><span style=\"font-family: verdana, geneva, sans-serif;\"><a href=\"https:\/\/www.scratchjr.org\/hoc.html\" target=\"_blank\" rel=\"noopener\">Hora de codi amb ScratchJr<\/a><\/span><\/li>\n<li><span style=\"font-family: verdana, geneva, sans-serif;\"><a href=\"http:\/\/www.eduteka.org\/pdfdir\/scratchjr-bloques.pdf\" target=\"_blank\" rel=\"noopener\">Targetes ScratchJr: Blocs de programaci\u00f3<\/a><\/span><\/li>\n<\/ul>\n<\/td>\n<\/tr>\n<tr>\n<td style=\"background-color: #e17100; text-align: left; vertical-align: top; width: 30.4651%;\"><span style=\"font-family: verdana,geneva,sans-serif;\"><span style=\"font-size: 14px;\"><strong>Propostes did\u00e0ctiques:<\/strong><br \/>\n<a href=\"https:\/\/docs.google.com\/a\/xtec.cat\/forms\/d\/1uOGYed7EyD8zVRBdjBzANMDC7adw1kDS2jfrP-HfRjE\/viewform\" target=\"_blank\" rel=\"noopener\"><span style=\"color: #ffffff;\"><em>Envia&#8217;ns les teves propostes de treball<\/em><\/span><\/a><\/span><\/span><\/td>\n<td style=\"background-color: #e17100; text-align: left; vertical-align: top; width: 68.8531%;\"><strong><span style=\"font-size: 14px;\"><span style=\"font-family: verdana,geneva,sans-serif;\">Mirem qu\u00e8 fan els centres?<\/span><\/span><\/strong><\/td>\n<\/tr>\n<tr>\n<td style=\"text-align: left; vertical-align: top; width: 30.4651%;\">\n<ul>\n<li><span style=\"font-size: 14px;\"><span style=\"font-family: verdana,geneva,sans-serif;\"><a href=\"https:\/\/aprendescratch.com\/2015\/11\/16\/scratchjr-ejemplos-sencillos-para-utilizar-en-clase\/\" target=\"_blank\" rel=\"noopener\">Exemples senzills amb ScratchJr per portar a\u00a0l&#8217;aula<\/a><br \/>\n<\/span><\/span><\/li>\n<li><span style=\"font-family: verdana, geneva, sans-serif;\"><a href=\"http:\/\/eduteka.icesi.edu.co\/articulos\/scratchjr-evaluacion\" target=\"_blank\" rel=\"noopener\">ScratchJr: Actividades para el aula (Eduteka)<\/a><\/span><\/li>\n<\/ul>\n<\/td>\n<td style=\"text-align: left; vertical-align: top; width: 68.8531%;\">\u00a0<\/td>\n<\/tr>\n<tr>\n<td style=\"background-color: #e17100; text-align: left; vertical-align: top; width: 99.3182%;\" colspan=\"2\"><strong><span style=\"font-family: verdana,geneva,sans-serif;\"><span style=\"font-size: 14px;\">Qu\u00e8 fem a Badalona amb ScratchJr<\/span><\/span><\/strong><\/td>\n<\/tr>\n<tr>\n<td style=\"text-align: left; vertical-align: top; width: 99.3182%;\" colspan=\"2\">\u00a0<\/td>\n<\/tr>\n<\/tbody>\n<\/table>\n<p>&nbsp;<\/p>\n","protected":false},"excerpt":{"rendered":"<p>ScratchJr Prop\u00f2sit: Iniciar els m\u00e9s petits en el m\u00f3n de la programaci\u00f3 Per a nens i nenes de 5\u00a0a 7 [&hellip;]<\/p>\n","protected":false},"author":1,"featured_media":0,"parent":2804,"menu_order":0,"comment_status":"closed","ping_status":"closed","template":"","meta":{"_bbp_topic_count":0,"_bbp_reply_count":0,"_bbp_total_topic_count":0,"_bbp_total_reply_count":0,"_bbp_voice_count":0,"_bbp_anonymous_reply_count":0,"_bbp_topic_count_hidden":0,"_bbp_reply_count_hidden":0,"_bbp_forum_subforum_count":0,"site-sidebar-layout":"default","site-content-layout":"","ast-site-content-layout":"","site-content-style":"default","site-sidebar-style":"default","ast-global-header-display":"","ast-banner-title-visibility":"","ast-main-header-display":"","ast-hfb-above-header-display":"","ast-hfb-below-header-display":"","ast-hfb-mobile-header-display":"","site-post-title":"","ast-breadcrumbs-content":"","ast-featured-img":"","footer-sml-layout":"","theme-transparent-header-meta":"","adv-header-id-meta":"","stick-header-meta":"","header-above-stick-meta":"","header-main-stick-meta":"","header-below-stick-meta":"","astra-migrate-meta-layouts":"default","ast-page-background-enabled":"default","ast-page-background-meta":{"desktop":{"background-color":"var(--ast-global-color-4)","background-image":"","background-repeat":"repeat","background-position":"center center","background-size":"auto","background-attachment":"scroll","background-type":"","background-media":"","overlay-type":"","overlay-color":"","overlay-opacity":"","overlay-gradient":""},"tablet":{"background-color":"","background-image":"","background-repeat":"repeat","background-position":"center center","background-size":"auto","background-attachment":"scroll","background-type":"","background-media":"","overlay-type":"","overlay-color":"","overlay-opacity":"","overlay-gradient":""},"mobile":{"background-color":"","background-image":"","background-repeat":"repeat","background-position":"center center","background-size":"auto","background-attachment":"scroll","background-type":"","background-media":"","overlay-type":"","overlay-color":"","overlay-opacity":"","overlay-gradient":""}},"ast-content-background-meta":{"desktop":{"background-color":"var(--ast-global-color-5)","background-image":"","background-repeat":"repeat","background-position":"center center","background-size":"auto","background-attachment":"scroll","background-type":"","background-media":"","overlay-type":"","overlay-color":"","overlay-opacity":"","overlay-gradient":""},"tablet":{"background-color":"var(--ast-global-color-5)","background-image":"","background-repeat":"repeat","background-position":"center center","background-size":"auto","background-attachment":"scroll","background-type":"","background-media":"","overlay-type":"","overlay-color":"","overlay-opacity":"","overlay-gradient":""},"mobile":{"background-color":"var(--ast-global-color-5)","background-image":"","background-repeat":"repeat","background-position":"center center","background-size":"auto","background-attachment":"scroll","background-type":"","background-media":"","overlay-type":"","overlay-color":"","overlay-opacity":"","overlay-gradient":""}},"footnotes":""},"class_list":["post-7269","page","type-page","status-publish","hentry"],"post_mailing_queue_ids":[],"_links":{"self":[{"href":"https:\/\/serveiseducatius.xtec.cat\/badalona\/wp-json\/wp\/v2\/pages\/7269","targetHints":{"allow":["GET"]}}],"collection":[{"href":"https:\/\/serveiseducatius.xtec.cat\/badalona\/wp-json\/wp\/v2\/pages"}],"about":[{"href":"https:\/\/serveiseducatius.xtec.cat\/badalona\/wp-json\/wp\/v2\/types\/page"}],"author":[{"embeddable":true,"href":"https:\/\/serveiseducatius.xtec.cat\/badalona\/wp-json\/wp\/v2\/users\/1"}],"replies":[{"embeddable":true,"href":"https:\/\/serveiseducatius.xtec.cat\/badalona\/wp-json\/wp\/v2\/comments?post=7269"}],"version-history":[{"count":4,"href":"https:\/\/serveiseducatius.xtec.cat\/badalona\/wp-json\/wp\/v2\/pages\/7269\/revisions"}],"predecessor-version":[{"id":17658,"href":"https:\/\/serveiseducatius.xtec.cat\/badalona\/wp-json\/wp\/v2\/pages\/7269\/revisions\/17658"}],"up":[{"embeddable":true,"href":"https:\/\/serveiseducatius.xtec.cat\/badalona\/wp-json\/wp\/v2\/pages\/2804"}],"wp:attachment":[{"href":"https:\/\/serveiseducatius.xtec.cat\/badalona\/wp-json\/wp\/v2\/media?parent=7269"}],"curies":[{"name":"wp","href":"https:\/\/api.w.org\/{rel}","templated":true}]}}