{"id":6632,"date":"2017-02-17T14:23:45","date_gmt":"2017-02-17T13:23:45","guid":{"rendered":"http:\/\/serveiseducatius.xtec.cat\/badalona\/?page_id=6632"},"modified":"2020-01-10T13:05:53","modified_gmt":"2020-01-10T12:05:53","slug":"orientacions-jjcc","status":"publish","type":"page","link":"https:\/\/serveiseducatius.xtec.cat\/badalona\/jornades-cientifiques-densenyament-secundari\/orientacions-jjcc\/","title":{"rendered":"Orientacions JJCC"},"content":{"rendered":"<p><b>Presentaci\u00f3 de treballs a l&#8217;auditori:<\/b><\/p>\n<ul>\n<li>La part te\u00f2rica del treball ha de tenir un car\u00e0cter introductori i nom\u00e9s \u00a0se li ha de dedicar un parell de minuts.<\/li>\n<li>La presentaci\u00f3 s\u2019ha de centrar en la part experimental, en la part de recerca del treball i les conclusions del treball\u00a0 han de fer-se evidents.<\/li>\n<li>El format de presentaci\u00f3 pot ser molt variat. En el format digital, cal evitar la \u201csaturaci\u00f3\u201d de les diapositives per tal de\u00a0 destacar nom\u00e9s la informaci\u00f3 rellevant amb una imatge, una idea. No s\u2019ha de llegir el que hi ha escrit a la diapositiva, el recurs digital \u00e9s un suport.<\/li>\n<li>A l\u2019alumnat no li estem demanant la mateixa presentaci\u00f3 que va fer al seu centre en la presentaci\u00f3 del treball de recerca.<\/li>\n<li>La durada m\u00e0xima de \u00a0la presentaci\u00f3 de cada treball ser\u00e0 de 10 minuts, incloent-t\u2019hi els v\u00eddeos, audicions&#8230; Passats els 10\u2019, l\u2019organitzaci\u00f3 donar\u00e0 per finalitzada la presentaci\u00f3.<\/li>\n<li>Si la presentaci\u00f3 t\u00e9 lloc a l\u2019auditori i es fa servir un recurs digital&#8230;, cal que pugui reproduir-se offline, i enviar la presentaci\u00f3 (via\u00a0<a href=\"mailto:crp-badalona@xtec.cat\" target=\"_blank\" rel=\"noopener noreferrer\">correu electr\u00f2nic<\/a> o comunicar lloc de desc\u00e0rrega), o portar-la en format CD, DVD o mem\u00f2ria USB\u00a0 abans del dia<b><b> 6 de mar\u00e7 de 2020 al CRP.<\/b><\/b><br \/>\n<hr \/>\n<p><b><\/b><\/li>\n<\/ul>\n<p><b>Presentaci\u00f3 de treballs al vest\u00edbul: (<a href=\"https:\/\/sites.google.com\/a\/xtec.cat\/c3\/activitats-de-comunicacio-cientifica\/posters-cientifics\" target=\"_blank\" rel=\"noopener noreferrer\">aqu\u00ed us deixem un enlla\u00e7 amb tutorials, exemples-guia i plantilles de p\u00f2sters cient\u00edfics<\/a>)<\/b><\/p>\n<ul>\n<li>Cada alumne disposar\u00e0 d\u2019un plaf\u00f3 on s\u2019enganxar\u00e0 la infografia en format <strong>DIN A1 vertical<\/strong> i d\u2019una taula de metre i mig de llarg.\u00a0<\/li>\n<li>L\u2019alumne ha de preparar un full del seu treball pensat per a ser impr\u00e8s com a infografia per part de l\u2019organitzaci\u00f3.\u00a0Cal preveure que destaqui i cridi l&#8217;atenci\u00f3, per\u00f2 que contingui la m\u00ednima informaci\u00f3 necess\u00e0ria per a explicar els objectius i el proc\u00e9s de realitzaci\u00f3 del TR. La infografia\u00a0<strong>no ha de ser publicit\u00e0ria<\/strong> sin\u00f3 <strong>explicativa iconogr\u00e0ficament<\/strong> del TR realitzat.<\/li>\n<li>El p\u00f2ster ha de tenir format<strong> jpg amb bona resoluci\u00f3<\/strong>.\u00a0Pot contenir fotos, taules, gr\u00e0fics, etc. en color, per\u00f2 s&#8217;ha d&#8217;evitar el fons de color (<strong>ha de tenir el fons blanc<\/strong>).\u00a0<\/li>\n<li>El disseny de la\u00a0<a href=\"https:\/\/ca.wikipedia.org\/wiki\/Infografia\" target=\"_blank\" rel=\"noopener noreferrer\">infografia<\/a> (informacions iconogr\u00e0fiques, acompanyades de breus texts de suport o explicacions textuals). es pot realitzar amb un processador de textos convencional o qualsevol altra eina de presentaci\u00f3, edici\u00f3 d&#8217;imatges o de creaci\u00f3 d&#8217;infografies. Aqu\u00ed us deixem un enlla\u00e7 amb <a href=\"http:\/\/www.educaciontrespuntocero.com\/recursos\/7-herramientas-online-infografias\/37194.html\" target=\"_blank\" rel=\"noopener noreferrer\">eines per crear infografies<\/a> i un altre amb <a href=\"http:\/\/www.totemguard.com\/aulatotem\/2016\/01\/7-pautas-para-disenar-una-infografia-eficiente\/\" target=\"_blank\" rel=\"noopener noreferrer\">pautes per a dissenyar una bona infografia<\/a>.<\/li>\n<li>A la infografia\u00a0hi ha de constar de forma visible el <strong>t\u00edtol del treball i el nom de l\u2019autor, del tutor i del centre<\/strong>.<\/li>\n<li>A la taula conv\u00e9 que l\u2019alumne aporti\u00a0 elements relacionats amb el seu treball (imatges, objectes, maquetes, c\u00f2pia en paper del treball de recerca&#8230;) i el port\u00e0til, si \u00e9s el cas.<\/li>\n<li>A l\u2019hora de l\u2019esmorzar, cada alumne que exposa al vest\u00edbul haur\u00e0 de romandre al costat del seu treball\u00a0 per tal d\u2019informar els assistents.<\/li>\n<li>Aquest material exposat, excepte l\u2019ordinador, haur\u00e0 de romandre els tres dies de les Jornades Cient\u00edfiques. La Comissi\u00f3 organitzadora es far\u00e0 c\u00e0rrec d\u2019aquests materials i es podran passar a recollir pel CRP despr\u00e9s de les Jornades.<\/li>\n<li>L\u2019ha de fer arribar a l\u2019organitzaci\u00f3 per <a href=\"mailto:crp-badalona@xtec.cat\" target=\"_blank\" rel=\"noopener noreferrer\">correu electr\u00f2nic<\/a> abans del <strong>6<\/strong><b> de mar\u00e7 de 2020 al CRP.<\/b><\/li>\n<\/ul>\n<hr \/>\n<p><span style=\"color: #cc0000; font-family: Geneva, Arial, Helvetica, san-serif;\"><b>Recopilaci\u00f3 i publicaci\u00f3 de treballs. <\/b><\/span><span style=\"font-family: Geneva, Arial, Helvetica, san-serif;\">Un cop finalitzades les Jornades Cient\u00edfiques, s&#8217;editar\u00e0 un llibre amb els resums dels treballs i una publicaci\u00f3 digital (format CD o DVD) on es recolliran els treballs sencers presentats a les Jornades Cient\u00edfiques.El llibre es lliurar\u00e0 a tots els participants.<\/p>\n<p><b><span style=\"color: #cc0000;\">Secretaria de les Jornades. <\/span><\/b><br \/>\nAquest<strong>\u00a0<a href=\"https:\/\/docs.google.com\/document\/d\/1r7Yn_xPnd25pnlAqTQHXceDS9Tt1Lstv9qJuYQI1tMg\/edit?usp=sharing\" target=\"_blank\" rel=\"noopener noreferrer\">full<\/a><\/strong> s&#8217;haur\u00e0 de fer arribar, abans del <strong>28 de febrer d<\/strong><b>e 2020, a<\/b>:<br \/>\n<\/span><span style=\"font-family: Geneva, Arial, Helvetica, san-serif;\"><b>Centre de Recursos Pedag\u00f2gics. <\/b><strong>T<\/strong><\/span><span style=\"font-family: Geneva, Arial, Helvetica, san-serif;\"><strong>el. <\/strong><b>93 460 22 26, correu electr\u00f2nic:\u00a0<\/b><a href=\"mailto:crp-badalona@xtec.cat\">crp-badalona@xtec.cat<\/a><\/span><\/p>\n","protected":false},"excerpt":{"rendered":"<p>Presentaci\u00f3 de treballs a l&#8217;auditori: La part te\u00f2rica del treball ha de tenir un car\u00e0cter introductori i nom\u00e9s \u00a0se li [&hellip;]<\/p>\n","protected":false},"author":1,"featured_media":0,"parent":1771,"menu_order":0,"comment_status":"closed","ping_status":"closed","template":"","meta":{"_bbp_topic_count":0,"_bbp_reply_count":0,"_bbp_total_topic_count":0,"_bbp_total_reply_count":0,"_bbp_voice_count":0,"_bbp_anonymous_reply_count":0,"_bbp_topic_count_hidden":0,"_bbp_reply_count_hidden":0,"_bbp_forum_subforum_count":0,"site-sidebar-layout":"default","site-content-layout":"","ast-site-content-layout":"","site-content-style":"default","site-sidebar-style":"default","ast-global-header-display":"","ast-banner-title-visibility":"","ast-main-header-display":"","ast-hfb-above-header-display":"","ast-hfb-below-header-display":"","ast-hfb-mobile-header-display":"","site-post-title":"","ast-breadcrumbs-content":"","ast-featured-img":"","footer-sml-layout":"","theme-transparent-header-meta":"","adv-header-id-meta":"","stick-header-meta":"","header-above-stick-meta":"","header-main-stick-meta":"","header-below-stick-meta":"","astra-migrate-meta-layouts":"default","ast-page-background-enabled":"default","ast-page-background-meta":{"desktop":{"background-color":"var(--ast-global-color-4)","background-image":"","background-repeat":"repeat","background-position":"center center","background-size":"auto","background-attachment":"scroll","background-type":"","background-media":"","overlay-type":"","overlay-color":"","overlay-opacity":"","overlay-gradient":""},"tablet":{"background-color":"","background-image":"","background-repeat":"repeat","background-position":"center center","background-size":"auto","background-attachment":"scroll","background-type":"","background-media":"","overlay-type":"","overlay-color":"","overlay-opacity":"","overlay-gradient":""},"mobile":{"background-color":"","background-image":"","background-repeat":"repeat","background-position":"center center","background-size":"auto","background-attachment":"scroll","background-type":"","background-media":"","overlay-type":"","overlay-color":"","overlay-opacity":"","overlay-gradient":""}},"ast-content-background-meta":{"desktop":{"background-color":"var(--ast-global-color-5)","background-image":"","background-repeat":"repeat","background-position":"center center","background-size":"auto","background-attachment":"scroll","background-type":"","background-media":"","overlay-type":"","overlay-color":"","overlay-opacity":"","overlay-gradient":""},"tablet":{"background-color":"var(--ast-global-color-5)","background-image":"","background-repeat":"repeat","background-position":"center center","background-size":"auto","background-attachment":"scroll","background-type":"","background-media":"","overlay-type":"","overlay-color":"","overlay-opacity":"","overlay-gradient":""},"mobile":{"background-color":"var(--ast-global-color-5)","background-image":"","background-repeat":"repeat","background-position":"center center","background-size":"auto","background-attachment":"scroll","background-type":"","background-media":"","overlay-type":"","overlay-color":"","overlay-opacity":"","overlay-gradient":""}},"footnotes":""},"class_list":["post-6632","page","type-page","status-publish","hentry"],"post_mailing_queue_ids":[],"_links":{"self":[{"href":"https:\/\/serveiseducatius.xtec.cat\/badalona\/wp-json\/wp\/v2\/pages\/6632","targetHints":{"allow":["GET"]}}],"collection":[{"href":"https:\/\/serveiseducatius.xtec.cat\/badalona\/wp-json\/wp\/v2\/pages"}],"about":[{"href":"https:\/\/serveiseducatius.xtec.cat\/badalona\/wp-json\/wp\/v2\/types\/page"}],"author":[{"embeddable":true,"href":"https:\/\/serveiseducatius.xtec.cat\/badalona\/wp-json\/wp\/v2\/users\/1"}],"replies":[{"embeddable":true,"href":"https:\/\/serveiseducatius.xtec.cat\/badalona\/wp-json\/wp\/v2\/comments?post=6632"}],"version-history":[{"count":4,"href":"https:\/\/serveiseducatius.xtec.cat\/badalona\/wp-json\/wp\/v2\/pages\/6632\/revisions"}],"predecessor-version":[{"id":12996,"href":"https:\/\/serveiseducatius.xtec.cat\/badalona\/wp-json\/wp\/v2\/pages\/6632\/revisions\/12996"}],"up":[{"embeddable":true,"href":"https:\/\/serveiseducatius.xtec.cat\/badalona\/wp-json\/wp\/v2\/pages\/1771"}],"wp:attachment":[{"href":"https:\/\/serveiseducatius.xtec.cat\/badalona\/wp-json\/wp\/v2\/media?parent=6632"}],"curies":[{"name":"wp","href":"https:\/\/api.w.org\/{rel}","templated":true}]}}