{"id":608,"date":"2015-11-27T10:04:51","date_gmt":"2015-11-27T09:04:51","guid":{"rendered":"http:\/\/serveiseducatius.xtec.cat\/badalona\/?page_id=608"},"modified":"2026-04-16T09:59:02","modified_gmt":"2026-04-16T07:59:02","slug":"horari-i-calendari","status":"publish","type":"page","link":"https:\/\/serveiseducatius.xtec.cat\/badalona\/el-servei-educatiu\/horari-i-calendari\/","title":{"rendered":"Horari d&#8217;atenci\u00f3, calendari escolar i festes de lliure disposici\u00f3"},"content":{"rendered":"<p><a href=\"https:\/\/drive.google.com\/file\/d\/1cc2JwC1hFICDOgBNPvyAabmxTiORn0Qm\/view?usp=drive_link\" target=\"_blank\" rel=\"noopener\"><span style=\"font-size: 14pt;\"><strong><span style=\"font-size: 18pt;\">Descarrega&#8217;t aqu\u00ed el calendari escolar de Badalona &#8211; Curs 2025-2026<\/span><\/strong><\/span><\/a><\/p>\n<p><span style=\"text-decoration: underline;\"><strong>Horaris d&#8217;atenci\u00f3 al professorat i a centres:<\/strong><\/span><\/p>\n<table style=\"width: 42.3347%; height: 55px;\">\n<tbody>\n<tr style=\"height: 22px;\">\n<td style=\"width: 1.69779%; height: 31px;\"><\/td>\n<td style=\"height: 31px; width: 34.0703%;\"><strong>Dilluns<\/strong><\/td>\n<td style=\"height: 31px; width: 37.6458%;\"><strong>De dimarts\u00a0a\u00a0dijous<\/strong><\/td>\n<td style=\"height: 31px; width: 120.16%;\"><strong>Divendres<\/strong><\/td>\n<\/tr>\n<tr style=\"height: 33px;\">\n<td style=\"width: 1.69779%; height: 14px;\"><strong>Mat\u00ed<\/strong><\/td>\n<td style=\"width: 34.0703%; height: 14px;\">De 11 h a 14 h<\/td>\n<td style=\"width: 37.6458%; height: 14px;\">De 9 h a 14 h<\/td>\n<td style=\"width: 120.16%; height: 14px;\">De 9 h a 14 h<\/td>\n<\/tr>\n<tr style=\"height: 33px;\">\n<td style=\"width: 1.69779%; height: 10px;\"><strong>Tarda<\/strong><\/td>\n<td style=\"height: 10px; width: 34.0703%;\">De 16 h a 17.30 h<\/td>\n<td style=\"height: 10px; width: 37.6458%;\">De 16 h a 17.30 h<\/td>\n<td style=\"height: 10px; width: 120.16%;\"><\/td>\n<\/tr>\n<\/tbody>\n<\/table>\n<p><span style=\"font-size: 10pt;\"><strong>Horari d&#8217;atenci\u00f3 en jornada continuada de centres educatius:<\/strong>\u00a0<span style=\"font-family: inherit;\">Del 8 de juny al 15 de juliol: <\/span>de 9 a 14 h, de dilluns a divendres.<\/span><\/p>\n<table style=\"border-collapse: collapse; width: 100%; height: 152px;\">\n<tbody>\n<tr style=\"height: 152px;\">\n<td style=\"width: 33.3333%; height: 152px;\">\n<p style=\"font-size: 16px; font-style: normal; font-weight: 400;\"><strong style=\"font-size: 16px;\">CRP<\/strong><\/p>\n<ul style=\"font-size: 16px; font-style: normal; font-weight: 400;\">\n<li style=\"font-size: 16px;\">Obert al p\u00fablic en l&#8217;horari indicat a la taula de dalt<\/li>\n<li style=\"font-size: 16px;\">Correu electr\u00f2nic:\u00a0<strong style=\"font-size: 16px;\"><a style=\"font-size: 16px; transition-property: all;\" href=\"mailto:crp-badalona@xtec.cat\" target=\"_blank\" rel=\"noopener noreferrer\">crp-badalona@xtec.cat<\/a><\/strong><\/li>\n<li style=\"font-size: 16px;\">Tel\u00e8fon:\u00a0<strong style=\"font-size: 16px;\">93.460.22.26 extensi\u00f3\u00a0<span style=\"color: #0000ff;\">10700<\/span><\/strong><\/li>\n<\/ul>\n<\/td>\n<td style=\"width: 33.3333%; height: 152px;\">\n<p style=\"font-size: 16px; font-style: normal; font-weight: 400;\"><strong style=\"font-size: 16px;\">EAP<\/strong><\/p>\n<ul style=\"font-size: 16px; font-style: normal; font-weight: 400;\">\n<li style=\"font-size: 16px;\">Atenci\u00f3 al p\u00fablic a hores convingudes<strong style=\"font-size: 16px;\"><br \/>\n<\/strong><\/li>\n<li style=\"font-size: 16px;\">Correu electr\u00f2nic:\u00a0<strong style=\"font-size: 16px;\"><a style=\"font-size: 16px; transition-property: all;\" href=\"mailto:a8901007@xtec.cat\">a8901007@xtec.cat<\/a><\/strong><\/li>\n<li style=\"font-size: 16px;\">Tel\u00e8fon:\u00a0<strong style=\"font-size: 16px;\">93.460.22.26 extensions\u00a0<span style=\"color: #0000ff;\">10708<\/span>\u00a0i\u00a0<span style=\"color: #0000ff;\">10711<\/span><\/strong><\/li>\n<\/ul>\n<\/td>\n<td style=\"width: 33.3333%; height: 152px;\">\n<p style=\"font-size: 16px; font-style: normal; font-weight: 400;\"><strong style=\"font-size: 16px;\">ELIC<br \/>\n<\/strong><\/p>\n<ul style=\"font-size: 16px; font-style: normal; font-weight: 400;\">\n<li style=\"font-size: 16px;\">Atenci\u00f3 al p\u00fablic a hores convingudes<strong style=\"font-size: 16px;\"><br \/>\n<\/strong><\/li>\n<li style=\"font-size: 16px;\">Correu electr\u00f2nic:\u00a0<a style=\"font-size: 16px; transition-property: all;\" href=\"mailto:elic-badalona@xtec.cat\" target=\"_blank\" rel=\"noopener\"><strong style=\"font-size: 16px;\">elic-badalona@xtec.cat<\/strong><\/a><\/li>\n<li style=\"font-size: 16px;\">Tel\u00e8fon:\u00a0<strong style=\"font-size: 16px;\">93.460.22.26 extensi\u00f3\u00a0<span style=\"color: #0000ff;\">10715<\/span><\/strong><\/li>\n<\/ul>\n<\/td>\n<\/tr>\n<\/tbody>\n<\/table>\n<p><strong>CALENDARI I FESTES:<\/strong><\/p>\n<p>El Servei Educatiu de Badalona romandr\u00e0 tancat al p\u00fablic, a banda dels per\u00edodes de vacances escolars i dels dies de festes laborals oficials a Catalunya, els seg\u00fcents dies de festa local i de lliure disposici\u00f3, acordats pel Consell Escolar Municipal de Badalona. A sota podeu veure els festius locals i de lliure disposici\u00f3, aix\u00ed com tamb\u00e9 podeu descarregar-vos el <a href=\"https:\/\/drive.google.com\/file\/d\/1PE09tVJLmN0PqIqsGbTNLg3eDicywVgt\/view?usp=sharing\" target=\"_blank\" rel=\"noopener\">calendari escolar <strong>AQU\u00cd<\/strong><\/a>.<\/p>\n<ul>\n<li>3 de novembre de 2025 (festa de lliure disposici\u00f3)<\/li>\n<li>5 de desembre de 2025 (festa de lliure disposici\u00f3)<\/li>\n<li>16 de febrer de 2026 (festa de lliure disposici\u00f3)<\/li>\n<li>30 d&#8217;abril de 2026 (festa de lliure disposici\u00f3)<\/li>\n<li>11 de maig de 2026 (festa local)<\/li>\n<li>25 de maig de 2026 (festa local)<\/li>\n<\/ul>\n","protected":false},"excerpt":{"rendered":"<p>Descarrega&#8217;t aqu\u00ed el calendari escolar de Badalona &#8211; Curs 2025-2026 Horaris d&#8217;atenci\u00f3 al professorat i a centres: Dilluns De dimarts\u00a0a\u00a0dijous [&hellip;]<\/p>\n","protected":false},"author":1,"featured_media":0,"parent":806,"menu_order":30,"comment_status":"closed","ping_status":"closed","template":"","meta":{"_bbp_topic_count":0,"_bbp_reply_count":0,"_bbp_total_topic_count":0,"_bbp_total_reply_count":0,"_bbp_voice_count":0,"_bbp_anonymous_reply_count":0,"_bbp_topic_count_hidden":0,"_bbp_reply_count_hidden":0,"_bbp_forum_subforum_count":0,"site-sidebar-layout":"default","site-content-layout":"","ast-site-content-layout":"default","site-content-style":"default","site-sidebar-style":"default","ast-global-header-display":"","ast-banner-title-visibility":"","ast-main-header-display":"","ast-hfb-above-header-display":"","ast-hfb-below-header-display":"","ast-hfb-mobile-header-display":"","site-post-title":"","ast-breadcrumbs-content":"","ast-featured-img":"","footer-sml-layout":"","theme-transparent-header-meta":"default","adv-header-id-meta":"","stick-header-meta":"","header-above-stick-meta":"","header-main-stick-meta":"","header-below-stick-meta":"","astra-migrate-meta-layouts":"set","ast-page-background-enabled":"default","ast-page-background-meta":{"desktop":{"background-color":"var(--ast-global-color-4)","background-image":"","background-repeat":"repeat","background-position":"center center","background-size":"auto","background-attachment":"scroll","background-type":"","background-media":"","overlay-type":"","overlay-color":"","overlay-opacity":"","overlay-gradient":""},"tablet":{"background-color":"","background-image":"","background-repeat":"repeat","background-position":"center center","background-size":"auto","background-attachment":"scroll","background-type":"","background-media":"","overlay-type":"","overlay-color":"","overlay-opacity":"","overlay-gradient":""},"mobile":{"background-color":"","background-image":"","background-repeat":"repeat","background-position":"center center","background-size":"auto","background-attachment":"scroll","background-type":"","background-media":"","overlay-type":"","overlay-color":"","overlay-opacity":"","overlay-gradient":""}},"ast-content-background-meta":{"desktop":{"background-color":"var(--ast-global-color-5)","background-image":"","background-repeat":"repeat","background-position":"center center","background-size":"auto","background-attachment":"scroll","background-type":"","background-media":"","overlay-type":"","overlay-color":"","overlay-opacity":"","overlay-gradient":""},"tablet":{"background-color":"var(--ast-global-color-5)","background-image":"","background-repeat":"repeat","background-position":"center center","background-size":"auto","background-attachment":"scroll","background-type":"","background-media":"","overlay-type":"","overlay-color":"","overlay-opacity":"","overlay-gradient":""},"mobile":{"background-color":"var(--ast-global-color-5)","background-image":"","background-repeat":"repeat","background-position":"center center","background-size":"auto","background-attachment":"scroll","background-type":"","background-media":"","overlay-type":"","overlay-color":"","overlay-opacity":"","overlay-gradient":""}},"footnotes":""},"class_list":["post-608","page","type-page","status-publish","hentry"],"post_mailing_queue_ids":[],"_links":{"self":[{"href":"https:\/\/serveiseducatius.xtec.cat\/badalona\/wp-json\/wp\/v2\/pages\/608","targetHints":{"allow":["GET"]}}],"collection":[{"href":"https:\/\/serveiseducatius.xtec.cat\/badalona\/wp-json\/wp\/v2\/pages"}],"about":[{"href":"https:\/\/serveiseducatius.xtec.cat\/badalona\/wp-json\/wp\/v2\/types\/page"}],"author":[{"embeddable":true,"href":"https:\/\/serveiseducatius.xtec.cat\/badalona\/wp-json\/wp\/v2\/users\/1"}],"replies":[{"embeddable":true,"href":"https:\/\/serveiseducatius.xtec.cat\/badalona\/wp-json\/wp\/v2\/comments?post=608"}],"version-history":[{"count":6,"href":"https:\/\/serveiseducatius.xtec.cat\/badalona\/wp-json\/wp\/v2\/pages\/608\/revisions"}],"predecessor-version":[{"id":27654,"href":"https:\/\/serveiseducatius.xtec.cat\/badalona\/wp-json\/wp\/v2\/pages\/608\/revisions\/27654"}],"up":[{"embeddable":true,"href":"https:\/\/serveiseducatius.xtec.cat\/badalona\/wp-json\/wp\/v2\/pages\/806"}],"wp:attachment":[{"href":"https:\/\/serveiseducatius.xtec.cat\/badalona\/wp-json\/wp\/v2\/media?parent=608"}],"curies":[{"name":"wp","href":"https:\/\/api.w.org\/{rel}","templated":true}]}}