{"id":5600,"date":"2016-12-14T11:19:54","date_gmt":"2016-12-14T10:19:54","guid":{"rendered":"http:\/\/serveiseducatius.xtec.cat\/badalona\/?page_id=5600"},"modified":"2025-09-16T14:38:41","modified_gmt":"2025-09-16T12:38:41","slug":"scratch-apren-a-programar","status":"publish","type":"page","link":"https:\/\/serveiseducatius.xtec.cat\/badalona\/recursos\/robotica-educativa\/scratch-apren-a-programar\/","title":{"rendered":"Scratch, apr\u00e8n a programar!"},"content":{"rendered":"<table style=\"width: 100%;\" border=\"0\">\n<tbody>\n<tr>\n<td style=\"background-color: #66ff33; text-align: left; vertical-align: top;\"><span style=\"font-size: 14px;\"><a name=\"scratch\"><\/a><span style=\"font-size: 20px;\"><strong><span style=\"font-family: verdana,geneva,sans-serif;\">Scratch<\/span><\/strong><\/span><\/span><\/td>\n<td style=\"background-color: #66ff33; text-align: left; vertical-align: top;\"><strong><span style=\"font-family: verdana,geneva,sans-serif;\"><span style=\"font-size: 14px;\">Prop\u00f2sit: <\/span><\/span><\/strong><span style=\"font-family: verdana,geneva,sans-serif;\"><span style=\"font-size: 14px;\">Iniciar els nens i les nenes en el m\u00f3n de la programaci\u00f3<\/span><\/span><\/td>\n<\/tr>\n<tr>\n<td style=\"text-align: left; vertical-align: top;\"><img loading=\"lazy\" decoding=\"async\" class=\"alignnone size-large\" src=\"data:image\/jpeg;base64,\/9j\/4AAQSkZJRgABAQAAAQABAAD\/2wCEAAkGBxMSEhAQEBIVFRUVGBoXExYSFRcXFRYWFRgYGhUYGBYYHSggGiYnHhgYIT0jJSorLi8uFx8zRDMsNygtLisBCgoKDg0OGhAQGi0lICUvLy8wLS0tLS0tLy0tLS0tLS0tLS0tLS0vLS0tLS0tLS0tLS0tLS0tLS0tLS0tLS0tLf\/AABEIAOEA4QMBEQACEQEDEQH\/xAAbAAEAAgMBAQAAAAAAAAAAAAAABQYDBAcBAv\/EAEYQAAICAQIEAwUEBgUKBwAAAAECAAMEBREGEiExQVFhEyIycYEHFEKRFSMzUqHBJGKSsfAWF0NTcnOCstHhNFR0g5Ozwv\/EABsBAQACAwEBAAAAAAAAAAAAAAABBQMEBgIH\/8QANhEBAAIBAgUBBQYFBAMAAAAAAAECAwQRBRIhMUFREyJhcYEUMkKhsdEjM5HB4RVSYvAWkvH\/2gAMAwEAAhEDEQA\/AO4wEBAQEBAQEBAQEBAQEBAQEBAQEBAQEBAQEBAQEBAQEBAQEBAQEBAQEBAQEBAQEBAQEBAQEBAQEBAQEBAQEBAQEBAQEBAQEBAQEBAQEBAQEBAQEBAQEBAQEBAQEBAQEBAQEBAQEBAQEDyB7AQEBAQEBAQEBAQEBAQEBAQEBAQK1rvHOHh5NeJk2FHdQ\/MVPs0ViVXnfsu5B\/7SdkbrFVaGAZSCCNwQdwQexBHeQl9wEBAQECn8acZfdmXExEF2bYN1Qn3Kl\/1txHZR5dzMWXNTFTnvO0PdMdsluWra+z\/iCzNxTZeEF1dtlNwr3C89bdwCSRuCp+syVtFqxaO0vExNZmJ8LNJCAgICAgICAgICAgICAgICAgICBzLjvHX9LYnOoZb8S6plYAhgliPsQe\/eVnFptXTc1Z2mJiW3odpy7T2R2DVlacS+nN7Sjcl8K1jy9epNDn9md\/DtNHQ8aidqaj\/2bGp4ft72P+i+8K8X42cGWolLk\/a0WjlurPqviP6w3E6CJi0Ras7wrZiYnaU+9gAJYgAdyTsPzkoQuXxhp9R2szcdT5G5N\/75O0o3YK+PNMY7DPxvrao\/vMbSbobinjr3hh6WUuyHXc2ghqMdD+N2HQnyX8\/I4NRnpgpz3n\/LJixzlty1Q2jaQuOrHmay2w811zney1\/Nj5eQ8Jxms1t9Vfe3bxDoNPp64a9G\/wDZ3d7LP1PF8LRVlIP9oGu3+KrOo4VlnJpazPjoptZTlzT8XRpYtUgICAgICAgICAgICAgICAgICAgc9+06rbJ0a\/yutqPyuq32\/NJpcSrzaW8fBsaSds1XzOGdGjNW0Su8rZu1dydar6jy2ofRh3Hoek3tJxDNpp92eno1s+lpmjrHX1aj8L12nmzLr8tt9\/6Rc5Tf0rUhR8tptZuNam\/3dqsNOH4q9+rex9CxU6JjUr8qk\/6TRvrM9vvXltRgxx2rDK+l0EbGioj1rQ\/yniNTmj8U\/wBUzhpP4YfWDp9VIYU1JWGO7CtQoJ8ztIy58mX+ZbdNMdKfdjZszD8ntDZ+WcPNxNS5HepEspyvZjdlrflKvy9yFYbnadFwPU0pzYrTtv1hV8Rw2tteI7Op6dqNWRWl1Fi2VuN1ZTuCP8eE6RUNqAgICAgICAgICAgICAgICAgICBRfteTbFxbv9TmUPv6FjWf+eYs9ebDevwl7xTteJaxnz+XUPi2xVBZyFUDcliAAB4kntPVa2vMViN0WmIjeUIvGOAW5fvVW\/qSF\/tEbfxm5PDNVEb8jWjWYd9uZOIwIBBBB6gjqCPQzStWaztMbS2YmJjeHs8pJIis26+7Iq0\/CKrc6myy1xzLRUDtz8v4iT0APSXPCuHVzxOTJ2hXa3VTi92neUlkcBZyLz4+pmxwOqZVKeyc+W6bMn03l7bhmltG0V2+MK2urzRPdUNJ1fI07Jt9nQ1br72Zp5O6WJ45OIexPfoO+3pPVL308xTLO9fFv7SWrXL71Ok+Y\/Z2jRdVqyqasnHcPXYN1YfxBHgQdwR4ETda7egICAgICAgICAgICAgICAgICBz37Ws72ldWlVAG7JZXYntTTUwZrTt6gADx6+Uw6jPTDim9\/\/r3ix2yXisPmcBM7zu6iETXpq5+o1YV3XHoq+83J4WsW5akbzAILbeO06fgWnrFLZp79oU\/Ess80Y4+bp1ml0tX7FqazXttyFFKbeXLttL7eVZs5vxJw22lc2ZhczYe++TjblvYr420k9gO5X\/A0NdoKaqu8bRb19fg2dPqbYZ69YbmPcrqtiEMrAMpHYg9QROLyY5paaz3h0FbRaImGSeHpg4MsC6xlK3ezErKfJLGDgfUidhwWYnTfWVDxCP430dLls0lU+0Dhn75QLKdly8fezFs8eYd6yfFWHQj5Geb0res1t2lNbTWd4Uz7LdcFeStIHLRnq11SHf8AVZVfTJqA8N9i239Wa+ltO04r96\/nHiWXPWN4vXz\/ANl10TaYXsBAQEBAQEBAQEBAQEBAQED4utVFZ3ICqCzE9gANyYHIeHbWyXyNTtB5spv1QPdMdCRUvpuPePznK8b1PPl9lXtX9Vzw7Dy0557ynZSLJp8O5Ap1lQ3QZWKUT1socvt\/ZJP0nWcDyRbBNPSVJxKkxki3rDp4lyr1ayuNsFcwaa9o9s2ylSpKczDohbbbcg9vWTtPdG6j6Ji\/dcjP078FFgejfwovBdF\/4TzCcvx3BFclckef7LnhuSZrNZ8JqUCzQuvO+PZjalSpZ8Vj7VF72Y79LlHqB7w+UvOC6uMeScVu1v1V3EMHPXnjvDqemZ1eRVXfSweuwBkYdiDOq7KXdyfQLdZ\/T9guF\/3b2lvOGDfdhRs3sin4d\/g7ddyfWZJ25XmN90Pq4+7WajbWf\/BaiuQm3gthU2p8trGG0qsl4prq\/wDKuzcrWbaeZ9Jd5rYEAjsRuPrLFqvqAgICAgICAgICAgICAgIEXxDRlPWPuN1dVobfe6sujgA+4diCu526jr0iBzj7QuKc6rAyMbOwvZNcBSuTjuLMchyA+46Onu83TY7z1ERtMwjfw29IyKXqr+7Or1qoVShBACjYA+XynAammSuSZyVmJl02G1JpEUnpDcmszIviHT3tRHoblyKHFuO3lYn4T6MN1Pzlhw3V\/Z8289p7tXV4Pa02jvC8cH8T151ROxrvr93Iofo9VniCD3B8D4\/nO27xvDnvhKAzfsux7NSGpm1x762tTsOU2ptsebuBuAdp6i8xGzzt5R9wa\/VdTtpUslSUUMyjce0UOzj5jmAlHxvHe+OnLWZ9dllw+9a3nmlq8R6\/ThIHv5veOyqg3ZiBue+wH1ModJoM2pvNa9Nu+6yz6mmKu89VXP2pY\/8A5e7b\/wBv+7mlr\/47mj8cNOeKY56crf4D127nufRa2sqBD5GDfsgUvv79Fm5VN9j7pO0t8H2jFtizxv6Wj+7Qyezv7+Pp8F8t44vKlKtIzjf2CWIiVc3rdzkbes3eVr7snDvBKDEtr1BUuuyne3LK7gF7TuVUg7gKNgPlMV8VLXi8x1js91vascsT0l42k5unjnwbXy6F+LEyX5rVUf8Al7z13Hgj7jwBEy77vHZYtD1mrLpW+ht1O4IYcrIy9GR1PVWB6EGQloa7xphYh5bchTYei1Vb2XMfIVpufz2k7I3Y+GNRzsmyy7Ix1xsYqBRVZ1yWbf47NjyoNvw9T\/NO0HVZJCSAgICAgICAgICAgeGBRftZH6rT9+336nm8vx7b\/WYNVP8AAvMeksmGP4lfmq2ocMKXN+I5xr\/3q\/2b+llfwsPXbeclh4hbl9nnjmr+cfKV3k0sb82Odp\/VMYBs9mntwos2\/WCskpzePLv12mnn9nGSfZ\/d8b92zjm3LHP3WfhvTQf1zjcfgB8x3Mu+D6GLfxrx8v3Vuv1MxPs6\/U4h4OpyrFyUezHyVGy5GM3LZt+64+GwejCdNEqhHHhnVG\/V2a03s\/E14lKXEf7wdB8wAZO8HVYuHdCpwqVx6AeUEszOSzu7Hdndj3JM8zO6WhxvwhTqeOaLt1YHmqsXbmRx039QQdiD\/A7GK7VneIJ6xs4HrP2VanRYUXHN67+7ZQykEeG6khl+vT1MzxkjZimjsX2RcFvpuM7ZAAyLyGsAO\/Iqg8ibjoSN2J28W8dpjvbml7rG0L7PD0QPIHK8rgfGTVa6LWyLKcyu61lbItH9IrZSxJRhuCjAdf3Z636IX\/ReGcPE\/wDC41VR\/eVBzH5ufeP5zzulLQEBAQEBAQEBAQEBAQNPV8a2yp0ouNFhHu2hFsKHcdeR+h8uvnA55xtw1qr4dvPnVZHsdr0UYvs7Wak868rK5G\/Ty6yZitomJ7SiJmJiYQGBj5mVVVd+kFVLFDD2OOobr4czE7bdvpORzZNLp8k09jvMesrzHTNkrFufpPwWHTcT2Na1mx7Nt93tPM5JJPUgDz\/KVmbJ7W\/NtEfCG5jpyV233+bo2FUFrrUeCj+6dzpqRTFWI9Ic5ltzXmZ9WeZ2NS\/tGV7H0zGW+6hb8nksfHfks2FVjKA2x\/EB08ZMIl5+iNYxx\/Rs6nKXwTOqKvt5e2pI3+ZEbwPV4k1OvpkaQzjxbEyK3H9h+UydoHv+X+37TTNTQ\/8ApGYfmhIjlNz\/ADh1fhwdSY+QwrI5TdsaPxsL8pMR8PKx2sRrKzkIqcwr25vd5iw79yJEwbrXIS8MDl2sHUv0ygoNOX92qsuVH\/UezTJPIK2sG4Y7ISDt2338J76bPPlPLxVqK9LNFt386smh1+m5BnnaE7rHoOdbdV7TIxmxn3I9m7o52HZt06dfKRKUjAQEBAQEBAQEBAQEBA82gcl1XA\/ROUV22wcpyaW8Me9urVN5K3cHw7Sn4tofb19rj+9Hf4t\/Q6n2c8lu0pecl1heLxpWRz1VsPLY\/MdDO60OauXBW0Oa1FJpkmG5NthU\/wC0+lxi1ZlSlnwr68nlHdkr3FoH\/AzH6SYRK0YOYl1dd1TBksUMjDsVYbgyEs8D2BqapqVWNVZfe4StBuzN2A\/mfTxiOoqvA2HbkXX6xlIa3vUV4tTfFTiqd15vJnPvEegkyiF1kJRPE+v1YND5F25292tF6vbY3wVoviSf+sR1RKO4G0e2pLsrL2+9Zb+1vA\/0YA2qpB8kXp8yZMkLPISQEBAQEBAQEBAQEBAQEBA1NT06vIqei9A9bjZ1bsR\/Lz38IRs5fqOnZOk7hw+TgD4LlHNdjjwW1R1dR+8OwHbwlNr+EVzfxMXS3p4lYabXTj92\/b1WLhjX69g9biyl\/FDvsfP\/ALSr0WqyaHLyZY2rPf8AduajDXU15qT1XWq0MAyncHsROqpet681Z3hTWrNZ2mH0ygjYjcHuDPbyow4ezdNZ20kpdjMSxwr2KezJ6n7vbseUE\/hbpJ33Qz\/5dWJ0yNJ1BG8RVUlyfR0fr+UcpuPxhmWjbD0jKJPZss146D1PvMx+W28bG7zE4Rvyba8nWLUuKHmqxaQRi1N4Mwbraw826ekbi6SEqrrvHNNLnFxVbMy\/CjH2PKfO2z4ax8+vpJiEMPD\/AAvc941HVHWzJG\/sKU3NGKp8Kwfic+Ln5DtvEz6C4yEkBAQEBAQEBAQEBAQIHW+McLEf2WReFfbdlVXcop7NZyKeQerbSYiZRumcXJS1EsqdXRwGRkIKsp7EEdDISywECN17XcfDqN+TYK0HQb9WY+Cqo6sfQQOfZnEWoZ+\/sd8DGPYlVbLsU+JB3Wrf6mVOr4viw9Ke9P5N7BoL5Os9IQVPA6VEvjZWRVaSSX5lYMx7l025WlRfi9svTLSsx\/3y3q6GKdcdpiX1oPFWqVPfWKEyBRZyWGp1rLdAQeRzsehHbab1YwYIrfHkmnNG+0xvDVn2mWZranNt57StWP8AanWvTLw8uk+J9iWX813EscWq5u81n5T++zUvhiO2\/wBYbifaxpPZslkPk9F4\/wDxNys7sExsyj7UdKPw5Jf\/AGKMhv7q5k5J2Ru+v84VLdMfEzrz4eyxLAPq1nKB9TI5TdjbXNXu6Y2mV0DwfNyF\/wDrp3P8Y2g3fLcHZeT11PUbHXxowx93p+TMPfcfMiTvHg2WXRNCxsNBVi0JUviEHU+rN3Y+pJkbp2SUgICAgICAgICAgICAgYcy8Vo9h7IpY\/JRv\/KBWfs1wgMGrIfZrswfeb3I6s13vAdfBVIUDwAkzKGjhn9FZy43bCzXJx9z7uPlN1akeS2dWA8G3EnvB2XmeUoXi\/iFMDGfIZS7bhKq1+Ky1+iIPmf4AyJmIjeextMztDnmJpdltozdRcXZO3ur\/occH8NSdv8AiO5O05TiHFrZt6Yulfzld6XRRT3r9ZTUpem6wQOt8Qcj\/dcRfbZTdlHVKt\/x3MPhA77dz085ZaXRRNfa552p+vwhqZtRtPJj62\/RtcO6R92q5Cxex2Nl1h7vY3xH0HYAeQmDWan2+TeI2iOkR6QyYMPsq9e8909j6da45kQkefbf5b95OLRajJXnpWdv6IyajFWdrS1baNiQy7HxDDrMNva47ctt4lkrNLRvG0qZpWo5GDqGoX4ie1x0ao5OMo6tz1gvZV4c6nrt4g\/LbrNFra1wYqZZ62idpUmowTN72p4dn0TWKculMjGsD1uOhHcHxVh3BHkZaNNC8WcaV4bLj1o2RlON0orPUD96xj0rX1M8XvTHXmvO0PVa2taK1hXf8utRo\/W5eFS1A62DFsdrq18W2fo+3ptNLFxTTZb8kT1+Plnvo8tK82zomn5qXVV3VMGSxQ6MPFWG4MsGs2ICAgICAgICAgICAgIGDOo9pXZX++rL\/aBH84Fd+zPK59Mw1PRqU9hYvir0H2bA\/wBn+MTHUhJcS6dRk0WY2QwVbB0O4DKw6o6k9ipAIPpMds2PH9+0Q9Vpa\/3YRPB3ELMz6dlupy6B8QI2yavwXp8\/xDwIM91vW8c1Z3h5mtq9J7o\/7XEK04eWeqY2Uj2+iMGrLfQsDMOpx2yYb0r3mJZMVorkraWCcDMbOnhA8a5VlWMXqZkHOgusQcz10k7WOo8x0lhwylL5uW0b9OkT6+GrrLWrj92fn8m5oGmUUVKMYAq\/vl9+ZrC3XnZ\/xbzFq9Rmy5J9rO23j0+EPeDFjpXeiwaPhe1sCn4R1b5eUycO0v2jNtbtHV41eb2WPeO8roqgDYdAO07StYrG0OfmZmd5RPE6VjHuut2UVIzlvIKNzNPXaKupxzH4vEs+mzzitv4cy4IqY0Pkv8eU7Xn0Vula\/RQJzXE7xGSMVe1I2+q30dfcm8\/indstoz1WtkYGQ+JY\/wC0CKr02Hzepum\/qNpl0nGMmGsUvHNDHn4fS881eks+j6OtHOxZrLrDzXXWdbLG9T4AeAHQTV1uvyaq29ukeI8M+n01MNdofPEWprj0M5HMze5Ug+Kyx+iIo8dz\/CNBpr6jNFa+vX4J1WWMeOZle+CNJbEwMPFsPv11KH8QHPVgD6EkfSdxLm05CSAgICAgICAgICAgICBQsu79E5ttzAjCzm5nf8OPl7bbv5LZ06+DD1i8zyTMdyI6sVlpclydy3Xfv3nz7Ne17zNp6uox1rFYiqM1jR0yORiWrtrPNTdUeWytvNW\/l2M2NJrcmltvXt6eGLPp65o6vLtezhTZiahirnUWKa2txmFdxVhsS1TdC3+yROmwcX0+TvPLPxVGTQZa9o3RHA2rM9ZxLw63UDYC1SjvVvtW+xJ8Bsdievj1lJxbS1pk9tjnetvMeqw0WabV5L\/ehaGUEEEbg9CD2IPcGVMTNZiYb0xvG0q3wwhx78vA33rTluo3\/DXbvun0YHb0Ms9dMZsNNRt1npP08tPTxOPJbF47wuGl5vsXDbbg9GHoZr6HVzpsvN48supwe2pt58Lnj5CuoZDuDO0w5qZqRek7w5+9LUnltClcT2HUsldKpP6ipls1GxT02U714wPmxG58gPWZo6dWNFatwlkae726ant8ViWfE32spJPvHHJ6EdzyH6eldruHY9VG\/a3q29Nq7YZ27wjqOLsM7q9wpcfFXkA1Op8iHnNZeFarHO3Jv8uq2prcNo77fN5ZxVS7eyww2XcfhrxgW\/tP8Kj1JmXBwfUZJ96OWPi8ZdfipHuzvK0cIcGWLaM\/UWV8kAimtOtOMp7hd\/ic+Lfl5zqNNpsempy44+fxU2bNbLbey9CbDGQEBAQEBAQEBAQEBAQEDBm4iWo9VqK6OCrq4BVge4IMDnGbwVmYW50xhkY47YuQ\/LZX\/VpuPQj0b85X6zhmHUe92t6x5+bawavJi6d4Rl3Ey0nlzMfJxWHf21LFPpYm6kesosvBNRWfc2mFjTiOKY69H3XxZgnqMun6uAfyO01J4bqo6cktj7Xhn8UILiXUaclqhgM1uYh3qfH2K1g9\/aufd5D5GWOiw5MFZ+09Mc94nz8vi1NRkpkmPZdbfBJJqOpKAjYVTv8A61LwtXzKkcw+U1pwaGbc0ZJiPTbqy+01MRyzXr6+EfiW3YF1mRnhbFyOXnyKtytJUbLWynqE\/rCbGSMOsxRTTzty9qz5+Pz+DFSb4LzbJ1ifPoulbhgGUggjcEHcEeYMo7Vms7TGyyiYmN4fVl1ortSm1qmdSoddiVJHRgD4ibej1l9Nfmr28wwajT1y1693z9lWqVUp+i7axTlJu7ddxlbn3r1c9WJ8Qeo+Q6dpgz0z0i9J6OfyYrYrctnRJleGvl6fTb+1qrs\/3iK394k7j7xsWusctaKg8kUKPyEgZoCAgICAgICAgICAgICAgICBUuM+LXxbKcXFpF2TaC6q7ctddanYvYw67bnbYd5hzZqYaTkyT0e8eO2S3LXugF4x1RNxbg49+\/wmi41hT\/XFoPT1E0qcY0tvOzZtoM8eENqGl5Odv9+amqs9TRh1qCf9u9hzn6bCaeo49t0wx9Z\/ZnxcN3\/mT9IS+m6bVjoK6K1RR4L3PqSerH1M5\/NqMma3NkneVpjxUxxtWGyx26k7bdyfCYorM9Ie56IM6nZmM+LptIyG+Gy1x\/RK9+\/O\/Zz1+Fd95e6DhGSZjJknlj08qzU66m01p1\/R85HDWVo1aWB2ysTbfJVV2fHYnrZUo71+a+G2\/nLXX8Npqa716X\/X5tPTau2Kdrdv0TWLkJYi2VsGRhurL1BBnHZMdsdpreNphfVtFo3iWprOkrkKu5ZLEPNTah2sqcdmU\/y8Zs6PWX0t+avb0YdRp65a7T3TnBnGTWOMDUNq8sD3G7V5Sj8dZ7c3mnz+Q7TT6imopF6T\/hQZcVsVuWy7zKxvZIQEBAQEBAQEBAQEBAQEBAQBgc043X2WrYdrfDkY70A+Asrb2gG\/huCfylXxjHN9LMx4luaC8VzbT5Z5x3wX7HfeqKzuQqqCzMewAG5JnqlJvMVr3l5taKxMz4RGLrV2V007Dtv3\/wBLYDTjj19o43b5AS7wcCyW\/mzy\/nKuy8SpH3I3TWB9ndl\/K+rZHtB3+7Y29eOPR2+Oz8xL3T6LBp\/uR19Z7q3LqcmX70\/RfcLCrpRaqUWtFGyogCqB6ATbmd2FnK7wOX8R8N2aa75eChfEY82TjIN2pPjbQPLxK\/4Ffr9BTVV\/5NnTamcM7eGbBzEuRLamDow3Vl7H\/HlOOy4r4r8l42mF\/S9b15qtfWdIryq\/Z27gghq3Q7WVuPhdG8CJl0urvp781PrHq8ZsFctdpbGjcethf0bWGOw\/YZaIxW0D8NiqCVf+B\/v7HR6zFqqc1Z6+YUOfT3w22mOiU\/zqaefhOQw81xbtv+WbE5KR+KP6sXLb0lsYX2maZYwQ5QrbyyEen+NgA\/jPUTExvEx\/V5np3WxLAwDKQQRuCDuCD2IMkfcBAQEBAQEBAQEBAQEBAQK7x1w8c3Faushbq2FuM5\/DdX1Xr5Hqp9GMi1YtWa27SRMxO8KXoGq\/eK92XktQlL6j3rtXowPp4g+RnD67SW02Waz28Oi02eMtN29k0LYjVuAysCrA9iCNiJq0yTS8Xr3hntWLxMS2\/st1B1XI025izYZUVOe741gJq39V2K\/QTvNNnjUYoyevdzWXFOO80lfZnYyAgeEQOa8UcJW4dj52mJzox5srDHQN520fut5r2M09ZoseqrtPfxLPg1FsM9OzHpWpV5Fa20tzKfoVI7qw8CPKcZqNPkwXml4\/y6DFlrkrzVbRExRbbtL3tu+t5G8p2hhycdLAVsRXU9w4BB+hnumW9Ji1ZmHi2Oto2mGL7PXOJn3abWSceyk5FSEk+xdXCuq79lbm328x6zsuGaq2pwc1+8dN1BrMMYsvu9pdOlg1iAgICAgICAgICAgICAgeGBSOMuDbLLfv+nsteUABajdKslB2WzbswHQP8h27YdTp6ajHyX+nwZMWW2K3NVVG4oFe9eVi5VNw6Gr2Lvuf6joCrD13E5rJwPPFtqTEwtq8SxTG9ln+zzScg3ZOo5NRo9sldVNL\/tBWhZuawDsSW7dxtOh0el+zYYxzO8+VXnze1yTZfJtMJAQEDwwKHxZwVZ7U5+mcqXn9vSx5ackeO\/7r+TfnNfVaXHqact\/pPoy4c1sVt6oNs\/MX9ppWYD4+zFVg+hD9ZQW4Dl3920LOOJ081liGtXk7DS9Q\/wDgUfx555\/0DP8A7q\/n+yf9Tx+kthBqd3SjTWr3\/Hl211qvzRCzGZ8XAeu+S\/0hjvxP\/bVaeCuEWxWsysq0XZdqhXZBtXWgO4qqB67b9dz1O0vsOGmGkUp2VmTJbJbmstsyPJAQEBAQEBAQEBAQEBAQEBA82gewEBAQEBAQEBA8gewEBAQEBAQEBAQEBAQEBAQEBAQEBAQEBAQEBAQEBAQEBAQEBAQEBAQEBAQEBAQEBAQEBAQEBAQEBAQEBAQEBAQEBAQEBAQEBAQEBAQEBAQEBAQEBAQEBAQEBAQEBAQEBAQEBAQEBAQEBAQEBAQEBAQEBAQEBAQEBAQEBAQEBA\/\/2Q==\" width=\"225\" height=\"225\" \/><\/td>\n<td style=\"text-align: left; vertical-align: top;\">\n<ul>\n<li style=\"list-style-type: none;\">\n<ul>\n<li><span style=\"font-size: 14px;\"><span style=\"font-family: verdana,geneva,sans-serif;\">Pensat inicialment per a nois i noies de 8 a 16 anys, actualment l&#8217;utilitza gent de totes les edats<\/span><\/span><\/li>\n<li><span style=\"font-size: 14px;\"><span style=\"font-family: verdana,geneva,sans-serif;\">Per als nens i nenes de 5\u00a0a 7 anys hi ha una versi\u00f3 redu\u00efda per a tauletes anomenada <strong><a href=\"http:\/\/www.scratchjr.org\/\" target=\"_blank\" rel=\"noopener\">ScratchJr<\/a><\/strong><\/span><\/span><\/li>\n<\/ul>\n<\/li>\n<\/ul>\n<ul>\n<li><span style=\"font-size: 14px;\"><span style=\"font-family: verdana,geneva,sans-serif;\"><span style=\"font-size: 14px;\"><span style=\"font-family: verdana,geneva,sans-serif;\">Permet aprendre a programar hist\u00f2ries interactives, animacions i jocs de tot tipus<\/span><\/span><\/span><\/span><\/li>\n<li><span style=\"font-size: 14px;\"><span style=\"font-family: verdana,geneva,sans-serif;\">Permet compartir les creacions dels usuaris amb la comunitat en l\u00ednia<\/span><\/span><\/li>\n<li><span style=\"font-size: 14px;\"><span style=\"font-family: verdana,geneva,sans-serif;\">Ajuda a pensar de forma creativa i sistem\u00e0tica<\/span><\/span><\/li>\n<li><span style=\"font-size: 14px;\"><span style=\"font-family: verdana,geneva,sans-serif;\">Ajuda a treballar de forma col\u00b7laborativa<\/span><\/span><\/li>\n<\/ul>\n<ul>\n<li><span style=\"font-size: 14px;\"><span style=\"font-family: verdana,geneva,sans-serif;\"><a href=\"http:\/\/diarieducacio.cat\/programadors-des-de-la-infancia-mes-tendra\/\" target=\"_blank\" rel=\"noopener\">Programadors des de la inf\u00e0ncia m\u00e9s tendra\u00a0<\/a>\u00a0<\/span><\/span>\u00a0<span style=\"font-size: 12px;\"><span style=\"font-family: tahoma,geneva,sans-serif;\">(El diari de l&#8217;Educaci\u00f3 11\/05\/2015)<\/span><\/span><\/li>\n<li><span style=\"font-family: tahoma,geneva,sans-serif;\"><span style=\"font-size: 14px;\"><a href=\"http:\/\/diarieducacio.cat\/blogs\/bits\/2014\/05\/19\/scratch-deixeu-que-els-nens-programin\/\" target=\"_blank\" rel=\"noopener\">Scratch: deixeu que els nens programin!<\/a>\u00a0<\/span><span style=\"font-size: 12px;\">\u00a0(El diari de l&#8217;Educaci\u00f3 19\/05\/2014)<\/span><\/span><\/li>\n<\/ul>\n<\/td>\n<\/tr>\n<tr>\n<td style=\"background-color: #66ff33; text-align: left; vertical-align: top;\"><strong><span style=\"font-family: verdana,geneva,sans-serif;\"><span style=\"font-size: 14px;\">Guies d&#8217;usuari i tutorials:<\/span><\/span><\/strong><\/td>\n<td style=\"background-color: #66ff33; text-align: left; vertical-align: top;\"><strong><span style=\"font-family: verdana,geneva,sans-serif;\"><span style=\"font-size: 14px;\">Recursos diversos:<\/span><\/span><\/strong><\/td>\n<\/tr>\n<tr>\n<td style=\"text-align: left; vertical-align: top;\">\n<ul>\n<li style=\"list-style-type: none;\">\n<ul>\n<li><span style=\"font-size: 14px;\"><span style=\"font-family: verdana,geneva,sans-serif;\"><a href=\"http:\/\/www.eduteka.org\/pdfdir\/ScratchGuiaReferencia.pdf\" target=\"_blank\" rel=\"noopener\">Guia de refer\u00e8ncia Scratch 2.0 Eduteka<\/a><\/span><\/span><\/li>\n<li><a href=\"https:\/\/scratch.mit.edu\/help\/\" target=\"_blank\" rel=\"noopener\"><span style=\"font-size: 14px;\"><span style=\"font-family: verdana,geneva,sans-serif;\">Ajuda d&#8217;Scratch<\/span><\/span><\/a><\/li>\n<li><span style=\"font-family: verdana, geneva, sans-serif;\"><a href=\"https:\/\/projectes.xtec.cat\/programacioirobotica\/minireptes-scratch\/\" target=\"_blank\" rel=\"noopener\">Mini reptes Scratch<\/a><\/span><\/li>\n<li><a href=\"https:\/\/scratch.mit.edu\/help\/cards\/\" target=\"_blank\" rel=\"noopener\"><span style=\"font-size: 14px;\"><span style=\"font-family: verdana,geneva,sans-serif;\">Targetes d&#8217;Scratch (imprimibles)<\/span><\/span><\/a><\/li>\n<\/ul>\n<\/li>\n<\/ul>\n<\/td>\n<td style=\"text-align: left; vertical-align: top;\">\n<ul>\n<li><a href=\"https:\/\/scratch.mit.edu\/\" target=\"_blank\" rel=\"noopener\"><span style=\"font-size: 14px;\"><span style=\"font-family: verdana,geneva,sans-serif;\">Web oficial d&#8217;Scratch<\/span><\/span><\/a><\/li>\n<li><a href=\"https:\/\/scratch.mit.edu\/scratch2download\/\" target=\"_blank\" rel=\"noopener\"><span style=\"font-size: 14px;\"><span style=\"font-family: verdana,geneva,sans-serif;\">Scratch 2.0 (desc\u00e0rrega)<\/span><\/span><\/a><\/li>\n<li><a href=\"http:\/\/crearjocs.blogspot.com.es\/\" target=\"_blank\" rel=\"noopener\"><span style=\"font-size: 14px;\"><span style=\"font-family: verdana,geneva,sans-serif;\">Crear jocs amb Scratch (Pau C\u00f3rdoba)<\/span><\/span><\/a><\/li>\n<li><a href=\"http:\/\/www.pearltrees.com\/lorena03\/scratch\/id13201205\" target=\"_blank\" rel=\"noopener\"><span style=\"font-size: 14px;\"><span style=\"font-family: verdana,geneva,sans-serif;\">Pearltrees Scratch<\/span><\/span><\/a><\/li>\n<li><a href=\"https:\/\/www.youtube.com\/watch?v=4Y4JvcVmEnM&amp;feature=youtube_gdata_player\" target=\"_blank\" rel=\"noopener\"><span style=\"font-size: 14px;\"><span style=\"font-family: verdana,geneva,sans-serif;\">Makey Makey + Scratch<\/span><\/span><\/a><\/li>\n<li><a href=\"https:\/\/www.youtube.com\/watch?v=e9WXKbjaHcg&amp;feature=youtube_gdata_player\" target=\"_blank\" rel=\"noopener\"><span style=\"font-size: 14px;\"><span style=\"font-family: verdana,geneva,sans-serif;\">Lego WeDo + Scratch<\/span><\/span><\/a><\/li>\n<li><a href=\"http:\/\/www.scoop.it\/t\/atalaia-educativa\/?tag=Scratch\" target=\"_blank\" rel=\"noopener\"><span style=\"font-size: 14px;\"><span style=\"font-family: verdana,geneva,sans-serif;\">Recull sobre Scracht Scoop-it del CRP de Badalona<\/span><\/span><\/a><\/li>\n<\/ul>\n<\/td>\n<\/tr>\n<tr>\n<td style=\"background-color: #66ff33; text-align: left; vertical-align: top; width: 300px;\"><span style=\"font-family: verdana,geneva,sans-serif;\"><span style=\"font-size: 14px;\"><strong>Propostes did\u00e0ctiques:<\/strong><br \/>\n<a href=\"https:\/\/docs.google.com\/a\/xtec.cat\/forms\/d\/1uOGYed7EyD8zVRBdjBzANMDC7adw1kDS2jfrP-HfRjE\/viewform\" target=\"_blank\" rel=\"noopener\"><span style=\"color: #ffffff;\"><em>Envia&#8217;ns les teves propostes de treball<\/em><\/span><\/a><\/span><\/span><\/td>\n<td style=\"background-color: #66ff33; text-align: left; vertical-align: top;\"><strong><span style=\"font-size: 14px;\"><span style=\"font-family: verdana,geneva,sans-serif;\">Mirem qu\u00e8 fan els centres?<\/span><\/span><\/strong><\/td>\n<\/tr>\n<tr>\n<td style=\"text-align: left; vertical-align: top; width: 300px;\">\n<ul>\n<li><a href=\"http:\/\/aprendiendoscratch.org\/\" target=\"_blank\" rel=\"noopener\"><span style=\"font-size: 14px;\"><span style=\"font-family: verdana,geneva,sans-serif;\">Aprendiendo Scratch (videotutorials amb activitats)<\/span><\/span><\/a><\/li>\n<li><a href=\"http:\/\/www.eduteka.org\/pdfdir\/AlgoritmosProgramacionCuaderno1.pdf\" target=\"_blank\" rel=\"noopener\"><span style=\"font-size: 14px;\"><span style=\"font-family: verdana,geneva,sans-serif;\">Programaci\u00f3n con Scratch Eduteka<\/span><\/span><\/a><\/li>\n<li><a href=\"http:\/\/www.eduteka.org\/modulos\/9\/281\/2079\/1\" target=\"_blank\" rel=\"noopener\"><span style=\"font-size: 14px;\"><span style=\"font-family: verdana,geneva,sans-serif;\">Retos cortos de programaci\u00f3n Eduteka<\/span><\/span><\/a><\/li>\n<li><a href=\"http:\/\/www.eduteka.org\/modulos\/9\/281\/2131\/1\" target=\"_blank\" rel=\"noopener\"><span style=\"font-size: 14px;\"><span style=\"font-family: verdana,geneva,sans-serif;\">10 actividades cortas para aprender Scratch Eduteka<\/span><\/span><\/a><\/li>\n<li><span style=\"font-size: 14px;\"><span style=\"font-family: verdana,geneva,sans-serif;\"><a href=\"http:\/\/scratch.ie\/primary\/lessonplans\" target=\"_blank\" rel=\"noopener\">Primary Lesson Plans &#8211; Scratch.ie<\/a> (angl\u00e8s)<\/span><\/span><\/li>\n<\/ul>\n<\/td>\n<td style=\"text-align: left; vertical-align: top;\">\n<ul>\n<li><span style=\"font-size: 14px;\"><span style=\"font-family: verdana,geneva,sans-serif;\"><a href=\"http:\/\/www.edu365.cat\/imagina\/programes\/videojocs_scratch\/\" target=\"_blank\" rel=\"noopener\">Taller de videojocs amb Scratch (Escola Projecte &#8211; Barcelona)<\/a><\/span><\/span><\/li>\n<li><a href=\"https:\/\/sites.google.com\/a\/collaso.net\/programem\/home\" target=\"_blank\" rel=\"noopener\"><span style=\"font-size: 14px;\"><span style=\"font-family: verdana,geneva,sans-serif;\">Programem per infantil i inicial (Escola Collaso i Gil &#8211; Barcelona)<\/span><\/span><\/a><\/li>\n<li><a href=\"http:\/\/www.edu3.cat\/Edu3tv\/Fitxa?p_id=59567\" target=\"_blank\" rel=\"noopener\"><span style=\"font-size: 14px;\"><span style=\"font-family: verdana,geneva,sans-serif;\">Scratch, narracions interactives (Escola Projecte &#8211; Barcelona)<\/span><\/span><\/a><span style=\"font-family: verdana,geneva,sans-serif;\"><span style=\"font-size: 14px;\">\u00a0(v\u00eddeo)<\/span><\/span><\/li>\n<li><a href=\"http:\/\/www.codemads.com\/author\/frank\/\" target=\"_blank\" rel=\"noopener\"><span style=\"font-size: 14px;\"><span style=\"font-family: verdana,geneva,sans-serif;\">Com fer &#8230; amb Scratch 2.0 en menys de 5 minuts &#8211; CodeMads (Frank Sabat\u00e9)<\/span><\/span><\/a><\/li>\n<li><a href=\"http:\/\/scratchcatala.com\/divulgacio\/mapa-de-les-escoles-scratch-de-catalunya\/\" target=\"_blank\" rel=\"noopener\"><span style=\"font-size: 14px;\"><span style=\"font-family: verdana,geneva,sans-serif;\">Mapa de les escoles Scratch de Catalunya<\/span><\/span><\/a><\/li>\n<li><span style=\"font-size: 14px;\"><span style=\"font-family: verdana,geneva,sans-serif;\"><a href=\"http:\/\/lbartron.wix.com\/scratchimatematiques\" target=\"_blank\" rel=\"noopener\">Scratch i matem\u00e0tiques<\/a>. (E<\/span><\/span><span style=\"color: #373737; font-family: helvetica neue,helvetica,arial,sans-serif; font-size: 15px;\">scola Dalmau Carles de Girona)<\/span><\/li>\n<li>\u00a0<\/li>\n<\/ul>\n<\/td>\n<\/tr>\n<tr>\n<td style=\"background-color: #66ff33; text-align: left; vertical-align: top;\" colspan=\"2\"><strong><span style=\"font-family: verdana,geneva,sans-serif;\"><span style=\"font-size: 14px;\">Qu\u00e8 fem a Badalona amb Scratch<\/span><\/span><\/strong><\/td>\n<\/tr>\n<tr>\n<td style=\"text-align: left; vertical-align: top;\" colspan=\"2\">\u00a0<\/td>\n<\/tr>\n<\/tbody>\n<\/table>\n<p>&nbsp;<\/p>\n","protected":false},"excerpt":{"rendered":"<p>Scratch Prop\u00f2sit: Iniciar els nens i les nenes en el m\u00f3n de la programaci\u00f3 Pensat inicialment per a nois i [&hellip;]<\/p>\n","protected":false},"author":9,"featured_media":0,"parent":2804,"menu_order":0,"comment_status":"closed","ping_status":"closed","template":"","meta":{"_bbp_topic_count":0,"_bbp_reply_count":0,"_bbp_total_topic_count":0,"_bbp_total_reply_count":0,"_bbp_voice_count":0,"_bbp_anonymous_reply_count":0,"_bbp_topic_count_hidden":0,"_bbp_reply_count_hidden":0,"_bbp_forum_subforum_count":0,"site-sidebar-layout":"default","site-content-layout":"","ast-site-content-layout":"default","site-content-style":"default","site-sidebar-style":"default","ast-global-header-display":"","ast-banner-title-visibility":"","ast-main-header-display":"","ast-hfb-above-header-display":"","ast-hfb-below-header-display":"","ast-hfb-mobile-header-display":"","site-post-title":"","ast-breadcrumbs-content":"","ast-featured-img":"","footer-sml-layout":"","theme-transparent-header-meta":"default","adv-header-id-meta":"","stick-header-meta":"","header-above-stick-meta":"","header-main-stick-meta":"","header-below-stick-meta":"","astra-migrate-meta-layouts":"set","ast-page-background-enabled":"default","ast-page-background-meta":{"desktop":{"background-color":"var(--ast-global-color-4)","background-image":"","background-repeat":"repeat","background-position":"center center","background-size":"auto","background-attachment":"scroll","background-type":"","background-media":"","overlay-type":"","overlay-color":"","overlay-opacity":"","overlay-gradient":""},"tablet":{"background-color":"","background-image":"","background-repeat":"repeat","background-position":"center center","background-size":"auto","background-attachment":"scroll","background-type":"","background-media":"","overlay-type":"","overlay-color":"","overlay-opacity":"","overlay-gradient":""},"mobile":{"background-color":"","background-image":"","background-repeat":"repeat","background-position":"center center","background-size":"auto","background-attachment":"scroll","background-type":"","background-media":"","overlay-type":"","overlay-color":"","overlay-opacity":"","overlay-gradient":""}},"ast-content-background-meta":{"desktop":{"background-color":"var(--ast-global-color-5)","background-image":"","background-repeat":"repeat","background-position":"center center","background-size":"auto","background-attachment":"scroll","background-type":"","background-media":"","overlay-type":"","overlay-color":"","overlay-opacity":"","overlay-gradient":""},"tablet":{"background-color":"var(--ast-global-color-5)","background-image":"","background-repeat":"repeat","background-position":"center center","background-size":"auto","background-attachment":"scroll","background-type":"","background-media":"","overlay-type":"","overlay-color":"","overlay-opacity":"","overlay-gradient":""},"mobile":{"background-color":"var(--ast-global-color-5)","background-image":"","background-repeat":"repeat","background-position":"center center","background-size":"auto","background-attachment":"scroll","background-type":"","background-media":"","overlay-type":"","overlay-color":"","overlay-opacity":"","overlay-gradient":""}},"footnotes":""},"class_list":["post-5600","page","type-page","status-publish","hentry"],"post_mailing_queue_ids":[],"_links":{"self":[{"href":"https:\/\/serveiseducatius.xtec.cat\/badalona\/wp-json\/wp\/v2\/pages\/5600","targetHints":{"allow":["GET"]}}],"collection":[{"href":"https:\/\/serveiseducatius.xtec.cat\/badalona\/wp-json\/wp\/v2\/pages"}],"about":[{"href":"https:\/\/serveiseducatius.xtec.cat\/badalona\/wp-json\/wp\/v2\/types\/page"}],"author":[{"embeddable":true,"href":"https:\/\/serveiseducatius.xtec.cat\/badalona\/wp-json\/wp\/v2\/users\/9"}],"replies":[{"embeddable":true,"href":"https:\/\/serveiseducatius.xtec.cat\/badalona\/wp-json\/wp\/v2\/comments?post=5600"}],"version-history":[{"count":5,"href":"https:\/\/serveiseducatius.xtec.cat\/badalona\/wp-json\/wp\/v2\/pages\/5600\/revisions"}],"predecessor-version":[{"id":25796,"href":"https:\/\/serveiseducatius.xtec.cat\/badalona\/wp-json\/wp\/v2\/pages\/5600\/revisions\/25796"}],"up":[{"embeddable":true,"href":"https:\/\/serveiseducatius.xtec.cat\/badalona\/wp-json\/wp\/v2\/pages\/2804"}],"wp:attachment":[{"href":"https:\/\/serveiseducatius.xtec.cat\/badalona\/wp-json\/wp\/v2\/media?parent=5600"}],"curies":[{"name":"wp","href":"https:\/\/api.w.org\/{rel}","templated":true}]}}