{"id":5598,"date":"2016-12-14T11:15:43","date_gmt":"2016-12-14T10:15:43","guid":{"rendered":"http:\/\/serveiseducatius.xtec.cat\/badalona\/?page_id=5598"},"modified":"2022-03-07T00:02:30","modified_gmt":"2022-03-06T23:02:30","slug":"lego-wedo-1-0-i-2-0","status":"publish","type":"page","link":"https:\/\/serveiseducatius.xtec.cat\/badalona\/recursos\/robotica-educativa\/lego-wedo-1-0-i-2-0\/","title":{"rendered":"Lego WeDo 1.0 i 2.0"},"content":{"rendered":"<p>&nbsp;<\/p>\n<table style=\"width: 100%;\" border=\"0\">\n<tbody>\n<tr>\n<td style=\"background-color: #ff0000; text-align: left; vertical-align: top;\"><strong><a name=\"wedo\"><\/a><\/strong><span style=\"font-size: 20px;\"><strong><span style=\"font-family: verdana,geneva,sans-serif;\">Lego WeDo 1.0\u00a0i 2.0<\/span><\/strong><\/span><\/td>\n<td style=\"background-color: #ff0000; text-align: left; vertical-align: top;\"><strong><span style=\"font-family: verdana,geneva,sans-serif;\"><span style=\"font-size: 14px;\">Prop\u00f2sit: <\/span><\/span><\/strong><span style=\"font-family: verdana,geneva,sans-serif;\"><span style=\"font-size: 14px;\">Aprendre rob\u00f2tica tot construint els seus propis models<\/span><\/span><\/td>\n<\/tr>\n<tr>\n<td style=\"text-align: left; vertical-align: top;\"><iframe loading=\"lazy\" src=\"https:\/\/www.youtube.com\/embed\/DRWY7tOoOAk?rel=0\" width=\"400\" height=\"252\" frameborder=\"0\" allowfullscreen=\"allowfullscreen\"><\/iframe><\/td>\n<td style=\"text-align: left; vertical-align: top;\">\n<ul>\n<li><span style=\"font-family: verdana,geneva,sans-serif;\"><span style=\"font-size: 14px;\">Permet la construcci\u00f3 de models LEGO senzills, ja siguin de creaci\u00f3 lliure o seguint uns models existents<\/span><\/span><\/li>\n<li><span style=\"font-family: verdana,geneva,sans-serif;\"><span style=\"font-size: 14px;\">Material incl\u00f2s a la caixa:<\/span><\/span>\n<ul>\n<li><span style=\"font-family: verdana,geneva,sans-serif;\"><span style=\"font-size: 14px;\">Peces de construcci\u00f3<\/span><\/span><\/li>\n<li><span style=\"font-family: verdana,geneva,sans-serif;\"><span style=\"font-size: 14px;\">Motor, sensor de moviment i sensor d&#8217;inclinaci\u00f3<\/span><\/span><\/li>\n<li><span style=\"font-family: verdana,geneva,sans-serif;\"><span style=\"font-size: 14px;\">Hub USB de LEGO o Hub Bluetooth (segons kit)<\/span><\/span><\/li>\n<\/ul>\n<\/li>\n<li><span style=\"font-family: verdana,geneva,sans-serif;\"><span style=\"font-size: 14px;\">Fomenta la comunicaci\u00f3 i el treball col\u00b7laboratiu i cooperatiu<\/span><\/span><\/li>\n<li><span style=\"font-family: verdana,geneva,sans-serif;\"><span style=\"font-size: 14px;\">Permet treballar continguts curriculars de Ci\u00e8ncia i tecnologia, Matem\u00e0tiques i Llengua<\/span><\/span><\/li>\n<\/ul>\n<\/td>\n<\/tr>\n<tr>\n<td style=\"background-color: #ff0000; text-align: left; vertical-align: top;\"><strong><span style=\"font-family: verdana,geneva,sans-serif;\"><span style=\"font-size: 14px;\">Guies d&#8217;usuari i tutorials:<\/span><\/span><\/strong><\/td>\n<td style=\"background-color: #ff0000; text-align: left; vertical-align: top;\"><span style=\"font-family: verdana,geneva,sans-serif;\"><strong><span style=\"font-size: 14px;\">Recursos diversos:<\/span><\/strong><\/span><\/td>\n<\/tr>\n<tr>\n<td style=\"text-align: left; vertical-align: top;\">\n<ul>\n<li><span style=\"font-size: 14px;\"><span style=\"font-family: verdana,geneva,sans-serif;\"><a href=\"http:\/\/manager.ro-botica.com\/uploads\/productos\/ITEM_4730_DOCPROD.pdf\" target=\"_blank\" rel=\"noopener noreferrer\">Guia r\u00e1pida Lego Education WeDo<\/a><\/span><\/span><\/li>\n<li><a href=\"https:\/\/www.youtube.com\/watch?v=DRWY7tOoOAk&amp;index=5&amp;list=PLm4fjeaKIaysm7Ni4sivJuL9VriNViZjK\" target=\"_blank\" rel=\"noopener noreferrer\">&#8220;Unboxing&#8221; el Lego WeDo 2.0 del CRP<\/a><\/li>\n<li><span style=\"font-size: 14px;\"><span style=\"font-family: verdana,geneva,sans-serif;\"><a href=\"https:\/\/c10645061.ssl.cf2.rackcdn.com\/resources\/wedo%20user's%20guide.pdf\" target=\"_blank\" rel=\"noopener noreferrer\">Lego WeDo User&#8217;s Guide<\/a> (angl\u00e8s)<\/span><\/span><\/li>\n<li><span style=\"font-size: 14px;\"><span style=\"font-family: verdana,geneva,sans-serif;\"><a href=\"https:\/\/education.lego.com\/en-us\/lesi\/support\/product-support\/wedo\/wedo-base-set-9580\/building-instructions\" target=\"_blank\" rel=\"noopener noreferrer\">WeDo building instructions<\/a><\/span><\/span><\/li>\n<li><a href=\"https:\/\/fhpaaip.files.wordpress.com\/2011\/09\/uso-de-robotica-educativa-wedo.pdf\" target=\"_blank\" rel=\"noopener noreferrer\"><span style=\"font-size: 14px;\"><span style=\"font-family: verdana,geneva,sans-serif;\">WeDo. Rob\u00f3tica educativa para el nivel primario<\/span><\/span><\/a><\/li>\n<\/ul>\n<\/td>\n<td style=\"text-align: left; vertical-align: top;\">\n<ul>\n<li><a href=\"http:\/\/www.firstlegoleague.es\/index.php\/ca\/jrfll\/que-es-jrfll\" target=\"_blank\" rel=\"noopener noreferrer\"><span style=\"font-size: 14px;\"><span style=\"font-family: verdana,geneva,sans-serif;\">J\u00fanior First Lego League (JrFLL)<\/span><\/span><\/a><\/li>\n<li><span style=\"font-size: 14px;\"><span style=\"font-family: verdana,geneva,sans-serif;\"><a href=\"http:\/\/www.wedobots.com\/\" target=\"_blank\" rel=\"noopener noreferrer\">Wedobots<\/a>\u00a0(angl\u00e8s)<\/span><\/span><\/li>\n<li><span style=\"font-family: verdana,geneva,sans-serif;\"><a href=\"https:\/\/drive.google.com\/a\/xtec.cat\/folderview?id=0B2I9hplbYLw9X284VlBpWmVzZEU&amp;usp=sharing\" target=\"_blank\" rel=\"noopener noreferrer\"><span style=\"font-size: 14px;\">Fitxers pdf dels models (per separat) WeDo 1.x<\/span><\/a><\/span><\/li>\n<li><a href=\"https:\/\/education.lego.com\/en-us\/support\/wedo-2\/building-instructions\" target=\"_blank\" rel=\"noopener noreferrer\">Fitxers pdf dels models (per separat) WeDo 2.0<\/a><\/li>\n<li><a href=\"http:\/\/www.legoengineering.com\/wedo-activities-and-building-projects\/\" target=\"_blank\" rel=\"noopener noreferrer\"><span style=\"font-size: 14px;\">Conjunt d&#8217;activitats extretes del bloc Legoengineering.com<\/span><\/a><\/li>\n<\/ul>\n<\/td>\n<\/tr>\n<tr>\n<td style=\"background-color: #ff0000; text-align: left; vertical-align: top;\"><span style=\"font-size: 14px;\"><span style=\"font-family: verdana,geneva,sans-serif;\"><strong>Propostes did\u00e0ctiques:<\/strong><\/span><br \/>\n<a href=\"https:\/\/docs.google.com\/forms\/d\/e\/1FAIpQLSfm2NY-DszzvtfACjMjwia48Lai7p5-_Xu0IGxYs2noFvMIVA\/viewform\" target=\"_blank\" rel=\"noopener\"><span style=\"color: #ffffff; font-family: verdana, geneva, sans-serif;\"><i>Envia&#8217;ns les teves propostes de treball<\/i><\/span><\/a><\/span><\/td>\n<td style=\"background-color: #ff0000; text-align: left; vertical-align: top;\"><span style=\"font-family: verdana,geneva,sans-serif;\"><strong><span style=\"font-size: 14px;\">Mirem qu\u00e8 fan els centres?<\/span><\/strong><\/span><\/td>\n<\/tr>\n<tr>\n<td style=\"text-align: left; vertical-align: top;\">\n<ul>\n<li><a href=\"http:\/\/es.slideshare.net\/crtarguedas\/actividades-lego-programacion-wedo\" target=\"_blank\" rel=\"noopener noreferrer\"><span style=\"font-size: 14px;\"><span style=\"font-family: verdana,geneva,sans-serif;\">Actividades Lego WeDo (CRT Arguedas Previ Callao)<\/span><\/span><\/a><\/li>\n<li><span style=\"font-family: verdana,geneva,sans-serif;\"><a href=\"http:\/\/es.slideshare.net\/dalguerri\/wedo-clase-1-24037992\" target=\"_blank\" rel=\"noopener noreferrer\"><span style=\"font-size: 14px;\">Rob\u00f3tica Educativa WeDo. Sesi\u00f3n 1 (S.Rojas, J.C.Barreto)<\/span><\/a><\/span><\/li>\n<li><a href=\"http:\/\/es.slideshare.net\/dalguerri\/wedo-clase-23\" target=\"_blank\" rel=\"noopener noreferrer\"><span style=\"font-family: verdana,geneva,sans-serif;\"><span style=\"font-size: 14px;\">Rob\u00f3tica Educativa WeDo. Sesiones 2-3 (S.Rojas, J.C.Barreto)<\/span><\/span><\/a><\/li>\n<li><a href=\"http:\/\/es.slideshare.net\/dalguerri\/wedo-clase-4y5\" target=\"_blank\" rel=\"noopener noreferrer\"><span style=\"font-family: verdana,geneva,sans-serif;\"><span style=\"font-size: 14px;\">Rob\u00f3tica Educativa WeDo. Sesiones 4-5 (S.Rojas, J.C.Barreto)<\/span><\/span><\/a><\/li>\n<li><a href=\"http:\/\/es.slideshare.net\/dalguerri\/wedo-clase-6y7\" target=\"_blank\" rel=\"noopener noreferrer\"><span style=\"font-family: verdana,geneva,sans-serif;\"><span style=\"font-size: 14px;\">Rob\u00f3tica Educativa WeDo. Sesiones 6-7 (S.Rojas, J.C.Barreto)<\/span><\/span><\/a><\/li>\n<\/ul>\n<\/td>\n<td style=\"text-align: left; vertical-align: top;\">\n<ul>\n<li><a href=\"https:\/\/www.youtube.com\/watch?v=LnSHI7pFQWs&amp;feature=youtu.be\" target=\"_blank\" rel=\"noopener noreferrer\"><span style=\"font-size: 14px;\"><span style=\"font-family: verdana,geneva,sans-serif;\">Inventem un conte d&#8217;animals (Escola \u00c0ngel Guimer\u00e0 &#8211; CRP de La Noguera)<\/span><\/span><\/a><\/li>\n<li><a href=\"https:\/\/vimeo.com\/94981185\" target=\"_blank\" rel=\"noopener noreferrer\"><span style=\"font-size: 14px;\"><span style=\"font-family: verdana,geneva,sans-serif;\">Programant amb Lego WeDo (Escola Bar\u00f3 de Viver &#8211; Barcelona)<\/span><\/span><\/a><\/li>\n<li><span style=\"font-size: 14px;\"><span style=\"font-family: verdana,geneva,sans-serif;\"><a href=\"http:\/\/blogep.daina-isard.cat\/?p=12359\" target=\"_blank\" rel=\"noopener noreferrer\">Projecte WeDo Escola Daina-Isard 1a part<\/a>\u00a0i\u00a0<a href=\"http:\/\/blogep.daina-isard.cat\/?p=12361\" target=\"_blank\" rel=\"noopener noreferrer\">2a part<\/a>)<\/span><\/span><\/li>\n<li><a href=\"https:\/\/www.youtube.com\/watch?v=2Jl0xi5T_V0\" target=\"_blank\" rel=\"noopener noreferrer\"><span style=\"font-size: 14px;\"><span style=\"font-family: verdana,geneva,sans-serif;\">Aprenem a fer servir el WeDo (Escola Vedruna de Tona)<\/span><\/span><\/a><\/li>\n<\/ul>\n<\/td>\n<\/tr>\n<tr>\n<td style=\"background-color: #ff0000; text-align: left; vertical-align: top;\" colspan=\"2\"><strong><span style=\"font-family: verdana,geneva,sans-serif;\"><span style=\"font-size: 14px;\">Qu\u00e8 fem a Badalona amb lego WeDo<\/span><\/span><\/strong><\/td>\n<\/tr>\n<tr>\n<td style=\"text-align: left; vertical-align: top;\" colspan=\"2\">\u00a0<\/td>\n<\/tr>\n<\/tbody>\n<\/table>\n<p>&nbsp;<\/p>\n","protected":false},"excerpt":{"rendered":"<p>&nbsp; Lego WeDo 1.0\u00a0i 2.0 Prop\u00f2sit: Aprendre rob\u00f2tica tot construint els seus propis models Permet la construcci\u00f3 de models LEGO [&hellip;]<\/p>\n","protected":false},"author":9,"featured_media":0,"parent":2804,"menu_order":0,"comment_status":"closed","ping_status":"closed","template":"","meta":{"_bbp_topic_count":0,"_bbp_reply_count":0,"_bbp_total_topic_count":0,"_bbp_total_reply_count":0,"_bbp_voice_count":0,"_bbp_anonymous_reply_count":0,"_bbp_topic_count_hidden":0,"_bbp_reply_count_hidden":0,"_bbp_forum_subforum_count":0,"site-sidebar-layout":"default","site-content-layout":"","ast-site-content-layout":"","site-content-style":"default","site-sidebar-style":"default","ast-global-header-display":"","ast-banner-title-visibility":"","ast-main-header-display":"","ast-hfb-above-header-display":"","ast-hfb-below-header-display":"","ast-hfb-mobile-header-display":"","site-post-title":"","ast-breadcrumbs-content":"","ast-featured-img":"","footer-sml-layout":"","theme-transparent-header-meta":"","adv-header-id-meta":"","stick-header-meta":"","header-above-stick-meta":"","header-main-stick-meta":"","header-below-stick-meta":"","astra-migrate-meta-layouts":"default","ast-page-background-enabled":"default","ast-page-background-meta":{"desktop":{"background-color":"var(--ast-global-color-4)","background-image":"","background-repeat":"repeat","background-position":"center center","background-size":"auto","background-attachment":"scroll","background-type":"","background-media":"","overlay-type":"","overlay-color":"","overlay-opacity":"","overlay-gradient":""},"tablet":{"background-color":"","background-image":"","background-repeat":"repeat","background-position":"center center","background-size":"auto","background-attachment":"scroll","background-type":"","background-media":"","overlay-type":"","overlay-color":"","overlay-opacity":"","overlay-gradient":""},"mobile":{"background-color":"","background-image":"","background-repeat":"repeat","background-position":"center center","background-size":"auto","background-attachment":"scroll","background-type":"","background-media":"","overlay-type":"","overlay-color":"","overlay-opacity":"","overlay-gradient":""}},"ast-content-background-meta":{"desktop":{"background-color":"var(--ast-global-color-5)","background-image":"","background-repeat":"repeat","background-position":"center center","background-size":"auto","background-attachment":"scroll","background-type":"","background-media":"","overlay-type":"","overlay-color":"","overlay-opacity":"","overlay-gradient":""},"tablet":{"background-color":"var(--ast-global-color-5)","background-image":"","background-repeat":"repeat","background-position":"center center","background-size":"auto","background-attachment":"scroll","background-type":"","background-media":"","overlay-type":"","overlay-color":"","overlay-opacity":"","overlay-gradient":""},"mobile":{"background-color":"var(--ast-global-color-5)","background-image":"","background-repeat":"repeat","background-position":"center center","background-size":"auto","background-attachment":"scroll","background-type":"","background-media":"","overlay-type":"","overlay-color":"","overlay-opacity":"","overlay-gradient":""}},"footnotes":""},"class_list":["post-5598","page","type-page","status-publish","hentry"],"post_mailing_queue_ids":[],"_links":{"self":[{"href":"https:\/\/serveiseducatius.xtec.cat\/badalona\/wp-json\/wp\/v2\/pages\/5598","targetHints":{"allow":["GET"]}}],"collection":[{"href":"https:\/\/serveiseducatius.xtec.cat\/badalona\/wp-json\/wp\/v2\/pages"}],"about":[{"href":"https:\/\/serveiseducatius.xtec.cat\/badalona\/wp-json\/wp\/v2\/types\/page"}],"author":[{"embeddable":true,"href":"https:\/\/serveiseducatius.xtec.cat\/badalona\/wp-json\/wp\/v2\/users\/9"}],"replies":[{"embeddable":true,"href":"https:\/\/serveiseducatius.xtec.cat\/badalona\/wp-json\/wp\/v2\/comments?post=5598"}],"version-history":[{"count":3,"href":"https:\/\/serveiseducatius.xtec.cat\/badalona\/wp-json\/wp\/v2\/pages\/5598\/revisions"}],"predecessor-version":[{"id":17807,"href":"https:\/\/serveiseducatius.xtec.cat\/badalona\/wp-json\/wp\/v2\/pages\/5598\/revisions\/17807"}],"up":[{"embeddable":true,"href":"https:\/\/serveiseducatius.xtec.cat\/badalona\/wp-json\/wp\/v2\/pages\/2804"}],"wp:attachment":[{"href":"https:\/\/serveiseducatius.xtec.cat\/badalona\/wp-json\/wp\/v2\/media?parent=5598"}],"curies":[{"name":"wp","href":"https:\/\/api.w.org\/{rel}","templated":true}]}}