{"id":5594,"date":"2016-12-14T11:11:21","date_gmt":"2016-12-14T10:11:21","guid":{"rendered":"http:\/\/serveiseducatius.xtec.cat\/badalona\/?page_id=5594"},"modified":"2022-03-06T23:44:46","modified_gmt":"2022-03-06T22:44:46","slug":"pro-bot-el-cotxe-que-dibuixa","status":"publish","type":"page","link":"https:\/\/serveiseducatius.xtec.cat\/badalona\/recursos\/robotica-educativa\/pro-bot-el-cotxe-que-dibuixa\/","title":{"rendered":"Pro-bot, el cotxe que dibuixa"},"content":{"rendered":"<table style=\"width: 100%;\" border=\"0\">\n<tbody>\n<tr>\n<td style=\"background-color: #ffff00; text-align: left; vertical-align: top;\"><strong><a name=\"probot\"><\/a><\/strong><span style=\"font-size: 14px;\"><strong><span style=\"font-family: verdana,geneva,sans-serif;\"><span style=\"font-size: 20px;\">Pro-bot<\/span><\/span><\/strong><\/span><\/td>\n<td style=\"background-color: #ffff00; text-align: left; vertical-align: top;\"><span style=\"font-family: verdana,geneva,sans-serif;\"><span style=\"font-size: 14px;\"><strong>Prop\u00f2sit:<\/strong>\u00a0Germ\u00e0 gran del Bee-bot, ofereix t\u00e8cniques m\u00e9s avan\u00e7ades de programaci\u00f3<\/span><\/span><\/td>\n<\/tr>\n<tr>\n<td><span style=\"font-size: 14px;\"><img decoding=\"async\" style=\"width: 200px;\" src=\"https:\/\/lh4.googleusercontent.com\/-IBrGQaDXtc4\/VNtzmRTDz3I\/AAAAAAAACOk\/RIWFZO1QoRM\/s640\/probotweb.jpg\" \/><\/span><\/td>\n<td style=\"vertical-align: top;\">\n<ul>\n<li><span style=\"font-family: verdana,geneva,sans-serif;\"><span style=\"font-size: 14px;\">Robot educatiu adre\u00e7at a nens i nenes de 7\u00a0a 12\u00a0anys.<\/span><\/span><\/li>\n<li><span style=\"font-family: verdana,geneva,sans-serif;\"><span style=\"font-size: 14px;\">Programable endavant, enrere, gir dreta, gir esquerra, pausa.<\/span><\/span><\/li>\n<li><span style=\"font-family: verdana,geneva,sans-serif;\"><span style=\"font-size: 14px;\">Avan\u00e7a per cent\u00edmetres i en els girs podem indicar els graus.<\/span><\/span><\/li>\n<li><span style=\"font-family: verdana,geneva,sans-serif;\"><span style=\"font-size: 14px;\">Permet programat repetici\u00f3 de funcions.<\/span><\/span><\/li>\n<li><span style=\"font-family: verdana,geneva,sans-serif;\"><span style=\"font-size: 14px;\">Se li pot incorporar un llapis per dibuixar.<\/span><\/span><\/li>\n<li><span style=\"font-family: verdana,geneva,sans-serif;\"><span style=\"font-size: 14px;\">Es pot adquirir un programa per programar-lo des de l&#8217;ordinador.<\/span><\/span><\/li>\n<\/ul>\n<\/td>\n<\/tr>\n<tr>\n<td style=\"background-color: #ffff00;\"><span style=\"font-family: verdana,geneva,sans-serif;\"><strong><span style=\"font-size: 14px;\">Guies d&#8217;usuari i tutorials:<\/span><\/strong><\/span><\/td>\n<td style=\"background-color: #ffff00;\"><strong><span style=\"font-family: verdana,geneva,sans-serif;\"><span style=\"font-size: 14px;\">Recursos diversos:<\/span><\/span><\/strong><\/td>\n<\/tr>\n<tr>\n<td style=\"text-align: left; vertical-align: top;\">\n<ul>\n<li><a href=\"https:\/\/serveiseducatius.xtec.cat\/tarragones\/wp-content\/uploads\/usu549\/2017\/12\/robotica_pro-bot_manual-4.pdf\" target=\"_blank\" rel=\"noopener\">Manual usuari<\/a><\/li>\n<li><a href=\"https:\/\/drive.google.com\/open?id=1F6DG1NMJcZheD4UXV8wYa1Bj96xh6Z_y\" target=\"_blank\" rel=\"noopener\">Guia usuari en catal\u00e0<\/a><\/li>\n<li><span style=\"font-family: verdana,geneva,sans-serif;\"><span style=\"font-size: 14px;\"><a href=\"https:\/\/www.youtube.com\/watch?v=vq1B4ouTEuw\" target=\"_blank\" rel=\"noopener\">V\u00eddeo tutorial explicat per nens<\/a>\u00a0<\/span><\/span><span style=\"font-family: verdana,geneva,sans-serif; font-size: 14px;\">\u00a0(angl\u00e8s)<\/span><\/li>\n<li><a href=\"http:\/\/xavierrosell.blogspot.com.es\/2014\/05\/el-pro-bot-un-nou-recurs-de-robotica.html\" target=\"_blank\" rel=\"noopener\"><span style=\"font-size: 14px;\"><span style=\"font-family: verdana,geneva,sans-serif;\">El Pro-bot, un nou recurs de rob\u00f2tica educativa (Xavier Rosell)<\/span><\/span><\/a><\/li>\n<li><span style=\"font-family: verdana,geneva,sans-serif;\"><span style=\"font-size: 14px;\"><a href=\"http:\/\/xavierrosell.blogspot.com.es\/2014\/05\/presentacio-del-pro-bot-al-seminari-tac.html\" target=\"_blank\" rel=\"noopener\">Presentaci\u00f3 de Probot al seminari TAC (Xavier Rosell)<\/a><\/span><\/span><\/li>\n<li><a href=\"http:\/\/ro-botica.com\/Producto\/PRO-BOT\/\" target=\"_blank\" rel=\"noopener\">Ro-botica<\/a><\/li>\n<\/ul>\n<\/td>\n<td style=\"text-align: left; vertical-align: top;\">\n<ul>\n<li><span style=\"font-family: verdana,geneva,sans-serif;\"><span style=\"font-size: 14px;\"><a href=\"https:\/\/www.youtube.com\/watch?v=i6IW-uVlBkY\" target=\"_blank\" rel=\"noopener\">Dibuixar un triangle equil\u00e0ter amb Pro-Bot<\/a><\/span><\/span><\/li>\n<li><span style=\"font-family: verdana,geneva,sans-serif;\"><span style=\"font-size: 14px;\"><a href=\"https:\/\/drive.google.com\/open?id=1-VigRVC9QgJ1t0_LVrnlwjMMYPC-a_Vd\" target=\"_blank\" rel=\"noopener\">Pro-bot Activity Guide<\/a>\u00a0<\/span><\/span><span style=\"font-family: verdana,geneva,sans-serif; font-size: 14px;\">\u00a0(angl\u00e8s)<\/span><\/li>\n<li><a href=\"https:\/\/drive.google.com\/open?id=1vyrVxrb4ALGUz8zxoxFdBbLAWkBsQoehmpeMJKm2-rQ\" target=\"_blank\" rel=\"noopener\">Links<\/a><\/li>\n<li><a href=\"https:\/\/drive.google.com\/open?id=1YTKZ9WRvafubVKNoXp4sxBr5Z90nmLId\" target=\"_blank\" rel=\"noopener\">Pro-bot computing guide<\/a><\/li>\n<li><a href=\"https:\/\/drive.google.com\/open?id=12yh5C1IPMlTQMBc0m_kezkZwJD8Bztvg\" target=\"_blank\" rel=\"noopener\">Guia rapida para manejarse con Pro-bot (amb exemples)<\/a><\/li>\n<\/ul>\n<\/td>\n<\/tr>\n<tr>\n<td style=\"background-color: #ffff00;\"><strong><span style=\"font-size: 14px;\"><span style=\"font-family: verdana,geneva,sans-serif;\">Propostes did\u00e0ctiques:<\/span> <\/span><\/strong><br \/>\n<a href=\"https:\/\/docs.google.com\/forms\/d\/e\/1FAIpQLSepIpGjiGOWHDXHYnP8fxlbzKPE6V8Qktjzq21atoKbphwEew\/viewform\" target=\"_blank\" rel=\"noopener\"><span style=\"font-family: verdana, geneva, sans-serif;\"><i>Envia&#8217;ns les teves propostes de treball<\/i><\/span><\/a><\/td>\n<td style=\"background-color: #ffff00;\"><span style=\"font-size: 14px;\"><span style=\"font-family: verdana,geneva,sans-serif;\"><strong>Mirem qu\u00e8 fan els centres?<\/strong><\/span><\/span><\/td>\n<\/tr>\n<tr>\n<td style=\"text-align: left; vertical-align: top;\">\u00a0<\/td>\n<td style=\"text-align: left; vertical-align: top;\">\n<ul>\n<li><span style=\"font-family: verdana,geneva,sans-serif;\"><span style=\"font-size: 14px;\"><a href=\"https:\/\/www.youtube.com\/watch?v=i6IW-uVlBkY\" target=\"_blank\" rel=\"noopener\">P<\/a><a href=\"https:\/\/www.youtube.com\/watch?v=X9WzNrELv2Q\" target=\"_blank\" rel=\"noopener\">ro-Bot a la classe d&#8217;angl\u00e8s (Escola Pere IV)<\/a><\/span><\/span><\/li>\n<li><span style=\"font-family: verdana,geneva,sans-serif;\"><span style=\"font-size: 14px;\"><a href=\"http:\/\/xavierrosell.blogspot.com.es\/2014\/05\/compartim-allo-que-fem-de-robotica.html\" target=\"_blank\" rel=\"noopener\">Compartim all\u00f2 que fem de rob\u00f2tica educativa!<\/a>\u00a0(SSTT Vall\u00e8s Occidental)<\/span><\/span><\/li>\n<\/ul>\n<\/td>\n<\/tr>\n<tr>\n<td style=\"background-color: #ffff00;\" colspan=\"2\"><strong><span style=\"font-family: verdana,geneva,sans-serif;\"><span style=\"font-size: 14px;\">Qu\u00e8 fem a Badalona amb ProBot<\/span><\/span><\/strong><\/td>\n<\/tr>\n<tr>\n<td style=\"text-align: left; vertical-align: top;\" colspan=\"2\">\u00a0<\/td>\n<\/tr>\n<\/tbody>\n<\/table>\n","protected":false},"excerpt":{"rendered":"<p>Pro-bot Prop\u00f2sit:\u00a0Germ\u00e0 gran del Bee-bot, ofereix t\u00e8cniques m\u00e9s avan\u00e7ades de programaci\u00f3 Robot educatiu adre\u00e7at a nens i nenes de 7\u00a0a [&hellip;]<\/p>\n","protected":false},"author":9,"featured_media":0,"parent":2804,"menu_order":0,"comment_status":"closed","ping_status":"closed","template":"","meta":{"_bbp_topic_count":0,"_bbp_reply_count":0,"_bbp_total_topic_count":0,"_bbp_total_reply_count":0,"_bbp_voice_count":0,"_bbp_anonymous_reply_count":0,"_bbp_topic_count_hidden":0,"_bbp_reply_count_hidden":0,"_bbp_forum_subforum_count":0,"site-sidebar-layout":"default","site-content-layout":"","ast-site-content-layout":"","site-content-style":"default","site-sidebar-style":"default","ast-global-header-display":"","ast-banner-title-visibility":"","ast-main-header-display":"","ast-hfb-above-header-display":"","ast-hfb-below-header-display":"","ast-hfb-mobile-header-display":"","site-post-title":"","ast-breadcrumbs-content":"","ast-featured-img":"","footer-sml-layout":"","theme-transparent-header-meta":"","adv-header-id-meta":"","stick-header-meta":"","header-above-stick-meta":"","header-main-stick-meta":"","header-below-stick-meta":"","astra-migrate-meta-layouts":"default","ast-page-background-enabled":"default","ast-page-background-meta":{"desktop":{"background-color":"var(--ast-global-color-4)","background-image":"","background-repeat":"repeat","background-position":"center center","background-size":"auto","background-attachment":"scroll","background-type":"","background-media":"","overlay-type":"","overlay-color":"","overlay-opacity":"","overlay-gradient":""},"tablet":{"background-color":"","background-image":"","background-repeat":"repeat","background-position":"center center","background-size":"auto","background-attachment":"scroll","background-type":"","background-media":"","overlay-type":"","overlay-color":"","overlay-opacity":"","overlay-gradient":""},"mobile":{"background-color":"","background-image":"","background-repeat":"repeat","background-position":"center center","background-size":"auto","background-attachment":"scroll","background-type":"","background-media":"","overlay-type":"","overlay-color":"","overlay-opacity":"","overlay-gradient":""}},"ast-content-background-meta":{"desktop":{"background-color":"var(--ast-global-color-5)","background-image":"","background-repeat":"repeat","background-position":"center center","background-size":"auto","background-attachment":"scroll","background-type":"","background-media":"","overlay-type":"","overlay-color":"","overlay-opacity":"","overlay-gradient":""},"tablet":{"background-color":"var(--ast-global-color-5)","background-image":"","background-repeat":"repeat","background-position":"center center","background-size":"auto","background-attachment":"scroll","background-type":"","background-media":"","overlay-type":"","overlay-color":"","overlay-opacity":"","overlay-gradient":""},"mobile":{"background-color":"var(--ast-global-color-5)","background-image":"","background-repeat":"repeat","background-position":"center center","background-size":"auto","background-attachment":"scroll","background-type":"","background-media":"","overlay-type":"","overlay-color":"","overlay-opacity":"","overlay-gradient":""}},"footnotes":""},"class_list":["post-5594","page","type-page","status-publish","hentry"],"post_mailing_queue_ids":[],"_links":{"self":[{"href":"https:\/\/serveiseducatius.xtec.cat\/badalona\/wp-json\/wp\/v2\/pages\/5594","targetHints":{"allow":["GET"]}}],"collection":[{"href":"https:\/\/serveiseducatius.xtec.cat\/badalona\/wp-json\/wp\/v2\/pages"}],"about":[{"href":"https:\/\/serveiseducatius.xtec.cat\/badalona\/wp-json\/wp\/v2\/types\/page"}],"author":[{"embeddable":true,"href":"https:\/\/serveiseducatius.xtec.cat\/badalona\/wp-json\/wp\/v2\/users\/9"}],"replies":[{"embeddable":true,"href":"https:\/\/serveiseducatius.xtec.cat\/badalona\/wp-json\/wp\/v2\/comments?post=5594"}],"version-history":[{"count":3,"href":"https:\/\/serveiseducatius.xtec.cat\/badalona\/wp-json\/wp\/v2\/pages\/5594\/revisions"}],"predecessor-version":[{"id":17800,"href":"https:\/\/serveiseducatius.xtec.cat\/badalona\/wp-json\/wp\/v2\/pages\/5594\/revisions\/17800"}],"up":[{"embeddable":true,"href":"https:\/\/serveiseducatius.xtec.cat\/badalona\/wp-json\/wp\/v2\/pages\/2804"}],"wp:attachment":[{"href":"https:\/\/serveiseducatius.xtec.cat\/badalona\/wp-json\/wp\/v2\/media?parent=5594"}],"curies":[{"name":"wp","href":"https:\/\/api.w.org\/{rel}","templated":true}]}}