{"id":548,"date":"2015-11-26T18:10:47","date_gmt":"2015-11-26T17:10:47","guid":{"rendered":"http:\/\/serveiseducatius.xtec.cat\/badalona\/?page_id=548"},"modified":"2023-11-21T13:21:23","modified_gmt":"2023-11-21T12:21:23","slug":"zona-formadors","status":"publish","type":"page","link":"https:\/\/serveiseducatius.xtec.cat\/badalona\/activitats\/zona-formadors\/","title":{"rendered":"Zona formadors i formadores"},"content":{"rendered":"<p><img loading=\"lazy\" decoding=\"async\" class=\"wp-image-18694 alignright\" src=\"https:\/\/serveiseducatius.xtec.cat\/badalona\/wp-content\/uploads\/usu1088\/2022\/09\/Formador-de-Formadores.jpg\" alt=\"\" width=\"386\" height=\"217\" srcset=\"https:\/\/serveiseducatius.xtec.cat\/badalona\/wp-content\/uploads\/usu1088\/2022\/09\/Formador-de-Formadores.jpg 1500w, https:\/\/serveiseducatius.xtec.cat\/badalona\/wp-content\/uploads\/usu1088\/2022\/09\/Formador-de-Formadores-300x169.jpg 300w, https:\/\/serveiseducatius.xtec.cat\/badalona\/wp-content\/uploads\/usu1088\/2022\/09\/Formador-de-Formadores-1024x576.jpg 1024w, https:\/\/serveiseducatius.xtec.cat\/badalona\/wp-content\/uploads\/usu1088\/2022\/09\/Formador-de-Formadores-768x432.jpg 768w\" sizes=\"auto, (max-width: 386px) 100vw, 386px\" \/><\/p>\n<p>Primer de tot, us agra\u00efm la vostra col\u00b7laboraci\u00f3 i us desitgem que gaudiu de l&#8217;experi\u00e8ncia com a formadors.<\/p>\n<ul>\n<li><a href=\"http:\/\/serveiseducatius.xtec.cat\/badalona\/zona-formadors\/zona-formadors-tasques-associades\/\" target=\"_blank\" rel=\"noopener noreferrer\">Tasques associades quan una persona accepta un enc\u00e0rrec de formaci\u00f3<\/a> (ordenades cronol\u00f2gicament abans, durant i despr\u00e9s de l&#8217;activitat).<\/li>\n<li><a href=\"https:\/\/serveiseducatius.xtec.cat\/baixllobregat3\/wp-content\/uploads\/usu1182\/2022\/10\/SEBLL3-Guia-Gestio-GTAF.pdf\" target=\"_blank\" rel=\"noopener\">Guia per fer el seguiment de les formacions (CRP Baix Llobregat 3)<\/a>.<\/li>\n<\/ul>\n<p>Aqu\u00ed us deixem tamb\u00e9 un videotutorial:<\/p>\n<p><iframe loading=\"lazy\" src=\"https:\/\/drive.google.com\/file\/d\/1G54xK2UttupPMwMBJIvaWXkEHy1B03kp\/preview\" width=\"580\" height=\"320\" frameborder=\"0\"><span data-mce-type=\"bookmark\" style=\"display: inline-block; width: 0px; overflow: hidden; line-height: 0;\" class=\"mce_SELRES_start\">\ufeff<\/span><\/iframe><\/p>\n<ul>\n<li><a href=\"https:\/\/aplicacions.gestioeducativa.gencat.cat\/pls\/gtaf\/inici\">GTAF<\/a> (programa de gesti\u00f3 i seguiment de la formaci\u00f3 del Departament d&#8217;Educaci\u00f3).<\/li>\n<li><a href=\"https:\/\/serveiseducatius.xtec.cat\/badalona\/?page_id=14437&amp;preview=true\" target=\"_blank\" rel=\"noopener noreferrer\">Documentaci\u00f3 i eines per a la persona formadora en el model basat en l&#8217;aprenentatge reflexiu<\/a>.<\/li>\n<li><a href=\"https:\/\/serveiseducatius.xtec.cat\/baixllobregat7\/signatura-i-certificat-digital\/\" target=\"_blank\" rel=\"noopener\">Signatura digital<\/a><\/li>\n<\/ul>\n<p>Podeu consultar els <strong><a href=\"https:\/\/serveiseducatius.xtec.cat\/badalona\/docs\/pla-de-formacio-de-badalona-documents\" target=\"_blank\" rel=\"noopener noreferrer\">documents de refer\u00e8ncia<\/a><\/strong> que<strong>\u00a0<\/strong>us seran \u00fatils a l&#8217;hora de fer els diferents tr\u00e0mits associats al desenvolupament i el tancament de les activitats de formaci\u00f3.<\/p>\n<p>Des del CRP us podem crear un <a href=\"http:\/\/odissea.xtec.cat\/\" target=\"_blank\" rel=\"noopener noreferrer\">espai a Odissea <\/a>per a l&#8217;activitat que gestioneu, aix\u00ed com una carpeta al DRIVE compartida amb els assistents.<\/p>\n<p>Si ho preferiu, podeu contactar amb el Servei Educatiu de Badalona mitjan\u00e7ant el correu electr\u00f2nic <a href=\"mailto:crp-badalona@xtec.cat\">crp-badalona@xtec.cat<\/a> o trucant al tel\u00e8fon <strong>934602226<\/strong>.<\/p>\n","protected":false},"excerpt":{"rendered":"<p>Primer de tot, us agra\u00efm la vostra col\u00b7laboraci\u00f3 i us desitgem que gaudiu de l&#8217;experi\u00e8ncia com a formadors. Tasques associades [&hellip;]<\/p>\n","protected":false},"author":1,"featured_media":0,"parent":420,"menu_order":30,"comment_status":"closed","ping_status":"closed","template":"page-templates\/side-menu.php","meta":{"_bbp_topic_count":0,"_bbp_reply_count":0,"_bbp_total_topic_count":0,"_bbp_total_reply_count":0,"_bbp_voice_count":0,"_bbp_anonymous_reply_count":0,"_bbp_topic_count_hidden":0,"_bbp_reply_count_hidden":0,"_bbp_forum_subforum_count":0,"site-sidebar-layout":"default","site-content-layout":"","ast-site-content-layout":"","site-content-style":"default","site-sidebar-style":"default","ast-global-header-display":"","ast-banner-title-visibility":"","ast-main-header-display":"","ast-hfb-above-header-display":"","ast-hfb-below-header-display":"","ast-hfb-mobile-header-display":"","site-post-title":"","ast-breadcrumbs-content":"","ast-featured-img":"","footer-sml-layout":"","theme-transparent-header-meta":"","adv-header-id-meta":"","stick-header-meta":"","header-above-stick-meta":"","header-main-stick-meta":"","header-below-stick-meta":"","astra-migrate-meta-layouts":"default","ast-page-background-enabled":"default","ast-page-background-meta":{"desktop":{"background-color":"var(--ast-global-color-4)","background-image":"","background-repeat":"repeat","background-position":"center center","background-size":"auto","background-attachment":"scroll","background-type":"","background-media":"","overlay-type":"","overlay-color":"","overlay-opacity":"","overlay-gradient":""},"tablet":{"background-color":"","background-image":"","background-repeat":"repeat","background-position":"center center","background-size":"auto","background-attachment":"scroll","background-type":"","background-media":"","overlay-type":"","overlay-color":"","overlay-opacity":"","overlay-gradient":""},"mobile":{"background-color":"","background-image":"","background-repeat":"repeat","background-position":"center center","background-size":"auto","background-attachment":"scroll","background-type":"","background-media":"","overlay-type":"","overlay-color":"","overlay-opacity":"","overlay-gradient":""}},"ast-content-background-meta":{"desktop":{"background-color":"var(--ast-global-color-5)","background-image":"","background-repeat":"repeat","background-position":"center center","background-size":"auto","background-attachment":"scroll","background-type":"","background-media":"","overlay-type":"","overlay-color":"","overlay-opacity":"","overlay-gradient":""},"tablet":{"background-color":"var(--ast-global-color-5)","background-image":"","background-repeat":"repeat","background-position":"center center","background-size":"auto","background-attachment":"scroll","background-type":"","background-media":"","overlay-type":"","overlay-color":"","overlay-opacity":"","overlay-gradient":""},"mobile":{"background-color":"var(--ast-global-color-5)","background-image":"","background-repeat":"repeat","background-position":"center center","background-size":"auto","background-attachment":"scroll","background-type":"","background-media":"","overlay-type":"","overlay-color":"","overlay-opacity":"","overlay-gradient":""}},"footnotes":""},"class_list":["post-548","page","type-page","status-publish","hentry"],"post_mailing_queue_ids":[],"_links":{"self":[{"href":"https:\/\/serveiseducatius.xtec.cat\/badalona\/wp-json\/wp\/v2\/pages\/548","targetHints":{"allow":["GET"]}}],"collection":[{"href":"https:\/\/serveiseducatius.xtec.cat\/badalona\/wp-json\/wp\/v2\/pages"}],"about":[{"href":"https:\/\/serveiseducatius.xtec.cat\/badalona\/wp-json\/wp\/v2\/types\/page"}],"author":[{"embeddable":true,"href":"https:\/\/serveiseducatius.xtec.cat\/badalona\/wp-json\/wp\/v2\/users\/1"}],"replies":[{"embeddable":true,"href":"https:\/\/serveiseducatius.xtec.cat\/badalona\/wp-json\/wp\/v2\/comments?post=548"}],"version-history":[{"count":7,"href":"https:\/\/serveiseducatius.xtec.cat\/badalona\/wp-json\/wp\/v2\/pages\/548\/revisions"}],"predecessor-version":[{"id":20976,"href":"https:\/\/serveiseducatius.xtec.cat\/badalona\/wp-json\/wp\/v2\/pages\/548\/revisions\/20976"}],"up":[{"embeddable":true,"href":"https:\/\/serveiseducatius.xtec.cat\/badalona\/wp-json\/wp\/v2\/pages\/420"}],"wp:attachment":[{"href":"https:\/\/serveiseducatius.xtec.cat\/badalona\/wp-json\/wp\/v2\/media?parent=548"}],"curies":[{"name":"wp","href":"https:\/\/api.w.org\/{rel}","templated":true}]}}