{"id":4810,"date":"2016-09-23T11:52:54","date_gmt":"2016-09-23T10:52:54","guid":{"rendered":"http:\/\/serveiseducatius.xtec.cat\/badalona\/?page_id=4810"},"modified":"2025-10-07T14:07:07","modified_gmt":"2025-10-07T12:07:07","slug":"espais-virtuals-actvititats-de-formacio","status":"publish","type":"page","link":"https:\/\/serveiseducatius.xtec.cat\/badalona\/activitats\/pla-de-formacio-de-zona-pfz\/espais-virtuals-actvititats-de-formacio\/","title":{"rendered":"Espais virtuals activitats de formaci\u00f3"},"content":{"rendered":"<p><span style=\"color: #800000;\"><strong>Espais virtuals de xarxes i activitats de formaci\u00f3. Centres de Badalona:<\/strong><\/span><\/p>\n<ul>\n<li><strong>Xarxes<\/strong>\n<ul>\n<li><a href=\"https:\/\/odissea.xtec.cat\/course\/view.php?id=3606\" target=\"_blank\" rel=\"noopener\">Subxarxa Territorial de Coordinaci\u00f3 Digital de Centre &#8211; antic SEMTAC i XTCD. Odissea<\/a><\/li>\n<\/ul>\n<\/li>\n<li><strong><span style=\"color: #000000;\">Seminaris d&#8217;Equips directius<\/span><\/strong>\n<ul>\n<li style=\"list-style-type: none;\">\n<ul>\n<li><span style=\"color: #000000;\"><a href=\"https:\/\/odissea.xtec.cat\/course\/view.php?id=72002\" target=\"_blank\" rel=\"noopener\">Direccions de les Escoles P\u00fabliques. Odissea<\/a>\u00a0<\/span><\/li>\n<li><a title=\"Caps d'estudis de les Escoles P\u00fabliques. Odissea\" href=\"https:\/\/odissea.xtec.cat\/course\/view.php?id=38462\" target=\"_blank\" rel=\"noopener\">Caps d&#8217;estudis de les Escoles P\u00fabliques. Odissea<\/a><\/li>\n<li><a href=\"https:\/\/odissea.xtec.cat\/course\/view.php?id=23382\" target=\"_blank\" rel=\"noopener\">Secretaris\/es de les Escoles P\u00fabliques. Odissea<\/a><\/li>\n<li><a href=\"https:\/\/odissea.xtec.cat\/course\/view.php?id=69542\" target=\"_blank\" rel=\"noopener\">Directors\/es dels Instituts P\u00fablics. Odissea<\/a><\/li>\n<li><a href=\"https:\/\/odissea.xtec.cat\/course\/view.php?id=62223\" target=\"_blank\" rel=\"noopener\">Coordinadors pedag\u00f2gics dels Instituts P\u00fablics. Odissea<\/a><\/li>\n<li><a href=\"https:\/\/sites.google.com\/a\/xtec.cat\/coordinacio-secretaris-badalona\/\" target=\"_blank\" rel=\"noopener\">Secretaris dels Instituts p\u00fablics. Google Sites<\/a><\/li>\n<\/ul>\n<\/li>\n<\/ul>\n<\/li>\n<li><strong><span style=\"color: #000000;\">Seminaris d&#8217;Educaci\u00f3 especial<\/span><\/strong>\n<ul>\n<li><a href=\"https:\/\/odissea.xtec.cat\/course\/view.php?id=138041\" target=\"_blank\" rel=\"noopener\">Mestres i psicopedagogs\/es de les SIEI dels centres de prim\u00e0ria i secund\u00e0ria de Badalona. Odissea<\/a><\/li>\n<li><a href=\"https:\/\/odissea.xtec.cat\/course\/view.php?id=72003\" target=\"_blank\" rel=\"noopener\">Orientadores i orientadors dels centres docents de secund\u00e0ria inclusius. Odissea<\/a><\/li>\n<\/ul>\n<\/li>\n<li><strong><span style=\"color: #000000;\">Altres Grups de treball i seminaris<\/span><\/strong>\n<ul>\n<li><a href=\"https:\/\/odissea.xtec.cat\/course\/view.php?id=18742\" target=\"_blank\" rel=\"noopener\">Llegim! Dinamitzaci\u00f3 lectora &#8211; Biblioteques Escolars. Odissea<\/a><\/li>\n<li><a href=\"https:\/\/sites.google.com\/xtec.cat\/suportvitalbdn\/p%C3%A0gina-principal\" target=\"_blank\" rel=\"noopener\">Suport vital b\u00e0sica a Badalona<\/a><\/li>\n<li><a href=\"http:\/\/xarxaescolesbdnsostenibilitat.blogspot.com\/\" target=\"_blank\" rel=\"noopener\">Escoles de Badalona per a la Sostenibilitat<\/a><\/li>\n<\/ul>\n<\/li>\n<li><strong>Espais virtuals d&#8217;activitats de dinamitzaci\u00f3<\/strong>\n<ul>\n<li><a href=\"https:\/\/sites.google.com\/xtec.cat\/badasport\/qu%C3%A8-%C3%A9s-el-grup-mef\" target=\"_blank\" rel=\"noopener\">Badasport prim\u00e0ria<\/a><\/li>\n<li><a href=\"https:\/\/sites.google.com\/xtec.cat\/badasportsecundaria\/inici\" target=\"_blank\" rel=\"noopener\">Badasport secund\u00e0ria<\/a><\/li>\n<li><a href=\"https:\/\/sites.google.com\/a\/xtec.cat\/proposta-educativa-de-badalona\/servei-educatiu-de-badalona\/english-day\" target=\"_blank\" rel=\"noopener\">English Day<\/a><\/li>\n<\/ul>\n<\/li>\n<li><strong><span style=\"color: #000000;\">Repositori d&#8217;activitats finalitzades:<\/span><\/strong>\u00a0\n<ul>\n<li><a href=\"https:\/\/sites.google.com\/xtec.cat\/xarxa-0-6\/p%C3%A0gina-principal\" target=\"_blank\" rel=\"noopener\">Xarxa 0-6 Badalona. Google sites<\/a><\/li>\n<li><a href=\"https:\/\/odissea.xtec.cat\/course\/view.php?id=154172\" target=\"_blank\" rel=\"noopener\">Seminari de continu\u00eftat de la subxarxa EDC. Odissea<\/a><\/li>\n<li><a href=\"https:\/\/sites.google.com\/xtec.cat\/mesenlladelesareesbdn\/inici\" target=\"_blank\" rel=\"noopener\">M\u00e9s enll\u00e0 de les \u00e0rees.\u00a0\u00a0<\/a>GT Ambients<span style=\"color: #000000;\"> (<a href=\"https:\/\/sites.google.com\/xtec.cat\/mesenlladelesareesbdn\/inici\" target=\"_blank\" rel=\"noopener noreferrer\">espai web<\/a>).\u00a0<\/span>GT Capses d&#8217;aprenentatge (<a style=\"font-size: 16px; font-style: normal; font-weight: 400; background-color: #ffffff; transition-property: all;\" href=\"https:\/\/sites.google.com\/xtec.cat\/mesenlladelesareesbdn\/inici\" target=\"_blank\" rel=\"noopener noreferrer\">espai web<\/a><span style=\"color: #000000; font-size: 16px; font-style: normal; font-weight: 400;\">)<\/span><\/li>\n<li><a href=\"https:\/\/odissea.xtec.cat\/course\/view.php?id=74405\" target=\"_blank\" rel=\"noopener\">Instituts Escola de Badalona Odissea<\/a><\/li>\n<li><a href=\"https:\/\/odissea.xtec.cat\/course\/view.php?id=72022\" target=\"_blank\" rel=\"noopener\">Intercanvi d&#8217;experi\u00e8ncies d&#8217;Educaci\u00f3 Especial. Odissea<\/a><\/li>\n<\/ul>\n<\/li>\n<\/ul>\n<p>&nbsp;<\/p>\n<ul>\n<li style=\"list-style-type: none;\">\u00a0<\/li>\n<\/ul>\n","protected":false},"excerpt":{"rendered":"<p>Espais virtuals de xarxes i activitats de formaci\u00f3. Centres de Badalona: Xarxes Subxarxa Territorial de Coordinaci\u00f3 Digital de Centre &#8211; [&hellip;]<\/p>\n","protected":false},"author":1,"featured_media":0,"parent":414,"menu_order":0,"comment_status":"closed","ping_status":"closed","template":"","meta":{"_bbp_topic_count":0,"_bbp_reply_count":0,"_bbp_total_topic_count":0,"_bbp_total_reply_count":0,"_bbp_voice_count":0,"_bbp_anonymous_reply_count":0,"_bbp_topic_count_hidden":0,"_bbp_reply_count_hidden":0,"_bbp_forum_subforum_count":0,"site-sidebar-layout":"default","site-content-layout":"","ast-site-content-layout":"default","site-content-style":"default","site-sidebar-style":"default","ast-global-header-display":"","ast-banner-title-visibility":"","ast-main-header-display":"","ast-hfb-above-header-display":"","ast-hfb-below-header-display":"","ast-hfb-mobile-header-display":"","site-post-title":"","ast-breadcrumbs-content":"","ast-featured-img":"","footer-sml-layout":"","theme-transparent-header-meta":"default","adv-header-id-meta":"","stick-header-meta":"","header-above-stick-meta":"","header-main-stick-meta":"","header-below-stick-meta":"","astra-migrate-meta-layouts":"set","ast-page-background-enabled":"default","ast-page-background-meta":{"desktop":{"background-color":"var(--ast-global-color-4)","background-image":"","background-repeat":"repeat","background-position":"center center","background-size":"auto","background-attachment":"scroll","background-type":"","background-media":"","overlay-type":"","overlay-color":"","overlay-opacity":"","overlay-gradient":""},"tablet":{"background-color":"","background-image":"","background-repeat":"repeat","background-position":"center center","background-size":"auto","background-attachment":"scroll","background-type":"","background-media":"","overlay-type":"","overlay-color":"","overlay-opacity":"","overlay-gradient":""},"mobile":{"background-color":"","background-image":"","background-repeat":"repeat","background-position":"center center","background-size":"auto","background-attachment":"scroll","background-type":"","background-media":"","overlay-type":"","overlay-color":"","overlay-opacity":"","overlay-gradient":""}},"ast-content-background-meta":{"desktop":{"background-color":"var(--ast-global-color-5)","background-image":"","background-repeat":"repeat","background-position":"center center","background-size":"auto","background-attachment":"scroll","background-type":"","background-media":"","overlay-type":"","overlay-color":"","overlay-opacity":"","overlay-gradient":""},"tablet":{"background-color":"var(--ast-global-color-5)","background-image":"","background-repeat":"repeat","background-position":"center center","background-size":"auto","background-attachment":"scroll","background-type":"","background-media":"","overlay-type":"","overlay-color":"","overlay-opacity":"","overlay-gradient":""},"mobile":{"background-color":"var(--ast-global-color-5)","background-image":"","background-repeat":"repeat","background-position":"center center","background-size":"auto","background-attachment":"scroll","background-type":"","background-media":"","overlay-type":"","overlay-color":"","overlay-opacity":"","overlay-gradient":""}},"footnotes":""},"class_list":["post-4810","page","type-page","status-publish","hentry"],"post_mailing_queue_ids":[],"_links":{"self":[{"href":"https:\/\/serveiseducatius.xtec.cat\/badalona\/wp-json\/wp\/v2\/pages\/4810","targetHints":{"allow":["GET"]}}],"collection":[{"href":"https:\/\/serveiseducatius.xtec.cat\/badalona\/wp-json\/wp\/v2\/pages"}],"about":[{"href":"https:\/\/serveiseducatius.xtec.cat\/badalona\/wp-json\/wp\/v2\/types\/page"}],"author":[{"embeddable":true,"href":"https:\/\/serveiseducatius.xtec.cat\/badalona\/wp-json\/wp\/v2\/users\/1"}],"replies":[{"embeddable":true,"href":"https:\/\/serveiseducatius.xtec.cat\/badalona\/wp-json\/wp\/v2\/comments?post=4810"}],"version-history":[{"count":9,"href":"https:\/\/serveiseducatius.xtec.cat\/badalona\/wp-json\/wp\/v2\/pages\/4810\/revisions"}],"predecessor-version":[{"id":25975,"href":"https:\/\/serveiseducatius.xtec.cat\/badalona\/wp-json\/wp\/v2\/pages\/4810\/revisions\/25975"}],"up":[{"embeddable":true,"href":"https:\/\/serveiseducatius.xtec.cat\/badalona\/wp-json\/wp\/v2\/pages\/414"}],"wp:attachment":[{"href":"https:\/\/serveiseducatius.xtec.cat\/badalona\/wp-json\/wp\/v2\/media?parent=4810"}],"curies":[{"name":"wp","href":"https:\/\/api.w.org\/{rel}","templated":true}]}}