{"id":4536,"date":"2016-09-14T11:57:09","date_gmt":"2016-09-14T10:57:09","guid":{"rendered":"http:\/\/serveiseducatius.xtec.cat\/badalona\/?page_id=4536"},"modified":"2026-02-18T13:15:14","modified_gmt":"2026-02-18T12:15:14","slug":"hem-fet","status":"publish","type":"page","link":"https:\/\/serveiseducatius.xtec.cat\/badalona\/activitats\/pla-de-formacio-de-zona-pfz\/hem-fet\/","title":{"rendered":"Repositori d&#8217;activitats de cursos anteriors"},"content":{"rendered":"<p><span style=\"font-size: 12pt;\">En aquesta p\u00e0gina trobar\u00e0s documents, experi\u00e8ncies, articles&#8230; d&#8217;activitats de formaci\u00f3 realitzades en el marc del Pla de Formaci\u00f3 de Badalona<\/span><\/p>\n<ul>\n<li><strong><span style=\"font-size: 12pt;\">Infantil: 0-3:<\/span><\/strong>\n<ul>\n<li><strong><span style=\"font-size: 12pt;\"><a href=\"http:\/\/serveiseducatius.xtec.cat\/badalona\/intraweb\/1a-jornada-0-3\/\" target=\"_blank\" rel=\"noopener noreferrer\">I Jornada educaci\u00f3 0-3<\/a>\u00a0<span style=\"font-size: 10pt;\">(2015)<\/span><\/span><\/strong><\/li>\n<li><strong><span style=\"font-size: 12pt;\"><a href=\"http:\/\/serveiseducatius.xtec.cat\/badalona\/pla-de-formacio-de-zona-pfz\/hem-fet\/2a-jornada-0-3\/\" target=\"_blank\" rel=\"noopener noreferrer\">II Jornada educaci\u00f3 0-3<\/a> <span style=\"font-size: 10pt;\">(2018)<\/span><\/span><\/strong><\/li>\n<\/ul>\n<\/li>\n<li><strong><span style=\"font-size: 12pt;\">Pla d&#8217;Entorn:<\/span><\/strong>\n<ul>\n<li><strong><span style=\"font-size: 12pt;\"><a href=\"http:\/\/serveiseducatius.xtec.cat\/badalona\/formacio\/pla-de-formacio-de-zona-pfz\/hem-fet\/jornada-badalona-educacio-i-entorn\/\" target=\"_blank\" rel=\"noopener noreferrer\">Jornada: &#8220;Badalona, educaci\u00f3 i entorn&#8221;<\/a><\/span><\/strong><\/li>\n<\/ul>\n<\/li>\n<li><strong><span style=\"font-size: 12pt;\">Biblioteques Escolars:<\/span><\/strong>\n<ul>\n<li><strong><a href=\"http:\/\/serveiseducatius.xtec.cat\/badalona\/intraweb\/jornada-de-biblioteques-escolars\/\" target=\"_blank\" rel=\"noopener noreferrer\"><span style=\"font-size: 12pt;\">1a Jornada de Biblioteques Escolars &#8211; 2012<\/span><\/a><\/strong><\/li>\n<li><strong><span style=\"font-size: 12pt;\"><a href=\"http:\/\/serveiseducatius.xtec.cat\/badalona\/formacio\/pla-de-formacio-de-zona-pfz\/hem-fet\/2a-jornada-de-biblioteques-escolars-2014\/\" target=\"_blank\" rel=\"noopener noreferrer\">2a Jornada de Biblioteques Escolars &#8211; 2014<\/a><\/span><\/strong><\/li>\n<li><strong><span style=\"font-size: 12pt;\"><a href=\"http:\/\/serveiseducatius.xtec.cat\/badalona\/formacio\/pla-de-formacio-de-zona-pfz\/hem-fet\/3a-jornada-de-biblioteques-escolars-biblioteques-publiques\/\" target=\"_blank\" rel=\"noopener noreferrer\">3a Jornada de Biblioteques Escolars &#8211; Biblioteques P\u00fabliques &#8211; 2016<\/a><\/span><\/strong><\/li>\n<\/ul>\n<\/li>\n<li><strong><span style=\"font-size: 12pt;\">Angl\u00e8s:<\/span><\/strong>\n<ul>\n<li><strong><a href=\"http:\/\/serveiseducatius.xtec.cat\/badalona\/intraweb\/2-0-tools-for-communicative-competence-development\/\" target=\"_blank\" rel=\"noopener noreferrer\">2.0 Tools for comunicative competence development<\/a><\/strong><\/li>\n<\/ul>\n<\/li>\n<li><strong><span style=\"font-size: 12pt;\">Matem\u00e0tiques<\/span><\/strong>\n<ul>\n<li><strong><a href=\"http:\/\/serveiseducatius.xtec.cat\/badalona\/intraweb\/tallers-de-matematiques-curs-2014-2015\/\" target=\"_blank\" rel=\"noopener noreferrer\">Tallers de matem\u00e0tiques. Curs 2014-2015<\/a><\/strong><\/li>\n<\/ul>\n<\/li>\n<li><strong>Badalona<\/strong>\n<ul>\n<li><a href=\"https:\/\/serveiseducatius.xtec.cat\/badalona\/pla-de-formacio-de-zona-pfz\/passeigs-per-badalona\/\" target=\"_blank\" rel=\"noopener\"><strong>Passeigs per Badalona<\/strong><\/a><\/li>\n<\/ul>\n<\/li>\n<\/ul>\n","protected":false},"excerpt":{"rendered":"<p>En aquesta p\u00e0gina trobar\u00e0s documents, experi\u00e8ncies, articles&#8230; d&#8217;activitats de formaci\u00f3 realitzades en el marc del Pla de Formaci\u00f3 de Badalona [&hellip;]<\/p>\n","protected":false},"author":1,"featured_media":0,"parent":414,"menu_order":0,"comment_status":"closed","ping_status":"closed","template":"","meta":{"_bbp_topic_count":0,"_bbp_reply_count":0,"_bbp_total_topic_count":0,"_bbp_total_reply_count":0,"_bbp_voice_count":0,"_bbp_anonymous_reply_count":0,"_bbp_topic_count_hidden":0,"_bbp_reply_count_hidden":0,"_bbp_forum_subforum_count":0,"site-sidebar-layout":"default","site-content-layout":"","ast-site-content-layout":"default","site-content-style":"default","site-sidebar-style":"default","ast-global-header-display":"","ast-banner-title-visibility":"","ast-main-header-display":"","ast-hfb-above-header-display":"","ast-hfb-below-header-display":"","ast-hfb-mobile-header-display":"","site-post-title":"","ast-breadcrumbs-content":"","ast-featured-img":"","footer-sml-layout":"","theme-transparent-header-meta":"default","adv-header-id-meta":"","stick-header-meta":"","header-above-stick-meta":"","header-main-stick-meta":"","header-below-stick-meta":"","astra-migrate-meta-layouts":"set","ast-page-background-enabled":"default","ast-page-background-meta":{"desktop":{"background-color":"var(--ast-global-color-4)","background-image":"","background-repeat":"repeat","background-position":"center center","background-size":"auto","background-attachment":"scroll","background-type":"","background-media":"","overlay-type":"","overlay-color":"","overlay-opacity":"","overlay-gradient":""},"tablet":{"background-color":"","background-image":"","background-repeat":"repeat","background-position":"center center","background-size":"auto","background-attachment":"scroll","background-type":"","background-media":"","overlay-type":"","overlay-color":"","overlay-opacity":"","overlay-gradient":""},"mobile":{"background-color":"","background-image":"","background-repeat":"repeat","background-position":"center center","background-size":"auto","background-attachment":"scroll","background-type":"","background-media":"","overlay-type":"","overlay-color":"","overlay-opacity":"","overlay-gradient":""}},"ast-content-background-meta":{"desktop":{"background-color":"var(--ast-global-color-5)","background-image":"","background-repeat":"repeat","background-position":"center center","background-size":"auto","background-attachment":"scroll","background-type":"","background-media":"","overlay-type":"","overlay-color":"","overlay-opacity":"","overlay-gradient":""},"tablet":{"background-color":"var(--ast-global-color-5)","background-image":"","background-repeat":"repeat","background-position":"center center","background-size":"auto","background-attachment":"scroll","background-type":"","background-media":"","overlay-type":"","overlay-color":"","overlay-opacity":"","overlay-gradient":""},"mobile":{"background-color":"var(--ast-global-color-5)","background-image":"","background-repeat":"repeat","background-position":"center center","background-size":"auto","background-attachment":"scroll","background-type":"","background-media":"","overlay-type":"","overlay-color":"","overlay-opacity":"","overlay-gradient":""}},"footnotes":""},"class_list":["post-4536","page","type-page","status-publish","hentry"],"post_mailing_queue_ids":[],"_links":{"self":[{"href":"https:\/\/serveiseducatius.xtec.cat\/badalona\/wp-json\/wp\/v2\/pages\/4536","targetHints":{"allow":["GET"]}}],"collection":[{"href":"https:\/\/serveiseducatius.xtec.cat\/badalona\/wp-json\/wp\/v2\/pages"}],"about":[{"href":"https:\/\/serveiseducatius.xtec.cat\/badalona\/wp-json\/wp\/v2\/types\/page"}],"author":[{"embeddable":true,"href":"https:\/\/serveiseducatius.xtec.cat\/badalona\/wp-json\/wp\/v2\/users\/1"}],"replies":[{"embeddable":true,"href":"https:\/\/serveiseducatius.xtec.cat\/badalona\/wp-json\/wp\/v2\/comments?post=4536"}],"version-history":[{"count":3,"href":"https:\/\/serveiseducatius.xtec.cat\/badalona\/wp-json\/wp\/v2\/pages\/4536\/revisions"}],"predecessor-version":[{"id":27208,"href":"https:\/\/serveiseducatius.xtec.cat\/badalona\/wp-json\/wp\/v2\/pages\/4536\/revisions\/27208"}],"up":[{"embeddable":true,"href":"https:\/\/serveiseducatius.xtec.cat\/badalona\/wp-json\/wp\/v2\/pages\/414"}],"wp:attachment":[{"href":"https:\/\/serveiseducatius.xtec.cat\/badalona\/wp-json\/wp\/v2\/media?parent=4536"}],"curies":[{"name":"wp","href":"https:\/\/api.w.org\/{rel}","templated":true}]}}