{"id":4229,"date":"2016-07-13T20:37:03","date_gmt":"2016-07-13T19:37:03","guid":{"rendered":"http:\/\/serveiseducatius.xtec.cat\/badalona\/?page_id=4229"},"modified":"2022-05-23T16:57:57","modified_gmt":"2022-05-23T14:57:57","slug":"mostra-de-robotica","status":"publish","type":"page","link":"https:\/\/serveiseducatius.xtec.cat\/badalona\/mostra-de-robotica\/","title":{"rendered":"Mostra de programaci\u00f3 i rob\u00f2tica dels centres del Barcelon\u00e8s Nord"},"content":{"rendered":"<p><img loading=\"lazy\" decoding=\"async\" class=\"alignleft  wp-image-4230\" src=\"http:\/\/serveiseducatius.xtec.cat\/badalona\/wp-content\/uploads\/usu1088\/2016\/07\/Mosta_de_Programaci_i_Rob_tica_CSBN_13-4-16_p-AJB_MITJA.jpg\" alt=\"Mosta_de_Programaci_i_Rob_tica_CSBN_13-4-16_p (AJB_MITJA)\" width=\"334\" height=\"228\" \/><\/p>\n<p>La <strong>Mostra de Programaci\u00f3 i Rob\u00f2tica<\/strong> \u00e9s un intercanvi d&#8217;experi\u00e8ncies de centres de secund\u00e0ria del Barcelon\u00e8s Nord, que tinguin ganes de presentar els projectes que desenvolupen al seu centre i, alhora, estiguin interessats en saber qu\u00e8 fan altres centres, compartint coneixement i experi\u00e8ncies.<\/p>\n<p><strong><a href=\"https:\/\/sites.google.com\/xtec.cat\/mostraprbn\/inici\" target=\"_blank\" rel=\"noopener noreferrer\">Espai web de la Mostra<\/a><\/strong><\/p>\n<p><a href=\"https:\/\/drive.google.com\/file\/d\/1MqUvKRki9umKcZ0E5lscqgRfyQ9l4LQD\/view?usp=sharing\" target=\"_blank\" rel=\"noopener\">Cartell<\/a><\/p>\n<p>&nbsp;<\/p>\n<p><strong>Centres participants 7a edici\u00f3 (2022) a l&#8217;<a href=\"https:\/\/eebe.upc.edu\/ca\" target=\"_blank\" rel=\"noopener\">EEBE<\/a>:<\/strong><\/p>\n<p>Badalona VII (BDN), Garb\u00ed Pere Verg\u00e9s (BDN), J\u00falia Minguell (BDN), Pompeu Fabra (BDN), Puig Castellar (SCG) i Torrent de les Bruixes (SCG).<\/p>\n<p><strong>Centres participants 6a edici\u00f3 (2021) en format <a href=\"https:\/\/sites.google.com\/xtec.cat\/mostraprbn\/inici\" target=\"_blank\" rel=\"noopener noreferrer\">virtual<\/a>:<\/strong><\/p>\n<p>Badalona VII (BDN), Garb\u00ed Pere Verg\u00e9s (BDN), J\u00falia Minguell (BDN), Manuel V\u00e1zquez Montalb\u00e1n (SAB), Puig Castellar (SCG), Ramon Berenguer IV (SCG), Terra Roja (SCG) i Torrent de les Bruixes (SCG).<\/p>\n<p><strong>Centres participants 5a edici\u00f3 (2020) a l&#8217;<a href=\"https:\/\/eebe.upc.edu\/ca\" target=\"_blank\" rel=\"noopener noreferrer\">EEBE<\/a>: <span style=\"color: #ff0000;\">(Mostra ANUL\u00b7LADA per COVID-19)<\/span><\/strong><\/p>\n<p>Badalona VII (BDN), Baetulo (BDN), Bet\u00falia (BDN), Garb\u00ed Pere Verg\u00e9s (BDN), J\u00falia Minguell (BDN), Manuel V\u00e1zquez Montalb\u00e1n (SAB), Maristes Champagnat (BDN), Puig Castellar (SCG), Ramon Berenguer IV (SCG), Terra Roja (SCG), Torrent de les Bruixes (SCG), T\u00farbula (SAB) i Ventura Gassol (BDN).<\/p>\n<p><strong>Centres participants 4a edici\u00f3 (2019) a l&#8217;<a href=\"https:\/\/eebe.upc.edu\/ca\" target=\"_blank\" rel=\"noopener noreferrer\">EEBE<\/a>:<\/strong><\/p>\n<p>Badalona VII (BDN), Baetulo (BDN), Bet\u00falia (BDN), Garb\u00ed Pere Verg\u00e9s (BDN), J\u00falia Minguell (BDN), Maristes Champagnat (BDN), Puig Castellar (SCG), Ramon Berenguer IV (SCG), Sant Gabriel (SAB), Terra Roja (SCG), Torrent de les Bruixes (SCG), T\u00farbula (SAB) i Manuel V\u00e1zquez Montalb\u00e1n (SAB).<\/p>\n<p><strong>Centres participants 3a edici\u00f3 (2018) a l&#8217;<a href=\"https:\/\/eebe.upc.edu\/ca\" target=\"_blank\" rel=\"noopener noreferrer\">EEBE<\/a>:<\/strong><\/p>\n<p>Badalona VII (BDN), Garb\u00ed Pere Verg\u00e9s (BDN), J\u00falia Minguell (BDN), Maristes Champagnat (BDN), Ramon Berenguer IV (SCG), Terra Roja (SCG), Torrent de les Bruixes (SCG) i Manuel V\u00e1zquez Montalb\u00e1n (SAB).<\/p>\n<p><strong>Centres participants 2a edici\u00f3 (2017) al <a href=\"http:\/\/badalona.cat\/portalWeb\/badalona.portal;jsessionid=k4yhcn0B4dhtNv9hZCvG7rHjMT6qzdCWY2Gj4Qp3vvS1Vy1n2RXk!-2078795109?_nfpb=true&amp;_pageLabel=contingut_estatic&amp;dDocName=AJB041536#wlp_contingut_estatic\" target=\"_blank\" rel=\"noopener noreferrer\">CC L&#8217;Escorxador<\/a>:<\/strong><\/p>\n<p>Badalona VII (BDN), Garb\u00ed Pere Verg\u00e9s (BDN), J\u00falia Minguell (BDN), Maristes Champagnat (BDN), Ramon Berenguer IV (SCG), Terra Roja (SCG), Torrent de les Bruixes (SCG) i Manuel V\u00e1zquez Montalb\u00e1n (SAB).<\/p>\n<p><strong>Centres participants 1a edici\u00f3 (2016) al <a href=\"http:\/\/badalona.cat\/portalWeb\/badalona.portal;jsessionid=k4yhcn0B4dhtNv9hZCvG7rHjMT6qzdCWY2Gj4Qp3vvS1Vy1n2RXk!-2078795109?_nfpb=true&amp;_pageLabel=contingut_estatic&amp;dDocName=AJB041536#wlp_contingut_estatic\" target=\"_blank\" rel=\"noopener noreferrer\">CC L&#8217;Escorxador<\/a>:<\/strong><\/p>\n<p>Badalona VII (BDN), Garb\u00ed Pere Verg\u00e9s (BDN), J\u00falia Minguell (BDN), Maristes Champagnat (BDN), Isaac Alb\u00e8niz (BDN), Pompeu Fabra (BDN), Ramon Berenguer IV (SCG), Terra Roja (SCG), Torrent de les Bruixes (SCG) Seimar (SCG) i Manuel V\u00e1zquez Montalb\u00e1n (SAB).<\/p>\n","protected":false},"excerpt":{"rendered":"<p>La Mostra de Programaci\u00f3 i Rob\u00f2tica \u00e9s un intercanvi d&#8217;experi\u00e8ncies de centres de secund\u00e0ria del Barcelon\u00e8s Nord, que tinguin ganes [&hellip;]<\/p>\n","protected":false},"author":1,"featured_media":0,"parent":0,"menu_order":0,"comment_status":"closed","ping_status":"closed","template":"","meta":{"_bbp_topic_count":0,"_bbp_reply_count":0,"_bbp_total_topic_count":0,"_bbp_total_reply_count":0,"_bbp_voice_count":0,"_bbp_anonymous_reply_count":0,"_bbp_topic_count_hidden":0,"_bbp_reply_count_hidden":0,"_bbp_forum_subforum_count":0,"site-sidebar-layout":"default","site-content-layout":"","ast-site-content-layout":"","site-content-style":"default","site-sidebar-style":"default","ast-global-header-display":"","ast-banner-title-visibility":"","ast-main-header-display":"","ast-hfb-above-header-display":"","ast-hfb-below-header-display":"","ast-hfb-mobile-header-display":"","site-post-title":"","ast-breadcrumbs-content":"","ast-featured-img":"","footer-sml-layout":"","theme-transparent-header-meta":"","adv-header-id-meta":"","stick-header-meta":"","header-above-stick-meta":"","header-main-stick-meta":"","header-below-stick-meta":"","astra-migrate-meta-layouts":"default","ast-page-background-enabled":"default","ast-page-background-meta":{"desktop":{"background-color":"var(--ast-global-color-4)","background-image":"","background-repeat":"repeat","background-position":"center center","background-size":"auto","background-attachment":"scroll","background-type":"","background-media":"","overlay-type":"","overlay-color":"","overlay-opacity":"","overlay-gradient":""},"tablet":{"background-color":"","background-image":"","background-repeat":"repeat","background-position":"center center","background-size":"auto","background-attachment":"scroll","background-type":"","background-media":"","overlay-type":"","overlay-color":"","overlay-opacity":"","overlay-gradient":""},"mobile":{"background-color":"","background-image":"","background-repeat":"repeat","background-position":"center center","background-size":"auto","background-attachment":"scroll","background-type":"","background-media":"","overlay-type":"","overlay-color":"","overlay-opacity":"","overlay-gradient":""}},"ast-content-background-meta":{"desktop":{"background-color":"var(--ast-global-color-5)","background-image":"","background-repeat":"repeat","background-position":"center center","background-size":"auto","background-attachment":"scroll","background-type":"","background-media":"","overlay-type":"","overlay-color":"","overlay-opacity":"","overlay-gradient":""},"tablet":{"background-color":"var(--ast-global-color-5)","background-image":"","background-repeat":"repeat","background-position":"center center","background-size":"auto","background-attachment":"scroll","background-type":"","background-media":"","overlay-type":"","overlay-color":"","overlay-opacity":"","overlay-gradient":""},"mobile":{"background-color":"var(--ast-global-color-5)","background-image":"","background-repeat":"repeat","background-position":"center center","background-size":"auto","background-attachment":"scroll","background-type":"","background-media":"","overlay-type":"","overlay-color":"","overlay-opacity":"","overlay-gradient":""}},"footnotes":""},"class_list":["post-4229","page","type-page","status-publish","hentry"],"post_mailing_queue_ids":[],"_links":{"self":[{"href":"https:\/\/serveiseducatius.xtec.cat\/badalona\/wp-json\/wp\/v2\/pages\/4229","targetHints":{"allow":["GET"]}}],"collection":[{"href":"https:\/\/serveiseducatius.xtec.cat\/badalona\/wp-json\/wp\/v2\/pages"}],"about":[{"href":"https:\/\/serveiseducatius.xtec.cat\/badalona\/wp-json\/wp\/v2\/types\/page"}],"author":[{"embeddable":true,"href":"https:\/\/serveiseducatius.xtec.cat\/badalona\/wp-json\/wp\/v2\/users\/1"}],"replies":[{"embeddable":true,"href":"https:\/\/serveiseducatius.xtec.cat\/badalona\/wp-json\/wp\/v2\/comments?post=4229"}],"version-history":[{"count":4,"href":"https:\/\/serveiseducatius.xtec.cat\/badalona\/wp-json\/wp\/v2\/pages\/4229\/revisions"}],"predecessor-version":[{"id":18212,"href":"https:\/\/serveiseducatius.xtec.cat\/badalona\/wp-json\/wp\/v2\/pages\/4229\/revisions\/18212"}],"wp:attachment":[{"href":"https:\/\/serveiseducatius.xtec.cat\/badalona\/wp-json\/wp\/v2\/media?parent=4229"}],"curies":[{"name":"wp","href":"https:\/\/api.w.org\/{rel}","templated":true}]}}