{"id":4180,"date":"2016-07-11T13:14:53","date_gmt":"2016-07-11T12:14:53","guid":{"rendered":"http:\/\/serveiseducatius.xtec.cat\/badalona\/?page_id=4180"},"modified":"2016-07-11T13:31:36","modified_gmt":"2016-07-11T12:31:36","slug":"cataleg-educacio-infantil","status":"publish","type":"page","link":"https:\/\/serveiseducatius.xtec.cat\/badalona\/cataleg-educacio-infantil\/","title":{"rendered":"Cat\u00e0leg d&#8217;Educaci\u00f3 Infantil"},"content":{"rendered":"<h2>Educaci\u00f3 Infantil<\/h2>\n<ul>\n<li>Descoberta de l&#8217;entorn\n<ul>\n<li><a href=\"http:\/\/merli.xtec.cat\/merli\/ServletCerca?unitatCerca=8930002&amp;nivell_educatiu=2215&amp;area_curricular=2247&amp;ordenacio=data&amp;&amp;filtreRecurs=fisic\" target=\"_blank\">Recursos f\u00edsics<\/a><\/li>\n<li><a href=\"http:\/\/merli.xtec.cat\/merli\/ServletCerca?nivell_educatiu=2215&amp;area_curricular=2247&amp;ordenacio=data&amp;filtreRecurs=enlinia\" target=\"_blank\">Recursos en l\u00ednia<\/a><\/li>\n<\/ul>\n<\/li>\n<li>Descoberta d&#8217;un mateix i descoberta dels altres\n<ul>\n<li><a href=\"http:\/\/merli.xtec.cat\/merli\/ServletCerca?unitatCerca=8930002&amp;nivell_educatiu=2215&amp;area_curricular=2246&amp;ordenacio=data&amp;&amp;filtreRecurs=fisic\" target=\"_blank\">Recursos f\u00edsics<\/a><\/li>\n<li><a href=\"http:\/\/merli.xtec.cat\/merli\/ServletCerca?nivell_educatiu=2215&amp;area_curricular=2246&amp;ordenacio=data&amp;filtreRecurs=enlinia\" target=\"_blank\">Recursos en l\u00ednia<\/a><\/li>\n<\/ul>\n<\/li>\n<li>Comunicaci\u00f3 i llenguatge\n<ul>\n<li><a href=\"http:\/\/merli.xtec.cat\/merli\/ServletCerca?unitatCerca=8930002&amp;nivell_educatiu=2215&amp;area_curricular=2248&amp;ordenacio=data&amp;&amp;filtreRecurs=fisic\" target=\"_blank\">Recursos f\u00edsics<\/a><\/li>\n<li><a href=\"http:\/\/merli.xtec.cat\/merli\/ServletCerca?nivell_educatiu=2215&amp;area_curricular=2248&amp;ordenacio=data&amp;filtreRecurs=enlinia\" target=\"_blank\">Recursos en l\u00ednia<\/a><\/li>\n<\/ul>\n<\/li>\n<\/ul>\n","protected":false},"excerpt":{"rendered":"<p>Educaci\u00f3 Infantil Descoberta de l&#8217;entorn Recursos f\u00edsics Recursos en l\u00ednia Descoberta d&#8217;un mateix i descoberta dels altres Recursos f\u00edsics Recursos [&hellip;]<\/p>\n","protected":false},"author":1,"featured_media":0,"parent":0,"menu_order":0,"comment_status":"closed","ping_status":"closed","template":"","meta":{"_bbp_topic_count":0,"_bbp_reply_count":0,"_bbp_total_topic_count":0,"_bbp_total_reply_count":0,"_bbp_voice_count":0,"_bbp_anonymous_reply_count":0,"_bbp_topic_count_hidden":0,"_bbp_reply_count_hidden":0,"_bbp_forum_subforum_count":0,"site-sidebar-layout":"default","site-content-layout":"","ast-site-content-layout":"","site-content-style":"default","site-sidebar-style":"default","ast-global-header-display":"","ast-banner-title-visibility":"","ast-main-header-display":"","ast-hfb-above-header-display":"","ast-hfb-below-header-display":"","ast-hfb-mobile-header-display":"","site-post-title":"","ast-breadcrumbs-content":"","ast-featured-img":"","footer-sml-layout":"","theme-transparent-header-meta":"","adv-header-id-meta":"","stick-header-meta":"","header-above-stick-meta":"","header-main-stick-meta":"","header-below-stick-meta":"","astra-migrate-meta-layouts":"default","ast-page-background-enabled":"default","ast-page-background-meta":{"desktop":{"background-color":"var(--ast-global-color-4)","background-image":"","background-repeat":"repeat","background-position":"center center","background-size":"auto","background-attachment":"scroll","background-type":"","background-media":"","overlay-type":"","overlay-color":"","overlay-opacity":"","overlay-gradient":""},"tablet":{"background-color":"","background-image":"","background-repeat":"repeat","background-position":"center center","background-size":"auto","background-attachment":"scroll","background-type":"","background-media":"","overlay-type":"","overlay-color":"","overlay-opacity":"","overlay-gradient":""},"mobile":{"background-color":"","background-image":"","background-repeat":"repeat","background-position":"center center","background-size":"auto","background-attachment":"scroll","background-type":"","background-media":"","overlay-type":"","overlay-color":"","overlay-opacity":"","overlay-gradient":""}},"ast-content-background-meta":{"desktop":{"background-color":"var(--ast-global-color-5)","background-image":"","background-repeat":"repeat","background-position":"center center","background-size":"auto","background-attachment":"scroll","background-type":"","background-media":"","overlay-type":"","overlay-color":"","overlay-opacity":"","overlay-gradient":""},"tablet":{"background-color":"var(--ast-global-color-5)","background-image":"","background-repeat":"repeat","background-position":"center center","background-size":"auto","background-attachment":"scroll","background-type":"","background-media":"","overlay-type":"","overlay-color":"","overlay-opacity":"","overlay-gradient":""},"mobile":{"background-color":"var(--ast-global-color-5)","background-image":"","background-repeat":"repeat","background-position":"center center","background-size":"auto","background-attachment":"scroll","background-type":"","background-media":"","overlay-type":"","overlay-color":"","overlay-opacity":"","overlay-gradient":""}},"footnotes":""},"class_list":["post-4180","page","type-page","status-publish","hentry"],"post_mailing_queue_ids":[],"_links":{"self":[{"href":"https:\/\/serveiseducatius.xtec.cat\/badalona\/wp-json\/wp\/v2\/pages\/4180","targetHints":{"allow":["GET"]}}],"collection":[{"href":"https:\/\/serveiseducatius.xtec.cat\/badalona\/wp-json\/wp\/v2\/pages"}],"about":[{"href":"https:\/\/serveiseducatius.xtec.cat\/badalona\/wp-json\/wp\/v2\/types\/page"}],"author":[{"embeddable":true,"href":"https:\/\/serveiseducatius.xtec.cat\/badalona\/wp-json\/wp\/v2\/users\/1"}],"replies":[{"embeddable":true,"href":"https:\/\/serveiseducatius.xtec.cat\/badalona\/wp-json\/wp\/v2\/comments?post=4180"}],"version-history":[{"count":3,"href":"https:\/\/serveiseducatius.xtec.cat\/badalona\/wp-json\/wp\/v2\/pages\/4180\/revisions"}],"predecessor-version":[{"id":4195,"href":"https:\/\/serveiseducatius.xtec.cat\/badalona\/wp-json\/wp\/v2\/pages\/4180\/revisions\/4195"}],"wp:attachment":[{"href":"https:\/\/serveiseducatius.xtec.cat\/badalona\/wp-json\/wp\/v2\/media?parent=4180"}],"curies":[{"name":"wp","href":"https:\/\/api.w.org\/{rel}","templated":true}]}}