{"id":377,"date":"2015-11-25T14:17:51","date_gmt":"2015-11-25T13:17:51","guid":{"rendered":"http:\/\/serveiseducatius.xtec.cat\/badalona\/?page_id=377"},"modified":"2025-01-01T23:22:12","modified_gmt":"2025-01-01T22:22:12","slug":"escoles-bressol","status":"publish","type":"page","link":"https:\/\/serveiseducatius.xtec.cat\/badalona\/comunitat\/centres-educatius\/escoles-bressol\/","title":{"rendered":"Escoles bressol"},"content":{"rendered":"<p><strong><a href=\"https:\/\/drive.google.com\/open?id=0B8iO_h_UisQhTjlTLVdfVnluUXM\" target=\"_blank\" rel=\"noopener\">Llars d&#8217;Infants \/ Escoles bressol<\/a>\u00a0<\/strong><\/p>\n<p><strong>Escola Bressol\u00a0Municipal Nero Nas<br \/>\n<\/strong>C. Londres, 12-18 08914 Badalona<br \/>\nTel. 93 399 45 31<br \/>\nCorreu electr\u00f2nic: <a href=\"mailto:a8063436@xtec.cat\" target=\"_blank\" rel=\"noopener\">a8063436@xtec.cat<\/a><br \/>\nCodi del centre: 08063436<br \/>\nWeb: <a href=\"http:\/\/badalona.cat\/portalWeb\/getfile?dID=83723&amp;rendition=web\" target=\"_blank\" rel=\"noopener\">EBM Nero Nas<\/a><br \/>\nCentre de titularitat municipal amb una capacitat de 107 places.<\/p>\n<p><strong>Escola Bressol\u00a0Municipal\u00a0Pam i Pipa<br \/>\n<\/strong>C. Pau Picasso, s\/n 08017 Badalona<br \/>\nTel. 93 398 88 15<br \/>\nCorreu electr\u00f2nic: <a href=\"mailto:a8069013@xtec.cat\" target=\"_blank\" rel=\"noopener\">a8069013@xtec.cat<\/a><br \/>\nCodi del centre: 08069013<br \/>\nWeb: <a href=\"http:\/\/badalona.cat\/portalWeb\/getfile?dID=61518&amp;rendition=web\" target=\"_blank\" rel=\"noopener\">EBM\u00a0Pam i Pipa<\/a><br \/>\nCentre de titularitat municipal amb una capacitat de 107 places.<\/p>\n<p><strong>Escola Bressol\u00a0Municipal\u00a0Ralet Ralet<br \/>\n<\/strong>Av. Marqu\u00e8s de Mont-roig, 178 08918 Badalona<br \/>\nTel. 93 399 67 17<br \/>\nCorreu electr\u00f2nic: <a href=\"mailto:a8063515@xtec.cat\" target=\"_blank\" rel=\"noopener\">a8063515@xtec.cat<\/a><br \/>\nCodi del centre: 08063515<br \/>\nWeb: <a href=\"http:\/\/badalona.cat\/portalWeb\/getfile?dID=61516&amp;rendition=web\" target=\"_blank\" rel=\"noopener\">EBM Ralet Ralet<\/a><br \/>\nCentre de titularitat municipal amb una capacitat de 53\u00a0places.<\/p>\n<p><strong>Escola Bressol\u00a0Municipal\u00a0Uni Dori<br \/>\n<\/strong>Pg. Olof Palme, 15 08917 Badalona<br \/>\nTel. 93 497 06 28<br \/>\nCorreu electr\u00f2nic: <a href=\"mailto:a8071536@xtec.cat\" target=\"_blank\" rel=\"noopener\">a8071536@xtec.cat<\/a><br \/>\nCodi del centre: 08071536<br \/>\nWeb: <a href=\"http:\/\/badalona.cat\/portalWeb\/getfile?dID=61519&amp;rendition=web\" target=\"_blank\" rel=\"noopener\">EBM Uni Dori<\/a><br \/>\nCentre de titularitat municipal amb una capacitat de 107 places.<\/p>\n<p><strong>Escola Bressol\u00a0Municipal\u00a0Virolet<br \/>\n<\/strong>C. Mol\u00ed de la Torre, 169 08915 Badalona<br \/>\nTel. 93 465 10 57<br \/>\nCorreu electr\u00f2nic: <a href=\"mailto:a8072504@xtec.cat\" target=\"_blank\" rel=\"noopener\">a8072504@xtec.cat<\/a><br \/>\nCodi del centre: 08072504<br \/>\nWeb: <a href=\"http:\/\/badalona.cat\/portalWeb\/getfile?dID=61517&amp;rendition=web\" target=\"_blank\" rel=\"noopener\">EBM Virolet<\/a><br \/>\nCentre de titularitat municipal amb una capacitat de 107 places.<\/p>\n<p style=\"text-align: justify;\"><strong>Llar d&#8217;infants El Pilar<br \/>\n<\/strong>Av. Terrassa, s\/n\u00a008915 Badalona<br \/>\nTel. 93 395 37 03<br \/>\nCorreu electr\u00f2nic: <a href=\"mailto:a8048058@xtec.cat\" target=\"_blank\" rel=\"noopener\">a8048058@xtec.cat<\/a><br \/>\nCodi del centre: 08048058<br \/>\nWeb: <a href=\"http:\/\/badalona.cat\/portalWeb\/getfile;jsessionid=WpCqTS4YhYp019bMQLbgLJxyRdTMF8FsCvsCpDQWsYK8gsFhFz4N!1297360830?dID=61514&amp;rendition=web\" target=\"_blank\" rel=\"noopener\">Llar d&#8217;infants El Pilar<\/a>, <a href=\"http:\/\/elpilardebadalona.blogspot.com.es\/\" target=\"_blank\" rel=\"noopener\">Bloc Llar d&#8217;infants El Pilar<\/a><br \/>\nLa titularitat d&#8217;aquest centre \u00e9s del Departament d&#8217;Educaci\u00f3 de la Generalitat de Catalunya. T\u00e9 una capacitat de 52\u00a0places.<\/p>\n<p><strong>Llar d&#8217;infants\u00a0Pinotxo<br \/>\n<\/strong>Av. Sabadell, s\/n 08915 Badalona<br \/>\nTel. 93 395 31 53<br \/>\nCorreu electr\u00f2nic: <a href=\"mailto:a8048058@xtec.cat\" target=\"_blank\" rel=\"noopener\">a8048061@xtec.cat<\/a><br \/>\nCodi del centre: 08048061<br \/>\nWeb: <a href=\"http:\/\/badalona.cat\/portalWeb\/getfile;jsessionid=WpCqTS4YhYp019bMQLbgLJxyRdTMF8FsCvsCpDQWsYK8gsFhFz4N!1297360830?dID=61514&amp;rendition=web\" target=\"_blank\" rel=\"noopener\">Llar d&#8217;infants Pinotxo<\/a>, <a href=\"http:\/\/llarinfantspinotxo.blogspot.com.es\/\" target=\"_blank\" rel=\"noopener\">Bloc Llar d&#8217;infants Pinotxo<\/a><br \/>\nLa titularitat d&#8217;aquest centre \u00e9s del Departament d&#8217;Educaci\u00f3 de la Generalitat de Catalunya. T\u00e9 una capacitat de 52\u00a0places.<\/p>\n<p>&nbsp;<\/p>\n","protected":false},"excerpt":{"rendered":"<p>Llars d&#8217;Infants \/ Escoles bressol\u00a0 Escola Bressol\u00a0Municipal Nero Nas C. Londres, 12-18 08914 Badalona Tel. 93 399 45 31 Correu [&hellip;]<\/p>\n","protected":false},"author":1,"featured_media":0,"parent":338,"menu_order":10,"comment_status":"closed","ping_status":"closed","template":"page-templates\/side-menu.php","meta":{"_bbp_topic_count":0,"_bbp_reply_count":0,"_bbp_total_topic_count":0,"_bbp_total_reply_count":0,"_bbp_voice_count":0,"_bbp_anonymous_reply_count":0,"_bbp_topic_count_hidden":0,"_bbp_reply_count_hidden":0,"_bbp_forum_subforum_count":0,"site-sidebar-layout":"default","site-content-layout":"","ast-site-content-layout":"","site-content-style":"default","site-sidebar-style":"default","ast-global-header-display":"","ast-banner-title-visibility":"","ast-main-header-display":"","ast-hfb-above-header-display":"","ast-hfb-below-header-display":"","ast-hfb-mobile-header-display":"","site-post-title":"","ast-breadcrumbs-content":"","ast-featured-img":"","footer-sml-layout":"","theme-transparent-header-meta":"","adv-header-id-meta":"","stick-header-meta":"","header-above-stick-meta":"","header-main-stick-meta":"","header-below-stick-meta":"","astra-migrate-meta-layouts":"default","ast-page-background-enabled":"default","ast-page-background-meta":{"desktop":{"background-color":"var(--ast-global-color-4)","background-image":"","background-repeat":"repeat","background-position":"center center","background-size":"auto","background-attachment":"scroll","background-type":"","background-media":"","overlay-type":"","overlay-color":"","overlay-opacity":"","overlay-gradient":""},"tablet":{"background-color":"","background-image":"","background-repeat":"repeat","background-position":"center center","background-size":"auto","background-attachment":"scroll","background-type":"","background-media":"","overlay-type":"","overlay-color":"","overlay-opacity":"","overlay-gradient":""},"mobile":{"background-color":"","background-image":"","background-repeat":"repeat","background-position":"center center","background-size":"auto","background-attachment":"scroll","background-type":"","background-media":"","overlay-type":"","overlay-color":"","overlay-opacity":"","overlay-gradient":""}},"ast-content-background-meta":{"desktop":{"background-color":"var(--ast-global-color-5)","background-image":"","background-repeat":"repeat","background-position":"center center","background-size":"auto","background-attachment":"scroll","background-type":"","background-media":"","overlay-type":"","overlay-color":"","overlay-opacity":"","overlay-gradient":""},"tablet":{"background-color":"var(--ast-global-color-5)","background-image":"","background-repeat":"repeat","background-position":"center center","background-size":"auto","background-attachment":"scroll","background-type":"","background-media":"","overlay-type":"","overlay-color":"","overlay-opacity":"","overlay-gradient":""},"mobile":{"background-color":"var(--ast-global-color-5)","background-image":"","background-repeat":"repeat","background-position":"center center","background-size":"auto","background-attachment":"scroll","background-type":"","background-media":"","overlay-type":"","overlay-color":"","overlay-opacity":"","overlay-gradient":""}},"footnotes":""},"class_list":["post-377","page","type-page","status-publish","hentry"],"post_mailing_queue_ids":[],"_links":{"self":[{"href":"https:\/\/serveiseducatius.xtec.cat\/badalona\/wp-json\/wp\/v2\/pages\/377","targetHints":{"allow":["GET"]}}],"collection":[{"href":"https:\/\/serveiseducatius.xtec.cat\/badalona\/wp-json\/wp\/v2\/pages"}],"about":[{"href":"https:\/\/serveiseducatius.xtec.cat\/badalona\/wp-json\/wp\/v2\/types\/page"}],"author":[{"embeddable":true,"href":"https:\/\/serveiseducatius.xtec.cat\/badalona\/wp-json\/wp\/v2\/users\/1"}],"replies":[{"embeddable":true,"href":"https:\/\/serveiseducatius.xtec.cat\/badalona\/wp-json\/wp\/v2\/comments?post=377"}],"version-history":[{"count":6,"href":"https:\/\/serveiseducatius.xtec.cat\/badalona\/wp-json\/wp\/v2\/pages\/377\/revisions"}],"predecessor-version":[{"id":23886,"href":"https:\/\/serveiseducatius.xtec.cat\/badalona\/wp-json\/wp\/v2\/pages\/377\/revisions\/23886"}],"up":[{"embeddable":true,"href":"https:\/\/serveiseducatius.xtec.cat\/badalona\/wp-json\/wp\/v2\/pages\/338"}],"wp:attachment":[{"href":"https:\/\/serveiseducatius.xtec.cat\/badalona\/wp-json\/wp\/v2\/media?parent=377"}],"curies":[{"name":"wp","href":"https:\/\/api.w.org\/{rel}","templated":true}]}}