{"id":338,"date":"2015-11-24T18:40:49","date_gmt":"2015-11-24T17:40:49","guid":{"rendered":"http:\/\/serveiseducatius.xtec.cat\/badalona\/?page_id=338"},"modified":"2025-09-01T14:23:40","modified_gmt":"2025-09-01T12:23:40","slug":"centres-educatius","status":"publish","type":"page","link":"https:\/\/serveiseducatius.xtec.cat\/badalona\/comunitat\/centres-educatius\/","title":{"rendered":"Centres educatius"},"content":{"rendered":"<p style=\"text-align: justify;\">A Badalona hi ha un total de 118 centres educatius:<\/p>\n<ul>\n<li style=\"text-align: justify;\">29 Centres p\u00fablics d\u2019educaci\u00f3 infantil i prim\u00e0ria (escoles)<\/li>\n<li style=\"text-align: justify;\">5 Centres 3-16 (instituts-escola)<\/li>\n<li style=\"text-align: justify;\">12 Centres p\u00fablics d\u2019educaci\u00f3 secund\u00e0ria, batxillerat i formaci\u00f3 professional (instituts)<\/li>\n<li>1 Escola d&#8217;arts superior i de disseny p\u00fablica<\/li>\n<li>24 Centres concertats d\u2019educaci\u00f3 prim\u00e0ria i secund\u00e0ria<\/li>\n<li>1 Centre privat d&#8217;educaci\u00f3 postobligat\u00f2ria<\/li>\n<li style=\"text-align: justify;\">3 Centres d\u2019educaci\u00f3 especial municipals<\/li>\n<li style=\"text-align: justify;\">4 Centres de formaci\u00f3 d&#8217;adults<\/li>\n<li style=\"text-align: justify;\">1 Escola oficial d&#8217;idiomes<\/li>\n<li>7 Escoles bressol p\u00fabliques (5 EB municipals i 2 LLA de la Generalitat)<\/li>\n<li style=\"text-align: justify;\">25 Llars d&#8217;infants privades<\/li>\n<li style=\"text-align: justify;\">1 Aula hospital\u00e0ria<\/li>\n<li style=\"text-align: justify;\">2 Escoles municipals de m\u00fasica (Escola de M\u00fasica Moderna i Conservatori Professional)<\/li>\n<\/ul>\n<p>Podeu trobar m\u00e9s informaci\u00f3 en la <strong><a href=\"https:\/\/www.badalona.cat\/ca\/serveis-ajuntament\/educacio-i-formacio\/escolaritzacio\/preinscripcio-escolar-curs-2025-26\/guia-educativa-25_26.pdf\" target=\"_blank\" rel=\"noopener noreferrer\">Guia d&#8217;Informaci\u00f3 Educativa<\/a><\/strong> que elabora l&#8217;Ajuntament de Badalona, aix\u00ed com en el <a href=\"https:\/\/www.badalona.cat\/ca\/serveis-ajuntament\/educacio-i-formacio\/escolaritzacio\/preinscripcio-escolar-curs-2025-26\/planol-guia-educativa-2025-26.pdf\" target=\"_blank\" rel=\"noopener\"><strong>Mapa de les zones educatives<\/strong><\/a> de la ciutat. <a href=\"https:\/\/docs.google.com\/spreadsheets\/d\/1YFzR_QtfZJgnHVXMJbh4uxdm5c7GNROU_icUjUHYh-w\/edit?usp=sharing\" target=\"_blank\" rel=\"noopener\"><strong>Aqu\u00ed<\/strong><\/a> us deixem tamb\u00e9 el llistat de centres de la ciutat, i les seves dades de contacte.<\/p>\n<p><iframe loading=\"lazy\" src=\"https:\/\/drive.google.com\/file\/d\/1z6K4v77cJv2FDxobK91aEpgysdoY-A6-\/preview\" width=\"800\" height=\"430\"><span data-mce-type=\"bookmark\" style=\"display: inline-block; width: 0px; overflow: hidden; line-height: 0;\" class=\"mce_SELRES_start\">\ufeff<\/span><span data-mce-type=\"bookmark\" style=\"display: inline-block; width: 0px; overflow: hidden; line-height: 0;\" class=\"mce_SELRES_start\">\ufeff<\/span><span data-mce-type=\"bookmark\" style=\"display: inline-block; width: 0px; overflow: hidden; line-height: 0;\" class=\"mce_SELRES_start\">\ufeff<\/span><\/iframe><\/p>\n","protected":false},"excerpt":{"rendered":"<p>A Badalona hi ha un total de 118 centres educatius: 29 Centres p\u00fablics d\u2019educaci\u00f3 infantil i prim\u00e0ria (escoles) 5 Centres [&hellip;]<\/p>\n","protected":false},"author":1,"featured_media":0,"parent":341,"menu_order":10,"comment_status":"closed","ping_status":"closed","template":"","meta":{"_bbp_topic_count":0,"_bbp_reply_count":0,"_bbp_total_topic_count":0,"_bbp_total_reply_count":0,"_bbp_voice_count":0,"_bbp_anonymous_reply_count":0,"_bbp_topic_count_hidden":0,"_bbp_reply_count_hidden":0,"_bbp_forum_subforum_count":0,"site-sidebar-layout":"default","site-content-layout":"","ast-site-content-layout":"default","site-content-style":"default","site-sidebar-style":"default","ast-global-header-display":"","ast-banner-title-visibility":"","ast-main-header-display":"","ast-hfb-above-header-display":"","ast-hfb-below-header-display":"","ast-hfb-mobile-header-display":"","site-post-title":"","ast-breadcrumbs-content":"","ast-featured-img":"","footer-sml-layout":"","theme-transparent-header-meta":"default","adv-header-id-meta":"","stick-header-meta":"","header-above-stick-meta":"","header-main-stick-meta":"","header-below-stick-meta":"","astra-migrate-meta-layouts":"set","ast-page-background-enabled":"default","ast-page-background-meta":{"desktop":{"background-color":"var(--ast-global-color-4)","background-image":"","background-repeat":"repeat","background-position":"center center","background-size":"auto","background-attachment":"scroll","background-type":"","background-media":"","overlay-type":"","overlay-color":"","overlay-opacity":"","overlay-gradient":""},"tablet":{"background-color":"","background-image":"","background-repeat":"repeat","background-position":"center center","background-size":"auto","background-attachment":"scroll","background-type":"","background-media":"","overlay-type":"","overlay-color":"","overlay-opacity":"","overlay-gradient":""},"mobile":{"background-color":"","background-image":"","background-repeat":"repeat","background-position":"center center","background-size":"auto","background-attachment":"scroll","background-type":"","background-media":"","overlay-type":"","overlay-color":"","overlay-opacity":"","overlay-gradient":""}},"ast-content-background-meta":{"desktop":{"background-color":"var(--ast-global-color-5)","background-image":"","background-repeat":"repeat","background-position":"center center","background-size":"auto","background-attachment":"scroll","background-type":"","background-media":"","overlay-type":"","overlay-color":"","overlay-opacity":"","overlay-gradient":""},"tablet":{"background-color":"var(--ast-global-color-5)","background-image":"","background-repeat":"repeat","background-position":"center center","background-size":"auto","background-attachment":"scroll","background-type":"","background-media":"","overlay-type":"","overlay-color":"","overlay-opacity":"","overlay-gradient":""},"mobile":{"background-color":"var(--ast-global-color-5)","background-image":"","background-repeat":"repeat","background-position":"center center","background-size":"auto","background-attachment":"scroll","background-type":"","background-media":"","overlay-type":"","overlay-color":"","overlay-opacity":"","overlay-gradient":""}},"footnotes":""},"class_list":["post-338","page","type-page","status-publish","hentry"],"post_mailing_queue_ids":[],"_links":{"self":[{"href":"https:\/\/serveiseducatius.xtec.cat\/badalona\/wp-json\/wp\/v2\/pages\/338","targetHints":{"allow":["GET"]}}],"collection":[{"href":"https:\/\/serveiseducatius.xtec.cat\/badalona\/wp-json\/wp\/v2\/pages"}],"about":[{"href":"https:\/\/serveiseducatius.xtec.cat\/badalona\/wp-json\/wp\/v2\/types\/page"}],"author":[{"embeddable":true,"href":"https:\/\/serveiseducatius.xtec.cat\/badalona\/wp-json\/wp\/v2\/users\/1"}],"replies":[{"embeddable":true,"href":"https:\/\/serveiseducatius.xtec.cat\/badalona\/wp-json\/wp\/v2\/comments?post=338"}],"version-history":[{"count":7,"href":"https:\/\/serveiseducatius.xtec.cat\/badalona\/wp-json\/wp\/v2\/pages\/338\/revisions"}],"predecessor-version":[{"id":25638,"href":"https:\/\/serveiseducatius.xtec.cat\/badalona\/wp-json\/wp\/v2\/pages\/338\/revisions\/25638"}],"up":[{"embeddable":true,"href":"https:\/\/serveiseducatius.xtec.cat\/badalona\/wp-json\/wp\/v2\/pages\/341"}],"wp:attachment":[{"href":"https:\/\/serveiseducatius.xtec.cat\/badalona\/wp-json\/wp\/v2\/media?parent=338"}],"curies":[{"name":"wp","href":"https:\/\/api.w.org\/{rel}","templated":true}]}}