{"id":3000,"date":"2016-07-06T10:08:02","date_gmt":"2016-07-06T09:08:02","guid":{"rendered":"http:\/\/serveiseducatius.xtec.cat\/badalona\/?page_id=3000"},"modified":"2017-02-06T16:57:46","modified_gmt":"2017-02-06T15:57:46","slug":"cataleg-del-crp-ciutat-de-badalona-al-merli","status":"publish","type":"page","link":"https:\/\/serveiseducatius.xtec.cat\/badalona\/recursos\/cataleg-del-crp-ciutat-de-badalona-al-merli\/","title":{"rendered":"Cat\u00e0leg del CRP Ciutat de Badalona al Merl\u00ed"},"content":{"rendered":"<header class=\"entry-header\">\n<p class=\"entry-title\">En aquest cat\u00e0leg hi trobareu tots aquells recursos f\u00edsics catalogats que el CRP Ciutat de Badalona t\u00e9 en servei de pr\u00e9stec, incloses les maletes pedag\u00f2giques. Tamb\u00e9 hi podreu trobar tots aquells recursos en l\u00ednia que cont\u00e9 el <a href=\"http:\/\/merli.xtec.cat\/merli\/cerca\/directoriInicial.jsp\" target=\"_blank\">Cat\u00e0leg de Recursos Educatius Merl\u00ed<\/a>.<\/p>\n<p class=\"entry-title\"><a href=\"https:\/\/www.google.es\/url?sa=t&amp;rct=j&amp;q=&amp;esrc=s&amp;source=web&amp;cd=1&amp;cad=rja&amp;uact=8&amp;ved=0ahUKEwi0tMvw7vvRAhVFPBoKHWG8Br8QFggbMAA&amp;url=http%3A%2F%2Fmerli.xtec.cat%2F&amp;usg=AFQjCNH75Rz-uFIdkDjbggSKEkNgjHF1cQ\" target=\"_blank\"><img loading=\"lazy\" decoding=\"async\" class=\"alignnone\" src=\"https:\/\/userscontent2.emaze.com\/images\/3df4b486-c1b8-4cdd-afe5-77e18a349fb7\/8164b778-a77e-43eb-8ea7-8d3c6cefdd2c.png\" width=\"163\" height=\"33\" \/><\/a><\/p>\n<\/header>\n<p>El cat\u00e0leg est\u00e0 organitzat per nivell educatius, \u00e0rees i mat\u00e8ries. En seleccionar\u00a0un nivell educatiu i una \u00e0rea o mat\u00e8ria (per a recursos f\u00edsics o en l\u00ednia), s&#8217;obrir\u00e0 una p\u00e0gina del Merl\u00ed on hi apareixeran nom\u00e9s la selecci\u00f3 de recursos disponibles al nostre CRP.<\/p>\n<div class=\"entry-content\">\n<ul>\n<li><a href=\"http:\/\/serveiseducatius.xtec.cat\/badalona\/recursos\/cataleg-del-crp-ciutat-de-badalona-al-merli\/cataleg-educacio-infantil\/\">Cat\u00e0leg d\u2019Educaci\u00f3 Infantil<\/a><\/li>\n<li><a href=\"http:\/\/serveiseducatius.xtec.cat\/badalona\/recursos\/cataleg-del-crp-ciutat-de-badalona-al-merli\/cataleg-educacio-primaria\/\">Cat\u00e0leg d\u2019Educaci\u00f3 Prim\u00e0ria<\/a><\/li>\n<li><a href=\"http:\/\/serveiseducatius.xtec.cat\/badalona\/recursos\/cataleg-del-crp-ciutat-de-badalona-al-merli\/cataleg-educacio-secundaria-obligatoria\/\">Cat\u00e0leg d\u2019Educaci\u00f3 Secund\u00e0ria Obligat\u00f2ria<\/a><\/li>\n<li><a href=\"http:\/\/serveiseducatius.xtec.cat\/badalona\/recursos\/cataleg-del-crp-ciutat-de-badalona-al-merli\/cataleg-batxillerat\/\">Cat\u00e0leg de Batxillerat<\/a><\/li>\n<li><a href=\"http:\/\/serveiseducatius.xtec.cat\/badalona\/recursos\/cataleg-del-crp-ciutat-de-badalona-al-merli\/cataleg-per-ambits-tematics\/\">Cat\u00e0leg per \u00e0mbits tem\u00e0tics<\/a><\/li>\n<\/ul>\n<\/div>\n","protected":false},"excerpt":{"rendered":"<p>En aquest cat\u00e0leg hi trobareu tots aquells recursos f\u00edsics catalogats que el CRP Ciutat de Badalona t\u00e9 en servei de [&hellip;]<\/p>\n","protected":false},"author":1,"featured_media":0,"parent":906,"menu_order":0,"comment_status":"closed","ping_status":"closed","template":"","meta":{"_bbp_topic_count":0,"_bbp_reply_count":0,"_bbp_total_topic_count":0,"_bbp_total_reply_count":0,"_bbp_voice_count":0,"_bbp_anonymous_reply_count":0,"_bbp_topic_count_hidden":0,"_bbp_reply_count_hidden":0,"_bbp_forum_subforum_count":0,"site-sidebar-layout":"default","site-content-layout":"","ast-site-content-layout":"","site-content-style":"default","site-sidebar-style":"default","ast-global-header-display":"","ast-banner-title-visibility":"","ast-main-header-display":"","ast-hfb-above-header-display":"","ast-hfb-below-header-display":"","ast-hfb-mobile-header-display":"","site-post-title":"","ast-breadcrumbs-content":"","ast-featured-img":"","footer-sml-layout":"","theme-transparent-header-meta":"","adv-header-id-meta":"","stick-header-meta":"","header-above-stick-meta":"","header-main-stick-meta":"","header-below-stick-meta":"","astra-migrate-meta-layouts":"default","ast-page-background-enabled":"default","ast-page-background-meta":{"desktop":{"background-color":"var(--ast-global-color-4)","background-image":"","background-repeat":"repeat","background-position":"center center","background-size":"auto","background-attachment":"scroll","background-type":"","background-media":"","overlay-type":"","overlay-color":"","overlay-opacity":"","overlay-gradient":""},"tablet":{"background-color":"","background-image":"","background-repeat":"repeat","background-position":"center center","background-size":"auto","background-attachment":"scroll","background-type":"","background-media":"","overlay-type":"","overlay-color":"","overlay-opacity":"","overlay-gradient":""},"mobile":{"background-color":"","background-image":"","background-repeat":"repeat","background-position":"center center","background-size":"auto","background-attachment":"scroll","background-type":"","background-media":"","overlay-type":"","overlay-color":"","overlay-opacity":"","overlay-gradient":""}},"ast-content-background-meta":{"desktop":{"background-color":"var(--ast-global-color-5)","background-image":"","background-repeat":"repeat","background-position":"center center","background-size":"auto","background-attachment":"scroll","background-type":"","background-media":"","overlay-type":"","overlay-color":"","overlay-opacity":"","overlay-gradient":""},"tablet":{"background-color":"var(--ast-global-color-5)","background-image":"","background-repeat":"repeat","background-position":"center center","background-size":"auto","background-attachment":"scroll","background-type":"","background-media":"","overlay-type":"","overlay-color":"","overlay-opacity":"","overlay-gradient":""},"mobile":{"background-color":"var(--ast-global-color-5)","background-image":"","background-repeat":"repeat","background-position":"center center","background-size":"auto","background-attachment":"scroll","background-type":"","background-media":"","overlay-type":"","overlay-color":"","overlay-opacity":"","overlay-gradient":""}},"footnotes":""},"class_list":["post-3000","page","type-page","status-publish","hentry"],"post_mailing_queue_ids":[],"_links":{"self":[{"href":"https:\/\/serveiseducatius.xtec.cat\/badalona\/wp-json\/wp\/v2\/pages\/3000","targetHints":{"allow":["GET"]}}],"collection":[{"href":"https:\/\/serveiseducatius.xtec.cat\/badalona\/wp-json\/wp\/v2\/pages"}],"about":[{"href":"https:\/\/serveiseducatius.xtec.cat\/badalona\/wp-json\/wp\/v2\/types\/page"}],"author":[{"embeddable":true,"href":"https:\/\/serveiseducatius.xtec.cat\/badalona\/wp-json\/wp\/v2\/users\/1"}],"replies":[{"embeddable":true,"href":"https:\/\/serveiseducatius.xtec.cat\/badalona\/wp-json\/wp\/v2\/comments?post=3000"}],"version-history":[{"count":3,"href":"https:\/\/serveiseducatius.xtec.cat\/badalona\/wp-json\/wp\/v2\/pages\/3000\/revisions"}],"predecessor-version":[{"id":6351,"href":"https:\/\/serveiseducatius.xtec.cat\/badalona\/wp-json\/wp\/v2\/pages\/3000\/revisions\/6351"}],"up":[{"embeddable":true,"href":"https:\/\/serveiseducatius.xtec.cat\/badalona\/wp-json\/wp\/v2\/pages\/906"}],"wp:attachment":[{"href":"https:\/\/serveiseducatius.xtec.cat\/badalona\/wp-json\/wp\/v2\/media?parent=3000"}],"curies":[{"name":"wp","href":"https:\/\/api.w.org\/{rel}","templated":true}]}}