{"id":2802,"date":"2015-01-30T11:36:39","date_gmt":"2015-01-30T10:36:39","guid":{"rendered":"http:\/\/serveiseducatius.xtec.cat\/badalona\/intraweb\/tallers-de-matematiques-curs-2014-2015\/"},"modified":"2016-09-14T16:20:22","modified_gmt":"2016-09-14T15:20:22","slug":"tallers-de-matematiques-curs-2014-2015","status":"publish","type":"page","link":"https:\/\/serveiseducatius.xtec.cat\/badalona\/activitats\/pla-de-formacio-de-zona-pfz\/hem-fet\/tallers-de-matematiques-curs-2014-2015\/","title":{"rendered":"Tallers de matem\u00e0tiques. Curs 2014-2015"},"content":{"rendered":"<p>&nbsp;<\/p>\n<table class=\" htmtableborders\" style=\"display: table; width: 746px;\" border=\"0\">\n<tbody>\n<tr>\n<td colspan=\"5\">&nbsp;<\/td>\n<\/tr>\n<tr>\n<td colspan=\"5\"><span style=\"font-size: 18px;\"><span style=\"font-family: verdana,geneva,sans-serif;\"><strong><span style=\"color: #ff8c00;\">Tallers de Matem\u00e0tiques (Editorial Barcanova i CRP de Badalona)<\/span><\/strong><\/span><\/span><\/td>\n<\/tr>\n<tr>\n<td colspan=\"5\"><span style=\"font-size: 16px;\"><span style=\"color: #0000ff;\"><span style=\"font-family: verdana,geneva,sans-serif;\"><strong>Taller d&#8217;Educaci\u00f3 Infantil\u00a0<\/strong><\/span><\/span><\/span><\/td>\n<\/tr>\n<tr>\n<td colspan=\"5\"><span style=\"font-size: 14px;\"><span style=\"font-family: verdana,geneva,sans-serif;\"><strong>Sessi\u00f3 1: 29 de gener<\/strong><\/span><\/span><\/td>\n<\/tr>\n<tr>\n<td colspan=\"5\"><span style=\"font-size: 14px;\"><span style=\"font-family: verdana,geneva,sans-serif;\">&#8211; Rosa Maria Terradellas de la UdG, Facultat d&#8217;Educaci\u00f3 i Psicologia, Pedagogia. (<a href=\"https:\/\/drive.google.com\/file\/d\/0B8iO_h_UisQhdVBfR1g4ODd2ekk\/view?usp=sharing\" target=\"_blank\"><strong>Presentaci\u00f3<\/strong><\/a>)<\/span><\/span><\/td>\n<\/tr>\n<tr>\n<td colspan=\"4\"><span style=\"font-size: 14px;\"><span style=\"font-family: verdana,geneva,sans-serif;\"><strong>Sessi\u00f3 2: 05 de febrer<\/strong><\/span><\/span><\/td>\n<\/tr>\n<tr>\n<td colspan=\"5\"><span style=\"font-size: 14px;\"><span style=\"font-family: verdana,geneva,sans-serif;\"><strong>Experi\u00e8ncies de centres<\/strong><\/span><\/span><\/td>\n<\/tr>\n<tr>\n<td colspan=\"5\"><span style=\"font-size: 14px;\"><span style=\"font-family: verdana,geneva,sans-serif;\">&#8211; Ana Bel\u00e9n Gonz\u00e1lez i Judit Torns de la .Llar Nero Nas (<strong><a href=\"https:\/\/drive.google.com\/open?id=0B8iO_h_UisQhVXpCVk12THhHY28&amp;authuser=0\" target=\"_blank\">Presentaci\u00f3<\/a><\/strong>)<\/span><\/span><\/td>\n<\/tr>\n<tr>\n<td colspan=\"5\"><span style=\"font-size: 14px;\"><span style=\"font-family: verdana,geneva,sans-serif;\">&#8211; Rosa Maria Canals del Col\u00b7legi Maristes Champagnat (<strong><a href=\"https:\/\/drive.google.com\/open?id=0B8iO_h_UisQhVGV2YnY5SUIxX1U&amp;authuser=0\" target=\"_blank\">Presentaci\u00f3<\/a><\/strong>)<\/span><\/span><\/td>\n<\/tr>\n<tr>\n<td colspan=\"5\"><span style=\"font-size: 14px;\"><span style=\"font-family: verdana,geneva,sans-serif;\">&#8211; Aida Jurado i Yolanda Luna de l&#8217;Escola Antoni Botey (<strong><a href=\"https:\/\/prezi.com\/lxotwahamdqp\/copy-of-els-nostres-racons\/?utm_campaign=share&amp;utm_medium=copy\" target=\"_blank\">Presentaci\u00f3<\/a><\/strong>)<\/span><\/span><\/td>\n<\/tr>\n<tr>\n<td colspan=\"5\"><span style=\"font-size: 14px;\"><span style=\"font-family: verdana,geneva,sans-serif;\">&#8211; Elisabet Amor\u00f3s Albesa de la Llar el Gavot de Vilanova i la Geltr\u00fa (<strong>Presentaci\u00f3<\/strong>)<\/span><\/span><\/td>\n<\/tr>\n<tr>\n<td colspan=\"5\">\n<blockquote><p><span style=\"font-size: 14px;\"><span style=\"font-family: verdana,geneva,sans-serif;\">Portes obertes a les Escoles Bressol: <strong><a href=\"http:\/\/www.fmrp.cat\/inici\/40\/portes-obertes-a-les-escoles-bressol\" target=\"_blank\">Reculls d&#8217;experi\u00e8ncies <\/a><\/strong><br \/>\nPresentacions: <strong><a href=\"https:\/\/drive.google.com\/file\/d\/0B8iO_h_UisQhYWhJUmh3VUZYbHc\/view?usp=sharing\" target=\"_blank\">Recull 1-15<\/a><\/strong>, <strong><a href=\"https:\/\/drive.google.com\/file\/d\/0B8iO_h_UisQhdG42bzNtUWlFNjA\/view?usp=sharing\" target=\"_blank\">Recull 16-30<\/a><\/strong><br \/>\nWebs recomanades: <a href=\"http:\/\/06garraf.wordpress.com\/\" target=\"_blank\"><strong>Xarxa 0-6 Garraf<\/strong><\/a>, <a href=\"http:\/\/www.elsafareig.org\/\" target=\"_blank\"><strong>El safareig<\/strong><\/a>, <a href=\"http:\/\/www.xtec.cat\/web\/curriculum\/infantil\" target=\"_blank\"><strong>Experi\u00e8ncies infantil XTEC<\/strong><\/a>, <a href=\"http:\/\/www.xtec.cat\/web\/recursos\/edinfantil\" target=\"_blank\"><strong>Recursos infantil XTEC<\/strong><\/a><br \/>\nMaleta Expressart. Veure <a href=\"index.php?module=pagines&amp;func=display&amp;pageid=32\" target=\"_blank\"><strong>maletes pedag\u00f2giques CRP de Badalona<\/strong><\/a> <\/span><\/span><\/p><\/blockquote>\n<\/td>\n<\/tr>\n<tr>\n<td colspan=\"5\"><span style=\"font-size: 14px;\"><span style=\"font-family: verdana,geneva,sans-serif;\"><strong>Sessi\u00f3 3: 12 de febrer<\/strong><\/span><\/span><\/td>\n<\/tr>\n<tr>\n<td colspan=\"5\"><span style=\"font-size: 14px;\"><span style=\"font-family: verdana,geneva,sans-serif;\">&#8211; Elisabeth Coloma, Anna Nadal i Anna Sarr\u00e0: mestres de l&#8217;escola el Bosc de la Pabordia (<strong><a href=\"https:\/\/drive.google.com\/file\/d\/0B8iO_h_UisQhMUh0cHJHVWYtdnc\/view?usp=sharing\" target=\"_blank\">Presentaci\u00f3<\/a><\/strong>)<\/span><\/span><\/td>\n<\/tr>\n<tr>\n<td colspan=\"5\"><span style=\"font-size: 14px;\"><span style=\"font-family: verdana,geneva,sans-serif;\"><strong>Intercanvi d&#8217;experi\u00e8ncies <\/strong><\/span><\/span><\/td>\n<\/tr>\n<tr>\n<td colspan=\"5\"><span style=\"font-size: 14px;\"><span style=\"font-family: verdana,geneva,sans-serif;\">&#8211; <a href=\"https:\/\/docs.google.com\/forms\/d\/1oR4Cnyb0RBqEn8gTD1v-7UJmQQ1xkHw-ny7WLIripao\/viewform?usp=send_form\" target=\"_blank\"><strong>Envia&#8217;ns la teva experi\u00e8ncia<\/strong><\/a><\/span><\/span><\/td>\n<\/tr>\n<tr>\n<td colspan=\"5\"><span style=\"font-size: 14px;\"><span style=\"font-family: verdana,geneva,sans-serif;\">&#8211; <a href=\"https:\/\/drive.google.com\/folderview?id=0B8iO_h_UisQhfldUTFZPVjBZOTV4czJYZDloQzY1SUQ1eUstWWdaZGxyamxQZWYwNmxGZjg&amp;usp=sharing\" target=\"_blank\"><strong>Consulta les experi\u00e8ncies trameses<\/strong><\/a> (envia&#8217;ns imatges de l&#8217;experi\u00e8ncia al <a href=\"a8930002@xtec.cat\" target=\"_blank\"><strong>correu del crp<\/strong><\/a>)<\/span><\/span><\/td>\n<\/tr>\n<tr>\n<td colspan=\"5\"><span style=\"font-size: 14px;\"><span style=\"font-family: verdana,geneva,sans-serif;\">&#8211; <a href=\"https:\/\/drive.google.com\/file\/d\/0B8iO_h_UisQhbnhISnRza0Q3UEk\/view?usp=sharing\" target=\"_blank\"><strong>Figures geom\u00e8tiques &#8211; Notebook (PDI)<\/strong><\/a> ESC Catalunya<\/span><\/span><\/td>\n<\/tr>\n<tr>\n<td colspan=\"5\"><span style=\"font-size: 14px;\"><span style=\"font-family: verdana,geneva,sans-serif;\"><strong>Bibliografia recomanada<\/strong><\/span><\/span><\/td>\n<\/tr>\n<tr>\n<td colspan=\"5\"><span style=\"font-size: 14px;\"><span style=\"font-family: verdana,geneva,sans-serif;\">&#8211; <strong><a href=\"http:\/\/aplitic.xtec.cat\/merli\/ServletCerca?textCerca=&amp;unitatCerca=8930002&amp;userGeneric=&amp;destinatariCerca=&amp;keywords=Matem%C3%A0tiques&amp;dataFinalPublicacio=&amp;cicle=-1&amp;idiomaCerca=&amp;nivell_educatiu=2215&amp;inxtec=0&amp;tipus=completa&amp;nomUsuari=null&amp;novaCerca=si&amp;recursFisic=F%C3%ADsic&amp;editorialCerca=&amp;nivell=0&amp;formatRecurs=&amp;dataIniciPublicacio=&amp;sheetId=&amp;autorCerca=&amp;llicenciaCerca=&amp;area_curricular=-1&amp;ordenacio=&amp;lang=ca\" target=\"_blank\">Disponible a la Mediateca del Servei Educatiu<\/a><\/strong><\/span><\/span><\/td>\n<\/tr>\n<\/tbody>\n<\/table>\n<table class=\" htmtableborders\" style=\"display: table; width: 746px;\" border=\"0\">\n<tbody>\n<tr>\n<td colspan=\"5\">\n<hr \/>\n<p><span style=\"color: #0000ff;\"><span style=\"font-size: 16px;\"><span style=\"font-family: verdana,geneva,sans-serif;\"><strong>Taller d&#8217;Educaci\u00f3 Prim\u00e0ria<\/strong><\/span><\/span><\/span><\/td>\n<\/tr>\n<tr>\n<td colspan=\"5\"><span style=\"font-size: 14px;\"><span style=\"font-family: verdana,geneva,sans-serif;\"><strong>Sessi\u00f3 1: 18 de febrer<\/strong><\/span><\/span><\/td>\n<\/tr>\n<tr>\n<td colspan=\"5\"><span style=\"font-size: 14px;\"><span style=\"font-family: verdana,geneva,sans-serif;\">&#8211; Jordi Deulofeu. Professor Did\u00e0ctica de la Matem\u00e0tica i de les Ci\u00e8ncies Experimentals de la UAB (<a href=\"https:\/\/drive.google.com\/file\/d\/0B8iO_h_UisQhdDNKWVdlNV9Xa2M\/view?usp=sharing\" target=\"_blank\"><strong>Presentaci\u00f3<\/strong><\/a>)<\/span><\/span><\/td>\n<\/tr>\n<tr>\n<td colspan=\"4\"><span style=\"font-size: 14px;\"><span style=\"font-family: verdana,geneva,sans-serif;\"><strong>Sessi\u00f3 2: 24 de febrer<\/strong><\/span><\/span><\/td>\n<\/tr>\n<tr>\n<td colspan=\"5\"><span style=\"font-size: 14px;\"><span style=\"font-family: verdana,geneva,sans-serif;\">&#8211; David Barba\u00a0 (<strong><a href=\"https:\/\/drive.google.com\/file\/d\/0B8iO_h_UisQhMFpUUkpzUGtWZEk\/view?usp=sharing\" target=\"_blank\">Presentaci\u00f3<\/a><\/strong>)<\/span><\/span><\/td>\n<\/tr>\n<tr>\n<td colspan=\"5\"><span style=\"font-size: 14px;\"><span style=\"font-family: verdana,geneva,sans-serif;\"><strong>Sessi\u00f3 3: 04 de mar\u00e7<\/strong><\/span><\/span><\/td>\n<\/tr>\n<tr>\n<td colspan=\"5\"><span style=\"font-size: 14px;\"><span style=\"font-family: verdana,geneva,sans-serif;\"><strong>Experi\u00e8ncies de centres<\/strong><\/span><\/span><\/td>\n<\/tr>\n<tr>\n<td colspan=\"5\"><span style=\"font-size: 14px;\"><span style=\"font-family: verdana,geneva,sans-serif;\">&#8211; Carme Mart\u00ednez de l&#8217;Escola Artur Martorell (<a href=\"https:\/\/prezi.com\/lpajsl54oi4w\/jocs-matematics\/\" target=\"_blank\"><strong>Presentaci\u00f3<\/strong><\/a>)<\/span><\/span><\/td>\n<\/tr>\n<tr>\n<td colspan=\"5\"><span style=\"font-size: 14px;\"><span style=\"font-family: verdana,geneva,sans-serif;\">&#8211; Sara Chinchilla i Asunci\u00f3n Mart\u00ed de l&#8217;Escola Antoni Botey (<a href=\"http:\/\/prezi.com\/oss5y4xy2roy\/?utm_campaign=share&amp;utm_medium=copy\" target=\"_blank\"><strong>Presentaci\u00f3<\/strong><\/a>)<\/span><\/span><\/p>\n<div style=\"margin-left: 40px;\"><span style=\"font-size: 14px;\"><span style=\"font-family: verdana,geneva,sans-serif;\">&#8211; <strong><a href=\"https:\/\/drive.google.com\/open?id=0B8iO_h_UisQhRHdnbzZ0TC1XNjA&amp;authuser=0\" target=\"_blank\">Taller de problemes (V\u00eddeo)<\/a>\u00a0<\/strong> ESC Antoni Botey<\/span><\/span>\n<\/div>\n<\/td>\n<\/tr>\n<tr>\n<td colspan=\"5\"><span style=\"font-size: 14px;\"><span style=\"font-family: verdana,geneva,sans-serif;\"><strong>Sessi\u00f3 4: 11 de mar\u00e7<\/strong><\/span><\/span><\/td>\n<\/tr>\n<tr>\n<td colspan=\"5\"><span style=\"font-size: 14px;\"><span style=\"font-family: verdana,geneva,sans-serif;\">&#8211; Francesc Xavier Alegria i Luc\u00eda Cabello (Presentaci\u00f3 &#8220;<a href=\"https:\/\/drive.google.com\/open?id=0B8iO_h_UisQhSW1MUGcyd1k1YUE&amp;authuser=0\" target=\"_blank\"><strong>Resoluci\u00f3 de problemes<\/strong><\/a>&#8220;, Presentaci\u00f3 &#8220;<a href=\"https:\/\/drive.google.com\/open?id=0B8iO_h_UisQhNEY0RDNFT3dqb28&amp;authuser=0\" target=\"_blank\"><strong>Del prisma a la pir\u00e0mide<\/strong><\/a>&#8220;)<\/span><\/span><\/td>\n<\/tr>\n<tr>\n<td colspan=\"5\"><span style=\"font-size: 14px;\"><span style=\"font-family: verdana,geneva,sans-serif;\"><strong>Intercanvi d&#8217;experi\u00e8ncies <\/strong><\/span><\/span><\/td>\n<\/tr>\n<tr>\n<td colspan=\"5\"><span style=\"font-size: 14px;\"><span style=\"font-family: verdana,geneva,sans-serif;\">&#8211; <a href=\"https:\/\/docs.google.com\/forms\/d\/1EHbUzl7-Fz11rkjCK_h91MP1zYGkaczCc0AJlZPwHek\/viewform?usp=send_form\" target=\"_blank\"><strong>Envia&#8217;ns la teva experi\u00e8ncia<\/strong><\/a><\/span><\/span><\/td>\n<\/tr>\n<tr>\n<td colspan=\"5\"><span style=\"font-size: 14px;\"><span style=\"font-family: verdana,geneva,sans-serif;\">&#8211; <a href=\"https:\/\/drive.google.com\/folderview?id=0B8iO_h_UisQhfjM1RjRnLThGQlZZZXJPRF80eDctZXRHblQyU2hNTUlfNDFINDJfUU9oV1U&amp;usp=sharing\" target=\"_blank\"><strong>Consulta les experi\u00e8ncies trameses<\/strong><\/a> (envia&#8217;ns imatges de l&#8217;experi\u00e8ncia al <a href=\"a8930002@xtec.cat\" target=\"_blank\"><strong>correu del crp<\/strong><\/a>)<\/span><\/span><\/td>\n<\/tr>\n<tr>\n<td colspan=\"5\"><span style=\"font-size: 14px;\"><span style=\"font-family: verdana,geneva,sans-serif;\"><strong>Bibliografia recomanada<\/strong><\/span><\/span><\/td>\n<\/tr>\n<tr>\n<td colspan=\"5\"><span style=\"font-size: 14px;\"><span style=\"font-family: verdana,geneva,sans-serif;\">&#8211; <strong><a href=\"http:\/\/aplitic.xtec.cat\/merli\/ServletCerca?textCerca=&amp;unitatCerca=8930002&amp;userGeneric=&amp;destinatariCerca=&amp;keywords=Matem%C3%A0tiques&amp;dataFinalPublicacio=&amp;cicle=-1&amp;idiomaCerca=&amp;nivell_educatiu=2219&amp;inxtec=0&amp;tipus=completa&amp;nomUsuari=null&amp;novaCerca=si&amp;recursFisic=F%C3%ADsic&amp;editorialCerca=&amp;nivell=0&amp;formatRecurs=&amp;dataIniciPublicacio=&amp;recursOnline=En%20l%C3%ADnia&amp;sheetId=&amp;autorCerca=&amp;llicenciaCerca=&amp;area_curricular=2259&amp;ordenacio=&amp;lang=ca\" target=\"_blank\">Disponible a la Mediateca del Servei Educatiu<\/a><\/strong><\/span><\/span><\/td>\n<\/tr>\n<\/tbody>\n<\/table>\n<p>&nbsp;<\/p>\n<p>&nbsp;<\/p>\n","protected":false},"excerpt":{"rendered":"<p>&nbsp; &nbsp; Tallers de Matem\u00e0tiques (Editorial Barcanova i CRP de Badalona) Taller d&#8217;Educaci\u00f3 Infantil\u00a0 Sessi\u00f3 1: 29 de gener &#8211; [&hellip;]<\/p>\n","protected":false},"author":1,"featured_media":0,"parent":4536,"menu_order":0,"comment_status":"closed","ping_status":"closed","template":"page-templates\/side-menu.php","meta":{"_bbp_topic_count":0,"_bbp_reply_count":0,"_bbp_total_topic_count":0,"_bbp_total_reply_count":0,"_bbp_voice_count":0,"_bbp_anonymous_reply_count":0,"_bbp_topic_count_hidden":0,"_bbp_reply_count_hidden":0,"_bbp_forum_subforum_count":0,"site-sidebar-layout":"default","site-content-layout":"","ast-site-content-layout":"","site-content-style":"default","site-sidebar-style":"default","ast-global-header-display":"","ast-banner-title-visibility":"","ast-main-header-display":"","ast-hfb-above-header-display":"","ast-hfb-below-header-display":"","ast-hfb-mobile-header-display":"","site-post-title":"","ast-breadcrumbs-content":"","ast-featured-img":"","footer-sml-layout":"","theme-transparent-header-meta":"","adv-header-id-meta":"","stick-header-meta":"","header-above-stick-meta":"","header-main-stick-meta":"","header-below-stick-meta":"","astra-migrate-meta-layouts":"default","ast-page-background-enabled":"default","ast-page-background-meta":{"desktop":{"background-color":"var(--ast-global-color-4)","background-image":"","background-repeat":"repeat","background-position":"center center","background-size":"auto","background-attachment":"scroll","background-type":"","background-media":"","overlay-type":"","overlay-color":"","overlay-opacity":"","overlay-gradient":""},"tablet":{"background-color":"","background-image":"","background-repeat":"repeat","background-position":"center center","background-size":"auto","background-attachment":"scroll","background-type":"","background-media":"","overlay-type":"","overlay-color":"","overlay-opacity":"","overlay-gradient":""},"mobile":{"background-color":"","background-image":"","background-repeat":"repeat","background-position":"center center","background-size":"auto","background-attachment":"scroll","background-type":"","background-media":"","overlay-type":"","overlay-color":"","overlay-opacity":"","overlay-gradient":""}},"ast-content-background-meta":{"desktop":{"background-color":"var(--ast-global-color-5)","background-image":"","background-repeat":"repeat","background-position":"center center","background-size":"auto","background-attachment":"scroll","background-type":"","background-media":"","overlay-type":"","overlay-color":"","overlay-opacity":"","overlay-gradient":""},"tablet":{"background-color":"var(--ast-global-color-5)","background-image":"","background-repeat":"repeat","background-position":"center center","background-size":"auto","background-attachment":"scroll","background-type":"","background-media":"","overlay-type":"","overlay-color":"","overlay-opacity":"","overlay-gradient":""},"mobile":{"background-color":"var(--ast-global-color-5)","background-image":"","background-repeat":"repeat","background-position":"center center","background-size":"auto","background-attachment":"scroll","background-type":"","background-media":"","overlay-type":"","overlay-color":"","overlay-opacity":"","overlay-gradient":""}},"footnotes":""},"class_list":["post-2802","page","type-page","status-publish","hentry"],"post_mailing_queue_ids":[],"_links":{"self":[{"href":"https:\/\/serveiseducatius.xtec.cat\/badalona\/wp-json\/wp\/v2\/pages\/2802","targetHints":{"allow":["GET"]}}],"collection":[{"href":"https:\/\/serveiseducatius.xtec.cat\/badalona\/wp-json\/wp\/v2\/pages"}],"about":[{"href":"https:\/\/serveiseducatius.xtec.cat\/badalona\/wp-json\/wp\/v2\/types\/page"}],"author":[{"embeddable":true,"href":"https:\/\/serveiseducatius.xtec.cat\/badalona\/wp-json\/wp\/v2\/users\/1"}],"replies":[{"embeddable":true,"href":"https:\/\/serveiseducatius.xtec.cat\/badalona\/wp-json\/wp\/v2\/comments?post=2802"}],"version-history":[{"count":2,"href":"https:\/\/serveiseducatius.xtec.cat\/badalona\/wp-json\/wp\/v2\/pages\/2802\/revisions"}],"predecessor-version":[{"id":4559,"href":"https:\/\/serveiseducatius.xtec.cat\/badalona\/wp-json\/wp\/v2\/pages\/2802\/revisions\/4559"}],"up":[{"embeddable":true,"href":"https:\/\/serveiseducatius.xtec.cat\/badalona\/wp-json\/wp\/v2\/pages\/4536"}],"wp:attachment":[{"href":"https:\/\/serveiseducatius.xtec.cat\/badalona\/wp-json\/wp\/v2\/media?parent=2802"}],"curies":[{"name":"wp","href":"https:\/\/api.w.org\/{rel}","templated":true}]}}