{"id":2801,"date":"2014-12-17T13:46:03","date_gmt":"2014-12-17T12:46:03","guid":{"rendered":"http:\/\/serveiseducatius.xtec.cat\/badalona\/intraweb\/1a-jornada-0-3\/"},"modified":"2016-09-14T12:06:47","modified_gmt":"2016-09-14T11:06:47","slug":"1a-jornada-0-3","status":"publish","type":"page","link":"https:\/\/serveiseducatius.xtec.cat\/badalona\/activitats\/pla-de-formacio-de-zona-pfz\/hem-fet\/1a-jornada-0-3\/","title":{"rendered":"1a Jornada 0-3"},"content":{"rendered":"<table class=\" htmtableborders\" style=\"display: table; width: 725px;\" border=\"0\">\n<tbody>\n<tr>\n<td colspan=\"2\">&nbsp;<\/p>\n<p><strong><img decoding=\"async\" style=\"float: left;\" src=\"http:\/\/serveiseducatius.xtec.cat\/badalona\/wp-content\/uploads\/usu1088\/2016\/07\/titol.jpg\" \/><\/strong><\/p>\n<p><strong>Av\/ del Maresme, 192-212 \u00b7 08915 Badalona<\/strong><strong> <span style=\"color: #ffffff;\">* <\/span><a title=\"Com arribar-hi\" href=\"https:\/\/www.google.com\/maps\/d\/viewer?oe=UTF8&amp;source=embed&amp;ie=UTF8&amp;om=1&amp;msa=0&amp;mid=zipWBfMnKXas.k3R50HHqjbTI\" target=\"_blank\">Com arribar-hi<\/a><\/strong><br \/>\n<strong>Badalona, 18 d&#8217;abril de 2015<\/strong><\/td>\n<\/tr>\n<tr>\n<td><img decoding=\"async\" style=\"height: 400px;\" src=\"http:\/\/serveiseducatius.xtec.cat\/badalona\/wp-content\/uploads\/usu1088\/2016\/07\/boletes.jpg\" \/><\/td>\n<td><span style=\"font-size: 12px;\"><span style=\"font-family: verdana,geneva,sans-serif;\">Des del Pla de formaci\u00f3 del professorat de Badalona s&#8217;ha considerat oport\u00fa impulsar l&#8217;organitzaci\u00f3 d&#8217;una Jornada per i amb les educadores i educadors de les escoles bressol i llars d&#8217;infants amb l&#8217;objectiu de continuar millorant l&#8217;acci\u00f3 educativa adre\u00e7ada als nens i nenes de 0 a 3 anys. Aquesta jornada vol afavorir el coneixement i el debat a l&#8217;entorn d&#8217;idees i d&#8217;experi\u00e8ncies vinculades amb la petita inf\u00e0ncia centrades, especialment, en els \u00e0mbits de la metodologia i la programaci\u00f3. El programa de la jornada s&#8217;ha constru\u00eft a partir de les aportacions fetes per educadores i educadors d&#8217;aquesta etapa educativa i comptar\u00e0 amb una confer\u00e8ncia inicial, l&#8217;exposici\u00f3 de diverses experi\u00e8ncies i la realitzaci\u00f3 de tallers vinculats a temes d&#8217;inter\u00e8s. La <strong>Jornada Educaci\u00f3 0-3 Badalona<\/strong> vol contribuir, tamb\u00e9, a la construcci\u00f3 d&#8217;una xarxa de professionals i centres vinculats a aquesta etapa educativa que contribueixi a la millora de l&#8217;educaci\u00f3 infantil, en el marc i el proc\u00e9s de Badalona com a ciutat educadora.<\/span><\/span><\/p>\n<p><strong>Objectius:<\/strong><\/p>\n<p><span style=\"font-size: 12px;\"><span style=\"font-family: verdana,geneva,sans-serif;\">-Recon\u00e8ixer i difondre el treball que fan les escoles bressol i les llars d&#8217;infants de la ciutat.<br \/>\n-Afavorir l&#8217;intercanvi d&#8217;experi\u00e8ncies i la transferibilitat de pr\u00e0ctiques en aquesta etapa educativa.<br \/>\n-Promoure el debat i la construcci\u00f3 de noves propostes de formaci\u00f3 per a les educadores i els educadors d&#8217;infants entre 0 i 3 anys.<\/span><\/span><\/td>\n<\/tr>\n<\/tbody>\n<\/table>\n<table class=\" htmtableborders\" style=\"display: table; width: 725px;\" border=\"0\">\n<tbody>\n<tr>\n<td colspan=\"5\"><span style=\"color: #ffffff; font-family: geneva,arial,helvetica,sans-serif;\"><strong>Adre\u00e7ada a:<\/strong><\/span><\/td>\n<\/tr>\n<tr>\n<td colspan=\"5\"><span style=\"font-size: 12px;\"><span style=\"font-family: verdana,geneva,sans-serif;\">La jornada s&#8217;adre\u00e7a a les educadores i educadors de 0 a 3 anys, incloent el professorat de P3 dels centres d&#8217;educaci\u00f3 infantil i prim\u00e0ria, i a estudiants i professionals d&#8217;\u00e0ltres \u00e0mbits interessats en aquesta etapa educativa.<\/span><\/span><\/td>\n<\/tr>\n<tr>\n<td colspan=\"5\"><span style=\"font-size: 12px;\"><span style=\"font-family: verdana,geneva,sans-serif;\"><strong>Inscripci\u00f3: Fins el 9 d&#8217;abril de 2015<\/strong><\/span><\/span><\/td>\n<\/tr>\n<tr>\n<td colspan=\"5\"><span style=\"font-size: 12px;\"><span style=\"font-family: verdana,geneva,sans-serif;\"><strong><a href=\"https:\/\/docs.google.com\/forms\/d\/15Y3qGArSGXJzrlhijoYg1uo-y1R-whPjEa0MUOCJBPo\/viewform?usp=send_form\" target=\"_blank\">Formulari d&#8217;inscripci\u00f3<\/a><\/strong><\/span><\/span><\/p>\n<p>Inscripci\u00f3 gratu\u00efta. Places limitades<\/p>\n<p>Per a m\u00e9s informaci\u00f3, poseu-vos en contacte amb el Centre de Recursos Pedag\u00f2gics de Badalona al tel\u00e8fon\u00a0<strong>93 460 22 26<\/strong>\u00a0 o b\u00e9 a trav\u00e9s del correu electr\u00f2nic: <strong>crp-badalona@xtec.cat<\/strong><\/td>\n<\/tr>\n<tr>\n<td colspan=\"5\"><span style=\"font-size: 12px;\"><span style=\"font-family: verdana,geneva,sans-serif;\"><strong>Programa<\/strong>:<\/span><\/span><\/td>\n<\/tr>\n<tr>\n<td colspan=\"5\"><span style=\"font-size: 12px;\"><span style=\"font-family: verdana,geneva,sans-serif;\"><strong>09.00 h<\/strong> <strong>Acollida dels assistents<\/strong><\/span><\/span><\/td>\n<\/tr>\n<tr>\n<td colspan=\"5\"><span style=\"font-size: 12px;\"><span style=\"font-family: verdana,geneva,sans-serif;\"><strong>09.30 h<\/strong> <strong>Presentaci\u00f3 de la Jornada<\/strong><\/span><\/span><\/td>\n<\/tr>\n<tr>\n<td colspan=\"5\"><span style=\"font-size: 12px;\"><span style=\"font-family: verdana,geneva,sans-serif;\"><strong>10.00 h<\/strong> <strong>Confer\u00e8ncia d&#8217;inici de la Jornada: <\/strong>&#8220;La qualitat educativa en el cicle 0-3&#8221;. A c\u00e0rrec de Maite Mir\u00f3.<\/span><\/span><span style=\"font-family: verdana,geneva,sans-serif;\">\u00a0<a href=\"https:\/\/docs.google.com\/presentation\/d\/1ueHA26NuLWXKyNA4CUjSuXTLfLFsgTYwm2gukaxRUJU\/edit?usp=sharing\" target=\"_blank\"><span style=\"font-size: 12px;\"><strong>Baixa la presentaci\u00f3<\/strong><\/span><\/a><\/span><\/td>\n<\/tr>\n<tr>\n<td colspan=\"4\"><span style=\"font-size: 12px;\"><span style=\"font-family: verdana,geneva,sans-serif;\"><strong>11.00 h Pausa-caf\u00e8 i mostra de p\u00f2sters d&#8217;experi\u00e8ncies. <\/strong>Si vols presentar una experi\u00e8ncia en forma de p\u00f2ster, envia aquesta <a style=\"color: #ff0000;\" href=\"https:\/\/drive.google.com\/a\/xtec.cat\/file\/d\/0B8iO_h_UisQhWm1UYS1uVHZHbFk\/view?usp=sharing\" target=\"_blank\"><strong>fitxa<\/strong><\/a>\u00a0al correu <strong>crp-badalona@xtec.cat<\/strong><\/span><\/span><\/td>\n<\/tr>\n<tr>\n<td colspan=\"3\"><span style=\"font-size: 12px;\"><span style=\"font-family: verdana,geneva,sans-serif;\"><strong>11.45 h Experi\u00e8ncies de centres<\/strong><br \/>\nLa presentaci\u00f3 d&#8217;experi\u00e8ncies es far\u00e0 a trav\u00e9s d&#8217;una exposici\u00f3 de p\u00f2sters i de diverses comunicacions seleccionades en funci\u00f3 de la seva diversitat tem\u00e0tica i de les seves caracter\u00edstiques innovadores i de possible transferibilitat (<em>termini de presentaci\u00f3 d&#8217;experi\u00e8ncies: 13 de mar\u00e7).<\/em><\/span><\/span><\/td>\n<\/tr>\n<tr>\n<td colspan=\"2\"><\/td>\n<td><span style=\"font-size: 12px;\"><span style=\"font-family: verdana,geneva,sans-serif;\"><strong>11.45 &#8211; 12.00h Formaci\u00f3 Interna de Centre<\/strong><br \/>\nMontse Boza. EBM Nero Nas (Badalona) <a href=\"https:\/\/docs.google.com\/presentation\/d\/11ZEm-vStusLQW7Y1VD_OxjeESJxwpEq6FBrFoM0wmos\/edit?usp=sharing\" target=\"_blank\"><strong>Baixa la presentaci\u00f3<\/strong><\/a><\/span><\/span><\/td>\n<\/tr>\n<tr>\n<td colspan=\"2\"><\/td>\n<td><span style=\"font-size: 12px;\"><span style=\"font-family: verdana,geneva,sans-serif;\"><strong>12.00 &#8211; 12.15h Dimoni Pelut<\/strong><br \/>\nMarisol L\u00f3pez i S\u00edlvia G\u00e0miz. Llar d&#8217;infants Valonsadero (Badalona) <a href=\"https:\/\/drive.google.com\/file\/d\/0B8iO_h_UisQhZm1kSERhTnBaLXM\/view?usp=sharing\" target=\"_blank\"><strong>Baixa la presentaci\u00f3<\/strong><\/a><\/span><\/span><\/td>\n<\/tr>\n<tr>\n<td colspan=\"2\"><\/td>\n<td><strong><span style=\"font-size: 12px;\"><span style=\"font-family: verdana,geneva,sans-serif;\">12.15 &#8211; 12.30h Torn obert de debat i preguntes<\/span><\/span><\/strong><\/td>\n<\/tr>\n<tr>\n<td colspan=\"4\"><span style=\"font-size: 12px;\"><span style=\"font-family: verdana,geneva,sans-serif;\"><strong>12.30 Tallers\u00a0<\/strong><\/span><\/span><\/td>\n<\/tr>\n<tr>\n<td><\/td>\n<td colspan=\"3\"><span style=\"font-size: 12px;\"><span style=\"font-family: verdana,geneva,sans-serif;\">Taller 1. <strong>Primeres literatures, moixaines, cantarelles, contes i llibres<\/strong>. Roser Ros<br \/>\nLa llengua com a canal de comunicaci\u00f3 a l\u2019educaci\u00f3 infantil est\u00e0 composada per la parla ben sonant, per la veu que la vehicula, el cos que la fa possible\u00a0 i pel repertori que tot mestre ha de posseir perqu\u00e8 les orelles dels nens i nenes que ajuda a cr\u00e9ixer es tornin receptives, estimin la llengua, se la facin seva i descobreixin les seves immenses possibilitats.<\/span><\/span><br \/>\n<strong><span style=\"font-family: verdana,geneva,sans-serif;\"><span style=\"font-size: 12px;\">Espai web <a href=\"http:\/\/tantagora.net\/\" target=\"_blank\">Tant\u00e0gora<\/a><br \/>\n<a href=\"http:\/\/www.bibgirona.net\/salt\/menu_escriptor\/planes\/roser_ros.htm\" target=\"_blank\">Bibliografia Roser Ros<\/a><\/span><\/span><\/strong><br \/>\n<strong><span style=\"font-size: 12px;\"><span style=\"font-family: verdana,geneva,sans-serif;\">Espai web de <a href=\"http:\/\/www.menorcatv.com\/jocsdefalda\/\" target=\"_blank\">Jocs de falda<\/a><\/span><\/span><\/strong><\/td>\n<\/tr>\n<tr>\n<td><\/td>\n<td colspan=\"3\"><span style=\"font-size: 12px;\"><span style=\"font-family: verdana,geneva,sans-serif;\">Taller 2. <strong>Taller de llenguatges expressius: creativitat i joc.<\/strong> Manuel Fern\u00e1ndez<br \/>\nEn aquest taller es treballa d&#8217;una forma interdisciplinari, per dir-ho d&#8217;alguna\u00a0manera, on hi ha una barreja de diferents tipus de llenguatges: corporal, pl\u00e0stic i\u00a0visual, musical&#8230;, amb una metodologia de joc, sorpresa i descoberta, partir de la\u00a0pr\u00f2pia viv\u00e8ncia, mitjan\u00e7ant uns materials i recursos. Una altra manera d\u2019entendre\u00a0l\u2019educaci\u00f3 i com podem fer servir elements que tenim a l\u2019abast i poder compartir\u00a0moments d\u2019emocions i de somriures amb tots els infants i entendre\u00a0tamb\u00e9 com aprenen a l\u2019escola.<br \/>\n<strong>Espai web <a href=\"http:\/\/alegriasonrisasabrazos.blogspot.com.es\/\" target=\"_blank\">Alegria, somriures i abra\u00e7ades<\/a><\/strong><\/span><\/span><\/td>\n<\/tr>\n<tr>\n<td><\/td>\n<td colspan=\"3\"><span style=\"font-size: 12px;\"><span style=\"font-family: verdana,geneva,sans-serif;\">Taller 3. <strong>M\u00fasica i moviment en la primera inf\u00e0ncia<\/strong>. Albada Blay<br \/>\nTaller pr\u00e0ctic per con\u00e8ixer diferents idees, activitats i estrat\u00e8gies per introduir als nadons, nens i als seus pares en l&#8217;activitat musical a partir d&#8217;experi\u00e8ncies positives basades en el joc, l&#8217;afecte, la intu\u00efci\u00f3 i la creativitat.<br \/>\nRecursos com la veu, el ritme, el moviment, la improvisaci\u00f3 &#8230;, utilitzats amb coher\u00e8ncia i reflexi\u00f3, es poden convertir en espl\u00e8ndids canals d&#8217;aprenentatge i plaer que ajudin als infants a cr\u00e9ixer, aprendre i estimar la m\u00fasica..<\/span><\/span><br \/>\n<span style=\"font-size: 12px;\"><span style=\"font-family: verdana,geneva,sans-serif;\"><strong>Espai web <a href=\"http:\/\/www.minimusics.com\/\" target=\"_blank\">Minim\u00fasics<\/a><\/strong><\/span><\/span><\/td>\n<\/tr>\n<tr>\n<td colspan=\"5\"><span style=\"font-size: 12px;\"><span style=\"font-family: verdana,geneva,sans-serif;\"><strong>13.30 h Cloenda de la jornada<\/strong><\/span><\/span><\/td>\n<\/tr>\n<tr>\n<td colspan=\"3\"><img decoding=\"async\" style=\"float: left;\" src=\"http:\/\/serveiseducatius.xtec.cat\/badalona\/wp-content\/uploads\/usu1088\/2016\/07\/logos.jpg\" \/><img decoding=\"async\" style=\"height: 65px;\" src=\"https:\/\/lh4.googleusercontent.com\/-zww0N7J80bA\/VNR42XwOMFI\/AAAAAAAACM0\/cbuEj0ODipA\/s128\/ecobetulo.png\" \/><\/td>\n<\/tr>\n<\/tbody>\n<\/table>\n<p>&nbsp;<\/p>\n","protected":false},"excerpt":{"rendered":"<p>&nbsp; Av\/ del Maresme, 192-212 \u00b7 08915 Badalona * Com arribar-hi Badalona, 18 d&#8217;abril de 2015 Des del Pla de [&hellip;]<\/p>\n","protected":false},"author":1,"featured_media":0,"parent":4536,"menu_order":0,"comment_status":"closed","ping_status":"closed","template":"page-templates\/side-menu.php","meta":{"_bbp_topic_count":0,"_bbp_reply_count":0,"_bbp_total_topic_count":0,"_bbp_total_reply_count":0,"_bbp_voice_count":0,"_bbp_anonymous_reply_count":0,"_bbp_topic_count_hidden":0,"_bbp_reply_count_hidden":0,"_bbp_forum_subforum_count":0,"site-sidebar-layout":"default","site-content-layout":"","ast-site-content-layout":"","site-content-style":"default","site-sidebar-style":"default","ast-global-header-display":"","ast-banner-title-visibility":"","ast-main-header-display":"","ast-hfb-above-header-display":"","ast-hfb-below-header-display":"","ast-hfb-mobile-header-display":"","site-post-title":"","ast-breadcrumbs-content":"","ast-featured-img":"","footer-sml-layout":"","theme-transparent-header-meta":"","adv-header-id-meta":"","stick-header-meta":"","header-above-stick-meta":"","header-main-stick-meta":"","header-below-stick-meta":"","astra-migrate-meta-layouts":"default","ast-page-background-enabled":"default","ast-page-background-meta":{"desktop":{"background-color":"var(--ast-global-color-4)","background-image":"","background-repeat":"repeat","background-position":"center center","background-size":"auto","background-attachment":"scroll","background-type":"","background-media":"","overlay-type":"","overlay-color":"","overlay-opacity":"","overlay-gradient":""},"tablet":{"background-color":"","background-image":"","background-repeat":"repeat","background-position":"center center","background-size":"auto","background-attachment":"scroll","background-type":"","background-media":"","overlay-type":"","overlay-color":"","overlay-opacity":"","overlay-gradient":""},"mobile":{"background-color":"","background-image":"","background-repeat":"repeat","background-position":"center center","background-size":"auto","background-attachment":"scroll","background-type":"","background-media":"","overlay-type":"","overlay-color":"","overlay-opacity":"","overlay-gradient":""}},"ast-content-background-meta":{"desktop":{"background-color":"var(--ast-global-color-5)","background-image":"","background-repeat":"repeat","background-position":"center center","background-size":"auto","background-attachment":"scroll","background-type":"","background-media":"","overlay-type":"","overlay-color":"","overlay-opacity":"","overlay-gradient":""},"tablet":{"background-color":"var(--ast-global-color-5)","background-image":"","background-repeat":"repeat","background-position":"center center","background-size":"auto","background-attachment":"scroll","background-type":"","background-media":"","overlay-type":"","overlay-color":"","overlay-opacity":"","overlay-gradient":""},"mobile":{"background-color":"var(--ast-global-color-5)","background-image":"","background-repeat":"repeat","background-position":"center center","background-size":"auto","background-attachment":"scroll","background-type":"","background-media":"","overlay-type":"","overlay-color":"","overlay-opacity":"","overlay-gradient":""}},"footnotes":""},"class_list":["post-2801","page","type-page","status-publish","hentry"],"post_mailing_queue_ids":[],"_links":{"self":[{"href":"https:\/\/serveiseducatius.xtec.cat\/badalona\/wp-json\/wp\/v2\/pages\/2801","targetHints":{"allow":["GET"]}}],"collection":[{"href":"https:\/\/serveiseducatius.xtec.cat\/badalona\/wp-json\/wp\/v2\/pages"}],"about":[{"href":"https:\/\/serveiseducatius.xtec.cat\/badalona\/wp-json\/wp\/v2\/types\/page"}],"author":[{"embeddable":true,"href":"https:\/\/serveiseducatius.xtec.cat\/badalona\/wp-json\/wp\/v2\/users\/1"}],"replies":[{"embeddable":true,"href":"https:\/\/serveiseducatius.xtec.cat\/badalona\/wp-json\/wp\/v2\/comments?post=2801"}],"version-history":[{"count":2,"href":"https:\/\/serveiseducatius.xtec.cat\/badalona\/wp-json\/wp\/v2\/pages\/2801\/revisions"}],"predecessor-version":[{"id":4539,"href":"https:\/\/serveiseducatius.xtec.cat\/badalona\/wp-json\/wp\/v2\/pages\/2801\/revisions\/4539"}],"up":[{"embeddable":true,"href":"https:\/\/serveiseducatius.xtec.cat\/badalona\/wp-json\/wp\/v2\/pages\/4536"}],"wp:attachment":[{"href":"https:\/\/serveiseducatius.xtec.cat\/badalona\/wp-json\/wp\/v2\/media?parent=2801"}],"curies":[{"name":"wp","href":"https:\/\/api.w.org\/{rel}","templated":true}]}}