{"id":2791,"date":"2014-04-03T10:14:21","date_gmt":"2014-04-03T09:14:21","guid":{"rendered":"http:\/\/serveiseducatius.xtec.cat\/badalona\/intraweb\/una-de-zombis\/"},"modified":"2016-12-13T16:02:39","modified_gmt":"2016-12-13T15:02:39","slug":"una-de-zombis","status":"publish","type":"page","link":"https:\/\/serveiseducatius.xtec.cat\/badalona\/recursos\/llibres-de-text-lectures-a-leso-premis-ciutat-de-badalona\/una-de-zombis\/","title":{"rendered":"Una de zombis"},"content":{"rendered":"<table class=\" htmtableborders\" style=\"display: table;\" border=\"0\" width=\"94%\">\n<tbody>\n<tr>\n<td align=\"center\" valign=\"middle\" width=\"31%\"><img decoding=\"async\" src=\"https:\/\/encrypted-tbn3.gstatic.com\/images?q=tbn:ANd9GcQiRNIH71WNEY0AKfnGGmfTJspB0Gd-tUXmn9tqS9uFeYeAEUbq\" \/><\/td>\n<td align=\"left\" valign=\"top\" width=\"69%\"><strong><span style=\"font-family: Geneva, Arial, Helvetica, sans-serif; font-size: small;\">Autor:<\/span><\/strong><span style=\"font-family: Geneva, Arial, Helvetica, sans-serif; font-size: small;\"> MARTIN PINILLOS,\u00a0 Pa<span style=\"font-size: small;\">tr<span style=\"font-size: small;\">icia<\/span><\/span><strong><br \/>\nT\u00edtol: <\/strong>Una de Zombis <span style=\"font-size: small;\">\/ Pa<span style=\"font-size: small;\">tricia Mart<span style=\"font-size: small;\">\u00ed<\/span>n Pinillos<\/span><\/span><br \/>\n<strong>Publicaci\u00f3: <\/strong>Barcelona : Estrella Polar, 2<span style=\"font-size: small;\">012<\/span><br \/>\n<strong>Descripci\u00f3 f\u00edsica: <\/strong><br \/>\n<strong>Col\u00b7lecci\u00f3:<br \/>\nPremi Ciuta<span style=\"font-size: small;\">t de Badalona de Narrativa Juvenil, 2013<\/span><\/strong><br \/>\n<\/span><span style=\"font-family: verdana, arial, helvetica, sans-serif;\"><strong><span style=\"font-size: small;\">ARGUMENT<br \/>\n<\/span><\/strong><span style=\"font-size: small;\"><span style=\"font-size: small;\">La ciutat de Barcelona pateix un atac de zombis, on viu la protagonista de 14 anys, que tot i haver vist moltes pelis de zombis no sap ven b\u00e9 com actuar. Despr\u00e9s de dos dies de confinament, agafa el seu germ\u00e0, l&#8217;Atontolinat<span style=\"font-size: small;\">, i su<span style=\"font-size: small;\">r<span style=\"font-size: small;\">te<\/span>n de casa per trobar algun adult o familiar i refugi. Per\u00f2 pel cam\u00ed <span style=\"font-size: small;\">nom\u00e9s es tro<span style=\"font-size: small;\">ben amb dos nois joves que s&#8217;uniran al seu grup de superviv\u00e8ncia. C<span style=\"font-size: small;\"><span style=\"font-size: small;\">omen\u00e7a<\/span> com una hist\u00f2ria divertida, sembla que sigui una broma que ens juga la protagonista. Es desenvolupa d<span style=\"font-size: small;\">de forma <span style=\"font-size: small;\"><span style=\"font-size: small;\">trepidant<\/span> com un exercici de maduresa i superviv\u00e8ncia en <span style=\"font-size: small;\">un m\u00f3n en perill d&#8217;ext<span style=\"font-size: small;\">i<\/span>nci\u00f3<\/span><\/span><\/span><\/span><\/span><\/span><\/span><\/span><\/span><\/span><\/span><\/p>\n<p><strong><span style=\"font-family: Geneva, Arial, Helvetica, sans-serif; font-size: small;\">Proposta\u00a0Activitats<\/span><\/strong><\/p>\n<ul>\n<li><span style=\"font-family: Geneva, Arial, Helvetica, sans-serif; font-size: small;\">Xerrada amb l&#8217;autor.<\/span><\/li>\n<\/ul>\n<\/td>\n<\/tr>\n<tr style=\"background-color: #ffffff;\" align=\"left\" valign=\"top\" bgcolor=\"#E3E3C4\">\n<td colspan=\"3\" height=\"18\"><span style=\"color: #ff6600;\"><strong><span style=\"font-family: Geneva, Arial, Helvetica, sans-serif; font-size: large;\">Per\u00a0a m\u00e9s informaci\u00f3:<\/span><\/strong><\/span><\/td>\n<\/tr>\n<tr align=\"left\" valign=\"top\">\n<td colspan=\"3\" height=\"20\"><span style=\"font-family: Geneva, Arial, Helvetica, sans-serif; font-size: small;\">Pots\u00a0contactar amb:\u00a0<span style=\"color: #ff6600;\">CRP de Badalona &#8211; 934602226<\/span><\/span><\/td>\n<\/tr>\n<tr align=\"left\" valign=\"top\">\n<td colspan=\"3\" height=\"21\"><span style=\"font-family: Geneva, Arial, Helvetica, sans-serif; font-size: small;\">Correu\u00a0electr\u00f2nic:\u00a0<span style=\"color: #ff6600;\">crp-badalona@xtec.cat<\/span><\/span><\/td>\n<\/tr>\n<tr style=\"background-color: #ffffff;\" align=\"left\" valign=\"top\" bgcolor=\"#E3E3C4\">\n<td colspan=\"3\" height=\"18\"><span style=\"color: #ff6600;\"><strong><span style=\"font-family: Geneva, Arial, Helvetica, sans-serif; font-size: large;\">Organitza:<\/span><\/strong><\/span><\/td>\n<\/tr>\n<tr align=\"left\" valign=\"top\">\n<td colspan=\"3\" height=\"18\"><span style=\"font-size: 10pt;\">Ajuntament de Badalona. \u00c0rea d&#8217;Educaci\u00f3. \u00c0rea de Cultura mitjan\u00e7ant la Xarxa Municipal de Biblioteques<\/span><\/td>\n<\/tr>\n<tr align=\"left\" valign=\"top\">\n<td colspan=\"3\" height=\"18\"><span style=\"font-size: 10pt;\">Servei Educatiu Ciutat de Badalona. Departament d&#8217;Ensenyament. Generalitat de Catalunya<\/span><\/td>\n<\/tr>\n<\/tbody>\n<\/table>\n<p>&nbsp;<\/p>\n","protected":false},"excerpt":{"rendered":"<p>Autor: MARTIN PINILLOS,\u00a0 Patricia T\u00edtol: Una de Zombis \/ Patricia Mart\u00edn Pinillos Publicaci\u00f3: Barcelona : Estrella Polar, 2012 Descripci\u00f3 f\u00edsica: [&hellip;]<\/p>\n","protected":false},"author":1,"featured_media":0,"parent":2737,"menu_order":0,"comment_status":"closed","ping_status":"closed","template":"page-templates\/side-menu.php","meta":{"_bbp_topic_count":0,"_bbp_reply_count":0,"_bbp_total_topic_count":0,"_bbp_total_reply_count":0,"_bbp_voice_count":0,"_bbp_anonymous_reply_count":0,"_bbp_topic_count_hidden":0,"_bbp_reply_count_hidden":0,"_bbp_forum_subforum_count":0,"site-sidebar-layout":"default","site-content-layout":"","ast-site-content-layout":"","site-content-style":"default","site-sidebar-style":"default","ast-global-header-display":"","ast-banner-title-visibility":"","ast-main-header-display":"","ast-hfb-above-header-display":"","ast-hfb-below-header-display":"","ast-hfb-mobile-header-display":"","site-post-title":"","ast-breadcrumbs-content":"","ast-featured-img":"","footer-sml-layout":"","theme-transparent-header-meta":"","adv-header-id-meta":"","stick-header-meta":"","header-above-stick-meta":"","header-main-stick-meta":"","header-below-stick-meta":"","astra-migrate-meta-layouts":"default","ast-page-background-enabled":"default","ast-page-background-meta":{"desktop":{"background-color":"var(--ast-global-color-4)","background-image":"","background-repeat":"repeat","background-position":"center center","background-size":"auto","background-attachment":"scroll","background-type":"","background-media":"","overlay-type":"","overlay-color":"","overlay-opacity":"","overlay-gradient":""},"tablet":{"background-color":"","background-image":"","background-repeat":"repeat","background-position":"center center","background-size":"auto","background-attachment":"scroll","background-type":"","background-media":"","overlay-type":"","overlay-color":"","overlay-opacity":"","overlay-gradient":""},"mobile":{"background-color":"","background-image":"","background-repeat":"repeat","background-position":"center center","background-size":"auto","background-attachment":"scroll","background-type":"","background-media":"","overlay-type":"","overlay-color":"","overlay-opacity":"","overlay-gradient":""}},"ast-content-background-meta":{"desktop":{"background-color":"var(--ast-global-color-5)","background-image":"","background-repeat":"repeat","background-position":"center center","background-size":"auto","background-attachment":"scroll","background-type":"","background-media":"","overlay-type":"","overlay-color":"","overlay-opacity":"","overlay-gradient":""},"tablet":{"background-color":"var(--ast-global-color-5)","background-image":"","background-repeat":"repeat","background-position":"center center","background-size":"auto","background-attachment":"scroll","background-type":"","background-media":"","overlay-type":"","overlay-color":"","overlay-opacity":"","overlay-gradient":""},"mobile":{"background-color":"var(--ast-global-color-5)","background-image":"","background-repeat":"repeat","background-position":"center center","background-size":"auto","background-attachment":"scroll","background-type":"","background-media":"","overlay-type":"","overlay-color":"","overlay-opacity":"","overlay-gradient":""}},"footnotes":""},"class_list":["post-2791","page","type-page","status-publish","hentry"],"post_mailing_queue_ids":[],"_links":{"self":[{"href":"https:\/\/serveiseducatius.xtec.cat\/badalona\/wp-json\/wp\/v2\/pages\/2791","targetHints":{"allow":["GET"]}}],"collection":[{"href":"https:\/\/serveiseducatius.xtec.cat\/badalona\/wp-json\/wp\/v2\/pages"}],"about":[{"href":"https:\/\/serveiseducatius.xtec.cat\/badalona\/wp-json\/wp\/v2\/types\/page"}],"author":[{"embeddable":true,"href":"https:\/\/serveiseducatius.xtec.cat\/badalona\/wp-json\/wp\/v2\/users\/1"}],"replies":[{"embeddable":true,"href":"https:\/\/serveiseducatius.xtec.cat\/badalona\/wp-json\/wp\/v2\/comments?post=2791"}],"version-history":[{"count":1,"href":"https:\/\/serveiseducatius.xtec.cat\/badalona\/wp-json\/wp\/v2\/pages\/2791\/revisions"}],"predecessor-version":[{"id":4056,"href":"https:\/\/serveiseducatius.xtec.cat\/badalona\/wp-json\/wp\/v2\/pages\/2791\/revisions\/4056"}],"up":[{"embeddable":true,"href":"https:\/\/serveiseducatius.xtec.cat\/badalona\/wp-json\/wp\/v2\/pages\/2737"}],"wp:attachment":[{"href":"https:\/\/serveiseducatius.xtec.cat\/badalona\/wp-json\/wp\/v2\/media?parent=2791"}],"curies":[{"name":"wp","href":"https:\/\/api.w.org\/{rel}","templated":true}]}}