{"id":2790,"date":"2014-04-03T10:06:38","date_gmt":"2014-04-03T09:06:38","guid":{"rendered":"http:\/\/serveiseducatius.xtec.cat\/badalona\/intraweb\/cicatrius-de-1714\/"},"modified":"2016-12-13T13:54:54","modified_gmt":"2016-12-13T12:54:54","slug":"cicatrius-de-1714","status":"publish","type":"page","link":"https:\/\/serveiseducatius.xtec.cat\/badalona\/recursos\/llibres-de-text-lectures-a-leso-premis-ciutat-de-badalona\/cicatrius-de-1714\/","title":{"rendered":"Cicatrius de 1714"},"content":{"rendered":"<table class=\" htmtableborders\" style=\"display: table;\" border=\"0\" width=\"94%\">\n<tbody>\n<tr>\n<td align=\"center\" valign=\"middle\" width=\"31%\"><span style=\"color: #ff6600;\"><img decoding=\"async\" src=\"https:\/\/encrypted-tbn2.gstatic.com\/images?q=tbn:ANd9GcQiPLbTGqZEtwi6OA4lnyJjF1pJVqp72Sone-LQJ24jWawjEdQvIw\" \/><\/span><\/td>\n<td align=\"left\" valign=\"top\" width=\"69%\"><span style=\"font-size: small; color: #000000;\"><strong><span style=\"font-family: Geneva, Arial, Helvetica, sans-serif;\">Autor<\/span><\/strong><span style=\"font-family: Geneva, Arial, Helvetica, sans-serif;\"><strong>:<\/strong> <strong>M<span style=\"font-size: small;\">AR<span style=\"font-size: small;\">\u00cdN Andreu<\/span><\/span><br \/>\nT\u00edtol:<\/strong><em> Cicatrius de 1714<\/em><br \/>\n<strong>Publicaci\u00f3: <\/strong>Alzira : <span style=\"font-size: small;\">Bromera 2013<\/span><br \/>\n<strong>Descripci\u00f3 f\u00edsica:<\/strong><br \/>\n<strong>Col\u00b7lecci\u00f3: <\/strong>Esg<span style=\"font-size: small;\">ua<\/span>rd<span style=\"font-size: small;\"> ;<\/span> 19<br \/>\n<\/span><\/span><span style=\"color: #000000;\"><strong><span style=\"font-size: small;\"><span style=\"font-family: Geneva, Arial, Helvetica, sans-serif;\">ARGUMENT<\/span><\/span><\/strong><\/span><br \/>\n<span style=\"color: #000000;\"> <span style=\"font-size: small;\"><span style=\"font-family: verdana, arial, helvetica, sans-serif;\">El 3 d&#8217;abril de 1714, quan les bombes comencen a caure sobre Barcelona, Bernat Sistach descobreix amb horror la bestialitat de la guerra. En una ciutat plena de ban<span style=\"font-size: small;\">deres amb el lema &#8220;Viurem lliures o morirem&#8221;, Bernat no ent\u00e9n que la seva fam\u00edlia es traslladi a Badalona per seguretat. Con<span style=\"font-size: small;\">ven\u00e7ut que el pare \u00e9s un tra<span style=\"font-size: small;\">\u00efdor i que fugir \u00e9s de botiflers i covards, el<span style=\"font-size: small;\"> noi sent una atracci\u00f3 irres<span style=\"font-size: small;\">istible<\/span><\/span><\/span><\/span><\/span><\/span><\/span> <span style=\"font-family: verdana, arial, helvetica, sans-serif; font-size: small;\">pel m\u00f3n dels espie<span style=\"font-size: small;\">s. Sosp<span style=\"font-size: small;\">ita que una de les criades passa informaci\u00f3 sobre els enemics,<span style=\"font-size: small;\"> per\u00f2 no pot imaginar <span style=\"font-size: small;\">els secrets que s&#8217;amaguen a la seva pr\u00f2pia casa.<\/span><\/span><\/span><\/span><\/span><\/span><\/p>\n<p><span style=\"color: #000000;\"><strong><span style=\"font-family: Geneva, Arial, Helvetica, sans-serif; font-size: small;\">Proposta<br \/>\nActivitats<\/span><\/strong><\/span><\/p>\n<ul>\n<li><span style=\"font-family: Geneva, Arial, Helvetica, sans-serif; font-size: small; color: #000000;\">Xerrada amb l&#8217;autor.<\/span><\/li>\n<\/ul>\n<\/td>\n<\/tr>\n<tr align=\"left\" valign=\"top\" bgcolor=\"#E3E3C4\">\n<td colspan=\"3\" height=\"18\"><span style=\"color: #ff6600;\"><strong><span style=\"font-family: Geneva, Arial, Helvetica, sans-serif; font-size: large;\">Per\u00a0a m\u00e9s informaci\u00f3:<\/span><\/strong><\/span><\/td>\n<\/tr>\n<tr align=\"left\" valign=\"top\">\n<td colspan=\"3\" height=\"20\"><span style=\"font-size: 10pt;\">Pots\u00a0contactar amb: <span style=\"color: #ff6600;\">CRP de Badalona &#8211; 934602226<\/span><\/span><\/td>\n<\/tr>\n<tr align=\"left\" valign=\"top\">\n<td colspan=\"3\" height=\"21\"><span style=\"font-size: 10pt;\">Correu\u00a0electr\u00f2nic: <span style=\"color: #ff6600;\">crp-badalona@xtec.cat<\/span><\/span><\/td>\n<\/tr>\n<tr style=\"background-color: #ffffff;\" align=\"left\" valign=\"top\" bgcolor=\"#E3E3C4\">\n<td colspan=\"3\" height=\"18\"><span style=\"color: #ff6600;\"><strong><span style=\"font-family: Geneva, Arial, Helvetica, sans-serif; font-size: large;\">Organitza:<\/span><\/strong><\/span><\/td>\n<\/tr>\n<tr align=\"left\" valign=\"top\">\n<td colspan=\"3\" height=\"18\"><span style=\"font-size: 10pt;\">Ajuntament de Badalona. \u00c0rea d&#8217;Educaci\u00f3. \u00c0rea de Cultura mitjan\u00e7ant la Xarxa Municipal de Biblioteques<\/span><\/td>\n<\/tr>\n<tr align=\"left\" valign=\"top\">\n<td colspan=\"3\" height=\"18\"><span style=\"font-size: 10pt;\">Servei Educatiu Ciutat de Badalona. Departament d&#8217;Ensenyament. Generalitat de Catalunya<\/span><\/td>\n<\/tr>\n<\/tbody>\n<\/table>\n<p>&nbsp;<\/p>\n<p>&nbsp;<\/p>\n","protected":false},"excerpt":{"rendered":"<p>Autor: MAR\u00cdN Andreu T\u00edtol: Cicatrius de 1714 Publicaci\u00f3: Alzira : Bromera 2013 Descripci\u00f3 f\u00edsica: Col\u00b7lecci\u00f3: Esguard ; 19 ARGUMENT El [&hellip;]<\/p>\n","protected":false},"author":1,"featured_media":0,"parent":2737,"menu_order":0,"comment_status":"closed","ping_status":"closed","template":"page-templates\/side-menu.php","meta":{"_bbp_topic_count":0,"_bbp_reply_count":0,"_bbp_total_topic_count":0,"_bbp_total_reply_count":0,"_bbp_voice_count":0,"_bbp_anonymous_reply_count":0,"_bbp_topic_count_hidden":0,"_bbp_reply_count_hidden":0,"_bbp_forum_subforum_count":0,"site-sidebar-layout":"default","site-content-layout":"","ast-site-content-layout":"","site-content-style":"default","site-sidebar-style":"default","ast-global-header-display":"","ast-banner-title-visibility":"","ast-main-header-display":"","ast-hfb-above-header-display":"","ast-hfb-below-header-display":"","ast-hfb-mobile-header-display":"","site-post-title":"","ast-breadcrumbs-content":"","ast-featured-img":"","footer-sml-layout":"","theme-transparent-header-meta":"","adv-header-id-meta":"","stick-header-meta":"","header-above-stick-meta":"","header-main-stick-meta":"","header-below-stick-meta":"","astra-migrate-meta-layouts":"default","ast-page-background-enabled":"default","ast-page-background-meta":{"desktop":{"background-color":"var(--ast-global-color-4)","background-image":"","background-repeat":"repeat","background-position":"center center","background-size":"auto","background-attachment":"scroll","background-type":"","background-media":"","overlay-type":"","overlay-color":"","overlay-opacity":"","overlay-gradient":""},"tablet":{"background-color":"","background-image":"","background-repeat":"repeat","background-position":"center center","background-size":"auto","background-attachment":"scroll","background-type":"","background-media":"","overlay-type":"","overlay-color":"","overlay-opacity":"","overlay-gradient":""},"mobile":{"background-color":"","background-image":"","background-repeat":"repeat","background-position":"center center","background-size":"auto","background-attachment":"scroll","background-type":"","background-media":"","overlay-type":"","overlay-color":"","overlay-opacity":"","overlay-gradient":""}},"ast-content-background-meta":{"desktop":{"background-color":"var(--ast-global-color-5)","background-image":"","background-repeat":"repeat","background-position":"center center","background-size":"auto","background-attachment":"scroll","background-type":"","background-media":"","overlay-type":"","overlay-color":"","overlay-opacity":"","overlay-gradient":""},"tablet":{"background-color":"var(--ast-global-color-5)","background-image":"","background-repeat":"repeat","background-position":"center center","background-size":"auto","background-attachment":"scroll","background-type":"","background-media":"","overlay-type":"","overlay-color":"","overlay-opacity":"","overlay-gradient":""},"mobile":{"background-color":"var(--ast-global-color-5)","background-image":"","background-repeat":"repeat","background-position":"center center","background-size":"auto","background-attachment":"scroll","background-type":"","background-media":"","overlay-type":"","overlay-color":"","overlay-opacity":"","overlay-gradient":""}},"footnotes":""},"class_list":["post-2790","page","type-page","status-publish","hentry"],"post_mailing_queue_ids":[],"_links":{"self":[{"href":"https:\/\/serveiseducatius.xtec.cat\/badalona\/wp-json\/wp\/v2\/pages\/2790","targetHints":{"allow":["GET"]}}],"collection":[{"href":"https:\/\/serveiseducatius.xtec.cat\/badalona\/wp-json\/wp\/v2\/pages"}],"about":[{"href":"https:\/\/serveiseducatius.xtec.cat\/badalona\/wp-json\/wp\/v2\/types\/page"}],"author":[{"embeddable":true,"href":"https:\/\/serveiseducatius.xtec.cat\/badalona\/wp-json\/wp\/v2\/users\/1"}],"replies":[{"embeddable":true,"href":"https:\/\/serveiseducatius.xtec.cat\/badalona\/wp-json\/wp\/v2\/comments?post=2790"}],"version-history":[{"count":1,"href":"https:\/\/serveiseducatius.xtec.cat\/badalona\/wp-json\/wp\/v2\/pages\/2790\/revisions"}],"predecessor-version":[{"id":4055,"href":"https:\/\/serveiseducatius.xtec.cat\/badalona\/wp-json\/wp\/v2\/pages\/2790\/revisions\/4055"}],"up":[{"embeddable":true,"href":"https:\/\/serveiseducatius.xtec.cat\/badalona\/wp-json\/wp\/v2\/pages\/2737"}],"wp:attachment":[{"href":"https:\/\/serveiseducatius.xtec.cat\/badalona\/wp-json\/wp\/v2\/media?parent=2790"}],"curies":[{"name":"wp","href":"https:\/\/api.w.org\/{rel}","templated":true}]}}