{"id":2772,"date":"2013-03-07T17:09:40","date_gmt":"2013-03-07T16:09:40","guid":{"rendered":"http:\/\/serveiseducatius.xtec.cat\/badalona\/intraweb\/descobrir-el-parc-de-can-solei-i-ca-larnus\/"},"modified":"2017-11-30T09:25:22","modified_gmt":"2017-11-30T08:25:22","slug":"activitats-amb-gps-a-badalona","status":"publish","type":"page","link":"https:\/\/serveiseducatius.xtec.cat\/badalona\/activitats-amb-gps-a-badalona\/","title":{"rendered":"Descobrir el Parc de Can Solei i Ca l&#8217;Arn\u00fas"},"content":{"rendered":"<p><span style=\"font-family: arial, helvetica, sans-serif; font-size: 12pt;\"><strong><span style=\"color: #a52a2a;\"><span style=\"font-size: 14pt;\">ACTIVITATS AMB GPS A BADALONA\u00a0 \u00a0 \u00a0 \u00a0 \u00a0 \u00a0 \u00a0 \u00a0 \u00a0 \u00a0 \u00a0 \u00a0 \u00a0 \u00a0 \u00a0 \u00a0 \u00a0 \u00a0 \u00a0 \u00a0 \u00a0 \u00a0 \u00a0 \u00a0 \u00a0 \u00a0<a href=\"http:\/\/serveiseducatius.xtec.cat\/badalona\/categoria\/recursos\/aparells\/\" target=\"_blank\" rel=\"noopener noreferrer\">APARELLS EN PR\u00c9STEC<\/a><\/span><br \/> *Itineraris urbans i de natura<\/span><\/strong><\/span><\/p>\n<p><span style=\"font-family: arial, helvetica, sans-serif; font-size: 12pt;\">L&#8217;activitat amb\u00a0<a href=\"index.php?module=pagines&amp;func=display&amp;pageid=36\" target=\"_blank\" rel=\"noopener noreferrer\"><strong>GPS Badalona<\/strong><\/a>\u00a0pret\u00e9n familiaritzar els alumnes i el professorat en l&#8217;\u00fas del GPS (sistema de posicionament global), realitzant diferents itineraris, urbans i de natura. S&#8217;ofereixen als centres unes motxilles amb el material necessari per realitzar l&#8217;activitat, al\u00a0<a href=\"index.php?module=pagines&amp;func=display&amp;pageid=36\" target=\"_blank\" rel=\"noopener noreferrer\"><strong>web de l&#8217;activitat<\/strong><\/a>\u00a0s&#8217;hi poden trobar quaderns de treball i altres recursos complementaris.<strong>*<\/strong><\/span><\/p>\n<p><span style=\"text-decoration: underline;\"><span style=\"font-size: 12pt; font-family: arial, helvetica, sans-serif;\"><strong>Descobrir el Parc de Can Solei i Ca l&#8217;Arn\u00fas. Itinerari amb GPS<\/strong><\/span><\/span><\/p>\n<p><strong>L&#8217;itinerari amb GPS\u00a0<\/strong><strong><a href=\"https:\/\/docs.google.com\/file\/d\/0B9dpJLI23JItcjBMZmllU2ZGU3c\/edit?usp=sharing\" target=\"_blank\" rel=\"noopener noreferrer\">(Descarregueu)<\/a><\/strong><\/p>\n<p><em><strong>Presentaci\u00f3<\/strong><\/em><\/p>\n<p>Des de l&#8217;Escola de Natura del Departament d&#8217;Educaci\u00f3 Ambiental de l&#8217;Ajuntament de Badalona s&#8217;ha elaborat l&#8217;itinerari pedag\u00f2gic <strong>&#8220;Descobrir el Parc de Ca l&#8217;Arn\u00fas i Can Solei<\/strong>&#8220;, adre\u00e7at als centres educatius de la ciutat, per tal d&#8217;obtenir un aprofitament did\u00e0ctic dels elements naturals i hist\u00f2rics que presenta el parc. L&#8217;objectiu \u00e9s que els alumnes de la ciutat coneguin els seus parcs, aprenguin aspectes de la natura de manera vivencial i pr\u00e0ctica i adquireixin actituds respectuoses envers la natura i el medi ambient.<\/p>\n<p>L&#8217;activitat es desenvolupa dins del Parc de Ca l&#8217;Arn\u00fas i Can Solei, a trav\u00e9s d&#8217;un itinerari que es pot seguir amb un GPS descarregant-se pr\u00e8viament el recorregut. Els mestres disposen d&#8217;un dossier i d&#8217;una maleta did\u00e0ctica amb tot el material que els permet fer el recorregut sense cap monitor especialitzat. Els alumnes tamb\u00e9 disposen d&#8217;un dossier de treball i troben les diferents parades fent servir les br\u00faixoles i el GPS.<\/p>\n<p><img loading=\"lazy\" decoding=\"async\" class=\"alignleft\" src=\"https:\/\/lh6.googleusercontent.com\/-WdDxBZMUR-8\/UTi46IUdLJI\/AAAAAAAAB1E\/-scoy1OpfmE\/s512\/2.%20Can%20Solei.%20Camps%20conreu.jpg\" width=\"154\" height=\"244\" \/><\/p>\n<p><strong>Nivell educatiu<\/strong>: Cicle superior de prim\u00e0ria, adaptable a altres nivells.<\/p>\n<p><strong>Durada:<\/strong> 2 hores.<\/p>\n<p><strong>Objectius:\u00a0<\/strong><\/p>\n<p>Donar a con\u00e8ixer el paper que juguen els parcs en el medi ambient de les ciutats (espai de descans i lleure per a les persones, refugi per a plantes i animals, reducci\u00f3 de la contaminaci\u00f3 atmosf\u00e8rica).<\/p>\n<p>&nbsp;<\/p>\n<ul>\n<li>Incentivar una actitud respectuosa <code><\/code>envers la natura i el medi ambient.<\/li>\n<li><span style=\"font-family: inherit; font-size: 1em;\">Descobrir i identificar les caracter\u00edstiques de la vegetaci\u00f3 mediterr\u00e0nia i la vegetaci\u00f3 al\u00b7l\u00f2ctona.<\/span><\/li>\n<li><span style=\"font-family: inherit; font-size: 1em;\">Identificar alguns animals t\u00edpics dels parcs urbans (per observaci\u00f3 directa o dels seus rastres)<\/span><\/li>\n<li>Saber orientar-se amb GPS (sistema de posicionament global) i amb una br\u00faixola.<\/li>\n<li>Emprar el programari adequat per a visualitzar cartografia digital, dissenyar rutes i analitzar tracks i perfils altim\u00e8trics.<\/li>\n<li>Identificar els punts cardinals amb la br\u00faixola i amb el sol<\/li>\n<li>Entendre el funcionament de la br\u00faixola i saber identificar alguns punts.<\/li>\n<\/ul>\n<p><strong><em>Dossiers<\/em><img loading=\"lazy\" decoding=\"async\" class=\"alignright\" src=\"https:\/\/lh3.googleusercontent.com\/-9K5wFzBHpmY\/UTjACOyauAI\/AAAAAAAAB1g\/8wK6IFw9az4\/s640\/Entrada%20riera%20Canyad%F3.%20Aprox.%20principis%20s.%20XX.jpg\" width=\"234\" height=\"173\" \/><\/strong><\/p>\n<ul>\n<li><strong>Dossier de l&#8217;alumne<\/strong>: Distribuci\u00f3 de les tasques, seguiment de l&#8217;itinerari (<a href=\"https:\/\/docs.google.com\/file\/d\/0B16E_AkBXfRCRTF4MWFOUzg5blE\/edit?usp=sharing\" target=\"_blank\" rel=\"noopener noreferrer\">Descarregueu<\/a>)<\/li>\n<li><strong>Dossier del professorat<\/strong>. (<a href=\"https:\/\/docs.google.com\/file\/d\/0B9dpJLI23JItQ2NsaXNGTDVIRDQ\/edit\" target=\"_blank\" rel=\"noopener noreferrer\">Descarregueu<\/a>)<\/li>\n<li><strong>Carregar itinerari al GPS<\/strong> (<a href=\"https:\/\/docs.google.com\/file\/d\/0B9dpJLI23JItVl9QNVp4Ml9lOUE\/edit?usp=sharing\" target=\"_blank\" rel=\"noopener noreferrer\">Descarregueu<\/a>)<\/li>\n<\/ul>\n<p><em><strong>Recull d&#8217;articles<\/strong><\/em><\/p>\n<p><a href=\"https:\/\/docs.google.com\/folder\/d\/0B9dpJLI23JItRTFCbUxfWngzU0k\/edit?usp=sharing\" target=\"_blank\" rel=\"noopener noreferrer\"><img decoding=\"async\" src=\"https:\/\/lh5.googleusercontent.com\/-zlpyiM4lZAs\/UTjeWRdXeLI\/AAAAAAAAB3E\/bNuOHW3Qgbo\/s602\/premsa.jpg\" \/><\/a><\/p>\n<p>&nbsp;<\/p>\n","protected":false},"excerpt":{"rendered":"<p>ACTIVITATS AMB GPS A BADALONA\u00a0 \u00a0 \u00a0 \u00a0 \u00a0 \u00a0 \u00a0 \u00a0 \u00a0 \u00a0 \u00a0 \u00a0 \u00a0 \u00a0 \u00a0 \u00a0 [&hellip;]<\/p>\n","protected":false},"author":1,"featured_media":0,"parent":0,"menu_order":0,"comment_status":"closed","ping_status":"closed","template":"page-templates\/side-menu.php","meta":{"_bbp_topic_count":0,"_bbp_reply_count":0,"_bbp_total_topic_count":0,"_bbp_total_reply_count":0,"_bbp_voice_count":0,"_bbp_anonymous_reply_count":0,"_bbp_topic_count_hidden":0,"_bbp_reply_count_hidden":0,"_bbp_forum_subforum_count":0,"site-sidebar-layout":"default","site-content-layout":"","ast-site-content-layout":"","site-content-style":"default","site-sidebar-style":"default","ast-global-header-display":"","ast-banner-title-visibility":"","ast-main-header-display":"","ast-hfb-above-header-display":"","ast-hfb-below-header-display":"","ast-hfb-mobile-header-display":"","site-post-title":"","ast-breadcrumbs-content":"","ast-featured-img":"","footer-sml-layout":"","theme-transparent-header-meta":"","adv-header-id-meta":"","stick-header-meta":"","header-above-stick-meta":"","header-main-stick-meta":"","header-below-stick-meta":"","astra-migrate-meta-layouts":"default","ast-page-background-enabled":"default","ast-page-background-meta":{"desktop":{"background-color":"var(--ast-global-color-4)","background-image":"","background-repeat":"repeat","background-position":"center center","background-size":"auto","background-attachment":"scroll","background-type":"","background-media":"","overlay-type":"","overlay-color":"","overlay-opacity":"","overlay-gradient":""},"tablet":{"background-color":"","background-image":"","background-repeat":"repeat","background-position":"center center","background-size":"auto","background-attachment":"scroll","background-type":"","background-media":"","overlay-type":"","overlay-color":"","overlay-opacity":"","overlay-gradient":""},"mobile":{"background-color":"","background-image":"","background-repeat":"repeat","background-position":"center center","background-size":"auto","background-attachment":"scroll","background-type":"","background-media":"","overlay-type":"","overlay-color":"","overlay-opacity":"","overlay-gradient":""}},"ast-content-background-meta":{"desktop":{"background-color":"var(--ast-global-color-5)","background-image":"","background-repeat":"repeat","background-position":"center center","background-size":"auto","background-attachment":"scroll","background-type":"","background-media":"","overlay-type":"","overlay-color":"","overlay-opacity":"","overlay-gradient":""},"tablet":{"background-color":"var(--ast-global-color-5)","background-image":"","background-repeat":"repeat","background-position":"center center","background-size":"auto","background-attachment":"scroll","background-type":"","background-media":"","overlay-type":"","overlay-color":"","overlay-opacity":"","overlay-gradient":""},"mobile":{"background-color":"var(--ast-global-color-5)","background-image":"","background-repeat":"repeat","background-position":"center center","background-size":"auto","background-attachment":"scroll","background-type":"","background-media":"","overlay-type":"","overlay-color":"","overlay-opacity":"","overlay-gradient":""}},"footnotes":""},"class_list":["post-2772","page","type-page","status-publish","hentry"],"post_mailing_queue_ids":[],"_links":{"self":[{"href":"https:\/\/serveiseducatius.xtec.cat\/badalona\/wp-json\/wp\/v2\/pages\/2772","targetHints":{"allow":["GET"]}}],"collection":[{"href":"https:\/\/serveiseducatius.xtec.cat\/badalona\/wp-json\/wp\/v2\/pages"}],"about":[{"href":"https:\/\/serveiseducatius.xtec.cat\/badalona\/wp-json\/wp\/v2\/types\/page"}],"author":[{"embeddable":true,"href":"https:\/\/serveiseducatius.xtec.cat\/badalona\/wp-json\/wp\/v2\/users\/1"}],"replies":[{"embeddable":true,"href":"https:\/\/serveiseducatius.xtec.cat\/badalona\/wp-json\/wp\/v2\/comments?post=2772"}],"version-history":[{"count":2,"href":"https:\/\/serveiseducatius.xtec.cat\/badalona\/wp-json\/wp\/v2\/pages\/2772\/revisions"}],"predecessor-version":[{"id":6804,"href":"https:\/\/serveiseducatius.xtec.cat\/badalona\/wp-json\/wp\/v2\/pages\/2772\/revisions\/6804"}],"wp:attachment":[{"href":"https:\/\/serveiseducatius.xtec.cat\/badalona\/wp-json\/wp\/v2\/media?parent=2772"}],"curies":[{"name":"wp","href":"https:\/\/api.w.org\/{rel}","templated":true}]}}