{"id":2767,"date":"2013-02-12T10:39:10","date_gmt":"2013-02-12T09:39:10","guid":{"rendered":"http:\/\/serveiseducatius.xtec.cat\/badalona\/intraweb\/2-0-tools-for-communicative-competence-development\/"},"modified":"2016-10-19T12:31:31","modified_gmt":"2016-10-19T11:31:31","slug":"2-0-tools-for-communicative-competence-development","status":"publish","type":"page","link":"https:\/\/serveiseducatius.xtec.cat\/badalona\/recursos\/recursos-llengues-estrangeres\/2-0-tools-for-communicative-competence-development\/","title":{"rendered":"2.0 Tools for Communicative Competence Development"},"content":{"rendered":"<p><span style=\"font-family: verdana, arial, helvetica, sans-serif; font-size: small;\">Hem recollit les eines que es van mostrar a la presentaci\u00f3 <\/span><span style=\"font-size: x-large;\"><strong><span style=\"font-family: verdana, arial, helvetica, sans-serif;\"><span style=\"font-size: small;\">2.0 Tools for Communicative Competence<br \/>\n<\/span><\/span><\/strong><\/span><span style=\"font-size: x-large;\"><strong><span style=\"font-family: verdana, arial, helvetica, sans-serif;\"><span style=\"font-size: small;\">Development<\/span><\/span><\/strong><\/span><span style=\"font-family: verdana, arial, helvetica, sans-serif; font-size: small;\">, realitzada per <em>Ricard Garc\u00eda<\/em>, en el marc del cicle de confer\u00e8ncies <\/span><span style=\"font-family: verdana, arial, helvetica, sans-serif; font-size: small;\">TALKING ABOUT <\/span><span style=\"font-family: verdana, arial, helvetica, sans-serif; font-size: small;\">ENGLISH<\/span><br \/>\n<span style=\"font-family: verdana, arial, helvetica, sans-serif; font-size: small;\">LANGUAGE TEACHING<\/span>.\u00a0 <span style=\"font-family: verdana, arial, helvetica, sans-serif; font-size: small;\">Des d&#8217;aquest <span style=\"font-size: small;\"><strong><a title=\"English to Communicate\" href=\"http:\/\/prezi.com\/wgpb5jhnfpj7\/english-to-communicate\/?utm_source=em0shvwpu&amp;utm_campaign=gro&amp;utm_medium=email&amp;rc=ex0shvwpu\" target=\"_blank\">enlla\u00e7<\/a><\/strong><\/span> podeu accedir a la seva presentaci\u00f3 (Prezi)<\/span>. <span style=\"font-family: verdana, arial, helvetica, sans-serif; font-size: small;\"><br \/>\nPodeu trobar tamb\u00e9 aquestes i un bon recull d&#8217;altres eines interessants al<\/span> <span style=\"font-family: verdana, arial, helvetica, sans-serif; font-size: small;\"><strong><a title=\"CREA EDU365\" href=\"http:\/\/www.edu365.cat\/crea\/#\" target=\"_blank\">CREA de l&#8217;Edu365<\/a><\/strong><\/span>.<\/p>\n<table class=\" htmtableborders\" style=\"display: table;\" border=\"0\" width=\"749\">\n<tbody>\n<tr style=\"color: #ffffff;\">\n<td colspan=\"2\" valign=\"top\" bgcolor=\"#FF6633\" height=\"29\"><span style=\"font-size: large;\"><strong><span style=\"font-family: verdana, arial, helvetica, sans-serif;\"><span class=\"Estilo5\">ANIMACI\u00d3<\/span><\/span><\/strong><\/span><\/td>\n<\/tr>\n<tr>\n<td valign=\"top\" width=\"151\" height=\"118\"><img decoding=\"async\" style=\"width: 136px; height: 83px;\" src=\"http:\/\/mfltricks.files.wordpress.com\/2012\/05\/domo_animate.png?w=614&amp;h=339\" alt=\"domo animate\" \/><\/td>\n<td class=\"Estilo3\" valign=\"top\" width=\"566\"><span style=\"font-family: verdana, arial, helvetica, sans-serif; font-size: small;\"><span style=\"font-size: medium;\"><strong><span class=\"Estilo4\"><a href=\"http:\/\/domo.goanimate.com\/\" target=\"_blank\">DOMO ANIMATE<\/a><\/span> <\/strong><\/span>Eina en l\u00ednia que permet crear hist\u00f2ries animades de manera senzilla. Es poden introduir cinc fam\u00edlies diferents de personatges en diferents ambients i en cada un es poden modificar alguns elements nom\u00e9s passant el ratol\u00ed pel damunt: podem canviar, de situaci\u00f3, de mida, de perspectiva i crear tantes escenes com vulguem. Es pot utilitzar sense registre. <a href=\"http:\/\/domo.goanimate.com\/movie\/0r5hkua2hmG0\/0\/email\" target=\"_blank\">Un exemple.<\/a><br \/>\n<a href=\"http:\/\/www.youtube.com\/watch?v=65BFVWU2yC4\" target=\"_blank\">Tutorial de Domo Animate a Youtube<br \/>\n<\/a><a href=\"http:\/\/mfltricks.wordpress.com\/2012\/05\/04\/domo-animate\/\" target=\"_blank\">http:\/\/mfltricks.wordpress.com\/2012\/05\/04\/domo-animate\/<\/a><\/span><\/td>\n<\/tr>\n<tr>\n<td valign=\"top\" height=\"49\"><img loading=\"lazy\" decoding=\"async\" src=\"http:\/\/www.edu365.cat\/crea\/img\/bombaytv.png\" alt=\"bombay tv\" width=\"60\" height=\"60\" \/><\/td>\n<td valign=\"top\"><span style=\"font-family: verdana, arial, helvetica, sans-serif; font-size: small;\"><strong><span style=\"font-size: medium;\"><a class=\"Estilo4\" title=\"Bombay tv\" href=\"http:\/\/www.grapheine.com\/bombaytv\/\" target=\"_blank\">BOMBAY TV<\/a><\/span><\/strong> <span class=\"Estilo3\">Subtitula pel\u00b7l\u00edcules i\/o anuncis d&#8217;estil Bollywood . VOKI<br \/>\n<\/span><\/span><\/td>\n<\/tr>\n<tr>\n<td valign=\"top\" height=\"49\"><img decoding=\"async\" style=\"width: 121px; height: 73px;\" src=\"http:\/\/www.educacontic.es\/sites\/default\/files\/blog\/9910\/voki-pantalla_0.jpg\" alt=\"voki\" \/><\/td>\n<td valign=\"top\"><span style=\"font-family: verdana, arial, helvetica, sans-serif; font-size: small;\"><strong><span style=\"font-size: medium;\"><a class=\"Estilo4\" title=\"voki\" href=\"http:\/\/www.voki.com\/\" target=\"_blank\">VOKI <\/a><\/span><\/strong><span class=\"Estilo3\">\u00c9s un widget que permet crear un &#8220;avatar&#8221; un personatge animat i personalitzat. L&#8217;aplicaci\u00f3 permet afegir-hi veu des d&#8217;un arxiu d&#8217;\u00e0udio o escrivint el text des de l&#8217;ordinador o b\u00e9 enregistrar-la directament amb un micr\u00f2fon<br \/>\n<a href=\"http:\/\/www.educacontic.es\/blog\/voki-personajes-que-hablan-text-speech\" target=\"_blank\">Voki personajes que hablan Educ@con TIC <\/a><\/span><\/span><\/td>\n<\/tr>\n<tr>\n<td valign=\"top\" height=\"49\"><\/td>\n<td class=\"Estilo4\" valign=\"top\"><\/td>\n<\/tr>\n<tr style=\"color: #ffffff;\">\n<td colspan=\"2\" valign=\"top\" bgcolor=\"#FF6633\" height=\"34\"><strong><span style=\"font-family: verdana, arial, helvetica, sans-serif; font-size: large;\"><span class=\"Estilo5\">PER CREAR HIST\u00d2RIES I PROJECTES <\/span><\/span><\/strong><\/td>\n<\/tr>\n<tr>\n<td valign=\"top\" height=\"135\"><img decoding=\"async\" style=\"width: 132px; height: 80px;\" src=\"http:\/\/2.bp.blogspot.com\/-toRRi8SRNtk\/T3t1j2rciaI\/AAAAAAAAAdc\/ZrCrAZhyPRQ\/s1600\/storyb.jpg\" alt=\"storybird\" \/><\/td>\n<td valign=\"top\">\n<p class=\"Estilo3\"><span style=\"font-family: verdana, arial, helvetica, sans-serif; font-size: small;\"><span style=\"font-size: medium;\"><a class=\"Estilo4\" title=\"storybird\" href=\"http:\/\/storybird.com\/\" target=\"_blank\"><strong>STORYBIRD<\/strong><\/a> <\/span>Eina per a crear contes i hist\u00f2ries en l\u00ednia i compartir-les a la xarxa. Ofereix una gran varietat d&#8217;imatges classificades per categories i la possibilitat de construir hist\u00f2ries de forma col\u00b7laborativa. Les hist\u00f2ries creades poden ser p\u00fabliques o privades. \u00c9s una eina adequada per a treballar la lectura i l&#8217;escriptura en qualsevol llengua.<br \/>\nCal registrar-se i ofereix una opci\u00f3 per a docents<br \/>\nEn els seg\u00fcents enlla\u00e7os ,trobareu algunes ajudes per al seu \u00fas:<br \/>\n<a href=\"http:\/\/storybird.com\/books\/storybird-a-simple-guide-for-teachers-and-students\/\" target=\"_blank\">Storybird: A Simple Guide for Teachers and Students<\/a><\/span> <span style=\"font-family: verdana, arial, helvetica, sans-serif; font-size: small;\"><br \/>\n<a href=\"http:\/\/www.educacontic.es\/blog\/crea-e-ilustra-cuentos-con-storybird\" target=\"_blank\">Crea y ilustra cuentos con Storybird<br \/>\n<\/a><a href=\"http:\/\/www.slideshare.net\/marilinasaru\/tutorialestor\" target=\"_blank\">Creamos juntos con Storybird<\/a><\/span> <span style=\"font-family: verdana, arial, helvetica, sans-serif; font-size: small;\"><br \/>\n<\/span><\/p>\n<\/td>\n<\/tr>\n<tr>\n<td valign=\"top\" height=\"110\"><img decoding=\"async\" style=\"width: 132px; height: 81px;\" src=\"http:\/\/img.scoop.it\/42uIQRLri3UVmli7AVEX4Tl72eJkfbmt4t8yenImKBVaiQDB_Rd1H6kmuBWtceBJ\" alt=\"inklewriter\" \/><\/td>\n<td class=\"Estilo3\" valign=\"top\"><span style=\"font-family: verdana, arial, helvetica, sans-serif; font-size: small;\"><strong><span style=\"font-size: medium;\"><span class=\"Estilo4\"><a href=\"http:\/\/www.inklestudios.com\/inklewriter\" target=\"_blank\">INKLEWRITER<\/a><\/span><\/span><\/strong><br \/>\n<span class=\"Estilo3\">Eina gratu\u00efta dissenyada per escriure i publicar hist\u00f2ries interactives.<br \/>\n<\/span><span class=\"Estilo4\"><a href=\"http:\/\/www.youtube.com\/watch?v=0LkvLMiGj7w\" target=\"_blank\">Introducing inklewriter!<\/a> <\/span><\/span> <span style=\"font-family: verdana, arial, helvetica, sans-serif; font-size: small;\">V\u00eddeo tutorial a Youtube <\/span><\/td>\n<\/tr>\n<tr>\n<td valign=\"top\" height=\"112\"><img decoding=\"async\" style=\"width: 147px; height: 41px;\" src=\"http:\/\/recursostic.educacion.es\/observatorio\/web\/images\/upload\/IsabelPonce\/storify\/storify.jpg\" alt=\"STORIFY\" \/><\/td>\n<td class=\"Estilo3\" valign=\"top\"><span style=\"font-family: verdana, arial, helvetica, sans-serif; font-size: small;\"><span style=\"font-size: medium;\"><strong><a href=\"http:\/\/storify.com\/\" target=\"_blank\">STORIFY<\/a><\/strong> <\/span>Lloc web per crear i emmagatzemar hist\u00f2ries, relats i cronologies utilitzant el contingut dels mitjans socials com Youtube, Twitter, Flick o Facebook entre d&#8217;altres. L&#8217;editor d&#8217;Storify ofereix la possibilitat de recopilar la informaci\u00f3 dispersa dels mitjans socials i transformar-la en una narrativa coherent i estructurada.<br \/>\n<a href=\"http:\/\/recursostic.educacion.es\/observatorio\/web\/es\/internet\/aplicaciones-web\/1051-storify\" target=\"_blank\">Descripci\u00f3 i tutorial (Observatorio tecnol\u00f2gico)<\/a><\/span> <span style=\"font-family: verdana, arial, helvetica, sans-serif; font-size: small;\"><br \/>\n<a href=\"http:\/\/www.slideshare.net\/jphamada\/nuevas-formas-de-contar-historias-con-storify#btnPrevious\" target=\"_blank\">Tutorial<\/a><\/span> <span style=\"font-family: verdana, arial, helvetica, sans-serif; font-size: small;\"><br \/>\n<a href=\"http:\/\/vimeo.com\/15308471\" target=\"_blank\">Tutorial (Vimeo) en angl\u00e8s <\/a><\/span> <span style=\"font-family: verdana, arial, helvetica, sans-serif; font-size: small;\"><br \/>\n<\/span><\/td>\n<\/tr>\n<tr>\n<td valign=\"top\" height=\"42\"><img decoding=\"async\" src=\"http:\/\/www.edu365.cat\/crea\/img\/popcorn.png\" alt=\"POPCORN MARKET\" \/><\/td>\n<td class=\"Estilo3\" valign=\"top\"><span style=\"font-family: verdana, arial, helvetica, sans-serif; font-size: small;\"><span style=\"font-size: medium;\"><strong><a class=\"Estilo4\" href=\"https:\/\/popcorn.webmaker.org\/\" target=\"_blank\">POPCORN Market<\/a><\/strong> <\/span>Una eina gratu\u00efta per crear v\u00eddeo mitjan\u00e7ant el creuament de continguts de diferent fonts de la xarxa. V\u00eddeo, text i web en una sola hist\u00f2ria<\/span><\/td>\n<\/tr>\n<tr>\n<td valign=\"top\" height=\"42\"><img decoding=\"async\" style=\"width: 66px; height: 66px;\" src=\"http:\/\/www.edu365.cat\/crea\/img\/kerpoof.png\" alt=\"kerpoof\" \/><\/td>\n<td class=\"Estilo3\" valign=\"top\"><span style=\"font-family: verdana, arial, helvetica, sans-serif; font-size: small;\"><span style=\"font-size: medium;\"><a title=\"kerpoof\" href=\"http:\/\/www.kerpoof.com\/\" target=\"_blank\"><strong>KERPOOF <\/strong><\/a><\/span>Crea c\u00f2mics i hist\u00f2ries de manera senzilla.<br \/>\n<\/span><\/td>\n<\/tr>\n<tr>\n<td valign=\"top\" height=\"42\"><img decoding=\"async\" style=\"width: 71px; height: 62px;\" src=\"http:\/\/www.fodey.com\/static\/images\/preview_newspaper.jpg\" \/><\/td>\n<td class=\"Estilo3\" valign=\"top\"><span style=\"font-family: verdana, arial, helvetica, sans-serif; font-size: small;\"><span style=\"font-size: medium;\"><a title=\"Fodey\" href=\"http:\/\/www.fodey.com\/generators\/newspaper\/snippet.asp\" target=\"_blank\"><strong>FODEY<\/strong><\/a><\/span>\u00a0Crea de manera ben senzilla un retall de diari on podeu escollir la vostra pr\u00f2pia not\u00edcia o la hist\u00f2ria<br \/>\n<\/span><\/td>\n<\/tr>\n<tr>\n<td valign=\"top\" height=\"42\"><img decoding=\"async\" style=\"width: 72px; height: 65px;\" src=\"http:\/\/socialtimes.com\/files\/2010\/11\/VYou.jpg\" alt=\"Vyou\" \/><\/td>\n<td class=\"Estilo3\" valign=\"top\"><span style=\"font-family: verdana, arial, helvetica, sans-serif; font-size: small;\"><strong><span style=\"font-size: medium;\"><a href=\"http:\/\/vyou.com\/\" target=\"_blank\"><span class=\"Estilo9\">Vyou<\/span><\/a> <\/span><\/strong><span id=\"result_box\" lang=\"ca\"> Construeix una comunitat al voltant d&#8217; interaccions de tipus preguntes i respostes a trav\u00e9s de v\u00eddeo, tant a la web com a trav\u00e9s d&#8217;aplicacions m\u00f2bils.<\/span><\/span><\/td>\n<\/tr>\n<tr>\n<td valign=\"top\" height=\"42\"><img decoding=\"async\" style=\"width: 68px; height: 68px;\" src=\"http:\/\/a2.mzstatic.com\/us\/r1000\/099\/Purple\/v4\/dd\/55\/d5\/dd55d503-5bc8-155c-894b-d0890fdab4f5\/mzl.hngbdish.175x175-75.jpg\" alt=\"tellagami\" \/><\/td>\n<td class=\"Estilo3\" valign=\"top\"><span style=\"font-family: verdana, arial, helvetica, sans-serif; font-size: small;\"><span style=\"font-size: medium;\"><strong><a title=\"TELLAGAMI\" href=\"https:\/\/tellagami.com\/\" target=\"_blank\">TELLAGAMI<\/a><\/strong><\/span><span id=\"result_box\" lang=\"ca\"><span class=\"hps\"> \u00e9s una<\/span> <span class=\"hps\">eina<\/span> <span class=\"hps\">(dissenyada per IOS) que l&#8217;ajuda a<\/span> <span class=\"hps\">explicar i compartir una<\/span> <span class=\"hps\">hist\u00f2ria curta<\/span>, <span class=\"hps\">narrar una<\/span> <span class=\"hps\">experi\u00e8ncia<\/span>, <span class=\"hps\">o<\/span> <span class=\"hps\">compartir una<\/span> <span class=\"hps\">idea<\/span>, <span class=\"hps\">crear una<\/span> <span class=\"hps\">broma<\/span> <span class=\"hps\">o enviar<\/span> <span class=\"hps\">una salutaci\u00f3<\/span> <span class=\"hps\">personalitzada.<\/span><\/span><\/span><\/td>\n<\/tr>\n<tr>\n<td valign=\"top\" height=\"42\"><\/td>\n<td class=\"Estilo3\" valign=\"top\"><\/td>\n<\/tr>\n<tr style=\"color: #ffffff;\">\n<td colspan=\"2\" valign=\"top\" bgcolor=\"#FF6633\" height=\"24\"><strong><span style=\"font-family: verdana, arial, helvetica, sans-serif; font-size: large;\"><span class=\"Estilo5\">COL\u00b7LABORA I CREA <\/span><\/span><\/strong><\/td>\n<\/tr>\n<tr>\n<td valign=\"top\" height=\"24\"><img decoding=\"async\" style=\"width: 127px; height: 82px;\" src=\"http:\/\/1.bp.blogspot.com\/-Pcg1n3Kk1AM\/T7EW9160tbI\/AAAAAAAACeM\/X15eu6qTN7E\/s640\/Captura+de+pantalla+2012-05-14+a+la%28s%29+16.14.51.png\" alt=\"Spaaze\" \/><\/td>\n<td class=\"Estilo3\" valign=\"top\"><span style=\"font-family: verdana, arial, helvetica, sans-serif; font-size: small;\"><strong><span style=\"font-size: medium;\"><a class=\"Estilo4\" href=\"http:\/\/www.spaaze.com\/home\" target=\"_blank\">SPAAZE<\/a><\/span><\/strong> Mural\/tauler en l\u00ednia que permet de forma col\u00b7laborativa reunir, organitzar v\u00eddeos, fotografies, imatges, sons, text i enlla\u00e7os<span lang=\"CA\">.<\/span> Es pot utilitzar per fer pluja d&#8217;idees, publicar comentaris, iniciar i compartir relats, recollir imatges &#8230; Proporciona un marcador que s&#8217;arrossega a la barra de preferits del navegador que permet recopilar de manera r\u00e0pida els contingus que ens interessin. <a href=\"http:\/\/www.spaaze.com\/board\/8bf1844228e34c8da1c5596ddc729d24\" target=\"_blank\">Exemple<\/a> <\/span><\/p>\n<p><a href=\"http:\/\/www.youtube.com\/watch?v=K0c2jvod5wM\" target=\"_blank\">Tutorial d&#8217;Spaaze a Youtube ( en angl\u00e8s) <\/a> <span style=\"font-family: verdana, arial, helvetica, sans-serif; font-size: small;\"><br \/>\n<\/span><\/td>\n<\/tr>\n<tr>\n<td valign=\"top\" height=\"24\"><img decoding=\"async\" style=\"width: 119px; height: 66px;\" src=\"http:\/\/langwitches.org\/blog\/wp-content\/uploads\/2009\/05\/wallwishercom.jpg\" alt=\"wallwhisher\" \/><\/td>\n<td class=\"Estilo3\" valign=\"top\"><span style=\"font-family: verdana, arial, helvetica, sans-serif; font-size: small;\"><a title=\"WALLWHISER\" href=\"http:\/\/wallwisher.com\/\" target=\"_blank\"><strong><span style=\"font-size: medium;\">WALLWISHER\u00a0<\/span><\/strong> <\/a>Una manera diferent de fer treball col\u00b7laboratiu i de posar coses en com\u00fa en un tauler digital. L&#8217;eina permet posar un t\u00edtol al tauler, personalitzar el fons i a partir d&#8217;aqu\u00ed inserir text, \u00e0udio v\u00eddeo, imatges, notes (160 car\u00e0cters), p.e pot ser \u00fatil per fer una recollida d&#8217;idees col\u00b7lectivament abans d&#8217;escriure un text.<br \/>\nL&#8217;aplicaci\u00f3 proporciona un codi que permet embedir-lo en blogs, wikis&#8230;\u00a0 <a title=\"exemple wlslwhiser\" href=\"http:\/\/wallwisher.com\/wall\/sistemasolar2sscc\" target=\"_blank\">Exemple<br \/>\n<\/a><a title=\"Tutorial wallwisher\" href=\"http:\/\/www.slideshare.net\/AnaBasterra\/crear-un-mural-con-la-aplicacin-wallwhiser\" target=\"_blank\">Tutorial<\/a><br \/>\n<\/span><\/td>\n<\/tr>\n<tr>\n<td valign=\"top\" height=\"24\"><img decoding=\"async\" style=\"width: 133px; height: 58px;\" src=\"http:\/\/t1.gstatic.com\/images?q=tbn:ANd9GcSQPNfvfJkLlEa6F3aByDJbyD9zPy2kVEoJBmo-XbLQdkYzajoz\" alt=\"collaborize classroom\" \/><\/td>\n<td class=\"Estilo3\" valign=\"top\"><span style=\"font-family: verdana, arial, helvetica, sans-serif; font-size: small;\"><span style=\"font-size: medium;\"><a title=\"collaborize classroom\" href=\"http:\/\/www.collaborizeclassroom.com\/\" target=\"_blank\"><strong>COL\u00b7LABORIZE CLASSROOM<\/strong><\/a> <\/span><span id=\"result_box\" lang=\"ca\"><span class=\"hps\">Una<\/span> <span class=\"hps atn\">manera d&#8217;<\/span>involucrar els <span class=\"hps\">estudiants<\/span> <span class=\"hps\">i<\/span> <span class=\"hps\">augmentar la seva<\/span> <span class=\"hps\">participaci\u00f3<\/span> <span class=\"hps\">en l&#8217;aprenentatge<\/span>. <\/span><span id=\"result_box\" lang=\"ca\"><span class=\"hps\">Ofereix als<\/span> <span class=\"hps\">professors<\/span> <span class=\"hps\">i<\/span> <span class=\"hps\">alumnes una<\/span> <span class=\"hps\">plataforma<\/span> <span class=\"hps\">per participar<\/span> <span class=\"hps\">en activitats<\/span> <span class=\"hps\">en l\u00ednia<\/span>, <span class=\"hps\">tasques<\/span> <span class=\"hps\">i<\/span> <span class=\"hps\">discussions<\/span>. Permet incloure-hi\u00a0 <\/span><span id=\"result_box\" lang=\"ca\"><span class=\"hps\">arxius multim\u00e8dia<\/span>, <span class=\"hps\">documents<\/span> , <span class=\"hps\">v\u00eddeos<\/span>, <span class=\"hps\">fotos i<\/span> <span class=\"hps\">arxius<\/span> <span class=\"hps\">PDF<\/span><\/span><\/span><\/p>\n<p><span style=\"font-family: verdana, arial, helvetica, sans-serif; font-size: small;\"><span style=\"font-family: verdana, geneva, sans-serif; font-size: 12pt;\"><a title=\"collaborize classroom\" href=\"http:\/\/www.youtube.com\/watch?v=5vhP7Ke_3lU\" target=\"_blank\">Get Started fast with Collaborize Classroom\u00a0 <\/a><\/span>(v\u00eddeo)<br \/>\n<\/span><\/td>\n<\/tr>\n<tr>\n<td valign=\"top\" height=\"24\"><img decoding=\"async\" style=\"width: 127px; height: 68px;\" src=\"http:\/\/lovinggoodmsdigitools.wikispaces.com\/file\/view\/voicethread_wordle.jpg\/317336464\/voicethread_wordle.jpg\" alt=\"voicethread\" \/><\/p>\n<p>.<\/p>\n<p><img decoding=\"async\" style=\"width: 133px; height: 101px;\" src=\"http:\/\/mmerinoru.files.wordpress.com\/2011\/11\/ejemplo_irubric_def.png?w=640\" alt=\"irubric\" \/><\/td>\n<td valign=\"top\"><span style=\"font-family: verdana, geneva, sans-serif; font-size: 12pt;\"><a title=\"voicethread\" href=\"http:\/\/voicethread.com\/\" target=\"_blank\"><strong>VOICETHREAD<\/strong> <\/a><\/span><span style=\"font-size: small;\">Una eina que permet<\/span><\/p>\n<p><span style=\"font-size: small;\"> crear \u00e0lbums multim\u00e8dia el els quals hi podem inserir documents (PDF Microsoft Word, Excel, and PowerPoint),<br \/>\nimatges, \u00e0udio i v\u00eddeos Permet tamb\u00e9 mantenir converses al voltant de<br \/>\ncontinguts multim\u00e8dia (fotograf\u00edas, v\u00eddeos, presentaciones&#8230;) tot en una<br \/>\nsola<br \/>\np\u00e0gina web<span style=\"font-weight: bold;\">.<br \/>\n<\/span><strong><span class=\"Estilo10\" style=\"font-family: verdana, geneva, sans-serif; font-size: 12pt;\"><span class=\"Estilo11\"><span class=\"Estilo12\"><a title=\"educ@conTic\" href=\"http:\/\/www.educacontic.es\/blog\/conversaciones-colaborativas-multimedia-con-voicethread\">Conversaciones colaborativas multimedia con VoiceThread<\/a><\/span><\/span><\/span><\/strong><span class=\"Estilo3\"> (educ@conTic)<br \/>\n<\/span><a title=\"Tutorial\" href=\"http:\/\/salesianoscolegiodigital.files.wordpress.com\/2010\/03\/voicethread.pdf\" target=\"_blank\">Tutorial <\/a>(pdf)<\/span><\/p>\n<p><a title=\"ibubric\" href=\"http:\/\/www.rcampus.com\/indexrubric.cfm\" target=\"_blank\"><span style=\"font-size: medium;\"><strong>Irubric<\/strong><\/span><\/a>\u00a0 Sistema d&#8217;elaboraci\u00f3 de r\u00fabriques de seguiment dels resultats d&#8217;aprenentatge dels estudiants i alineaci\u00f3 amb uns est\u00e0ndards establerts.<\/p>\n<p><span style=\"font-size: 12pt; font-family: verdana, geneva, sans-serif;\"><a title=\"Qu\u00e8 \u00e9s una r\u00fabrica\" href=\"https:\/\/sites.google.com\/site\/avaluemavalueuavaluen\/eines-per-avaluar\/rubriques\/objectius-de-l-avaluacio\" target=\"_blank\">Qu\u00e8 \u00e9s una r\u00fabrica<\/a><\/span><br \/>\n<span style=\"font-size: 12pt; font-family: verdana, geneva, sans-serif;\"> <a title=\"r\u00fabriques\" href=\"https:\/\/sites.google.com\/site\/rubriquesdinfantilabatxillerat\/\" target=\"_blank\">Banc de r\u00fabriques<\/a><\/span><\/td>\n<\/tr>\n<\/tbody>\n<\/table>\n<p>&nbsp;<\/p>\n","protected":false},"excerpt":{"rendered":"<p>Hem recollit les eines que es van mostrar a la presentaci\u00f3 2.0 Tools for Communicative Competence Development, realitzada per Ricard [&hellip;]<\/p>\n","protected":false},"author":1,"featured_media":0,"parent":2682,"menu_order":0,"comment_status":"closed","ping_status":"closed","template":"","meta":{"_bbp_topic_count":0,"_bbp_reply_count":0,"_bbp_total_topic_count":0,"_bbp_total_reply_count":0,"_bbp_voice_count":0,"_bbp_anonymous_reply_count":0,"_bbp_topic_count_hidden":0,"_bbp_reply_count_hidden":0,"_bbp_forum_subforum_count":0,"site-sidebar-layout":"default","site-content-layout":"","ast-site-content-layout":"","site-content-style":"default","site-sidebar-style":"default","ast-global-header-display":"","ast-banner-title-visibility":"","ast-main-header-display":"","ast-hfb-above-header-display":"","ast-hfb-below-header-display":"","ast-hfb-mobile-header-display":"","site-post-title":"","ast-breadcrumbs-content":"","ast-featured-img":"","footer-sml-layout":"","theme-transparent-header-meta":"","adv-header-id-meta":"","stick-header-meta":"","header-above-stick-meta":"","header-main-stick-meta":"","header-below-stick-meta":"","astra-migrate-meta-layouts":"default","ast-page-background-enabled":"default","ast-page-background-meta":{"desktop":{"background-color":"var(--ast-global-color-4)","background-image":"","background-repeat":"repeat","background-position":"center center","background-size":"auto","background-attachment":"scroll","background-type":"","background-media":"","overlay-type":"","overlay-color":"","overlay-opacity":"","overlay-gradient":""},"tablet":{"background-color":"","background-image":"","background-repeat":"repeat","background-position":"center center","background-size":"auto","background-attachment":"scroll","background-type":"","background-media":"","overlay-type":"","overlay-color":"","overlay-opacity":"","overlay-gradient":""},"mobile":{"background-color":"","background-image":"","background-repeat":"repeat","background-position":"center center","background-size":"auto","background-attachment":"scroll","background-type":"","background-media":"","overlay-type":"","overlay-color":"","overlay-opacity":"","overlay-gradient":""}},"ast-content-background-meta":{"desktop":{"background-color":"var(--ast-global-color-5)","background-image":"","background-repeat":"repeat","background-position":"center center","background-size":"auto","background-attachment":"scroll","background-type":"","background-media":"","overlay-type":"","overlay-color":"","overlay-opacity":"","overlay-gradient":""},"tablet":{"background-color":"var(--ast-global-color-5)","background-image":"","background-repeat":"repeat","background-position":"center center","background-size":"auto","background-attachment":"scroll","background-type":"","background-media":"","overlay-type":"","overlay-color":"","overlay-opacity":"","overlay-gradient":""},"mobile":{"background-color":"var(--ast-global-color-5)","background-image":"","background-repeat":"repeat","background-position":"center center","background-size":"auto","background-attachment":"scroll","background-type":"","background-media":"","overlay-type":"","overlay-color":"","overlay-opacity":"","overlay-gradient":""}},"footnotes":""},"class_list":["post-2767","page","type-page","status-publish","hentry"],"post_mailing_queue_ids":[],"_links":{"self":[{"href":"https:\/\/serveiseducatius.xtec.cat\/badalona\/wp-json\/wp\/v2\/pages\/2767","targetHints":{"allow":["GET"]}}],"collection":[{"href":"https:\/\/serveiseducatius.xtec.cat\/badalona\/wp-json\/wp\/v2\/pages"}],"about":[{"href":"https:\/\/serveiseducatius.xtec.cat\/badalona\/wp-json\/wp\/v2\/types\/page"}],"author":[{"embeddable":true,"href":"https:\/\/serveiseducatius.xtec.cat\/badalona\/wp-json\/wp\/v2\/users\/1"}],"replies":[{"embeddable":true,"href":"https:\/\/serveiseducatius.xtec.cat\/badalona\/wp-json\/wp\/v2\/comments?post=2767"}],"version-history":[{"count":3,"href":"https:\/\/serveiseducatius.xtec.cat\/badalona\/wp-json\/wp\/v2\/pages\/2767\/revisions"}],"predecessor-version":[{"id":5053,"href":"https:\/\/serveiseducatius.xtec.cat\/badalona\/wp-json\/wp\/v2\/pages\/2767\/revisions\/5053"}],"up":[{"embeddable":true,"href":"https:\/\/serveiseducatius.xtec.cat\/badalona\/wp-json\/wp\/v2\/pages\/2682"}],"wp:attachment":[{"href":"https:\/\/serveiseducatius.xtec.cat\/badalona\/wp-json\/wp\/v2\/media?parent=2767"}],"curies":[{"name":"wp","href":"https:\/\/api.w.org\/{rel}","templated":true}]}}