{"id":2751,"date":"2012-06-17T17:09:10","date_gmt":"2012-06-17T16:09:10","guid":{"rendered":"http:\/\/serveiseducatius.xtec.cat\/badalona\/intraweb\/lodissea-activitats\/"},"modified":"2016-12-13T12:04:42","modified_gmt":"2016-12-13T11:04:42","slug":"lodissea-activitats","status":"publish","type":"page","link":"https:\/\/serveiseducatius.xtec.cat\/badalona\/recursos\/llibres-de-text-lectures-a-leso-premis-ciutat-de-badalona\/lodissea-activitats\/","title":{"rendered":"L&#8217;Odissea &#8211; Activitats"},"content":{"rendered":"<table border=\"0\" width=\"94%\">\n<tbody>\n<tr style=\"background-color: #ffffff; border-color: #ffffff;\" align=\"left\" valign=\"top\" bgcolor=\"#E3E3C4\">\n<td colspan=\"3\"><span style=\"color: #ff6600;\"><strong><span style=\"font-family: Geneva, Arial, Helvetica, sans-serif; font-size: x-large;\">L&#8217;Odissea<\/span><\/strong><\/span><\/td>\n<\/tr>\n<tr style=\"background-color: #ffffff;\">\n<td style=\"width: 31%; text-align: left; vertical-align: top;\" align=\"center\" valign=\"middle\" width=\"31%\"><span style=\"color: #000099;\"><strong><img loading=\"lazy\" decoding=\"async\" src=\"http:\/\/t0.gstatic.com\/images?q=tbn:ANd9GcTe_9lVS8Uyfk1f-3mDvU0r4HpZsHBoiUppYZkYbFtz4KavAHSnbKNOgZirrQ\" width=\"155\" height=\"202\" border=\"0\" \/><\/strong><\/span><\/td>\n<td align=\"left\" valign=\"top\" width=\"69%\"><span style=\"font-family: Geneva, Arial, Helvetica, sans-serif; font-size: small;\"><strong>Proposta<br \/>\nActivitats<\/strong><\/span><span style=\"font-family: Geneva, Arial, Helvetica, sans-serif; font-size: small;\"><strong>Comentari:<\/strong><\/span><span style=\"font-family: Geneva, Arial, Helvetica, sans-serif; font-size: small;\">Relata les aventures de l&#8217;heroi grec Odisseu (anomenat Ulisses) des que va partir de la conquerida Troia fins que torna a casa, a \u00cdtaca.<br \/>\n<\/span><span style=\"font-family: Geneva, Arial, Helvetica, sans-serif; font-size: small;\">\u00c9s un exemple de literatura d&#8217;aventures i de viatges, si b\u00e9 el marc del Mediterrani aviat esdev\u00e9 m\u00edtic, amb llocs imaginaris i intromissions de l&#8217;altre m\u00f3n. Els temes s\u00f3n universals: l&#8217;amor familiar contra les aventures de la passi\u00f3, el retorn a la llar, la pugna entre civilitzaci\u00f3 i natura, la gelosia femenina o l&#8217;equilibri entre el seny i la rauxa.<\/span><\/p>\n<p><span style=\"font-family: Geneva, Arial, Helvetica, sans-serif; font-size: small;\"><strong>Activitats:<\/strong><\/span><\/p>\n<ul>\n<li><span style=\"font-family: Geneva, Arial, Helvetica, sans-serif; font-size: small;\">Fitxa de treball: (<a href=\"http:\/\/www.cpnl.cat\/xarxa\/cnlmaresme\/upload\/Lodissea.pdf\" target=\"_blank\">enlla\u00e7<\/a>)<\/span><\/li>\n<li><span style=\"font-family: Geneva, Arial, Helvetica, sans-serif; font-size: small;\">Projecci\u00f3 d&#8217;imatges amb m\u00fasica de Llu\u00eds Llach<em> Viatge a \u00cdtaca<\/em>; durada: 3:57 min. (<a href=\"http:\/\/www.youtube.com\/watch?v=uyfIpIZfGR4\" target=\"_blank\">enlla\u00e7<\/a>)<\/span><\/li>\n<li><span style=\"font-family: Geneva, Arial, Helvetica, sans-serif; font-size: small;\">Audiollibres:<\/span>\n<ul>\n<li><span style=\"font-family: Geneva, Arial, Helvetica, sans-serif; font-size: small;\">Durada: 5:13 min.<\/span>(<a href=\"http:\/\/www.youtube.com\/watch?v=o1wIqLvhKQM\" target=\"_blank\">enlla\u00e7<\/a>)<\/li>\n<li><span style=\"font-family: Geneva, Arial, Helvetica, sans-serif; font-size: small;\">Durada: 14:41 min. (<a href=\"http:\/\/www.youtube.com\/watch?v=tvgDzulmywI\" target=\"_blank\">enlla\u00e7<\/a>)<\/span><\/li>\n<\/ul>\n<\/li>\n<li><span style=\"font-family: Geneva, Arial, Helvetica, sans-serif; font-size: small;\">Minidocumental: resum, estructura de l&#8217;obra i descripci\u00f3 dels personatges; durada: 9:39 min. (<a href=\"http:\/\/www.youtube.com\/watch?v=y0-nOL9NZL8&amp;feature=related\" target=\"_blank\">enlla\u00e7<\/a>)<\/span><\/li>\n<li><span style=\"font-family: Geneva, Arial, Helvetica, sans-serif; font-size: small;\">Documental sobre els d\u00e9us de la mitologia grega; durada: 8:32 min. (<a href=\"http:\/\/www.youtube.com\/watch?v=koD7v5gfllc&amp;feature=related\" target=\"_blank\">enlla\u00e7<\/a>)<\/span><\/li>\n<li><span style=\"font-family: Geneva, Arial, Helvetica, sans-serif; font-size: small;\">Documental visual realitzat per alumnes; durada: 3:51 min. (<a href=\"http:\/\/www.youtube.com\/watch?v=y7kXAe1Nt3E\" target=\"_blank\">enlla\u00e7<\/a>)<\/span><\/li>\n<li><span style=\"font-family: Geneva, Arial, Helvetica, sans-serif; font-size: small;\">Ruta descriptiva del viatge d&#8217;Ulisses; durada: 3:36 min. (<a href=\"http:\/\/www.youtube.com\/watch?v=57qqBkaRqL0\" target=\"_blank\">enlla\u00e7<\/a>)<\/span><\/li>\n<li><span style=\"font-family: Geneva, Arial, Helvetica, sans-serif; font-size: small;\">Pel\u00b7l\u00edcula.<\/span><\/li>\n<li><span style=\"font-family: Geneva, Arial, Helvetica, sans-serif; font-size: small;\">Xerrada a c\u00e0rrec d&#8217;un psic\u00f2leg sobre l&#8217;\u00fas de referents de la mitologia grega en Psicologia (mite d&#8217;Edip i d&#8217;Electra; Narcisisme; efecte Pigmali\u00f3&#8230;)<\/span><\/li>\n<li><span style=\"font-family: Geneva, Arial, Helvetica, sans-serif; font-size: small;\">Xerrada d&#8217;un historiador sobre la cultura grega.<\/span><\/li>\n<\/ul>\n<\/td>\n<\/tr>\n<tr style=\"background-color: #ffffff;\" align=\"left\" valign=\"top\" bgcolor=\"#E3E3C4\">\n<td colspan=\"3\" height=\"18\"><span style=\"color: #ff6600;\"><strong><span style=\"font-family: Geneva, Arial, Helvetica, sans-serif; font-size: large;\">Per a m\u00e9s informaci\u00f3:<\/span><\/strong><\/span><\/td>\n<\/tr>\n<tr style=\"background-color: #ffffff;\" align=\"left\" valign=\"top\">\n<td colspan=\"3\" height=\"20\"><span style=\"font-family: Geneva, Arial, Helvetica, sans-serif; font-size: small;\">Pots contactar amb: <strong>934602226<\/strong><\/span><\/td>\n<\/tr>\n<tr align=\"left\" valign=\"top\">\n<td colspan=\"3\" height=\"21\"><span style=\"font-family: Geneva, Arial, Helvetica, sans-serif; font-size: small;\">Correu electr\u00f2nic: crp-badalona@xtec.cat<\/span><\/td>\n<\/tr>\n<tr style=\"background-color: #ffffff;\" align=\"left\" valign=\"top\" bgcolor=\"#E3E3C4\">\n<td colspan=\"3\" height=\"18\"><span style=\"color: #ff6600;\"><strong><span style=\"font-family: Geneva, Arial, Helvetica, sans-serif; font-size: large;\">Organitza:<\/span><\/strong><\/span><\/td>\n<\/tr>\n<tr align=\"left\" valign=\"top\">\n<td colspan=\"3\" height=\"18\"><span style=\"font-family: Geneva, Arial, Helvetica, sans-serif; font-size: small;\">Ajuntamentde \u00a0Badalona.\u00a0<\/span><span style=\"font-family: Geneva, Arial, Helvetica, sans-serif; font-size: small;\">\u00c0<\/span><span style=\"font-family: Geneva, Arial, Helvetica, sans-serif; font-size: small;\">rea d&#8217;Educaci\u00f3, \u00a0<\/span><span style=\"font-family: Geneva, Arial, Helvetica, sans-serif; font-size: small;\">\u00c0<\/span><span style=\"font-family: Geneva, Arial, Helvetica, sans-serif; font-size: small;\">rea de Cultura mitjan\u00e7ant la Xarxa Municipal de Biblioteques<\/span><\/td>\n<\/tr>\n<tr style=\"background-color: #ffffff;\" align=\"left\" valign=\"top\">\n<td colspan=\"3\" height=\"18\"><span style=\"font-family: Geneva, Arial, Helvetica, sans-serif; font-size: small;\">ServeiEducatiu Ciutat de Badalona. Departament d&#8217;Ensenyament. Generalitat de<br \/>\nCatalunya <\/span><\/td>\n<\/tr>\n<\/tbody>\n<\/table>\n<p>&nbsp;<\/p>\n","protected":false},"excerpt":{"rendered":"<p>L&#8217;Odissea Proposta ActivitatsComentari:Relata les aventures de l&#8217;heroi grec Odisseu (anomenat Ulisses) des que va partir de la conquerida Troia fins [&hellip;]<\/p>\n","protected":false},"author":1,"featured_media":0,"parent":2737,"menu_order":0,"comment_status":"closed","ping_status":"closed","template":"page-templates\/side-menu.php","meta":{"_bbp_topic_count":0,"_bbp_reply_count":0,"_bbp_total_topic_count":0,"_bbp_total_reply_count":0,"_bbp_voice_count":0,"_bbp_anonymous_reply_count":0,"_bbp_topic_count_hidden":0,"_bbp_reply_count_hidden":0,"_bbp_forum_subforum_count":0,"site-sidebar-layout":"default","site-content-layout":"","ast-site-content-layout":"","site-content-style":"default","site-sidebar-style":"default","ast-global-header-display":"","ast-banner-title-visibility":"","ast-main-header-display":"","ast-hfb-above-header-display":"","ast-hfb-below-header-display":"","ast-hfb-mobile-header-display":"","site-post-title":"","ast-breadcrumbs-content":"","ast-featured-img":"","footer-sml-layout":"","theme-transparent-header-meta":"","adv-header-id-meta":"","stick-header-meta":"","header-above-stick-meta":"","header-main-stick-meta":"","header-below-stick-meta":"","astra-migrate-meta-layouts":"default","ast-page-background-enabled":"default","ast-page-background-meta":{"desktop":{"background-color":"var(--ast-global-color-4)","background-image":"","background-repeat":"repeat","background-position":"center center","background-size":"auto","background-attachment":"scroll","background-type":"","background-media":"","overlay-type":"","overlay-color":"","overlay-opacity":"","overlay-gradient":""},"tablet":{"background-color":"","background-image":"","background-repeat":"repeat","background-position":"center center","background-size":"auto","background-attachment":"scroll","background-type":"","background-media":"","overlay-type":"","overlay-color":"","overlay-opacity":"","overlay-gradient":""},"mobile":{"background-color":"","background-image":"","background-repeat":"repeat","background-position":"center center","background-size":"auto","background-attachment":"scroll","background-type":"","background-media":"","overlay-type":"","overlay-color":"","overlay-opacity":"","overlay-gradient":""}},"ast-content-background-meta":{"desktop":{"background-color":"var(--ast-global-color-5)","background-image":"","background-repeat":"repeat","background-position":"center center","background-size":"auto","background-attachment":"scroll","background-type":"","background-media":"","overlay-type":"","overlay-color":"","overlay-opacity":"","overlay-gradient":""},"tablet":{"background-color":"var(--ast-global-color-5)","background-image":"","background-repeat":"repeat","background-position":"center center","background-size":"auto","background-attachment":"scroll","background-type":"","background-media":"","overlay-type":"","overlay-color":"","overlay-opacity":"","overlay-gradient":""},"mobile":{"background-color":"var(--ast-global-color-5)","background-image":"","background-repeat":"repeat","background-position":"center center","background-size":"auto","background-attachment":"scroll","background-type":"","background-media":"","overlay-type":"","overlay-color":"","overlay-opacity":"","overlay-gradient":""}},"footnotes":""},"class_list":["post-2751","page","type-page","status-publish","hentry"],"post_mailing_queue_ids":[],"_links":{"self":[{"href":"https:\/\/serveiseducatius.xtec.cat\/badalona\/wp-json\/wp\/v2\/pages\/2751","targetHints":{"allow":["GET"]}}],"collection":[{"href":"https:\/\/serveiseducatius.xtec.cat\/badalona\/wp-json\/wp\/v2\/pages"}],"about":[{"href":"https:\/\/serveiseducatius.xtec.cat\/badalona\/wp-json\/wp\/v2\/types\/page"}],"author":[{"embeddable":true,"href":"https:\/\/serveiseducatius.xtec.cat\/badalona\/wp-json\/wp\/v2\/users\/1"}],"replies":[{"embeddable":true,"href":"https:\/\/serveiseducatius.xtec.cat\/badalona\/wp-json\/wp\/v2\/comments?post=2751"}],"version-history":[{"count":1,"href":"https:\/\/serveiseducatius.xtec.cat\/badalona\/wp-json\/wp\/v2\/pages\/2751\/revisions"}],"predecessor-version":[{"id":5378,"href":"https:\/\/serveiseducatius.xtec.cat\/badalona\/wp-json\/wp\/v2\/pages\/2751\/revisions\/5378"}],"up":[{"embeddable":true,"href":"https:\/\/serveiseducatius.xtec.cat\/badalona\/wp-json\/wp\/v2\/pages\/2737"}],"wp:attachment":[{"href":"https:\/\/serveiseducatius.xtec.cat\/badalona\/wp-json\/wp\/v2\/media?parent=2751"}],"curies":[{"name":"wp","href":"https:\/\/api.w.org\/{rel}","templated":true}]}}