{"id":2743,"date":"2012-06-16T16:34:38","date_gmt":"2012-06-16T15:34:38","guid":{"rendered":"http:\/\/serveiseducatius.xtec.cat\/badalona\/intraweb\/bressol-del-basquetbol-activitats\/"},"modified":"2016-12-13T16:13:23","modified_gmt":"2016-12-13T15:13:23","slug":"bressol-del-basquetbol-activitats","status":"publish","type":"page","link":"https:\/\/serveiseducatius.xtec.cat\/badalona\/recursos\/llibres-de-text-lectures-a-leso-premis-ciutat-de-badalona\/bressol-del-basquetbol-activitats\/","title":{"rendered":"Bressol del basquetbol"},"content":{"rendered":"<table border=\"0\" width=\"94%\">\n<tbody>\n<tr>\n<td align=\"center\" valign=\"middle\" width=\"31%\"><span style=\"color: #000099;\"><strong><img loading=\"lazy\" decoding=\"async\" src=\"http:\/\/image.casadellibro.com\/libros\/1\/bressol-del-basquetbol-9788424632892.jpg\" width=\"143\" height=\"231\" border=\"0\" \/><\/strong><\/span><\/td>\n<td align=\"left\" valign=\"top\" width=\"69%\"><span style=\"font-family: Geneva, Arial, Helvetica, sans-serif; font-size: small;\"><strong>Proposta<br \/>\nActivitats: <\/strong><\/span><span style=\"font-family: Geneva, Arial, Helvetica, sans-serif; font-size: small;\"><strong>Comentari:<\/strong><\/span><span style=\"font-family: Geneva, Arial, Helvetica, sans-serif; font-size: small;\">Una novel\u00b7la amb diversitat de trames que giren al voltant del m\u00f3n del b\u00e0squet i d\u2019un fet misteri\u00f3s del barri dels protagonistes.<\/span><span style=\"font-family: Geneva, Arial, Helvetica, sans-serif; font-size: small;\"><strong>Activitat:<\/strong><\/span><\/p>\n<ul>\n<li><span style=\"font-family: Geneva, Arial, Helvetica, sans-serif; font-size: small;\">Xerrada amb l\u2019autor.<\/span><\/li>\n<\/ul>\n<\/td>\n<\/tr>\n<tr style=\"background-color: #ffffff;\" align=\"left\" valign=\"top\" bgcolor=\"#E3E3C4\">\n<td colspan=\"3\" height=\"18\"><span style=\"color: #ff6600;\"><strong><span style=\"font-family: Geneva, Arial, Helvetica, sans-serif; font-size: large;\">Per\u00a0a m\u00e9s informaci\u00f3:<\/span><\/strong><\/span><\/td>\n<\/tr>\n<tr align=\"left\" valign=\"top\">\n<td colspan=\"3\" height=\"20\">Pots\u00a0contactar amb:<span style=\"color: #ff6600;\">CRP de Badalona &#8211; 934602226<\/span><\/td>\n<\/tr>\n<tr style=\"background-color: #ffffff;\" align=\"left\" valign=\"top\">\n<td colspan=\"3\" height=\"21\">Correu\u00a0electr\u00f2nic:<span style=\"color: #ff6600;\">crp-badalona@xtec.cat<\/span><\/td>\n<\/tr>\n<tr style=\"background-color: #ffffff;\" align=\"left\" valign=\"top\" bgcolor=\"#E3E3C4\">\n<td colspan=\"3\" height=\"18\"><span style=\"color: #ff6600;\"><strong><span style=\"font-family: Geneva, Arial, Helvetica, sans-serif; font-size: large;\">Organitza:<\/span><\/strong><\/span><\/td>\n<\/tr>\n<tr style=\"background-color: #ffffff;\" align=\"left\" valign=\"top\">\n<td colspan=\"3\" height=\"18\"><span style=\"font-size: 10pt;\">Ajuntament de Badalona. \u00c0rea d&#8217;Educaci\u00f3. \u00c0rea de Cultura mitjan\u00e7ant la Xarxa Municipal de Biblioteques<\/span><\/td>\n<\/tr>\n<tr align=\"left\" valign=\"top\">\n<td colspan=\"3\" height=\"18\"><span style=\"font-size: 10pt;\">Servei Educatiu Ciutat de Badalona. Departament d&#8217;Ensenyament. Generalitat de Catalunya<\/span><\/td>\n<\/tr>\n<\/tbody>\n<\/table>\n<p>&nbsp;<\/p>\n","protected":false},"excerpt":{"rendered":"<p>Proposta Activitats: Comentari:Una novel\u00b7la amb diversitat de trames que giren al voltant del m\u00f3n del b\u00e0squet i d\u2019un fet misteri\u00f3s [&hellip;]<\/p>\n","protected":false},"author":1,"featured_media":0,"parent":2737,"menu_order":0,"comment_status":"closed","ping_status":"closed","template":"page-templates\/side-menu.php","meta":{"_bbp_topic_count":0,"_bbp_reply_count":0,"_bbp_total_topic_count":0,"_bbp_total_reply_count":0,"_bbp_voice_count":0,"_bbp_anonymous_reply_count":0,"_bbp_topic_count_hidden":0,"_bbp_reply_count_hidden":0,"_bbp_forum_subforum_count":0,"site-sidebar-layout":"default","site-content-layout":"","ast-site-content-layout":"","site-content-style":"default","site-sidebar-style":"default","ast-global-header-display":"","ast-banner-title-visibility":"","ast-main-header-display":"","ast-hfb-above-header-display":"","ast-hfb-below-header-display":"","ast-hfb-mobile-header-display":"","site-post-title":"","ast-breadcrumbs-content":"","ast-featured-img":"","footer-sml-layout":"","theme-transparent-header-meta":"","adv-header-id-meta":"","stick-header-meta":"","header-above-stick-meta":"","header-main-stick-meta":"","header-below-stick-meta":"","astra-migrate-meta-layouts":"default","ast-page-background-enabled":"default","ast-page-background-meta":{"desktop":{"background-color":"var(--ast-global-color-4)","background-image":"","background-repeat":"repeat","background-position":"center center","background-size":"auto","background-attachment":"scroll","background-type":"","background-media":"","overlay-type":"","overlay-color":"","overlay-opacity":"","overlay-gradient":""},"tablet":{"background-color":"","background-image":"","background-repeat":"repeat","background-position":"center center","background-size":"auto","background-attachment":"scroll","background-type":"","background-media":"","overlay-type":"","overlay-color":"","overlay-opacity":"","overlay-gradient":""},"mobile":{"background-color":"","background-image":"","background-repeat":"repeat","background-position":"center center","background-size":"auto","background-attachment":"scroll","background-type":"","background-media":"","overlay-type":"","overlay-color":"","overlay-opacity":"","overlay-gradient":""}},"ast-content-background-meta":{"desktop":{"background-color":"var(--ast-global-color-5)","background-image":"","background-repeat":"repeat","background-position":"center center","background-size":"auto","background-attachment":"scroll","background-type":"","background-media":"","overlay-type":"","overlay-color":"","overlay-opacity":"","overlay-gradient":""},"tablet":{"background-color":"var(--ast-global-color-5)","background-image":"","background-repeat":"repeat","background-position":"center center","background-size":"auto","background-attachment":"scroll","background-type":"","background-media":"","overlay-type":"","overlay-color":"","overlay-opacity":"","overlay-gradient":""},"mobile":{"background-color":"var(--ast-global-color-5)","background-image":"","background-repeat":"repeat","background-position":"center center","background-size":"auto","background-attachment":"scroll","background-type":"","background-media":"","overlay-type":"","overlay-color":"","overlay-opacity":"","overlay-gradient":""}},"footnotes":""},"class_list":["post-2743","page","type-page","status-publish","hentry"],"post_mailing_queue_ids":[],"_links":{"self":[{"href":"https:\/\/serveiseducatius.xtec.cat\/badalona\/wp-json\/wp\/v2\/pages\/2743","targetHints":{"allow":["GET"]}}],"collection":[{"href":"https:\/\/serveiseducatius.xtec.cat\/badalona\/wp-json\/wp\/v2\/pages"}],"about":[{"href":"https:\/\/serveiseducatius.xtec.cat\/badalona\/wp-json\/wp\/v2\/types\/page"}],"author":[{"embeddable":true,"href":"https:\/\/serveiseducatius.xtec.cat\/badalona\/wp-json\/wp\/v2\/users\/1"}],"replies":[{"embeddable":true,"href":"https:\/\/serveiseducatius.xtec.cat\/badalona\/wp-json\/wp\/v2\/comments?post=2743"}],"version-history":[{"count":0,"href":"https:\/\/serveiseducatius.xtec.cat\/badalona\/wp-json\/wp\/v2\/pages\/2743\/revisions"}],"up":[{"embeddable":true,"href":"https:\/\/serveiseducatius.xtec.cat\/badalona\/wp-json\/wp\/v2\/pages\/2737"}],"wp:attachment":[{"href":"https:\/\/serveiseducatius.xtec.cat\/badalona\/wp-json\/wp\/v2\/media?parent=2743"}],"curies":[{"name":"wp","href":"https:\/\/api.w.org\/{rel}","templated":true}]}}