{"id":2742,"date":"2012-06-16T16:25:09","date_gmt":"2012-06-16T15:25:09","guid":{"rendered":"http:\/\/serveiseducatius.xtec.cat\/badalona\/intraweb\/gavin-de-puiyet-activitats\/"},"modified":"2016-12-13T16:20:00","modified_gmt":"2016-12-13T15:20:00","slug":"gavin-de-puiyet-activitats","status":"publish","type":"page","link":"https:\/\/serveiseducatius.xtec.cat\/badalona\/recursos\/llibres-de-text-lectures-a-leso-premis-ciutat-de-badalona\/gavin-de-puiyet-activitats\/","title":{"rendered":"Gavin de Puiyet"},"content":{"rendered":"<table border=\"0\" width=\"94%\">\n<tbody>\n<tr>\n<td align=\"center\" valign=\"middle\" width=\"31%\"><span style=\"color: #000099;\"><strong><img loading=\"lazy\" decoding=\"async\" src=\"http:\/\/llibres.lalleixa.com\/media\/catalog\/product\/cache\/1\/image\/5e06319eda06f020e43594a9c230972d\/6\/1\/6120191_3.gif\" width=\"124\" height=\"199\" border=\"0\" \/><\/strong><\/span><\/td>\n<td align=\"left\" valign=\"top\" width=\"69%\"><span style=\"font-family: Geneva, Arial, Helvetica, sans-serif; font-size: small;\"><strong>Comentari:<\/strong><\/span><\/p>\n<p><span style=\"font-family: Geneva, Arial, Helvetica, sans-serif; font-size: small;\">En Gavin \u00e9s un jove mosso de quadres menyspreat pel seu pare adoptiu, el bar\u00f3 de Puiyet. El seu futur canvia inesperadament quan el cavaller Giscard d&#8217;Ermy el reclama al seu servei com a escuder. En Gavin ha viscut sempre en el petit llogaret de Puiyet, i a partir d&#8217;ara es veur\u00e0 immers en un nou m\u00f3n que desconeix del tot, un m\u00f3n ple d&#8217;aventures i perills, assetjaments de castells i lluites entre cavallers.<\/span><\/p>\n<p><span style=\"font-family: Geneva, Arial, Helvetica, sans-serif; font-size: small;\"><strong>Activitat:<\/strong><\/span><\/p>\n<ul>\n<li><span style=\"font-family: Geneva, Arial, Helvetica, sans-serif; font-size: small;\">Xerrada amb l&#8217;autor.<\/span><\/li>\n<\/ul>\n<\/td>\n<\/tr>\n<tr align=\"left\" valign=\"top\" bgcolor=\"#E3E3C4\">\n<td colspan=\"3\" height=\"18\"><span style=\"color: #ff6600;\"><strong><span style=\"font-family: Geneva, Arial, Helvetica, sans-serif; font-size: large;\">Per\u00a0a m\u00e9s informaci\u00f3:<\/span><\/strong><\/span><\/td>\n<\/tr>\n<tr align=\"left\" valign=\"top\">\n<td colspan=\"3\" height=\"20\"><span style=\"font-size: 10pt;\">Pots\u00a0contactar amb:<span style=\"color: #ff6600;\">CRP de Badalona &#8211; 934602226<\/span><\/span><\/td>\n<\/tr>\n<tr align=\"left\" valign=\"top\">\n<td colspan=\"3\" height=\"21\"><span style=\"font-size: 10pt;\">Correu\u00a0electr\u00f2nic:<span style=\"color: #ff6600;\">crp-badalona@xtec.cat<\/span><\/span><\/td>\n<\/tr>\n<tr style=\"background-color: #ffffff;\" align=\"left\" valign=\"top\" bgcolor=\"#E3E3C4\">\n<td colspan=\"3\" height=\"18\"><span style=\"color: #ff6600;\"><strong><span style=\"font-family: Geneva, Arial, Helvetica, sans-serif; font-size: large;\">Organitza:<\/span><\/strong><\/span><\/td>\n<\/tr>\n<tr align=\"left\" valign=\"top\">\n<td colspan=\"3\" height=\"18\"><span style=\"font-size: 10pt;\">Ajuntament de Badalona. \u00c0rea d&#8217;Educaci\u00f3. \u00c0rea de Cultura mitjan\u00e7ant la Xarxa Municipal de Biblioteques<\/span><\/td>\n<\/tr>\n<tr align=\"left\" valign=\"top\">\n<td colspan=\"3\" height=\"18\"><span style=\"font-size: 10pt;\">Servei Educatiu Ciutat de Badalona. Departament d&#8217;Ensenyament. Generalitat de Catalunya<\/span><\/td>\n<\/tr>\n<\/tbody>\n<\/table>\n<p>&nbsp;<\/p>\n","protected":false},"excerpt":{"rendered":"<p>Comentari: En Gavin \u00e9s un jove mosso de quadres menyspreat pel seu pare adoptiu, el bar\u00f3 de Puiyet. El seu [&hellip;]<\/p>\n","protected":false},"author":1,"featured_media":0,"parent":2737,"menu_order":0,"comment_status":"closed","ping_status":"closed","template":"page-templates\/side-menu.php","meta":{"_bbp_topic_count":0,"_bbp_reply_count":0,"_bbp_total_topic_count":0,"_bbp_total_reply_count":0,"_bbp_voice_count":0,"_bbp_anonymous_reply_count":0,"_bbp_topic_count_hidden":0,"_bbp_reply_count_hidden":0,"_bbp_forum_subforum_count":0,"site-sidebar-layout":"default","site-content-layout":"","ast-site-content-layout":"","site-content-style":"default","site-sidebar-style":"default","ast-global-header-display":"","ast-banner-title-visibility":"","ast-main-header-display":"","ast-hfb-above-header-display":"","ast-hfb-below-header-display":"","ast-hfb-mobile-header-display":"","site-post-title":"","ast-breadcrumbs-content":"","ast-featured-img":"","footer-sml-layout":"","theme-transparent-header-meta":"","adv-header-id-meta":"","stick-header-meta":"","header-above-stick-meta":"","header-main-stick-meta":"","header-below-stick-meta":"","astra-migrate-meta-layouts":"default","ast-page-background-enabled":"default","ast-page-background-meta":{"desktop":{"background-color":"var(--ast-global-color-4)","background-image":"","background-repeat":"repeat","background-position":"center center","background-size":"auto","background-attachment":"scroll","background-type":"","background-media":"","overlay-type":"","overlay-color":"","overlay-opacity":"","overlay-gradient":""},"tablet":{"background-color":"","background-image":"","background-repeat":"repeat","background-position":"center center","background-size":"auto","background-attachment":"scroll","background-type":"","background-media":"","overlay-type":"","overlay-color":"","overlay-opacity":"","overlay-gradient":""},"mobile":{"background-color":"","background-image":"","background-repeat":"repeat","background-position":"center center","background-size":"auto","background-attachment":"scroll","background-type":"","background-media":"","overlay-type":"","overlay-color":"","overlay-opacity":"","overlay-gradient":""}},"ast-content-background-meta":{"desktop":{"background-color":"var(--ast-global-color-5)","background-image":"","background-repeat":"repeat","background-position":"center center","background-size":"auto","background-attachment":"scroll","background-type":"","background-media":"","overlay-type":"","overlay-color":"","overlay-opacity":"","overlay-gradient":""},"tablet":{"background-color":"var(--ast-global-color-5)","background-image":"","background-repeat":"repeat","background-position":"center center","background-size":"auto","background-attachment":"scroll","background-type":"","background-media":"","overlay-type":"","overlay-color":"","overlay-opacity":"","overlay-gradient":""},"mobile":{"background-color":"var(--ast-global-color-5)","background-image":"","background-repeat":"repeat","background-position":"center center","background-size":"auto","background-attachment":"scroll","background-type":"","background-media":"","overlay-type":"","overlay-color":"","overlay-opacity":"","overlay-gradient":""}},"footnotes":""},"class_list":["post-2742","page","type-page","status-publish","hentry"],"post_mailing_queue_ids":[],"_links":{"self":[{"href":"https:\/\/serveiseducatius.xtec.cat\/badalona\/wp-json\/wp\/v2\/pages\/2742","targetHints":{"allow":["GET"]}}],"collection":[{"href":"https:\/\/serveiseducatius.xtec.cat\/badalona\/wp-json\/wp\/v2\/pages"}],"about":[{"href":"https:\/\/serveiseducatius.xtec.cat\/badalona\/wp-json\/wp\/v2\/types\/page"}],"author":[{"embeddable":true,"href":"https:\/\/serveiseducatius.xtec.cat\/badalona\/wp-json\/wp\/v2\/users\/1"}],"replies":[{"embeddable":true,"href":"https:\/\/serveiseducatius.xtec.cat\/badalona\/wp-json\/wp\/v2\/comments?post=2742"}],"version-history":[{"count":1,"href":"https:\/\/serveiseducatius.xtec.cat\/badalona\/wp-json\/wp\/v2\/pages\/2742\/revisions"}],"predecessor-version":[{"id":4007,"href":"https:\/\/serveiseducatius.xtec.cat\/badalona\/wp-json\/wp\/v2\/pages\/2742\/revisions\/4007"}],"up":[{"embeddable":true,"href":"https:\/\/serveiseducatius.xtec.cat\/badalona\/wp-json\/wp\/v2\/pages\/2737"}],"wp:attachment":[{"href":"https:\/\/serveiseducatius.xtec.cat\/badalona\/wp-json\/wp\/v2\/media?parent=2742"}],"curies":[{"name":"wp","href":"https:\/\/api.w.org\/{rel}","templated":true}]}}