{"id":2741,"date":"2012-06-16T16:17:23","date_gmt":"2012-06-16T15:17:23","guid":{"rendered":"http:\/\/serveiseducatius.xtec.cat\/badalona\/intraweb\/on-ets-agnes-activitats\/"},"modified":"2016-12-13T16:22:46","modified_gmt":"2016-12-13T15:22:46","slug":"on-ets-agnes-activitats","status":"publish","type":"page","link":"https:\/\/serveiseducatius.xtec.cat\/badalona\/recursos\/llibres-de-text-lectures-a-leso-premis-ciutat-de-badalona\/on-ets-agnes-activitats\/","title":{"rendered":"On ets Agn\u00e8s?"},"content":{"rendered":"<table border=\"0\" width=\"94%\">\n<tbody>\n<tr>\n<td align=\"center\" valign=\"middle\" width=\"31%\"><span style=\"color: #000099;\"><strong><img loading=\"lazy\" decoding=\"async\" src=\"http:\/\/images.amazon.com\/images\/P\/842462436X.01._PE_PI_SCMZZZZZZZ_.jpg\" width=\"121\" height=\"193\" border=\"0\" \/><\/strong><\/span><\/td>\n<td align=\"left\" valign=\"top\" width=\"69%\"><span style=\"font-family: Geneva, Arial, Helvetica, sans-serif; font-size: small;\"><strong>Comentari:<\/strong><\/span><\/p>\n<p><span style=\"font-family: Geneva, Arial, Helvetica, sans-serif; font-size: small;\">Un noi de quinze anys, en Salvador, s\u2019ha quedat sense la moto que desitjava per suspendre la f\u00edsica a causa de perdre el cap per una noia. Per\u00f2 l\u2019estiu estar\u00e0 envoltat d\u2019un misteri lluny\u00e0: uns missatges que apareixen escrits a llapis sobre la taula de la biblioteca provocaran que en Salvador es replantegi l\u2019enigm\u00e0tica desaparici\u00f3 de la seva mare, l\u2019Agn\u00e8s, quan ell era petit. El misteri s\u2019agreuja quan el seu pare es tanca en banda i sembla amagar un secret inconfessable.<\/span><\/p>\n<p><span style=\"font-family: Geneva, Arial, Helvetica, sans-serif; font-size: small;\"><strong>Activitat:<\/strong><\/span><\/p>\n<ul>\n<li><span style=\"font-family: Geneva, Arial, Helvetica, sans-serif; font-size: small;\">Xerrada amb l\u2019autor.<\/span><\/li>\n<\/ul>\n<\/td>\n<\/tr>\n<tr style=\"background-color: #ffffff;\" align=\"left\" valign=\"top\" bgcolor=\"#E3E3C4\">\n<td colspan=\"3\" height=\"18\"><span style=\"color: #ff6600;\"><strong><span style=\"font-family: Geneva, Arial, Helvetica, sans-serif; font-size: large;\">Per\u00a0a m\u00e9s informaci\u00f3:<\/span><\/strong><\/span><\/td>\n<\/tr>\n<tr align=\"left\" valign=\"top\">\n<td colspan=\"3\" height=\"20\">Pots\u00a0contactar amb:<span style=\"color: #ff6600;\">CRP de Badalona &#8211; 934602226<\/span><\/td>\n<\/tr>\n<tr style=\"background-color: #ffffff;\" align=\"left\" valign=\"top\">\n<td colspan=\"3\" height=\"21\">Correu\u00a0electr\u00f2nic:<span style=\"color: #ff6600;\">crp-badalona@xtec.cat<\/span><\/td>\n<\/tr>\n<tr style=\"background-color: #ffffff;\" align=\"left\" valign=\"top\" bgcolor=\"#E3E3C4\">\n<td colspan=\"3\" height=\"18\"><span style=\"color: #ff6600;\"><strong><span style=\"font-family: Geneva, Arial, Helvetica, sans-serif; font-size: large;\">Organitza:<\/span><\/strong><\/span><\/td>\n<\/tr>\n<tr align=\"left\" valign=\"top\">\n<td colspan=\"3\" height=\"18\"><span style=\"font-size: 10pt;\">Ajuntament de Badalona. \u00c0rea d&#8217;Educaci\u00f3. \u00c0rea de Cultura mitjan\u00e7ant la Xarxa Municipal de Biblioteques<\/span><\/td>\n<\/tr>\n<tr align=\"left\" valign=\"top\">\n<td colspan=\"3\" height=\"18\"><span style=\"font-size: 10pt;\">Servei Educatiu Ciutat de Badalona. Departament d&#8217;Ensenyament. Generalitat de Catalunya<\/span><\/td>\n<\/tr>\n<\/tbody>\n<\/table>\n<p>&nbsp;<\/p>\n","protected":false},"excerpt":{"rendered":"<p>Comentari: Un noi de quinze anys, en Salvador, s\u2019ha quedat sense la moto que desitjava per suspendre la f\u00edsica a [&hellip;]<\/p>\n","protected":false},"author":1,"featured_media":0,"parent":2737,"menu_order":0,"comment_status":"closed","ping_status":"closed","template":"page-templates\/side-menu.php","meta":{"_bbp_topic_count":0,"_bbp_reply_count":0,"_bbp_total_topic_count":0,"_bbp_total_reply_count":0,"_bbp_voice_count":0,"_bbp_anonymous_reply_count":0,"_bbp_topic_count_hidden":0,"_bbp_reply_count_hidden":0,"_bbp_forum_subforum_count":0,"site-sidebar-layout":"default","site-content-layout":"","ast-site-content-layout":"","site-content-style":"default","site-sidebar-style":"default","ast-global-header-display":"","ast-banner-title-visibility":"","ast-main-header-display":"","ast-hfb-above-header-display":"","ast-hfb-below-header-display":"","ast-hfb-mobile-header-display":"","site-post-title":"","ast-breadcrumbs-content":"","ast-featured-img":"","footer-sml-layout":"","theme-transparent-header-meta":"","adv-header-id-meta":"","stick-header-meta":"","header-above-stick-meta":"","header-main-stick-meta":"","header-below-stick-meta":"","astra-migrate-meta-layouts":"default","ast-page-background-enabled":"default","ast-page-background-meta":{"desktop":{"background-color":"var(--ast-global-color-4)","background-image":"","background-repeat":"repeat","background-position":"center center","background-size":"auto","background-attachment":"scroll","background-type":"","background-media":"","overlay-type":"","overlay-color":"","overlay-opacity":"","overlay-gradient":""},"tablet":{"background-color":"","background-image":"","background-repeat":"repeat","background-position":"center center","background-size":"auto","background-attachment":"scroll","background-type":"","background-media":"","overlay-type":"","overlay-color":"","overlay-opacity":"","overlay-gradient":""},"mobile":{"background-color":"","background-image":"","background-repeat":"repeat","background-position":"center center","background-size":"auto","background-attachment":"scroll","background-type":"","background-media":"","overlay-type":"","overlay-color":"","overlay-opacity":"","overlay-gradient":""}},"ast-content-background-meta":{"desktop":{"background-color":"var(--ast-global-color-5)","background-image":"","background-repeat":"repeat","background-position":"center center","background-size":"auto","background-attachment":"scroll","background-type":"","background-media":"","overlay-type":"","overlay-color":"","overlay-opacity":"","overlay-gradient":""},"tablet":{"background-color":"var(--ast-global-color-5)","background-image":"","background-repeat":"repeat","background-position":"center center","background-size":"auto","background-attachment":"scroll","background-type":"","background-media":"","overlay-type":"","overlay-color":"","overlay-opacity":"","overlay-gradient":""},"mobile":{"background-color":"var(--ast-global-color-5)","background-image":"","background-repeat":"repeat","background-position":"center center","background-size":"auto","background-attachment":"scroll","background-type":"","background-media":"","overlay-type":"","overlay-color":"","overlay-opacity":"","overlay-gradient":""}},"footnotes":""},"class_list":["post-2741","page","type-page","status-publish","hentry"],"post_mailing_queue_ids":[],"_links":{"self":[{"href":"https:\/\/serveiseducatius.xtec.cat\/badalona\/wp-json\/wp\/v2\/pages\/2741","targetHints":{"allow":["GET"]}}],"collection":[{"href":"https:\/\/serveiseducatius.xtec.cat\/badalona\/wp-json\/wp\/v2\/pages"}],"about":[{"href":"https:\/\/serveiseducatius.xtec.cat\/badalona\/wp-json\/wp\/v2\/types\/page"}],"author":[{"embeddable":true,"href":"https:\/\/serveiseducatius.xtec.cat\/badalona\/wp-json\/wp\/v2\/users\/1"}],"replies":[{"embeddable":true,"href":"https:\/\/serveiseducatius.xtec.cat\/badalona\/wp-json\/wp\/v2\/comments?post=2741"}],"version-history":[{"count":1,"href":"https:\/\/serveiseducatius.xtec.cat\/badalona\/wp-json\/wp\/v2\/pages\/2741\/revisions"}],"predecessor-version":[{"id":4006,"href":"https:\/\/serveiseducatius.xtec.cat\/badalona\/wp-json\/wp\/v2\/pages\/2741\/revisions\/4006"}],"up":[{"embeddable":true,"href":"https:\/\/serveiseducatius.xtec.cat\/badalona\/wp-json\/wp\/v2\/pages\/2737"}],"wp:attachment":[{"href":"https:\/\/serveiseducatius.xtec.cat\/badalona\/wp-json\/wp\/v2\/media?parent=2741"}],"curies":[{"name":"wp","href":"https:\/\/api.w.org\/{rel}","templated":true}]}}